{"id":81752,"date":"2020-09-11T16:13:21","date_gmt":"2020-09-11T20:13:21","guid":{"rendered":"https:\/\/prometour.com\/france\/"},"modified":"2021-03-18T15:21:49","modified_gmt":"2021-03-18T19:21:49","slug":"france","status":"publish","type":"page","link":"https:\/\/prometour.com\/fr\/groupes-adultes\/destinations\/europe-2\/france\/","title":{"rendered":"France"},"content":{"rendered":"<div class=\"wpb-content-wrapper\"><p>[vc_row row_height_percent=\u00a0\u00bb0&Prime; override_padding=\u00a0\u00bbyes\u00a0\u00bb h_padding=\u00a0\u00bb2&Prime; top_padding=\u00a0\u00bb2&Prime; bottom_padding=\u00a0\u00bb2&Prime; back_color=\u00a0\u00bbcolor-lxmt\u00a0\u00bb overlay_alpha=\u00a0\u00bb50&Prime; gutter_size=\u00a0\u00bb3&Prime; column_width_percent=\u00a0\u00bb100&Prime; shift_y=\u00a0\u00bb0&Prime; z_index=\u00a0\u00bb0&Prime;][vc_column column_width_percent=\u00a0\u00bb100&Prime; gutter_size=\u00a0\u00bb3&Prime; overlay_alpha=\u00a0\u00bb50&Prime; shift_x=\u00a0\u00bb0&Prime; shift_y=\u00a0\u00bb0&Prime; shift_y_down=\u00a0\u00bb0&Prime; z_index=\u00a0\u00bb0&Prime; medium_width=\u00a0\u00bb0&Prime; mobile_width=\u00a0\u00bb0&Prime; width=\u00a0\u00bb1\/1&Prime;][vc_row_inner row_inner_height_percent=\u00a0\u00bb0&Prime; overlay_alpha=\u00a0\u00bb50&Prime; gutter_size=\u00a0\u00bb4&Prime; shift_y=\u00a0\u00bb0&Prime;][vc_column_inner column_width_percent=\u00a0\u00bb100&Prime; gutter_size=\u00a0\u00bb4&Prime; style=\u00a0\u00bblight\u00a0\u00bb overlay_alpha=\u00a0\u00bb50&Prime; shift_x=\u00a0\u00bb0&Prime; shift_y=\u00a0\u00bb0&Prime; shift_y_down=\u00a0\u00bb0&Prime; z_index=\u00a0\u00bb0&Prime; medium_width=\u00a0\u00bb0&Prime; mobile_width=\u00a0\u00bb0&Prime; sticky=\u00a0\u00bbyes\u00a0\u00bb width=\u00a0\u00bb1\/1&Prime;][vc_custom_heading heading_semantic=\u00a0\u00bbp\u00a0\u00bb text_weight=\u00a0\u00bb300&Prime; text_height=\u00a0\u00bbfontheight-357766&Prime; text_space=\u00a0\u00bbfontspace-781688&Prime; text_color=\u00a0\u00bbcolor-jevc\u00a0\u00bb]<\/p>\n<h1 style=\"text-align: center; margin-bottom: -40px;\">VOYAGES DE GROUPE EN FRANCE<\/h1>\n<p>[\/vc_custom_heading][vc_column_text]<\/p>\n<p style=\"text-align: center; margin-top: -20px;\">Lors de la planification de votre voyage de groupe en France, pourquoi ne pas vous aventurer au-del\u00e0 des limites de Paris pour d\u00e9couvrir la v\u00e9ritable essence fran\u00e7aise. Incluez les villes portuaires, Nice ou Cannes peut-\u00eatre, pour vivre un luxe hors du commun. Promenez-vous dans la campagne et passez une journ\u00e9e dans les vignobles en sirotant un authentique vin fran\u00e7ais entour\u00e9 de champs de lavande infinis. Demandez \u00e0 nos consultants experts de personnaliser votre itin\u00e9raire. Voici quelques exemples.<\/p>\n<p>[\/vc_column_text][vc_empty_space empty_h=\u00a0\u00bb0&Prime;][\/vc_column_inner][\/vc_row_inner][\/vc_column][\/vc_row][vc_row][vc_column column_width_percent=\u00a0\u00bb100&Prime; align_horizontal=\u00a0\u00bbalign_center\u00a0\u00bb gutter_size=\u00a0\u00bb3&Prime; overlay_alpha=\u00a0\u00bb50&Prime; shift_x=\u00a0\u00bb0&Prime; shift_y=\u00a0\u00bb0&Prime; shift_y_down=\u00a0\u00bb0&Prime; z_index=\u00a0\u00bb0&Prime; medium_width=\u00a0\u00bb0&Prime; mobile_width=\u00a0\u00bb0&Prime; width=\u00a0\u00bb1\/3&Prime;][vc_single_image media=\u00a0\u00bb78111&Prime; media_width_percent=\u00a0\u00bb100&Prime; media_ratio=\u00a0\u00bbfour-three\u00a0\u00bb alignment=\u00a0\u00bbcenter\u00a0\u00bb shadow=\u00a0\u00bbyes\u00a0\u00bb media_link=\u00a0\u00bb||target:%20_blank|\u00a0\u00bb][vc_column_text]<\/p>\n<h3>TOURN\u00c9E DES ESSENTIELS DE L&rsquo;ART EN FRANCE<\/h3>\n<p>Emmenez votre groupe faire la tourn\u00e9e des mus\u00e9es, des ateliers d&rsquo;artistes, des expositions et des paysages de France \u00e0 travers les yeux de nombreux artistes du pass\u00e9 et d&rsquo;aujourd&rsquo;hui.[\/vc_column_text][vc_button button_color=\u00a0\u00bbaccent\u00a0\u00bb border_width=\u00a0\u00bb0&Prime; link=\u00a0\u00bburl:https%3A%2F%2Fprometour.com%2Ffr%2Ftournee-des-essentiels-de-lart-de-france%2F|title:Tourn%C3%A9e%20des%20Essentiels%20de%20l%E2%80%99Art%20de%20France\u00a0\u00bb]VOIR L&rsquo;ITIN\u00c9RAIRE[\/vc_button][\/vc_column][vc_column column_width_percent=\u00a0\u00bb100&Prime; align_horizontal=\u00a0\u00bbalign_center\u00a0\u00bb gutter_size=\u00a0\u00bb3&Prime; overlay_alpha=\u00a0\u00bb50&Prime; shift_x=\u00a0\u00bb0&Prime; shift_y=\u00a0\u00bb0&Prime; shift_y_down=\u00a0\u00bb0&Prime; z_index=\u00a0\u00bb0&Prime; medium_width=\u00a0\u00bb0&Prime; mobile_width=\u00a0\u00bb0&Prime; width=\u00a0\u00bb1\/3&Prime;][vc_single_image media=\u00a0\u00bb81067&Prime; media_width_percent=\u00a0\u00bb100&Prime; media_ratio=\u00a0\u00bbfour-three\u00a0\u00bb alignment=\u00a0\u00bbcenter\u00a0\u00bb shadow=\u00a0\u00bbyes\u00a0\u00bb media_link=\u00a0\u00bb||target:%20_blank|\u00a0\u00bb][vc_column_text]<\/p>\n<h3>MOMENTS M\u00c9MORABLES DE L&rsquo;HISTOIRE FRAN\u00c7AISE<\/h3>\n<p>Ce circuit vous emm\u00e8nera sur les plages de Normandie, du Mont-Saint-Michel, du Ch\u00e2teau Versailles, du Quartier Montmartre et des alentours de Paris pour une exp\u00e9rience enrichissante.[\/vc_column_text][\/vc_column][vc_column column_width_percent=\u00a0\u00bb100&Prime; align_horizontal=\u00a0\u00bbalign_center\u00a0\u00bb gutter_size=\u00a0\u00bb3&Prime; overlay_alpha=\u00a0\u00bb50&Prime; shift_x=\u00a0\u00bb0&Prime; shift_y=\u00a0\u00bb0&Prime; shift_y_down=\u00a0\u00bb0&Prime; z_index=\u00a0\u00bb0&Prime; medium_width=\u00a0\u00bb0&Prime; mobile_width=\u00a0\u00bb0&Prime; width=\u00a0\u00bb1\/3&Prime;][vc_single_image media=\u00a0\u00bb80957&Prime; media_width_percent=\u00a0\u00bb100&Prime; media_ratio=\u00a0\u00bbfour-three\u00a0\u00bb alignment=\u00a0\u00bbcenter\u00a0\u00bb shadow=\u00a0\u00bbyes\u00a0\u00bb media_link=\u00a0\u00bb||target:%20_blank|\u00a0\u00bb][vc_column_text text_lead=\u00a0\u00bbyes\u00a0\u00bb]<\/p>\n<h3>SAVEURS LOCALES DE FRANCE<\/h3>\n<p>Votre groupe visitera de grandes maisons de champagne embl\u00e9matiques, montera en montgolfi\u00e8re, apprendra \u00e0 faire des macarons fran\u00e7ais et assistera au spectacle de cabaret du Lido de Paris.[\/vc_column_text][\/vc_column][\/vc_row][vc_row][vc_column width=\u00a0\u00bb1\/1&Prime;][vc_empty_space empty_h=\u00a0\u00bb2&Prime;][\/vc_column][\/vc_row][vc_row][vc_column width=\u00a0\u00bb1\/1&Prime;][uncode_block id=\u00a0\u00bb82734&Prime;][\/vc_column][\/vc_row]<\/p>\n<\/div>","protected":false},"excerpt":{"rendered":"<p>[vc_row row_height_percent=\u00a0\u00bb0&Prime; override_padding=\u00a0\u00bbyes\u00a0\u00bb h_padding=\u00a0\u00bb2&Prime; top_padding=\u00a0\u00bb2&Prime; bottom_padding=\u00a0\u00bb2&Prime; back_color=\u00a0\u00bbcolor-lxmt\u00a0\u00bb overlay_alpha=\u00a0\u00bb50&Prime; gutter_size=\u00a0\u00bb3&Prime; column_width_percent=\u00a0\u00bb100&Prime; shift_y=\u00a0\u00bb0&Prime; z_index=\u00a0\u00bb0&Prime;][vc_column column_width_percent=\u00a0\u00bb100&Prime; gutter_size=\u00a0\u00bb3&Prime; overlay_alpha=\u00a0\u00bb50&Prime; shift_x=\u00a0\u00bb0&Prime; shift_y=\u00a0\u00bb0&Prime; shift_y_down=\u00a0\u00bb0&Prime; z_index=\u00a0\u00bb0&Prime; medium_width=\u00a0\u00bb0&Prime; [&hellip;]<\/p>\n","protected":false},"author":18,"featured_media":0,"parent":81761,"menu_order":0,"comment_status":"closed","ping_status":"closed","template":"","meta":{"content-type":"","footnotes":""},"class_list":["post-81752","page","type-page","status-publish","hentry"],"yoast_head":"<!-- This site is optimized with the Yoast SEO plugin v27.2 - https:\/\/yoast.com\/product\/yoast-seo-wordpress\/ -->\n<title>Envol par Prom\u00e9tour | France<\/title>\n<meta name=\"description\" content=\"Voyages de groupe en France. Planifiez votre itin\u00e9raire avec Prom\u00e9tour pour votre prochain groupe en France.\" \/>\n<meta name=\"robots\" content=\"index, follow, max-snippet:-1, max-image-preview:large, max-video-preview:-1\" \/>\n<link rel=\"canonical\" href=\"https:\/\/prometour.com\/fr\/groupes-adultes\/destinations\/europe-2\/france\/\" \/>\n<meta property=\"og:locale\" content=\"fr_FR\" \/>\n<meta property=\"og:type\" content=\"article\" \/>\n<meta property=\"og:title\" content=\"Envol par Prom\u00e9tour | France\" \/>\n<meta property=\"og:description\" content=\"Voyages de groupe en France. Planifiez votre itin\u00e9raire avec Prom\u00e9tour pour votre prochain groupe en France.\" \/>\n<meta property=\"og:url\" content=\"https:\/\/prometour.com\/fr\/groupes-adultes\/destinations\/europe-2\/france\/\" \/>\n<meta property=\"og:site_name\" content=\"Prom&eacute;tour\" \/>\n<meta property=\"article:publisher\" content=\"https:\/\/www.facebook.com\/PrometourEduTours\" \/>\n<meta property=\"article:modified_time\" content=\"2021-03-18T19:21:49+00:00\" \/>\n<meta name=\"twitter:card\" content=\"summary_large_image\" \/>\n<meta name=\"twitter:site\" content=\"@Prometour\" \/>\n<meta name=\"twitter:label1\" content=\"Dur\u00e9e de lecture estim\u00e9e\" \/>\n\t<meta name=\"twitter:data1\" content=\"3 minutes\" \/>\n<script type=\"application\/ld+json\" class=\"yoast-schema-graph\">{\"@context\":\"https:\/\/schema.org\",\"@graph\":[{\"@type\":\"WebPage\",\"@id\":\"https:\/\/prometour.com\/fr\/groupes-adultes\/destinations\/europe-2\/france\/\",\"url\":\"https:\/\/prometour.com\/fr\/groupes-adultes\/destinations\/europe-2\/france\/\",\"name\":\"Envol par Prom\u00e9tour | France\",\"isPartOf\":{\"@id\":\"https:\/\/prometour.com\/fr\/#website\"},\"datePublished\":\"2020-09-11T20:13:21+00:00\",\"dateModified\":\"2021-03-18T19:21:49+00:00\",\"description\":\"Voyages de groupe en France. Planifiez votre itin\u00e9raire avec Prom\u00e9tour pour votre prochain groupe en France.\",\"breadcrumb\":{\"@id\":\"https:\/\/prometour.com\/fr\/groupes-adultes\/destinations\/europe-2\/france\/#breadcrumb\"},\"inLanguage\":\"fr-FR\",\"potentialAction\":[{\"@type\":\"ReadAction\",\"target\":[\"https:\/\/prometour.com\/fr\/groupes-adultes\/destinations\/europe-2\/france\/\"]}]},{\"@type\":\"BreadcrumbList\",\"@id\":\"https:\/\/prometour.com\/fr\/groupes-adultes\/destinations\/europe-2\/france\/#breadcrumb\",\"itemListElement\":[{\"@type\":\"ListItem\",\"position\":1,\"name\":\"Prometour\",\"item\":\"https:\/\/prometour.com\/fr\/\"},{\"@type\":\"ListItem\",\"position\":2,\"name\":\"Section Page\",\"item\":\"https:\/\/prometour.com\/fr\/page_category\/section-page-fr\/\"},{\"@type\":\"ListItem\",\"position\":3,\"name\":\"Groupes d&rsquo;adultes\",\"item\":\"https:\/\/prometour.com\/fr\/groupes-adultes\/\"},{\"@type\":\"ListItem\",\"position\":4,\"name\":\"Les destinations\",\"item\":\"https:\/\/prometour.com\/fr\/groupes-adultes\/destinations\/\"},{\"@type\":\"ListItem\",\"position\":5,\"name\":\"Europe\",\"item\":\"https:\/\/prometour.com\/fr\/groupes-adultes\/destinations\/europe-2\/\"},{\"@type\":\"ListItem\",\"position\":6,\"name\":\"France\"}]},{\"@type\":\"WebSite\",\"@id\":\"https:\/\/prometour.com\/fr\/#website\",\"url\":\"https:\/\/prometour.com\/fr\/\",\"name\":\"Prom\u00e9tour\",\"description\":\"Experts in Customized Student Tours and Class trips\",\"publisher\":{\"@id\":\"https:\/\/prometour.com\/fr\/#organization\"},\"potentialAction\":[{\"@type\":\"SearchAction\",\"target\":{\"@type\":\"EntryPoint\",\"urlTemplate\":\"https:\/\/prometour.com\/fr\/?s={search_term_string}\"},\"query-input\":{\"@type\":\"PropertyValueSpecification\",\"valueRequired\":true,\"valueName\":\"search_term_string\"}}],\"inLanguage\":\"fr-FR\"},{\"@type\":\"Organization\",\"@id\":\"https:\/\/prometour.com\/fr\/#organization\",\"name\":\"Prom\u00e9tour Educational Tours\",\"url\":\"https:\/\/prometour.com\/fr\/\",\"logo\":{\"@type\":\"ImageObject\",\"inLanguage\":\"fr-FR\",\"@id\":\"https:\/\/prometour.com\/fr\/#\/schema\/logo\/image\/\",\"url\":\"https:\/\/prometour.com\/wp-content\/uploads\/2017\/11\/Prometour_Logo_CMYK.gif\",\"contentUrl\":\"https:\/\/prometour.com\/wp-content\/uploads\/2017\/11\/Prometour_Logo_CMYK.gif\",\"width\":2265,\"height\":663,\"caption\":\"Prom\u00e9tour Educational Tours\"},\"image\":{\"@id\":\"https:\/\/prometour.com\/fr\/#\/schema\/logo\/image\/\"},\"sameAs\":[\"https:\/\/www.facebook.com\/PrometourEduTours\",\"https:\/\/x.com\/Prometour\",\"https:\/\/www.instagram.com\/prometour\/\",\"https:\/\/www.linkedin.com\/company\/prometour\",\"https:\/\/www.pinterest.ca\/prometour\/\",\"https:\/\/www.youtube.com\/channel\/UCGUzI7zRN1jyJA_vnuq4GPA\"]}]}<\/script>\n<!-- \/ Yoast SEO plugin. -->","yoast_head_json":{"title":"Envol par Prom\u00e9tour | France","description":"Voyages de groupe en France. Planifiez votre itin\u00e9raire avec Prom\u00e9tour pour votre prochain groupe en France.","robots":{"index":"index","follow":"follow","max-snippet":"max-snippet:-1","max-image-preview":"max-image-preview:large","max-video-preview":"max-video-preview:-1"},"canonical":"https:\/\/prometour.com\/fr\/groupes-adultes\/destinations\/europe-2\/france\/","og_locale":"fr_FR","og_type":"article","og_title":"Envol par Prom\u00e9tour | France","og_description":"Voyages de groupe en France. Planifiez votre itin\u00e9raire avec Prom\u00e9tour pour votre prochain groupe en France.","og_url":"https:\/\/prometour.com\/fr\/groupes-adultes\/destinations\/europe-2\/france\/","og_site_name":"Prom&eacute;tour","article_publisher":"https:\/\/www.facebook.com\/PrometourEduTours","article_modified_time":"2021-03-18T19:21:49+00:00","twitter_card":"summary_large_image","twitter_site":"@Prometour","twitter_misc":{"Dur\u00e9e de lecture estim\u00e9e":"3 minutes"},"schema":{"@context":"https:\/\/schema.org","@graph":[{"@type":"WebPage","@id":"https:\/\/prometour.com\/fr\/groupes-adultes\/destinations\/europe-2\/france\/","url":"https:\/\/prometour.com\/fr\/groupes-adultes\/destinations\/europe-2\/france\/","name":"Envol par Prom\u00e9tour | France","isPartOf":{"@id":"https:\/\/prometour.com\/fr\/#website"},"datePublished":"2020-09-11T20:13:21+00:00","dateModified":"2021-03-18T19:21:49+00:00","description":"Voyages de groupe en France. Planifiez votre itin\u00e9raire avec Prom\u00e9tour pour votre prochain groupe en France.","breadcrumb":{"@id":"https:\/\/prometour.com\/fr\/groupes-adultes\/destinations\/europe-2\/france\/#breadcrumb"},"inLanguage":"fr-FR","potentialAction":[{"@type":"ReadAction","target":["https:\/\/prometour.com\/fr\/groupes-adultes\/destinations\/europe-2\/france\/"]}]},{"@type":"BreadcrumbList","@id":"https:\/\/prometour.com\/fr\/groupes-adultes\/destinations\/europe-2\/france\/#breadcrumb","itemListElement":[{"@type":"ListItem","position":1,"name":"Prometour","item":"https:\/\/prometour.com\/fr\/"},{"@type":"ListItem","position":2,"name":"Section Page","item":"https:\/\/prometour.com\/fr\/page_category\/section-page-fr\/"},{"@type":"ListItem","position":3,"name":"Groupes d&rsquo;adultes","item":"https:\/\/prometour.com\/fr\/groupes-adultes\/"},{"@type":"ListItem","position":4,"name":"Les destinations","item":"https:\/\/prometour.com\/fr\/groupes-adultes\/destinations\/"},{"@type":"ListItem","position":5,"name":"Europe","item":"https:\/\/prometour.com\/fr\/groupes-adultes\/destinations\/europe-2\/"},{"@type":"ListItem","position":6,"name":"France"}]},{"@type":"WebSite","@id":"https:\/\/prometour.com\/fr\/#website","url":"https:\/\/prometour.com\/fr\/","name":"Prom\u00e9tour","description":"Experts in Customized Student Tours and Class trips","publisher":{"@id":"https:\/\/prometour.com\/fr\/#organization"},"potentialAction":[{"@type":"SearchAction","target":{"@type":"EntryPoint","urlTemplate":"https:\/\/prometour.com\/fr\/?s={search_term_string}"},"query-input":{"@type":"PropertyValueSpecification","valueRequired":true,"valueName":"search_term_string"}}],"inLanguage":"fr-FR"},{"@type":"Organization","@id":"https:\/\/prometour.com\/fr\/#organization","name":"Prom\u00e9tour Educational Tours","url":"https:\/\/prometour.com\/fr\/","logo":{"@type":"ImageObject","inLanguage":"fr-FR","@id":"https:\/\/prometour.com\/fr\/#\/schema\/logo\/image\/","url":"https:\/\/prometour.com\/wp-content\/uploads\/2017\/11\/Prometour_Logo_CMYK.gif","contentUrl":"https:\/\/prometour.com\/wp-content\/uploads\/2017\/11\/Prometour_Logo_CMYK.gif","width":2265,"height":663,"caption":"Prom\u00e9tour Educational Tours"},"image":{"@id":"https:\/\/prometour.com\/fr\/#\/schema\/logo\/image\/"},"sameAs":["https:\/\/www.facebook.com\/PrometourEduTours","https:\/\/x.com\/Prometour","https:\/\/www.instagram.com\/prometour\/","https:\/\/www.linkedin.com\/company\/prometour","https:\/\/www.pinterest.ca\/prometour\/","https:\/\/www.youtube.com\/channel\/UCGUzI7zRN1jyJA_vnuq4GPA"]}]}},"_links":{"self":[{"href":"https:\/\/prometour.com\/fr\/wp-json\/wp\/v2\/pages\/81752","targetHints":{"allow":["GET"]}}],"collection":[{"href":"https:\/\/prometour.com\/fr\/wp-json\/wp\/v2\/pages"}],"about":[{"href":"https:\/\/prometour.com\/fr\/wp-json\/wp\/v2\/types\/page"}],"author":[{"embeddable":true,"href":"https:\/\/prometour.com\/fr\/wp-json\/wp\/v2\/users\/18"}],"replies":[{"embeddable":true,"href":"https:\/\/prometour.com\/fr\/wp-json\/wp\/v2\/comments?post=81752"}],"version-history":[{"count":7,"href":"https:\/\/prometour.com\/fr\/wp-json\/wp\/v2\/pages\/81752\/revisions"}],"predecessor-version":[{"id":87400,"href":"https:\/\/prometour.com\/fr\/wp-json\/wp\/v2\/pages\/81752\/revisions\/87400"}],"up":[{"embeddable":true,"href":"https:\/\/prometour.com\/fr\/wp-json\/wp\/v2\/pages\/81761"}],"wp:attachment":[{"href":"https:\/\/prometour.com\/fr\/wp-json\/wp\/v2\/media?parent=81752"}],"curies":[{"name":"wp","href":"https:\/\/api.w.org\/{rel}","templated":true}]}}