{"id":81765,"date":"2020-09-11T15:53:52","date_gmt":"2020-09-11T19:53:52","guid":{"rendered":"https:\/\/prometour.com\/united-states\/"},"modified":"2021-04-15T15:30:59","modified_gmt":"2021-04-15T19:30:59","slug":"etats-unis","status":"publish","type":"page","link":"https:\/\/prometour.com\/fr\/groupes-adultes\/destinations\/ameriques\/etats-unis\/","title":{"rendered":"\u00c9tats-Unis d&rsquo;Am\u00e9rique"},"content":{"rendered":"<div class=\"wpb-content-wrapper\"><p>[vc_row row_height_percent=\u00a0\u00bb0&Prime; override_padding=\u00a0\u00bbyes\u00a0\u00bb h_padding=\u00a0\u00bb2&Prime; top_padding=\u00a0\u00bb2&Prime; bottom_padding=\u00a0\u00bb2&Prime; back_color=\u00a0\u00bbcolor-lxmt\u00a0\u00bb overlay_alpha=\u00a0\u00bb50&Prime; gutter_size=\u00a0\u00bb3&Prime; column_width_percent=\u00a0\u00bb100&Prime; shift_y=\u00a0\u00bb0&Prime; z_index=\u00a0\u00bb0&Prime;][vc_column column_width_percent=\u00a0\u00bb100&Prime; gutter_size=\u00a0\u00bb3&Prime; overlay_alpha=\u00a0\u00bb50&Prime; shift_x=\u00a0\u00bb0&Prime; shift_y=\u00a0\u00bb0&Prime; shift_y_down=\u00a0\u00bb0&Prime; z_index=\u00a0\u00bb0&Prime; medium_width=\u00a0\u00bb0&Prime; mobile_width=\u00a0\u00bb0&Prime; width=\u00a0\u00bb1\/1&Prime;][vc_row_inner row_inner_height_percent=\u00a0\u00bb0&Prime; overlay_alpha=\u00a0\u00bb50&Prime; gutter_size=\u00a0\u00bb4&Prime; shift_y=\u00a0\u00bb0&Prime; limit_content=\u00a0\u00bb\u00a0\u00bb][vc_column_inner column_width_percent=\u00a0\u00bb100&Prime; gutter_size=\u00a0\u00bb4&Prime; style=\u00a0\u00bblight\u00a0\u00bb overlay_alpha=\u00a0\u00bb50&Prime; shift_x=\u00a0\u00bb0&Prime; shift_y=\u00a0\u00bb0&Prime; shift_y_down=\u00a0\u00bb0&Prime; z_index=\u00a0\u00bb0&Prime; medium_width=\u00a0\u00bb0&Prime; mobile_width=\u00a0\u00bb0&Prime; sticky=\u00a0\u00bbyes\u00a0\u00bb width=\u00a0\u00bb1\/1&Prime;][vc_custom_heading heading_semantic=\u00a0\u00bbp\u00a0\u00bb text_weight=\u00a0\u00bb300&Prime; text_height=\u00a0\u00bbfontheight-357766&Prime; text_space=\u00a0\u00bbfontspace-781688&Prime; text_color=\u00a0\u00bbcolor-jevc\u00a0\u00bb]<\/p>\n<h1 style=\"text-align: center; margin-bottom: -40px;\">CIRCUITS EN GROUPE AUX \u00c9TATS-UNIS<\/h1>\n<p>[\/vc_custom_heading][vc_column_text]Les \u00c9tats-Unis regorgent de tant de sites et d&rsquo;attractions embl\u00e9matiques, c&rsquo;est autant de choses \u00e0 penser lorsque vient le temps de planifier le voyage parfait pour votre groupe. Laissez notre \u00e9quipe de conseillers chevronn\u00e9s vous aider \u00e0 tout mettre en place. Que vous choisissiez de faire un saut dans une grande m\u00e9tropole pour recevoir vos employ\u00e9s lors d&rsquo;un voyage de motivation ou que vous partiez \u00e0 la d\u00e9couverte des parcs nationaux avec votre club de photographie, nous vous accompagnerons \u00e0 chaque \u00e9tape, de la planification jusqu&rsquo;au jour du retour \u00e0 la maison. D\u00e9couvrez la richesse et la grandeur de l&rsquo;exp\u00e9rience am\u00e9ricaine, une aventure \u00e0 la fois![\/vc_column_text][vc_empty_space empty_h=\u00a0\u00bb0&Prime;][\/vc_column_inner][\/vc_row_inner][\/vc_column][\/vc_row][vc_row][vc_column column_width_percent=\u00a0\u00bb100&Prime; align_horizontal=\u00a0\u00bbalign_center\u00a0\u00bb gutter_size=\u00a0\u00bb3&Prime; overlay_alpha=\u00a0\u00bb50&Prime; shift_x=\u00a0\u00bb0&Prime; shift_y=\u00a0\u00bb0&Prime; shift_y_down=\u00a0\u00bb0&Prime; z_index=\u00a0\u00bb0&Prime; medium_width=\u00a0\u00bb0&Prime; mobile_width=\u00a0\u00bb0&Prime; width=\u00a0\u00bb1\/3&Prime;][vc_single_image media=\u00a0\u00bb81022&Prime; media_width_percent=\u00a0\u00bb100&Prime; media_ratio=\u00a0\u00bbfour-three\u00a0\u00bb alignment=\u00a0\u00bbcenter\u00a0\u00bb shadow=\u00a0\u00bbyes\u00a0\u00bb media_link=\u00a0\u00bb|||\u00a0\u00bb][vc_custom_heading text_size=\u00a0\u00bbh4&Prime;]<\/p>\n<h3><strong>LES ESSENTIELS DE NEW YORK: ARCHITECTURE<\/strong><\/h3>\n<p>[\/vc_custom_heading][vc_column_text]Cette visite de New York a quelque chose pour tout le monde; divertissement, art, histoire, gastronomie\u2026 et son architecture raconte ses histoires![\/vc_column_text][vc_button button_color=\u00a0\u00bbaccent\u00a0\u00bb border_width=\u00a0\u00bb0&Prime; link=\u00a0\u00bburl:https%3A%2F%2Fprometour.com%2Ffr%2Fessentiels-de-new-york-son-architecture%2F|title:Essentiels%20de%20New%20York%20%26%20son%20Architecture\u00a0\u00bb]VOIR L&rsquo;ITIN\u00c9RAIRE[\/vc_button][\/vc_column][vc_column column_width_percent=\u00a0\u00bb100&Prime; align_horizontal=\u00a0\u00bbalign_center\u00a0\u00bb gutter_size=\u00a0\u00bb3&Prime; overlay_alpha=\u00a0\u00bb50&Prime; shift_x=\u00a0\u00bb0&Prime; shift_y=\u00a0\u00bb0&Prime; shift_y_down=\u00a0\u00bb0&Prime; z_index=\u00a0\u00bb0&Prime; medium_width=\u00a0\u00bb0&Prime; mobile_width=\u00a0\u00bb0&Prime; width=\u00a0\u00bb1\/3&Prime;][vc_single_image media=\u00a0\u00bb80928&Prime; media_width_percent=\u00a0\u00bb100&Prime; media_ratio=\u00a0\u00bbfour-three\u00a0\u00bb alignment=\u00a0\u00bbcenter\u00a0\u00bb shadow=\u00a0\u00bbyes\u00a0\u00bb media_link=\u00a0\u00bb|||\u00a0\u00bb][vc_custom_heading text_size=\u00a0\u00bbh4&Prime;]<\/p>\n<h3>CALIFORNIE INOUBLIABLE<\/h3>\n<p>[\/vc_custom_heading][vc_column_text]Avec son climat chaud, ses panoramas majestueux, ses villes anim\u00e9es, ses sites historiques et ses monuments embl\u00e9matiques, ce circuit en Californie produira de multiples moments m\u00e9morables pour votre groupe![\/vc_column_text][vc_raw_html][\/vc_raw_html][\/vc_column][vc_column column_width_percent=\u00a0\u00bb100&Prime; align_horizontal=\u00a0\u00bbalign_center\u00a0\u00bb gutter_size=\u00a0\u00bb3&Prime; overlay_alpha=\u00a0\u00bb50&Prime; shift_x=\u00a0\u00bb0&Prime; shift_y=\u00a0\u00bb0&Prime; shift_y_down=\u00a0\u00bb0&Prime; z_index=\u00a0\u00bb0&Prime; medium_width=\u00a0\u00bb0&Prime; mobile_width=\u00a0\u00bb0&Prime; width=\u00a0\u00bb1\/3&Prime;][vc_single_image media=\u00a0\u00bb81337&Prime; media_width_percent=\u00a0\u00bb100&Prime; media_ratio=\u00a0\u00bbfour-three\u00a0\u00bb alignment=\u00a0\u00bbcenter\u00a0\u00bb shadow=\u00a0\u00bbyes\u00a0\u00bb media_link=\u00a0\u00bb|||\u00a0\u00bb][vc_custom_heading text_size=\u00a0\u00bbh4&Prime;]<\/p>\n<h3>LA NOUVELLE-ORL\u00c9ANS POUR TOUS LES GO\u00dbTS<\/h3>\n<p>[\/vc_custom_heading][vc_column_text]Faites la f\u00eate \u00e0 la Nouvelle-Orl\u00e9ans! D\u00e9couvrez une destination anim\u00e9e dont l\u2019histoire, la musique et la culture Nola peuvent \u00eatre v\u00e9cues \u00e0 travers sa nourriture![\/vc_column_text][vc_raw_html][\/vc_raw_html][\/vc_column][\/vc_row][vc_row][vc_column column_width_percent=\u00a0\u00bb100&Prime; align_horizontal=\u00a0\u00bbalign_center\u00a0\u00bb gutter_size=\u00a0\u00bb3&Prime; overlay_alpha=\u00a0\u00bb50&Prime; shift_x=\u00a0\u00bb0&Prime; shift_y=\u00a0\u00bb0&Prime; shift_y_down=\u00a0\u00bb0&Prime; z_index=\u00a0\u00bb0&Prime; medium_width=\u00a0\u00bb0&Prime; mobile_width=\u00a0\u00bb0&Prime; width=\u00a0\u00bb1\/3&Prime;][vc_single_image media=\u00a0\u00bb82168&Prime; media_width_percent=\u00a0\u00bb100&Prime; media_ratio=\u00a0\u00bbfour-three\u00a0\u00bb alignment=\u00a0\u00bbcenter\u00a0\u00bb shadow=\u00a0\u00bbyes\u00a0\u00bb media_link=\u00a0\u00bb|||\u00a0\u00bb][vc_custom_heading text_size=\u00a0\u00bbh4&Prime;]<\/p>\n<h3><strong>LES ESSENTIELS DE CHICAGO<\/strong><\/h3>\n<p>[\/vc_custom_heading][vc_column_text]Des galeries aux mus\u00e9es en passant par les espaces publics et les coins de rue, Chicago qu\u2019on surnomme \u00ab\u00a0The Windy City\u00a0\u00bb est une exposition d\u2019art qui ne demande qu\u2019\u00e0 \u00eatre explor\u00e9e.[\/vc_column_text][vc_raw_html][\/vc_raw_html][\/vc_column][vc_column column_width_percent=\u00a0\u00bb100&Prime; align_horizontal=\u00a0\u00bbalign_center\u00a0\u00bb gutter_size=\u00a0\u00bb3&Prime; overlay_alpha=\u00a0\u00bb50&Prime; shift_x=\u00a0\u00bb0&Prime; shift_y=\u00a0\u00bb0&Prime; shift_y_down=\u00a0\u00bb0&Prime; z_index=\u00a0\u00bb0&Prime; medium_width=\u00a0\u00bb0&Prime; mobile_width=\u00a0\u00bb0&Prime; width=\u00a0\u00bb1\/3&Prime;][vc_single_image media=\u00a0\u00bb81114&Prime; media_width_percent=\u00a0\u00bb100&Prime; media_ratio=\u00a0\u00bbfour-three\u00a0\u00bb alignment=\u00a0\u00bbcenter\u00a0\u00bb shadow=\u00a0\u00bbyes\u00a0\u00bb media_link=\u00a0\u00bb|||\u00a0\u00bb][vc_single_image media=\u00a0\u00bb66142&Prime; media_width_percent=\u00a0\u00bb100&Prime; media_ratio=\u00a0\u00bbfour-three\u00a0\u00bb alignment=\u00a0\u00bbcenter\u00a0\u00bb shadow=\u00a0\u00bbyes\u00a0\u00bb media_link=\u00a0\u00bb|||\u00a0\u00bb][vc_custom_heading text_size=\u00a0\u00bbh4&Prime;][\/vc_custom_heading][vc_column_text][\/vc_column_text][vc_raw_html][\/vc_raw_html][\/vc_column][vc_column column_width_percent=\u00a0\u00bb100&Prime; align_horizontal=\u00a0\u00bbalign_center\u00a0\u00bb gutter_size=\u00a0\u00bb3&Prime; overlay_alpha=\u00a0\u00bb50&Prime; shift_x=\u00a0\u00bb0&Prime; shift_y=\u00a0\u00bb0&Prime; shift_y_down=\u00a0\u00bb0&Prime; z_index=\u00a0\u00bb0&Prime; medium_width=\u00a0\u00bb0&Prime; mobile_width=\u00a0\u00bb0&Prime; width=\u00a0\u00bb1\/3&Prime;][vc_single_image media=\u00a0\u00bb73945&Prime; media_width_percent=\u00a0\u00bb100&Prime; media_ratio=\u00a0\u00bbfour-three\u00a0\u00bb alignment=\u00a0\u00bbcenter\u00a0\u00bb shadow=\u00a0\u00bbyes\u00a0\u00bb media_link=\u00a0\u00bb|||\u00a0\u00bb][vc_single_image media=\u00a0\u00bb81115&Prime; media_width_percent=\u00a0\u00bb100&Prime; media_ratio=\u00a0\u00bbfour-three\u00a0\u00bb alignment=\u00a0\u00bbcenter\u00a0\u00bb shadow=\u00a0\u00bbyes\u00a0\u00bb media_link=\u00a0\u00bb|||\u00a0\u00bb][vc_custom_heading text_size=\u00a0\u00bbh4&Prime;][\/vc_custom_heading][vc_column_text][\/vc_column_text][vc_raw_html][\/vc_raw_html][\/vc_column][\/vc_row][vc_row][vc_column width=\u00a0\u00bb1\/1&Prime;][uncode_block id=\u00a0\u00bb82734&Prime;][\/vc_column][\/vc_row]<\/p>\n<\/div>","protected":false},"excerpt":{"rendered":"<p>[vc_row row_height_percent=\u00a0\u00bb0&Prime; override_padding=\u00a0\u00bbyes\u00a0\u00bb h_padding=\u00a0\u00bb2&Prime; top_padding=\u00a0\u00bb2&Prime; bottom_padding=\u00a0\u00bb2&Prime; back_color=\u00a0\u00bbcolor-lxmt\u00a0\u00bb overlay_alpha=\u00a0\u00bb50&Prime; gutter_size=\u00a0\u00bb3&Prime; column_width_percent=\u00a0\u00bb100&Prime; shift_y=\u00a0\u00bb0&Prime; z_index=\u00a0\u00bb0&Prime;][vc_column column_width_percent=\u00a0\u00bb100&Prime; gutter_size=\u00a0\u00bb3&Prime; overlay_alpha=\u00a0\u00bb50&Prime; shift_x=\u00a0\u00bb0&Prime; shift_y=\u00a0\u00bb0&Prime; shift_y_down=\u00a0\u00bb0&Prime; z_index=\u00a0\u00bb0&Prime; medium_width=\u00a0\u00bb0&Prime; [&hellip;]<\/p>\n","protected":false},"author":18,"featured_media":0,"parent":81769,"menu_order":0,"comment_status":"closed","ping_status":"closed","template":"","meta":{"content-type":"","footnotes":""},"class_list":["post-81765","page","type-page","status-publish","hentry"],"yoast_head":"<!-- This site is optimized with the Yoast SEO plugin v27.4 - https:\/\/yoast.com\/product\/yoast-seo-wordpress\/ -->\n<title>Envol par Prom\u00e9tour | \u00c9tats-Unis<\/title>\n<meta name=\"description\" content=\"Voyage de groupe aux \u00c9tats-Unis. Planifiez votre prochain groupe aux \u00c9tats-Unis avec Prom\u00e9tour.\" \/>\n<meta name=\"robots\" content=\"index, follow, max-snippet:-1, max-image-preview:large, max-video-preview:-1\" \/>\n<link rel=\"canonical\" href=\"https:\/\/prometour.com\/fr\/groupes-adultes\/destinations\/ameriques\/etats-unis\/\" \/>\n<meta property=\"og:locale\" content=\"fr_FR\" \/>\n<meta property=\"og:type\" content=\"article\" \/>\n<meta property=\"og:title\" content=\"Envol par Prom\u00e9tour | \u00c9tats-Unis\" \/>\n<meta property=\"og:description\" content=\"Voyage de groupe aux \u00c9tats-Unis. Planifiez votre prochain groupe aux \u00c9tats-Unis avec Prom\u00e9tour.\" \/>\n<meta property=\"og:url\" content=\"https:\/\/prometour.com\/fr\/groupes-adultes\/destinations\/ameriques\/etats-unis\/\" \/>\n<meta property=\"og:site_name\" content=\"Prom&eacute;tour\" \/>\n<meta property=\"article:publisher\" content=\"https:\/\/www.facebook.com\/PrometourEduTours\" \/>\n<meta property=\"article:modified_time\" content=\"2021-04-15T19:30:59+00:00\" \/>\n<meta name=\"twitter:card\" content=\"summary_large_image\" \/>\n<meta name=\"twitter:site\" content=\"@Prometour\" \/>\n<meta name=\"twitter:label1\" content=\"Dur\u00e9e de lecture estim\u00e9e\" \/>\n\t<meta name=\"twitter:data1\" content=\"4 minutes\" \/>\n<script type=\"application\/ld+json\" class=\"yoast-schema-graph\">{\"@context\":\"https:\\\/\\\/schema.org\",\"@graph\":[{\"@type\":\"WebPage\",\"@id\":\"https:\\\/\\\/prometour.com\\\/fr\\\/groupes-adultes\\\/destinations\\\/ameriques\\\/etats-unis\\\/\",\"url\":\"https:\\\/\\\/prometour.com\\\/fr\\\/groupes-adultes\\\/destinations\\\/ameriques\\\/etats-unis\\\/\",\"name\":\"Envol par Prom\u00e9tour | \u00c9tats-Unis\",\"isPartOf\":{\"@id\":\"https:\\\/\\\/prometour.com\\\/fr\\\/#website\"},\"datePublished\":\"2020-09-11T19:53:52+00:00\",\"dateModified\":\"2021-04-15T19:30:59+00:00\",\"description\":\"Voyage de groupe aux \u00c9tats-Unis. Planifiez votre prochain groupe aux \u00c9tats-Unis avec Prom\u00e9tour.\",\"breadcrumb\":{\"@id\":\"https:\\\/\\\/prometour.com\\\/fr\\\/groupes-adultes\\\/destinations\\\/ameriques\\\/etats-unis\\\/#breadcrumb\"},\"inLanguage\":\"fr-FR\",\"potentialAction\":[{\"@type\":\"ReadAction\",\"target\":[\"https:\\\/\\\/prometour.com\\\/fr\\\/groupes-adultes\\\/destinations\\\/ameriques\\\/etats-unis\\\/\"]}]},{\"@type\":\"BreadcrumbList\",\"@id\":\"https:\\\/\\\/prometour.com\\\/fr\\\/groupes-adultes\\\/destinations\\\/ameriques\\\/etats-unis\\\/#breadcrumb\",\"itemListElement\":[{\"@type\":\"ListItem\",\"position\":1,\"name\":\"Prometour\",\"item\":\"https:\\\/\\\/prometour.com\\\/fr\\\/\"},{\"@type\":\"ListItem\",\"position\":2,\"name\":\"Section Page\",\"item\":\"https:\\\/\\\/prometour.com\\\/fr\\\/page_category\\\/section-page-fr\\\/\"},{\"@type\":\"ListItem\",\"position\":3,\"name\":\"Groupes d&rsquo;adultes\",\"item\":\"https:\\\/\\\/prometour.com\\\/fr\\\/groupes-adultes\\\/\"},{\"@type\":\"ListItem\",\"position\":4,\"name\":\"Les destinations\",\"item\":\"https:\\\/\\\/prometour.com\\\/fr\\\/groupes-adultes\\\/destinations\\\/\"},{\"@type\":\"ListItem\",\"position\":5,\"name\":\"Am\u00e9riques\",\"item\":\"https:\\\/\\\/prometour.com\\\/fr\\\/groupes-adultes\\\/destinations\\\/ameriques\\\/\"},{\"@type\":\"ListItem\",\"position\":6,\"name\":\"\u00c9tats-Unis d&rsquo;Am\u00e9rique\"}]},{\"@type\":\"WebSite\",\"@id\":\"https:\\\/\\\/prometour.com\\\/fr\\\/#website\",\"url\":\"https:\\\/\\\/prometour.com\\\/fr\\\/\",\"name\":\"Prom\u00e9tour\",\"description\":\"Experts in Customized Student Tours and Class trips\",\"publisher\":{\"@id\":\"https:\\\/\\\/prometour.com\\\/fr\\\/#organization\"},\"potentialAction\":[{\"@type\":\"SearchAction\",\"target\":{\"@type\":\"EntryPoint\",\"urlTemplate\":\"https:\\\/\\\/prometour.com\\\/fr\\\/?s={search_term_string}\"},\"query-input\":{\"@type\":\"PropertyValueSpecification\",\"valueRequired\":true,\"valueName\":\"search_term_string\"}}],\"inLanguage\":\"fr-FR\"},{\"@type\":\"Organization\",\"@id\":\"https:\\\/\\\/prometour.com\\\/fr\\\/#organization\",\"name\":\"Prom\u00e9tour Educational Tours\",\"url\":\"https:\\\/\\\/prometour.com\\\/fr\\\/\",\"logo\":{\"@type\":\"ImageObject\",\"inLanguage\":\"fr-FR\",\"@id\":\"https:\\\/\\\/prometour.com\\\/fr\\\/#\\\/schema\\\/logo\\\/image\\\/\",\"url\":\"https:\\\/\\\/prometour.com\\\/wp-content\\\/uploads\\\/2017\\\/11\\\/Prometour_Logo_CMYK.gif\",\"contentUrl\":\"https:\\\/\\\/prometour.com\\\/wp-content\\\/uploads\\\/2017\\\/11\\\/Prometour_Logo_CMYK.gif\",\"width\":2265,\"height\":663,\"caption\":\"Prom\u00e9tour Educational Tours\"},\"image\":{\"@id\":\"https:\\\/\\\/prometour.com\\\/fr\\\/#\\\/schema\\\/logo\\\/image\\\/\"},\"sameAs\":[\"https:\\\/\\\/www.facebook.com\\\/PrometourEduTours\",\"https:\\\/\\\/x.com\\\/Prometour\",\"https:\\\/\\\/www.instagram.com\\\/prometour\\\/\",\"https:\\\/\\\/www.linkedin.com\\\/company\\\/prometour\",\"https:\\\/\\\/www.pinterest.ca\\\/prometour\\\/\",\"https:\\\/\\\/www.youtube.com\\\/channel\\\/UCGUzI7zRN1jyJA_vnuq4GPA\"]}]}<\/script>\n<!-- \/ Yoast SEO plugin. -->","yoast_head_json":{"title":"Envol par Prom\u00e9tour | \u00c9tats-Unis","description":"Voyage de groupe aux \u00c9tats-Unis. Planifiez votre prochain groupe aux \u00c9tats-Unis avec Prom\u00e9tour.","robots":{"index":"index","follow":"follow","max-snippet":"max-snippet:-1","max-image-preview":"max-image-preview:large","max-video-preview":"max-video-preview:-1"},"canonical":"https:\/\/prometour.com\/fr\/groupes-adultes\/destinations\/ameriques\/etats-unis\/","og_locale":"fr_FR","og_type":"article","og_title":"Envol par Prom\u00e9tour | \u00c9tats-Unis","og_description":"Voyage de groupe aux \u00c9tats-Unis. Planifiez votre prochain groupe aux \u00c9tats-Unis avec Prom\u00e9tour.","og_url":"https:\/\/prometour.com\/fr\/groupes-adultes\/destinations\/ameriques\/etats-unis\/","og_site_name":"Prom&eacute;tour","article_publisher":"https:\/\/www.facebook.com\/PrometourEduTours","article_modified_time":"2021-04-15T19:30:59+00:00","twitter_card":"summary_large_image","twitter_site":"@Prometour","twitter_misc":{"Dur\u00e9e de lecture estim\u00e9e":"4 minutes"},"schema":{"@context":"https:\/\/schema.org","@graph":[{"@type":"WebPage","@id":"https:\/\/prometour.com\/fr\/groupes-adultes\/destinations\/ameriques\/etats-unis\/","url":"https:\/\/prometour.com\/fr\/groupes-adultes\/destinations\/ameriques\/etats-unis\/","name":"Envol par Prom\u00e9tour | \u00c9tats-Unis","isPartOf":{"@id":"https:\/\/prometour.com\/fr\/#website"},"datePublished":"2020-09-11T19:53:52+00:00","dateModified":"2021-04-15T19:30:59+00:00","description":"Voyage de groupe aux \u00c9tats-Unis. Planifiez votre prochain groupe aux \u00c9tats-Unis avec Prom\u00e9tour.","breadcrumb":{"@id":"https:\/\/prometour.com\/fr\/groupes-adultes\/destinations\/ameriques\/etats-unis\/#breadcrumb"},"inLanguage":"fr-FR","potentialAction":[{"@type":"ReadAction","target":["https:\/\/prometour.com\/fr\/groupes-adultes\/destinations\/ameriques\/etats-unis\/"]}]},{"@type":"BreadcrumbList","@id":"https:\/\/prometour.com\/fr\/groupes-adultes\/destinations\/ameriques\/etats-unis\/#breadcrumb","itemListElement":[{"@type":"ListItem","position":1,"name":"Prometour","item":"https:\/\/prometour.com\/fr\/"},{"@type":"ListItem","position":2,"name":"Section Page","item":"https:\/\/prometour.com\/fr\/page_category\/section-page-fr\/"},{"@type":"ListItem","position":3,"name":"Groupes d&rsquo;adultes","item":"https:\/\/prometour.com\/fr\/groupes-adultes\/"},{"@type":"ListItem","position":4,"name":"Les destinations","item":"https:\/\/prometour.com\/fr\/groupes-adultes\/destinations\/"},{"@type":"ListItem","position":5,"name":"Am\u00e9riques","item":"https:\/\/prometour.com\/fr\/groupes-adultes\/destinations\/ameriques\/"},{"@type":"ListItem","position":6,"name":"\u00c9tats-Unis d&rsquo;Am\u00e9rique"}]},{"@type":"WebSite","@id":"https:\/\/prometour.com\/fr\/#website","url":"https:\/\/prometour.com\/fr\/","name":"Prom\u00e9tour","description":"Experts in Customized Student Tours and Class trips","publisher":{"@id":"https:\/\/prometour.com\/fr\/#organization"},"potentialAction":[{"@type":"SearchAction","target":{"@type":"EntryPoint","urlTemplate":"https:\/\/prometour.com\/fr\/?s={search_term_string}"},"query-input":{"@type":"PropertyValueSpecification","valueRequired":true,"valueName":"search_term_string"}}],"inLanguage":"fr-FR"},{"@type":"Organization","@id":"https:\/\/prometour.com\/fr\/#organization","name":"Prom\u00e9tour Educational Tours","url":"https:\/\/prometour.com\/fr\/","logo":{"@type":"ImageObject","inLanguage":"fr-FR","@id":"https:\/\/prometour.com\/fr\/#\/schema\/logo\/image\/","url":"https:\/\/prometour.com\/wp-content\/uploads\/2017\/11\/Prometour_Logo_CMYK.gif","contentUrl":"https:\/\/prometour.com\/wp-content\/uploads\/2017\/11\/Prometour_Logo_CMYK.gif","width":2265,"height":663,"caption":"Prom\u00e9tour Educational Tours"},"image":{"@id":"https:\/\/prometour.com\/fr\/#\/schema\/logo\/image\/"},"sameAs":["https:\/\/www.facebook.com\/PrometourEduTours","https:\/\/x.com\/Prometour","https:\/\/www.instagram.com\/prometour\/","https:\/\/www.linkedin.com\/company\/prometour","https:\/\/www.pinterest.ca\/prometour\/","https:\/\/www.youtube.com\/channel\/UCGUzI7zRN1jyJA_vnuq4GPA"]}]}},"_links":{"self":[{"href":"https:\/\/prometour.com\/fr\/wp-json\/wp\/v2\/pages\/81765","targetHints":{"allow":["GET"]}}],"collection":[{"href":"https:\/\/prometour.com\/fr\/wp-json\/wp\/v2\/pages"}],"about":[{"href":"https:\/\/prometour.com\/fr\/wp-json\/wp\/v2\/types\/page"}],"author":[{"embeddable":true,"href":"https:\/\/prometour.com\/fr\/wp-json\/wp\/v2\/users\/18"}],"replies":[{"embeddable":true,"href":"https:\/\/prometour.com\/fr\/wp-json\/wp\/v2\/comments?post=81765"}],"version-history":[{"count":7,"href":"https:\/\/prometour.com\/fr\/wp-json\/wp\/v2\/pages\/81765\/revisions"}],"predecessor-version":[{"id":87429,"href":"https:\/\/prometour.com\/fr\/wp-json\/wp\/v2\/pages\/81765\/revisions\/87429"}],"up":[{"embeddable":true,"href":"https:\/\/prometour.com\/fr\/wp-json\/wp\/v2\/pages\/81769"}],"wp:attachment":[{"href":"https:\/\/prometour.com\/fr\/wp-json\/wp\/v2\/media?parent=81765"}],"curies":[{"name":"wp","href":"https:\/\/api.w.org\/{rel}","templated":true}]}}