{"id":81802,"date":"2020-04-08T17:18:25","date_gmt":"2020-04-08T21:18:25","guid":{"rendered":"https:\/\/prometour.com\/immersion-program\/peru-immersion\/"},"modified":"2021-02-19T10:53:56","modified_gmt":"2021-02-19T15:53:56","slug":"peru-immersion","status":"publish","type":"page","link":"https:\/\/prometour.com\/fr\/immersion-program\/peru-immersion\/","title":{"rendered":"Peru Immersion Program"},"content":{"rendered":"<div class=\"wpb-content-wrapper\"><p>[vc_row][vc_column][vc_column_text]Peru is a popular travel destination among teachers &amp; students thanks to its ancient ruins, diverse ecosystems, and fascinating yet mysterious culture. Imagine learning Spanish in one of the most beautiful locations to be found in Latin America! If this sounds enticing, you&rsquo;ll love our Peru Immersion program:[\/vc_column_text][vc_accordion][vc_accordion_tab title=\u00a0\u00bbSpanish Language &amp; Culture\u00a0\u00bb tab_id=\u00a0\u00bb1586379608-1-47&Prime;][vc_column_text]Peru\u2019s\u00a0authentic culture\u00a0coupled with our Spanish immersion &amp; language classes make for no shortage of memorable learning experiences.[\/vc_column_text][\/vc_accordion_tab][vc_accordion_tab title=\u00a0\u00bbCommunity Outreach &amp; Volunteer Programs Available\u00a0\u00bb tab_id=\u00a0\u00bb1586379608-2-74&Prime;][vc_column_text]Meet the Peruvian people, embark on local school visits, take part in toy making &amp; handcraft workshops and more. Our outreach programs allow you to live the life of a local![\/vc_column_text][\/vc_accordion_tab][vc_accordion_tab title=\u00a0\u00bbBreathtaking Ancient Ruins &amp; Monuments\u00a0\u00bb tab_id=\u00a0\u00bb1586379952749-2-0&Prime;][vc_column_text]There\u2019s more to Peru than just Machu Picchu\u2014Lake Titicaca, the Sacred Valley, the Inca Civilization and more await you and your students![\/vc_column_text][\/vc_accordion_tab][vc_accordion_tab title=\u00a0\u00bbNatural Geographic Diversity\u00a0\u00bb tab_id=\u00a0\u00bb1586380034725-3-2&Prime;][vc_column_text]Explore each of Peru\u2019s three geographic zones: La Costa (the coast), La\u00a0Sierra (the mountains), and La Selva (the jungle)\u2014all with something unique to see and experience![\/vc_column_text][\/vc_accordion_tab][vc_accordion_tab title=\u00a0\u00bbBiodiversity\u00a0\u00bb tab_id=\u00a0\u00bb1586380061935-4-1&Prime;][vc_column_text]Peru\u00a0is known as one of the world\u2019s ten \u201cmegadiverse\u201d countries\u2014its culture, ecosystems, species, and genetic resources make it an exhilarating\u00a0destination for student travel[\/vc_column_text][\/vc_accordion_tab][\/vc_accordion][\/vc_column][\/vc_row][vc_row row_height_percent=\u00a0\u00bb0&Prime; back_color=\u00a0\u00bbcolor-lxmt\u00a0\u00bb overlay_alpha=\u00a0\u00bb50&Prime; gutter_size=\u00a0\u00bb3&Prime; column_width_percent=\u00a0\u00bb100&Prime; shift_y=\u00a0\u00bb0&Prime; z_index=\u00a0\u00bb0&Prime;][vc_column width=\u00a0\u00bb1\/1&Prime;][vc_column_text]<\/p>\n<h3><strong>Why Study At The Academia Latinoamericana de Espa\u00f1ol?<\/strong><\/h3>\n<ul>\n<li style=\"list-style-type: none;\">\n<ul>\n<li>The Academia Latinoamericana occupies a 19th century colonial home on one of the many small plazas, right behind of the most important site from pre-Colombian Cusco, the Qorikancha (Temple of the Sun).<\/li>\n<li>The building houses two full floors with about 17 classrooms, an indoor patio, a video room, auditorium, an entertainment room, wireless access to internet for our students and interior plaza.<\/li>\n<li>Classes are held in rooms decorated with typical Peruvian \u00ab\u00a0artesania.\u00a0\u00bb<\/li>\n<li>Teachers are experienced, highly qualified, caring and committed to providing students a high level of attention in teaching Spanish.<\/li>\n<li>The Academia is registered with and recognized by the Peruvian Ministry of Education.<\/li>\n<li>All students who successfully complete their course will receive a certificate showing the length of the course and the language level achieved.<\/li>\n<\/ul>\n<\/li>\n<\/ul>\n<p>[\/vc_column_text][\/vc_column][\/vc_row][vc_row][vc_column width=\u00a0\u00bb1\/1&Prime;][vc_column_text]<\/p>\n<h3><strong>What Does the Immersion Program Include?<\/strong><\/h3>\n<ul>\n<li style=\"list-style-type: none;\">\n<ul>\n<li>4 hours of Spanish classes per day (maximum 4 students per class)<\/li>\n<li>Afternoon group activities organized by The Academia Latinoamericana de Espa\u00f1ol<\/li>\n<li>All educational materials<\/li>\n<li>Students are placed 2-3 per family unless otherwise requested.<\/li>\n<li>3 meals per day with the host family<\/li>\n<li>Academia Latinoamericana de Espa\u00f1ol has a full-time member of staff dedicated to looking after the host families. If an irresolvable problem should arise students will be moved to another family.<\/li>\n<li>Group leaders can choose between staying with a host family or hotel<\/li>\n<\/ul>\n<\/li>\n<\/ul>\n<p>[\/vc_column_text][\/vc_column][\/vc_row][vc_row row_height_percent=\u00a0\u00bb0&Prime; back_color=\u00a0\u00bbcolor-lxmt\u00a0\u00bb overlay_alpha=\u00a0\u00bb50&Prime; gutter_size=\u00a0\u00bb3&Prime; column_width_percent=\u00a0\u00bb100&Prime; shift_y=\u00a0\u00bb0&Prime; z_index=\u00a0\u00bb0&Prime;][vc_column width=\u00a0\u00bb1\/1&Prime;][vc_column_text]<\/p>\n<h3><strong>Why Choose To Study Spanish in Cusco?<\/strong><\/h3>\n<ul>\n<li style=\"list-style-type: none;\">\n<ul>\n<li>The city of Cusco sits perched amidst the clouds and the lush Andean greenery 11,000 feet above sea level, an everlasting legacy to Peru\u00b4s rich history<\/li>\n<li>Due to the high elevation, it is cool at night and sunny but cool during the day year- round<\/li>\n<li>Many international tourists are drawn to Cusco for its proximity to the famous Machu Picchu ruins and the Inca Trail.<\/li>\n<\/ul>\n<\/li>\n<\/ul>\n<p>[\/vc_column_text][\/vc_column][\/vc_row][vc_row][vc_column width=\u00a0\u00bb1\/1&Prime;][vc_column_text]<\/p>\n<h3>About the Homestay Program<\/h3>\n<p>Academia Latinoamericana de Espa\u00f1ol oversees the family-stay program that Prom\u00e9tour uses in Cusco, Peru. These are the criteria used when recruiting Host Families:<\/p>\n<ul>\n<li style=\"list-style-type: none;\">\n<ul>\n<li>Most new families come by the recommendation of existing members of the family network.<\/li>\n<li>The Academia Latinoamericana de Espa\u00f1ol lodging coordinator visits each family regularly.<\/li>\n<li>Strict criteria must be met in regards to a clean and hygienic apartment or home, especially in kitchens and bathrooms.<\/li>\n<li>Special interest is made to the welcoming and hospitality qualities of the family.<\/li>\n<li>An adult must be home during the times that participants are in the host-family home.<\/li>\n<li>Some host families live in private houses with gardens, others in townhouses or apartments<\/li>\n<li>Location of family home should be within walking distance or a short (15 minute) public transportation ride from group meeting point.<\/li>\n<li>Efforts are made to match your participant with a family based on criteria such as similarly aged children, non-smokers, pets, common interests, etc\u2026<\/li>\n<li>Host families are financially compensated.<\/li>\n<\/ul>\n<\/li>\n<\/ul>\n<p>[\/vc_column_text][\/vc_column][\/vc_row][vc_row row_height_percent=\u00a0\u00bb0&Prime; back_color=\u00a0\u00bbcolor-lxmt\u00a0\u00bb overlay_alpha=\u00a0\u00bb50&Prime; gutter_size=\u00a0\u00bb3&Prime; column_width_percent=\u00a0\u00bb100&Prime; shift_y=\u00a0\u00bb0&Prime; z_index=\u00a0\u00bb0&Prime;][vc_column width=\u00a0\u00bb1\/1&Prime;][vc_column_text]<\/p>\n<h3>Wondering how much would cost your life-changing experience?<\/h3>\n<p>[\/vc_column_text][vc_raw_html]JTNDJTIxLS1IdWJTcG90JTIwQ2FsbC10by1BY3Rpb24lMjBDb2RlJTIwLS0lM0UlM0NzcGFuJTIwY2xhc3MlM0QlMjJocy1jdGEtd3JhcHBlciUyMiUyMGlkJTNEJTIyaHMtY3RhLXdyYXBwZXItOTI2MzE2YTAtNDQxMS00MWMyLThjZDEtYjNlOWQ5MmVhYWUyJTIyJTNFJTNDc3BhbiUyMGNsYXNzJTNEJTIyaHMtY3RhLW5vZGUlMjBocy1jdGEtOTI2MzE2YTAtNDQxMS00MWMyLThjZDEtYjNlOWQ5MmVhYWUyJTIyJTIwaWQlM0QlMjJocy1jdGEtOTI2MzE2YTAtNDQxMS00MWMyLThjZDEtYjNlOWQ5MmVhYWUyJTIyJTNFJTNDJTIxLS0lNUJpZiUyMGx0ZSUyMElFJTIwOCU1RCUzRSUzQ2RpdiUyMGlkJTNEJTIyaHMtY3RhLWllLWVsZW1lbnQlMjIlM0UlM0MlMkZkaXYlM0UlM0MlMjElNUJlbmRpZiU1RC0tJTNFJTNDYSUyMGhyZWYlM0QlMjJodHRwcyUzQSUyRiUyRmN0YS1yZWRpcmVjdC5odWJzcG90LmNvbSUyRmN0YSUyRnJlZGlyZWN0JTJGNDcyMDA5NCUyRjkyNjMxNmEwLTQ0MTEtNDFjMi04Y2QxLWIzZTlkOTJlYWFlMiUyMiUyMCUyMHRhcmdldCUzRCUyMl9ibGFuayUyMiUyMCUzRSUzQ2ltZyUyMGNsYXNzJTNEJTIyaHMtY3RhLWltZyUyMiUyMGlkJTNEJTIyaHMtY3RhLWltZy05MjYzMTZhMC00NDExLTQxYzItOGNkMS1iM2U5ZDkyZWFhZTIlMjIlMjBzdHlsZSUzRCUyMmJvcmRlci13aWR0aCUzQTBweCUzQiUyMiUyMHNyYyUzRCUyMmh0dHBzJTNBJTJGJTJGbm8tY2FjaGUuaHVic3BvdC5jb20lMkZjdGElMkZkZWZhdWx0JTJGNDcyMDA5NCUyRjkyNjMxNmEwLTQ0MTEtNDFjMi04Y2QxLWIzZTlkOTJlYWFlMi5wbmclMjIlMjAlMjBhbHQlM0QlMjJSRVFVRVNUJTIwQSUyMFFVT1RFJTIwTk9XJUMyJUEwJTIyJTJGJTNFJTNDJTJGYSUzRSUzQyUyRnNwYW4lM0UlM0NzY3JpcHQlMjBjaGFyc2V0JTNEJTIydXRmLTglMjIlMjBzcmMlM0QlMjJodHRwcyUzQSUyRiUyRmpzLmhzY3RhLm5ldCUyRmN0YSUyRmN1cnJlbnQuanMlMjIlM0UlM0MlMkZzY3JpcHQlM0UlM0NzY3JpcHQlMjB0eXBlJTNEJTIydGV4dCUyRmphdmFzY3JpcHQlMjIlM0UlMjBoYnNwdC5jdGEubG9hZCUyODQ3MjAwOTQlMkMlMjAlMjc5MjYzMTZhMC00NDExLTQxYzItOGNkMS1iM2U5ZDkyZWFhZTIlMjclMkMlMjAlN0IlN0QlMjklM0IlMjAlM0MlMkZzY3JpcHQlM0UlM0MlMkZzcGFuJTNFJTNDJTIxLS0lMjBlbmQlMjBIdWJTcG90JTIwQ2FsbC10by1BY3Rpb24lMjBDb2RlJTIwLS0lM0U=[\/vc_raw_html][\/vc_column][\/vc_row]<\/p>\n<\/div>","protected":false},"excerpt":{"rendered":"<p>[vc_row][vc_column][vc_column_text]Peru is a popular travel destination among teachers &amp; students thanks to its ancient ruins, diverse ecosystems, and fascinating yet [&hellip;]<\/p>\n","protected":false},"author":21,"featured_media":81803,"parent":81801,"menu_order":0,"comment_status":"closed","ping_status":"closed","template":"","meta":{"content-type":"","footnotes":""},"class_list":["post-81802","page","type-page","status-publish","has-post-thumbnail","hentry","page_category-section-page-fr"],"yoast_head":"<!-- This site is optimized with the Yoast SEO plugin v27.2 - https:\/\/yoast.com\/product\/yoast-seo-wordpress\/ -->\n<title>Immersion au P\u00e9rou | Prom\u00e9tour Voyages \u00c9ducatifs<\/title>\n<meta name=\"description\" content=\"Discover the mysteries of the Andes with our Peru Immersion Program. Learn Spanish, encounter locals &amp; explore ancient ruins, deep forests &amp; cities of Peru.\" \/>\n<meta name=\"robots\" content=\"index, follow, max-snippet:-1, max-image-preview:large, max-video-preview:-1\" \/>\n<link rel=\"canonical\" href=\"https:\/\/prometour.com\/fr\/immersion-program\/peru-immersion\/\" \/>\n<meta property=\"og:locale\" content=\"fr_FR\" \/>\n<meta property=\"og:type\" content=\"article\" \/>\n<meta property=\"og:title\" content=\"Immersion au P\u00e9rou | Prom\u00e9tour Voyages \u00c9ducatifs\" \/>\n<meta property=\"og:description\" content=\"Discover the mysteries of the Andes with our Peru Immersion Program. Learn Spanish, encounter locals &amp; explore ancient ruins, deep forests &amp; cities of Peru.\" \/>\n<meta property=\"og:url\" content=\"https:\/\/prometour.com\/fr\/immersion-program\/peru-immersion\/\" \/>\n<meta property=\"og:site_name\" content=\"Prom&eacute;tour\" \/>\n<meta property=\"article:publisher\" content=\"https:\/\/www.facebook.com\/PrometourEduTours\" \/>\n<meta property=\"article:modified_time\" content=\"2021-02-19T15:53:56+00:00\" \/>\n<meta property=\"og:image\" content=\"https:\/\/prometour.com\/wp-content\/uploads\/2018\/05\/Peru.jpg\" \/>\n\t<meta property=\"og:image:width\" content=\"2120\" \/>\n\t<meta property=\"og:image:height\" content=\"894\" \/>\n\t<meta property=\"og:image:type\" content=\"image\/jpeg\" \/>\n<meta name=\"twitter:card\" content=\"summary_large_image\" \/>\n<meta name=\"twitter:site\" content=\"@Prometour\" \/>\n<meta name=\"twitter:label1\" content=\"Dur\u00e9e de lecture estim\u00e9e\" \/>\n\t<meta name=\"twitter:data1\" content=\"5 minutes\" \/>\n<script type=\"application\/ld+json\" class=\"yoast-schema-graph\">{\"@context\":\"https:\/\/schema.org\",\"@graph\":[{\"@type\":\"WebPage\",\"@id\":\"https:\/\/prometour.com\/fr\/immersion-program\/peru-immersion\/\",\"url\":\"https:\/\/prometour.com\/fr\/immersion-program\/peru-immersion\/\",\"name\":\"Immersion au P\u00e9rou | Prom\u00e9tour Voyages \u00c9ducatifs\",\"isPartOf\":{\"@id\":\"https:\/\/prometour.com\/fr\/#website\"},\"primaryImageOfPage\":{\"@id\":\"https:\/\/prometour.com\/fr\/immersion-program\/peru-immersion\/#primaryimage\"},\"image\":{\"@id\":\"https:\/\/prometour.com\/fr\/immersion-program\/peru-immersion\/#primaryimage\"},\"thumbnailUrl\":\"https:\/\/prometour.com\/wp-content\/uploads\/2018\/05\/Peru.jpg\",\"datePublished\":\"2020-04-08T21:18:25+00:00\",\"dateModified\":\"2021-02-19T15:53:56+00:00\",\"description\":\"Discover the mysteries of the Andes with our Peru Immersion Program. Learn Spanish, encounter locals & explore ancient ruins, deep forests & cities of Peru.\",\"breadcrumb\":{\"@id\":\"https:\/\/prometour.com\/fr\/immersion-program\/peru-immersion\/#breadcrumb\"},\"inLanguage\":\"fr-FR\",\"potentialAction\":[{\"@type\":\"ReadAction\",\"target\":[\"https:\/\/prometour.com\/fr\/immersion-program\/peru-immersion\/\"]}]},{\"@type\":\"ImageObject\",\"inLanguage\":\"fr-FR\",\"@id\":\"https:\/\/prometour.com\/fr\/immersion-program\/peru-immersion\/#primaryimage\",\"url\":\"https:\/\/prometour.com\/wp-content\/uploads\/2018\/05\/Peru.jpg\",\"contentUrl\":\"https:\/\/prometour.com\/wp-content\/uploads\/2018\/05\/Peru.jpg\",\"width\":2120,\"height\":894},{\"@type\":\"BreadcrumbList\",\"@id\":\"https:\/\/prometour.com\/fr\/immersion-program\/peru-immersion\/#breadcrumb\",\"itemListElement\":[{\"@type\":\"ListItem\",\"position\":1,\"name\":\"Prometour\",\"item\":\"https:\/\/prometour.com\/fr\/\"},{\"@type\":\"ListItem\",\"position\":2,\"name\":\"Classic\",\"item\":\"https:\/\/prometour.com\/fr\/page_category\/classic-fr\/\"},{\"@type\":\"ListItem\",\"position\":3,\"name\":\"Programme d&#8217;immersion\",\"item\":\"https:\/\/prometour.com\/fr\/immersion-program\/\"},{\"@type\":\"ListItem\",\"position\":4,\"name\":\"Peru Immersion Program\"}]},{\"@type\":\"WebSite\",\"@id\":\"https:\/\/prometour.com\/fr\/#website\",\"url\":\"https:\/\/prometour.com\/fr\/\",\"name\":\"Prom\u00e9tour\",\"description\":\"Experts in Customized Student Tours and Class trips\",\"publisher\":{\"@id\":\"https:\/\/prometour.com\/fr\/#organization\"},\"potentialAction\":[{\"@type\":\"SearchAction\",\"target\":{\"@type\":\"EntryPoint\",\"urlTemplate\":\"https:\/\/prometour.com\/fr\/?s={search_term_string}\"},\"query-input\":{\"@type\":\"PropertyValueSpecification\",\"valueRequired\":true,\"valueName\":\"search_term_string\"}}],\"inLanguage\":\"fr-FR\"},{\"@type\":\"Organization\",\"@id\":\"https:\/\/prometour.com\/fr\/#organization\",\"name\":\"Prom\u00e9tour Educational Tours\",\"url\":\"https:\/\/prometour.com\/fr\/\",\"logo\":{\"@type\":\"ImageObject\",\"inLanguage\":\"fr-FR\",\"@id\":\"https:\/\/prometour.com\/fr\/#\/schema\/logo\/image\/\",\"url\":\"https:\/\/prometour.com\/wp-content\/uploads\/2017\/11\/Prometour_Logo_CMYK.gif\",\"contentUrl\":\"https:\/\/prometour.com\/wp-content\/uploads\/2017\/11\/Prometour_Logo_CMYK.gif\",\"width\":2265,\"height\":663,\"caption\":\"Prom\u00e9tour Educational Tours\"},\"image\":{\"@id\":\"https:\/\/prometour.com\/fr\/#\/schema\/logo\/image\/\"},\"sameAs\":[\"https:\/\/www.facebook.com\/PrometourEduTours\",\"https:\/\/x.com\/Prometour\",\"https:\/\/www.instagram.com\/prometour\/\",\"https:\/\/www.linkedin.com\/company\/prometour\",\"https:\/\/www.pinterest.ca\/prometour\/\",\"https:\/\/www.youtube.com\/channel\/UCGUzI7zRN1jyJA_vnuq4GPA\"]}]}<\/script>\n<!-- \/ Yoast SEO plugin. -->","yoast_head_json":{"title":"Immersion au P\u00e9rou | Prom\u00e9tour Voyages \u00c9ducatifs","description":"Discover the mysteries of the Andes with our Peru Immersion Program. Learn Spanish, encounter locals & explore ancient ruins, deep forests & cities of Peru.","robots":{"index":"index","follow":"follow","max-snippet":"max-snippet:-1","max-image-preview":"max-image-preview:large","max-video-preview":"max-video-preview:-1"},"canonical":"https:\/\/prometour.com\/fr\/immersion-program\/peru-immersion\/","og_locale":"fr_FR","og_type":"article","og_title":"Immersion au P\u00e9rou | Prom\u00e9tour Voyages \u00c9ducatifs","og_description":"Discover the mysteries of the Andes with our Peru Immersion Program. Learn Spanish, encounter locals & explore ancient ruins, deep forests & cities of Peru.","og_url":"https:\/\/prometour.com\/fr\/immersion-program\/peru-immersion\/","og_site_name":"Prom&eacute;tour","article_publisher":"https:\/\/www.facebook.com\/PrometourEduTours","article_modified_time":"2021-02-19T15:53:56+00:00","og_image":[{"width":2120,"height":894,"url":"https:\/\/prometour.com\/wp-content\/uploads\/2018\/05\/Peru.jpg","type":"image\/jpeg"}],"twitter_card":"summary_large_image","twitter_site":"@Prometour","twitter_misc":{"Dur\u00e9e de lecture estim\u00e9e":"5 minutes"},"schema":{"@context":"https:\/\/schema.org","@graph":[{"@type":"WebPage","@id":"https:\/\/prometour.com\/fr\/immersion-program\/peru-immersion\/","url":"https:\/\/prometour.com\/fr\/immersion-program\/peru-immersion\/","name":"Immersion au P\u00e9rou | Prom\u00e9tour Voyages \u00c9ducatifs","isPartOf":{"@id":"https:\/\/prometour.com\/fr\/#website"},"primaryImageOfPage":{"@id":"https:\/\/prometour.com\/fr\/immersion-program\/peru-immersion\/#primaryimage"},"image":{"@id":"https:\/\/prometour.com\/fr\/immersion-program\/peru-immersion\/#primaryimage"},"thumbnailUrl":"https:\/\/prometour.com\/wp-content\/uploads\/2018\/05\/Peru.jpg","datePublished":"2020-04-08T21:18:25+00:00","dateModified":"2021-02-19T15:53:56+00:00","description":"Discover the mysteries of the Andes with our Peru Immersion Program. Learn Spanish, encounter locals & explore ancient ruins, deep forests & cities of Peru.","breadcrumb":{"@id":"https:\/\/prometour.com\/fr\/immersion-program\/peru-immersion\/#breadcrumb"},"inLanguage":"fr-FR","potentialAction":[{"@type":"ReadAction","target":["https:\/\/prometour.com\/fr\/immersion-program\/peru-immersion\/"]}]},{"@type":"ImageObject","inLanguage":"fr-FR","@id":"https:\/\/prometour.com\/fr\/immersion-program\/peru-immersion\/#primaryimage","url":"https:\/\/prometour.com\/wp-content\/uploads\/2018\/05\/Peru.jpg","contentUrl":"https:\/\/prometour.com\/wp-content\/uploads\/2018\/05\/Peru.jpg","width":2120,"height":894},{"@type":"BreadcrumbList","@id":"https:\/\/prometour.com\/fr\/immersion-program\/peru-immersion\/#breadcrumb","itemListElement":[{"@type":"ListItem","position":1,"name":"Prometour","item":"https:\/\/prometour.com\/fr\/"},{"@type":"ListItem","position":2,"name":"Classic","item":"https:\/\/prometour.com\/fr\/page_category\/classic-fr\/"},{"@type":"ListItem","position":3,"name":"Programme d&#8217;immersion","item":"https:\/\/prometour.com\/fr\/immersion-program\/"},{"@type":"ListItem","position":4,"name":"Peru Immersion Program"}]},{"@type":"WebSite","@id":"https:\/\/prometour.com\/fr\/#website","url":"https:\/\/prometour.com\/fr\/","name":"Prom\u00e9tour","description":"Experts in Customized Student Tours and Class trips","publisher":{"@id":"https:\/\/prometour.com\/fr\/#organization"},"potentialAction":[{"@type":"SearchAction","target":{"@type":"EntryPoint","urlTemplate":"https:\/\/prometour.com\/fr\/?s={search_term_string}"},"query-input":{"@type":"PropertyValueSpecification","valueRequired":true,"valueName":"search_term_string"}}],"inLanguage":"fr-FR"},{"@type":"Organization","@id":"https:\/\/prometour.com\/fr\/#organization","name":"Prom\u00e9tour Educational Tours","url":"https:\/\/prometour.com\/fr\/","logo":{"@type":"ImageObject","inLanguage":"fr-FR","@id":"https:\/\/prometour.com\/fr\/#\/schema\/logo\/image\/","url":"https:\/\/prometour.com\/wp-content\/uploads\/2017\/11\/Prometour_Logo_CMYK.gif","contentUrl":"https:\/\/prometour.com\/wp-content\/uploads\/2017\/11\/Prometour_Logo_CMYK.gif","width":2265,"height":663,"caption":"Prom\u00e9tour Educational Tours"},"image":{"@id":"https:\/\/prometour.com\/fr\/#\/schema\/logo\/image\/"},"sameAs":["https:\/\/www.facebook.com\/PrometourEduTours","https:\/\/x.com\/Prometour","https:\/\/www.instagram.com\/prometour\/","https:\/\/www.linkedin.com\/company\/prometour","https:\/\/www.pinterest.ca\/prometour\/","https:\/\/www.youtube.com\/channel\/UCGUzI7zRN1jyJA_vnuq4GPA"]}]}},"_links":{"self":[{"href":"https:\/\/prometour.com\/fr\/wp-json\/wp\/v2\/pages\/81802","targetHints":{"allow":["GET"]}}],"collection":[{"href":"https:\/\/prometour.com\/fr\/wp-json\/wp\/v2\/pages"}],"about":[{"href":"https:\/\/prometour.com\/fr\/wp-json\/wp\/v2\/types\/page"}],"author":[{"embeddable":true,"href":"https:\/\/prometour.com\/fr\/wp-json\/wp\/v2\/users\/21"}],"replies":[{"embeddable":true,"href":"https:\/\/prometour.com\/fr\/wp-json\/wp\/v2\/comments?post=81802"}],"version-history":[{"count":1,"href":"https:\/\/prometour.com\/fr\/wp-json\/wp\/v2\/pages\/81802\/revisions"}],"predecessor-version":[{"id":81809,"href":"https:\/\/prometour.com\/fr\/wp-json\/wp\/v2\/pages\/81802\/revisions\/81809"}],"up":[{"embeddable":true,"href":"https:\/\/prometour.com\/fr\/wp-json\/wp\/v2\/pages\/81801"}],"wp:featuredmedia":[{"embeddable":true,"href":"https:\/\/prometour.com\/fr\/wp-json\/wp\/v2\/media\/81803"}],"wp:attachment":[{"href":"https:\/\/prometour.com\/fr\/wp-json\/wp\/v2\/media?parent=81802"}],"curies":[{"name":"wp","href":"https:\/\/api.w.org\/{rel}","templated":true}]}}