{"id":81804,"date":"2020-04-08T16:56:24","date_gmt":"2020-04-08T20:56:24","guid":{"rendered":"https:\/\/prometour.com\/immersion-program\/language-immersion-in-barcelona\/"},"modified":"2021-02-19T10:53:39","modified_gmt":"2021-02-19T15:53:39","slug":"language-immersion-in-barcelona","status":"publish","type":"page","link":"https:\/\/prometour.com\/fr\/immersion-program\/language-immersion-in-barcelona\/","title":{"rendered":"Language Immersion in Barcelona"},"content":{"rendered":"<div class=\"wpb-content-wrapper\"><p>[vc_row][vc_column][vc_column_text]<\/p>\n<h3 style=\"text-align: center;\">Language Immersion Exchange<br \/>\nCol.Legi Sagrada Da Familia, Sant Andreu<\/h3>\n<p>Learning a foreign language in an immersive setting differs greatly from traditional language instruction in the classroom. Through interpersonal interactions rather than rules of grammar, immersion is a more intuitive and effective way to truly understand and appreciate another culture, and learn another native tongue. Prometour\u2019s Spanish Language Immersion Program connects students with the well-renowned school, <a href=\"http:\/\/www.csagrada.com\/\" target=\"_blank\" rel=\"noopener noreferrer\">Col.legi Sagrada Familia<\/a> in the beautiful Barcelona. All of our programs are individually designed to meet the group\u2019s goals, interests, and curriculum.[\/vc_column_text][\/vc_column][\/vc_row][vc_row row_height_percent=\u00a0\u00bb0&Prime; back_color=\u00a0\u00bbcolor-lxmt\u00a0\u00bb overlay_alpha=\u00a0\u00bb50&Prime; gutter_size=\u00a0\u00bb3&Prime; column_width_percent=\u00a0\u00bb100&Prime; shift_y=\u00a0\u00bb0&Prime; z_index=\u00a0\u00bb0&Prime;][vc_column][vc_single_image media=\u00a0\u00bb74611&Prime; media_width_percent=\u00a0\u00bb100&Prime; alignment=\u00a0\u00bbcenter\u00a0\u00bb][\/vc_column][\/vc_row][vc_row][vc_column][vc_column_text]<\/p>\n<h2>\u00a0Why Study At Col.legi Sagrada Familia?<\/h2>\n<ul>\n<li>Founded over 125 years ago by the Board of the Asylum House Sant Andreu de Palomar, under the teaching of the Religious of the Sacred Family of Urgell, Col.legi Sagrada Familia is defined as a Christian school.<\/li>\n<li>80 teachers, 6 administrative staff members and an enrolment of 1022 students from early childhood education to high school.<\/li>\n<li>The school and its members open their homes and classrooms to students from all over the world. While offering foreigners a true insight to the culture, community, lifestyle, and language, the local students also gain international exposure from the numerous visitors that they welcome annually.<\/li>\n<li>Each student will conduct a Placement test in order to receive the appropriate lesson plan.<\/li>\n<li>Instruction is entirely in Spanish using the Communicative Method, which emphasizes conversation while introducing Spanish grammar to students little by little.<\/li>\n<li>Students receive a certificate upon completing the course.<\/li>\n<li>Located 7km North-West of Barcelona\u2019s city centre and easily accessible by bus and metro.<\/li>\n<\/ul>\n<p>[\/vc_column_text][\/vc_column][\/vc_row][vc_row row_height_percent=\u00a0\u00bb0&Prime; back_color=\u00a0\u00bbcolor-lxmt\u00a0\u00bb overlay_alpha=\u00a0\u00bb50&Prime; gutter_size=\u00a0\u00bb3&Prime; column_width_percent=\u00a0\u00bb100&Prime; shift_y=\u00a0\u00bb0&Prime; z_index=\u00a0\u00bb0&Prime;][vc_column][vc_column_text]<\/p>\n<h2>Why Study Spanish in Barcelona?<\/h2>\n<ul>\n<li>Barcelona is one of the most popular university destinations chosen by students throughout the world due to its academic excellence, location, and vision of the future. Students from abroad make up 11.4% of the city\u2019s academic community in\u00a0Barcelona\u2019s numerous\u00a0faculties.<\/li>\n<li>Located on the Mediterranean coast, Barcelona is a thriving, cosmopolitan city rich in history and architecture.<\/li>\n<li>Most people who live in Barcelona are bilingual, speaking Spanish and Catalan \u2013 which is also an official language and offers a unique way of life.<\/li>\n<li>In addition, you can feel reassured that because Prom\u00e9tour has a local office in Spain we are always available to assist with any requirements the group may have and will maintain close contact throughout the entire stay.<\/li>\n<\/ul>\n<p>[\/vc_column_text][\/vc_column][\/vc_row][vc_row row_height_percent=\u00a0\u00bb0&Prime; overlay_alpha=\u00a0\u00bb50&Prime; gutter_size=\u00a0\u00bb3&Prime; column_width_percent=\u00a0\u00bb100&Prime; shift_y=\u00a0\u00bb0&Prime; z_index=\u00a0\u00bb0&Prime; shape_dividers=\u00a0\u00bb\u00a0\u00bb][vc_column][vc_column_text]<\/p>\n<h2>Wondering how much would cost your life-changing experience?<\/h2>\n<p>[\/vc_column_text][vc_raw_html]JTNDJTIxLS1IdWJTcG90JTIwQ2FsbC10by1BY3Rpb24lMjBDb2RlJTIwLS0lM0UlM0NzcGFuJTIwY2xhc3MlM0QlMjJocy1jdGEtd3JhcHBlciUyMiUyMGlkJTNEJTIyaHMtY3RhLXdyYXBwZXItNTE3ZGRjMmEtNDVhNy00Nzk4LWE5MzAtZDk3MWU5ZDc1NzliJTIyJTNFJTNDc3BhbiUyMGNsYXNzJTNEJTIyaHMtY3RhLW5vZGUlMjBocy1jdGEtNTE3ZGRjMmEtNDVhNy00Nzk4LWE5MzAtZDk3MWU5ZDc1NzliJTIyJTIwaWQlM0QlMjJocy1jdGEtNTE3ZGRjMmEtNDVhNy00Nzk4LWE5MzAtZDk3MWU5ZDc1NzliJTIyJTNFJTNDJTIxLS0lNUJpZiUyMGx0ZSUyMElFJTIwOCU1RCUzRSUzQ2RpdiUyMGlkJTNEJTIyaHMtY3RhLWllLWVsZW1lbnQlMjIlM0UlM0MlMkZkaXYlM0UlM0MlMjElNUJlbmRpZiU1RC0tJTNFJTNDYSUyMGhyZWYlM0QlMjJodHRwcyUzQSUyRiUyRmN0YS1yZWRpcmVjdC5odWJzcG90LmNvbSUyRmN0YSUyRnJlZGlyZWN0JTJGNDcyMDA5NCUyRjUxN2RkYzJhLTQ1YTctNDc5OC1hOTMwLWQ5NzFlOWQ3NTc5YiUyMiUyMCUyMHRhcmdldCUzRCUyMl9ibGFuayUyMiUyMCUzRSUzQ2ltZyUyMGNsYXNzJTNEJTIyaHMtY3RhLWltZyUyMiUyMGlkJTNEJTIyaHMtY3RhLWltZy01MTdkZGMyYS00NWE3LTQ3OTgtYTkzMC1kOTcxZTlkNzU3OWIlMjIlMjBzdHlsZSUzRCUyMmJvcmRlci13aWR0aCUzQTBweCUzQiUyMiUyMHNyYyUzRCUyMmh0dHBzJTNBJTJGJTJGbm8tY2FjaGUuaHVic3BvdC5jb20lMkZjdGElMkZkZWZhdWx0JTJGNDcyMDA5NCUyRjUxN2RkYzJhLTQ1YTctNDc5OC1hOTMwLWQ5NzFlOWQ3NTc5Yi5wbmclMjIlMjAlMjBhbHQlM0QlMjJSRVFVRVNUJTIwQSUyMFFVT1RFJTIyJTJGJTNFJTNDJTJGYSUzRSUzQyUyRnNwYW4lM0UlM0NzY3JpcHQlMjBjaGFyc2V0JTNEJTIydXRmLTglMjIlMjBzcmMlM0QlMjJodHRwcyUzQSUyRiUyRmpzLmhzY3RhLm5ldCUyRmN0YSUyRmN1cnJlbnQuanMlMjIlM0UlM0MlMkZzY3JpcHQlM0UlM0NzY3JpcHQlMjB0eXBlJTNEJTIydGV4dCUyRmphdmFzY3JpcHQlMjIlM0UlMjBoYnNwdC5jdGEubG9hZCUyODQ3MjAwOTQlMkMlMjAlMjc1MTdkZGMyYS00NWE3LTQ3OTgtYTkzMC1kOTcxZTlkNzU3OWIlMjclMkMlMjAlN0IlN0QlMjklM0IlMjAlM0MlMkZzY3JpcHQlM0UlM0MlMkZzcGFuJTNFJTNDJTIxLS0lMjBlbmQlMjBIdWJTcG90JTIwQ2FsbC10by1BY3Rpb24lMjBDb2RlJTIwLS0lM0U=[\/vc_raw_html][\/vc_column][\/vc_row]<\/p>\n<\/div>","protected":false},"excerpt":{"rendered":"<p>[vc_row][vc_column][vc_column_text] Language Immersion Exchange Col.Legi Sagrada Da Familia, Sant Andreu Learning a foreign language in an immersive setting differs greatly [&hellip;]<\/p>\n","protected":false},"author":21,"featured_media":81805,"parent":81801,"menu_order":0,"comment_status":"closed","ping_status":"closed","template":"","meta":{"content-type":"","footnotes":""},"class_list":["post-81804","page","type-page","status-publish","has-post-thumbnail","hentry","page_category-section-page-fr"],"yoast_head":"<!-- This site is optimized with the Yoast SEO plugin v27.5 - https:\/\/yoast.com\/product\/yoast-seo-wordpress\/ -->\n<title>Immersion \u00e0 Barcelone | Prom\u00e9tour Voyages \u00c9ducatifs<\/title>\n<meta name=\"description\" content=\"Learn Spanish with Prometour&#039;s Immersion Exchange program. Study 3h\/day in a qualified local school, live in host families &amp; visit beautiful Barcelona.\" \/>\n<meta name=\"robots\" content=\"index, follow, max-snippet:-1, max-image-preview:large, max-video-preview:-1\" \/>\n<link rel=\"canonical\" href=\"https:\/\/prometour.com\/fr\/immersion-program\/language-immersion-in-barcelona\/\" \/>\n<meta property=\"og:locale\" content=\"fr_FR\" \/>\n<meta property=\"og:type\" content=\"article\" \/>\n<meta property=\"og:title\" content=\"Immersion \u00e0 Barcelone | Prom\u00e9tour Voyages \u00c9ducatifs\" \/>\n<meta property=\"og:description\" content=\"Learn Spanish with Prometour&#039;s Immersion Exchange program. Study 3h\/day in a qualified local school, live in host families &amp; visit beautiful Barcelona.\" \/>\n<meta property=\"og:url\" content=\"https:\/\/prometour.com\/fr\/immersion-program\/language-immersion-in-barcelona\/\" \/>\n<meta property=\"og:site_name\" content=\"Prom&eacute;tour\" \/>\n<meta property=\"article:publisher\" content=\"https:\/\/www.facebook.com\/PrometourEduTours\" \/>\n<meta property=\"article:modified_time\" content=\"2021-02-19T15:53:39+00:00\" \/>\n<meta property=\"og:image\" content=\"https:\/\/prometour.com\/wp-content\/uploads\/2018\/05\/spain-barcelona-city-hd-espanol-travel-pictures-high-753936-1.jpg\" \/>\n\t<meta property=\"og:image:width\" content=\"1920\" \/>\n\t<meta property=\"og:image:height\" content=\"937\" \/>\n\t<meta property=\"og:image:type\" content=\"image\/jpeg\" \/>\n<meta name=\"twitter:card\" content=\"summary_large_image\" \/>\n<meta name=\"twitter:site\" content=\"@Prometour\" \/>\n<meta name=\"twitter:label1\" content=\"Dur\u00e9e de lecture estim\u00e9e\" \/>\n\t<meta name=\"twitter:data1\" content=\"3 minutes\" \/>\n<script type=\"application\/ld+json\" class=\"yoast-schema-graph\">{\"@context\":\"https:\\\/\\\/schema.org\",\"@graph\":[{\"@type\":\"WebPage\",\"@id\":\"https:\\\/\\\/prometour.com\\\/fr\\\/immersion-program\\\/language-immersion-in-barcelona\\\/\",\"url\":\"https:\\\/\\\/prometour.com\\\/fr\\\/immersion-program\\\/language-immersion-in-barcelona\\\/\",\"name\":\"Immersion \u00e0 Barcelone | Prom\u00e9tour Voyages \u00c9ducatifs\",\"isPartOf\":{\"@id\":\"https:\\\/\\\/prometour.com\\\/fr\\\/#website\"},\"primaryImageOfPage\":{\"@id\":\"https:\\\/\\\/prometour.com\\\/fr\\\/immersion-program\\\/language-immersion-in-barcelona\\\/#primaryimage\"},\"image\":{\"@id\":\"https:\\\/\\\/prometour.com\\\/fr\\\/immersion-program\\\/language-immersion-in-barcelona\\\/#primaryimage\"},\"thumbnailUrl\":\"https:\\\/\\\/prometour.com\\\/wp-content\\\/uploads\\\/2018\\\/05\\\/spain-barcelona-city-hd-espanol-travel-pictures-high-753936-1.jpg\",\"datePublished\":\"2020-04-08T20:56:24+00:00\",\"dateModified\":\"2021-02-19T15:53:39+00:00\",\"description\":\"Learn Spanish with Prometour's Immersion Exchange program. Study 3h\\\/day in a qualified local school, live in host families & visit beautiful Barcelona.\",\"breadcrumb\":{\"@id\":\"https:\\\/\\\/prometour.com\\\/fr\\\/immersion-program\\\/language-immersion-in-barcelona\\\/#breadcrumb\"},\"inLanguage\":\"fr-FR\",\"potentialAction\":[{\"@type\":\"ReadAction\",\"target\":[\"https:\\\/\\\/prometour.com\\\/fr\\\/immersion-program\\\/language-immersion-in-barcelona\\\/\"]}]},{\"@type\":\"ImageObject\",\"inLanguage\":\"fr-FR\",\"@id\":\"https:\\\/\\\/prometour.com\\\/fr\\\/immersion-program\\\/language-immersion-in-barcelona\\\/#primaryimage\",\"url\":\"https:\\\/\\\/prometour.com\\\/wp-content\\\/uploads\\\/2018\\\/05\\\/spain-barcelona-city-hd-espanol-travel-pictures-high-753936-1.jpg\",\"contentUrl\":\"https:\\\/\\\/prometour.com\\\/wp-content\\\/uploads\\\/2018\\\/05\\\/spain-barcelona-city-hd-espanol-travel-pictures-high-753936-1.jpg\",\"width\":1920,\"height\":937},{\"@type\":\"BreadcrumbList\",\"@id\":\"https:\\\/\\\/prometour.com\\\/fr\\\/immersion-program\\\/language-immersion-in-barcelona\\\/#breadcrumb\",\"itemListElement\":[{\"@type\":\"ListItem\",\"position\":1,\"name\":\"Prometour\",\"item\":\"https:\\\/\\\/prometour.com\\\/fr\\\/\"},{\"@type\":\"ListItem\",\"position\":2,\"name\":\"Classic\",\"item\":\"https:\\\/\\\/prometour.com\\\/fr\\\/page_category\\\/classic-fr\\\/\"},{\"@type\":\"ListItem\",\"position\":3,\"name\":\"Programme d&#8217;immersion\",\"item\":\"https:\\\/\\\/prometour.com\\\/fr\\\/immersion-program\\\/\"},{\"@type\":\"ListItem\",\"position\":4,\"name\":\"Language Immersion in Barcelona\"}]},{\"@type\":\"WebSite\",\"@id\":\"https:\\\/\\\/prometour.com\\\/fr\\\/#website\",\"url\":\"https:\\\/\\\/prometour.com\\\/fr\\\/\",\"name\":\"Prom\u00e9tour\",\"description\":\"Experts in Customized Student Tours and Class trips\",\"publisher\":{\"@id\":\"https:\\\/\\\/prometour.com\\\/fr\\\/#organization\"},\"potentialAction\":[{\"@type\":\"SearchAction\",\"target\":{\"@type\":\"EntryPoint\",\"urlTemplate\":\"https:\\\/\\\/prometour.com\\\/fr\\\/?s={search_term_string}\"},\"query-input\":{\"@type\":\"PropertyValueSpecification\",\"valueRequired\":true,\"valueName\":\"search_term_string\"}}],\"inLanguage\":\"fr-FR\"},{\"@type\":\"Organization\",\"@id\":\"https:\\\/\\\/prometour.com\\\/fr\\\/#organization\",\"name\":\"Prom\u00e9tour Educational Tours\",\"url\":\"https:\\\/\\\/prometour.com\\\/fr\\\/\",\"logo\":{\"@type\":\"ImageObject\",\"inLanguage\":\"fr-FR\",\"@id\":\"https:\\\/\\\/prometour.com\\\/fr\\\/#\\\/schema\\\/logo\\\/image\\\/\",\"url\":\"https:\\\/\\\/prometour.com\\\/wp-content\\\/uploads\\\/2017\\\/11\\\/Prometour_Logo_CMYK.gif\",\"contentUrl\":\"https:\\\/\\\/prometour.com\\\/wp-content\\\/uploads\\\/2017\\\/11\\\/Prometour_Logo_CMYK.gif\",\"width\":2265,\"height\":663,\"caption\":\"Prom\u00e9tour Educational Tours\"},\"image\":{\"@id\":\"https:\\\/\\\/prometour.com\\\/fr\\\/#\\\/schema\\\/logo\\\/image\\\/\"},\"sameAs\":[\"https:\\\/\\\/www.facebook.com\\\/PrometourEduTours\",\"https:\\\/\\\/x.com\\\/Prometour\",\"https:\\\/\\\/www.instagram.com\\\/prometour\\\/\",\"https:\\\/\\\/www.linkedin.com\\\/company\\\/prometour\",\"https:\\\/\\\/www.pinterest.ca\\\/prometour\\\/\",\"https:\\\/\\\/www.youtube.com\\\/channel\\\/UCGUzI7zRN1jyJA_vnuq4GPA\"]}]}<\/script>\n<!-- \/ Yoast SEO plugin. -->","yoast_head_json":{"title":"Immersion \u00e0 Barcelone | Prom\u00e9tour Voyages \u00c9ducatifs","description":"Learn Spanish with Prometour's Immersion Exchange program. Study 3h\/day in a qualified local school, live in host families & visit beautiful Barcelona.","robots":{"index":"index","follow":"follow","max-snippet":"max-snippet:-1","max-image-preview":"max-image-preview:large","max-video-preview":"max-video-preview:-1"},"canonical":"https:\/\/prometour.com\/fr\/immersion-program\/language-immersion-in-barcelona\/","og_locale":"fr_FR","og_type":"article","og_title":"Immersion \u00e0 Barcelone | Prom\u00e9tour Voyages \u00c9ducatifs","og_description":"Learn Spanish with Prometour's Immersion Exchange program. Study 3h\/day in a qualified local school, live in host families & visit beautiful Barcelona.","og_url":"https:\/\/prometour.com\/fr\/immersion-program\/language-immersion-in-barcelona\/","og_site_name":"Prom&eacute;tour","article_publisher":"https:\/\/www.facebook.com\/PrometourEduTours","article_modified_time":"2021-02-19T15:53:39+00:00","og_image":[{"width":1920,"height":937,"url":"https:\/\/prometour.com\/wp-content\/uploads\/2018\/05\/spain-barcelona-city-hd-espanol-travel-pictures-high-753936-1.jpg","type":"image\/jpeg"}],"twitter_card":"summary_large_image","twitter_site":"@Prometour","twitter_misc":{"Dur\u00e9e de lecture estim\u00e9e":"3 minutes"},"schema":{"@context":"https:\/\/schema.org","@graph":[{"@type":"WebPage","@id":"https:\/\/prometour.com\/fr\/immersion-program\/language-immersion-in-barcelona\/","url":"https:\/\/prometour.com\/fr\/immersion-program\/language-immersion-in-barcelona\/","name":"Immersion \u00e0 Barcelone | Prom\u00e9tour Voyages \u00c9ducatifs","isPartOf":{"@id":"https:\/\/prometour.com\/fr\/#website"},"primaryImageOfPage":{"@id":"https:\/\/prometour.com\/fr\/immersion-program\/language-immersion-in-barcelona\/#primaryimage"},"image":{"@id":"https:\/\/prometour.com\/fr\/immersion-program\/language-immersion-in-barcelona\/#primaryimage"},"thumbnailUrl":"https:\/\/prometour.com\/wp-content\/uploads\/2018\/05\/spain-barcelona-city-hd-espanol-travel-pictures-high-753936-1.jpg","datePublished":"2020-04-08T20:56:24+00:00","dateModified":"2021-02-19T15:53:39+00:00","description":"Learn Spanish with Prometour's Immersion Exchange program. Study 3h\/day in a qualified local school, live in host families & visit beautiful Barcelona.","breadcrumb":{"@id":"https:\/\/prometour.com\/fr\/immersion-program\/language-immersion-in-barcelona\/#breadcrumb"},"inLanguage":"fr-FR","potentialAction":[{"@type":"ReadAction","target":["https:\/\/prometour.com\/fr\/immersion-program\/language-immersion-in-barcelona\/"]}]},{"@type":"ImageObject","inLanguage":"fr-FR","@id":"https:\/\/prometour.com\/fr\/immersion-program\/language-immersion-in-barcelona\/#primaryimage","url":"https:\/\/prometour.com\/wp-content\/uploads\/2018\/05\/spain-barcelona-city-hd-espanol-travel-pictures-high-753936-1.jpg","contentUrl":"https:\/\/prometour.com\/wp-content\/uploads\/2018\/05\/spain-barcelona-city-hd-espanol-travel-pictures-high-753936-1.jpg","width":1920,"height":937},{"@type":"BreadcrumbList","@id":"https:\/\/prometour.com\/fr\/immersion-program\/language-immersion-in-barcelona\/#breadcrumb","itemListElement":[{"@type":"ListItem","position":1,"name":"Prometour","item":"https:\/\/prometour.com\/fr\/"},{"@type":"ListItem","position":2,"name":"Classic","item":"https:\/\/prometour.com\/fr\/page_category\/classic-fr\/"},{"@type":"ListItem","position":3,"name":"Programme d&#8217;immersion","item":"https:\/\/prometour.com\/fr\/immersion-program\/"},{"@type":"ListItem","position":4,"name":"Language Immersion in Barcelona"}]},{"@type":"WebSite","@id":"https:\/\/prometour.com\/fr\/#website","url":"https:\/\/prometour.com\/fr\/","name":"Prom\u00e9tour","description":"Experts in Customized Student Tours and Class trips","publisher":{"@id":"https:\/\/prometour.com\/fr\/#organization"},"potentialAction":[{"@type":"SearchAction","target":{"@type":"EntryPoint","urlTemplate":"https:\/\/prometour.com\/fr\/?s={search_term_string}"},"query-input":{"@type":"PropertyValueSpecification","valueRequired":true,"valueName":"search_term_string"}}],"inLanguage":"fr-FR"},{"@type":"Organization","@id":"https:\/\/prometour.com\/fr\/#organization","name":"Prom\u00e9tour Educational Tours","url":"https:\/\/prometour.com\/fr\/","logo":{"@type":"ImageObject","inLanguage":"fr-FR","@id":"https:\/\/prometour.com\/fr\/#\/schema\/logo\/image\/","url":"https:\/\/prometour.com\/wp-content\/uploads\/2017\/11\/Prometour_Logo_CMYK.gif","contentUrl":"https:\/\/prometour.com\/wp-content\/uploads\/2017\/11\/Prometour_Logo_CMYK.gif","width":2265,"height":663,"caption":"Prom\u00e9tour Educational Tours"},"image":{"@id":"https:\/\/prometour.com\/fr\/#\/schema\/logo\/image\/"},"sameAs":["https:\/\/www.facebook.com\/PrometourEduTours","https:\/\/x.com\/Prometour","https:\/\/www.instagram.com\/prometour\/","https:\/\/www.linkedin.com\/company\/prometour","https:\/\/www.pinterest.ca\/prometour\/","https:\/\/www.youtube.com\/channel\/UCGUzI7zRN1jyJA_vnuq4GPA"]}]}},"_links":{"self":[{"href":"https:\/\/prometour.com\/fr\/wp-json\/wp\/v2\/pages\/81804","targetHints":{"allow":["GET"]}}],"collection":[{"href":"https:\/\/prometour.com\/fr\/wp-json\/wp\/v2\/pages"}],"about":[{"href":"https:\/\/prometour.com\/fr\/wp-json\/wp\/v2\/types\/page"}],"author":[{"embeddable":true,"href":"https:\/\/prometour.com\/fr\/wp-json\/wp\/v2\/users\/21"}],"replies":[{"embeddable":true,"href":"https:\/\/prometour.com\/fr\/wp-json\/wp\/v2\/comments?post=81804"}],"version-history":[{"count":1,"href":"https:\/\/prometour.com\/fr\/wp-json\/wp\/v2\/pages\/81804\/revisions"}],"predecessor-version":[{"id":81810,"href":"https:\/\/prometour.com\/fr\/wp-json\/wp\/v2\/pages\/81804\/revisions\/81810"}],"up":[{"embeddable":true,"href":"https:\/\/prometour.com\/fr\/wp-json\/wp\/v2\/pages\/81801"}],"wp:featuredmedia":[{"embeddable":true,"href":"https:\/\/prometour.com\/fr\/wp-json\/wp\/v2\/media\/81805"}],"wp:attachment":[{"href":"https:\/\/prometour.com\/fr\/wp-json\/wp\/v2\/media?parent=81804"}],"curies":[{"name":"wp","href":"https:\/\/api.w.org\/{rel}","templated":true}]}}