{"id":81812,"date":"2020-04-08T16:08:09","date_gmt":"2020-04-08T20:08:09","guid":{"rendered":"https:\/\/prometour.com\/homestay-in-france\/"},"modified":"2021-02-19T10:54:13","modified_gmt":"2021-02-19T15:54:13","slug":"homestay-in-france","status":"publish","type":"page","link":"https:\/\/prometour.com\/fr\/homestay\/homestay-in-france\/","title":{"rendered":"Homestay in France"},"content":{"rendered":"<div class=\"wpb-content-wrapper\"><p>[vc_row][vc_column width=\u00a0\u00bb1\/1&Prime;][vc_column_text]Prometour offers the opportunity to take immersion a step further by placing students with a host family. Choosing to stay with one of our host-families is a great way for your students to learn another language as well as truly experience different cultures.[\/vc_column_text][\/vc_column][\/vc_row][vc_row row_height_percent=\u00a0\u00bb0&Prime; override_padding=\u00a0\u00bbyes\u00a0\u00bb h_padding=\u00a0\u00bb2&Prime; top_padding=\u00a0\u00bb1&Prime; bottom_padding=\u00a0\u00bb1&Prime; back_color=\u00a0\u00bbcolor-lxmt\u00a0\u00bb overlay_alpha=\u00a0\u00bb50&Prime; gutter_size=\u00a0\u00bb3&Prime; column_width_percent=\u00a0\u00bb100&Prime; shift_y=\u00a0\u00bb0&Prime; z_index=\u00a0\u00bb0&Prime;][vc_column width=\u00a0\u00bb1\/1&Prime;][vc_empty_space empty_h=\u00a0\u00bb0&Prime;][vc_column_text]<\/p>\n<h2>The host family<\/h2>\n<p>Most of the families have been associated with the program for at more than 2 years, some for as many as 15! During the stay with the French-speaking homestay family, students will be completely immersed in the language, culture and daily family life. All our homestay hosts have detailed profiles and must match the criteria that D\u00e9l\u00e9gation Paris Lisses looks for.[\/vc_column_text][vc_empty_space empty_h=\u00a0\u00bb2&Prime;][\/vc_column][\/vc_row][vc_row row_height_percent=\u00a0\u00bb0&Prime; override_padding=\u00a0\u00bbyes\u00a0\u00bb h_padding=\u00a0\u00bb2&Prime; top_padding=\u00a0\u00bb1&Prime; bottom_padding=\u00a0\u00bb1&Prime; overlay_alpha=\u00a0\u00bb50&Prime; gutter_size=\u00a0\u00bb3&Prime; column_width_percent=\u00a0\u00bb100&Prime; shift_y=\u00a0\u00bb0&Prime; z_index=\u00a0\u00bb0&Prime;][vc_column width=\u00a0\u00bb1\/1&Prime;][vc_empty_space empty_h=\u00a0\u00bb0&Prime;][vc_column_text]<\/p>\n<h2><strong>About\u00a0D\u00e9l\u00e9gation Paris Lisses<\/strong><\/h2>\n<p>D\u00e9l\u00e9gation Paris Lisses oversees the program that Prom\u00e9tour uses for groups who want to incorporate a family-stay component while visiting Paris. Listed below are the criteria that D\u00e9l\u00e9gation Paris Lisses looks for when recruiting Host Families:<\/p>\n<ul>\n<li>Most new families come by the recommendation of existing members of the family network.<\/li>\n<li>The D\u00e9l\u00e9gation Paris Lisses lodging coordinator visits each family regularly.<\/li>\n<li>Strict criteria must be met in regards to a clean and hygienic apartment or home, especially in kitchens and bathrooms.<\/li>\n<li>Special interest is made to the welcoming and hospitality qualities of the family.<\/li>\n<li>An adult must be home during the times that the students are in the host family&rsquo;s home.<\/li>\n<li>Some host families live in private houses with gardens, others in townhouses or apartments.<\/li>\n<li>Location of family home should be within walking distance or a short (15 minute) public transportation ride from group meeting point.<\/li>\n<li>Efforts are made to match your participant with a family based on criteria such as similarly aged children, non-smokers, pets, common interests, etc\u2026<\/li>\n<li>Host families are financially compensated.<\/li>\n<\/ul>\n<p>[\/vc_column_text][vc_empty_space empty_h=\u00a0\u00bb2&Prime;][\/vc_column][\/vc_row][vc_row row_height_percent=\u00a0\u00bb0&Prime; override_padding=\u00a0\u00bbyes\u00a0\u00bb h_padding=\u00a0\u00bb2&Prime; top_padding=\u00a0\u00bb1&Prime; bottom_padding=\u00a0\u00bb1&Prime; back_color=\u00a0\u00bbcolor-lxmt\u00a0\u00bb overlay_alpha=\u00a0\u00bb50&Prime; gutter_size=\u00a0\u00bb3&Prime; column_width_percent=\u00a0\u00bb100&Prime; shift_y=\u00a0\u00bb0&Prime; z_index=\u00a0\u00bb0&Prime;][vc_column width=\u00a0\u00bb1\/1&Prime;][vc_empty_space empty_h=\u00a0\u00bb0&Prime;][vc_column_text]<\/p>\n<h2>Program&rsquo;s goals<\/h2>\n<p>We insist that the Host-Family understands and approves the program\u2019s goals:<\/p>\n<ul>\n<li>Emphasizing cultural differences and activities, to be held as much as possible in the language of the destination while keeping in mind the level and capacity of the participant.<\/li>\n<li>The participant should have exposure to the cultural and domestic life of the host family.<\/li>\n<li>To provide security, protection, and assistance to the young visitors, just like their own child(ren), but even more, since they are strangers to the land and its customs.<\/li>\n<\/ul>\n<p>[\/vc_column_text][vc_empty_space empty_h=\u00a0\u00bb2&Prime;][\/vc_column][\/vc_row][vc_row row_height_percent=\u00a0\u00bb0&Prime; override_padding=\u00a0\u00bbyes\u00a0\u00bb h_padding=\u00a0\u00bb2&Prime; top_padding=\u00a0\u00bb1&Prime; bottom_padding=\u00a0\u00bb1&Prime; overlay_alpha=\u00a0\u00bb50&Prime; gutter_size=\u00a0\u00bb3&Prime; column_width_percent=\u00a0\u00bb100&Prime; shift_y=\u00a0\u00bb0&Prime; z_index=\u00a0\u00bb0&Prime;][vc_column width=\u00a0\u00bb1\/1&Prime;][vc_empty_space empty_h=\u00a0\u00bb0&Prime;][vc_column_text]<\/p>\n<h2>Wondering how much would cost your life-changing experience?<\/h2>\n<p>[\/vc_column_text][vc_raw_html]JTNDJTIxLS1IdWJTcG90JTIwQ2FsbC10by1BY3Rpb24lMjBDb2RlJTIwLS0lM0UlM0NzcGFuJTIwY2xhc3MlM0QlMjJocy1jdGEtd3JhcHBlciUyMiUyMGlkJTNEJTIyaHMtY3RhLXdyYXBwZXItMjI5MGVhNTYtYmQ3NS00ZDkxLTg4NDMtYzIzYjI0ODY0MTU5JTIyJTNFJTNDc3BhbiUyMGNsYXNzJTNEJTIyaHMtY3RhLW5vZGUlMjBocy1jdGEtMjI5MGVhNTYtYmQ3NS00ZDkxLTg4NDMtYzIzYjI0ODY0MTU5JTIyJTIwaWQlM0QlMjJocy1jdGEtMjI5MGVhNTYtYmQ3NS00ZDkxLTg4NDMtYzIzYjI0ODY0MTU5JTIyJTNFJTNDJTIxLS0lNUJpZiUyMGx0ZSUyMElFJTIwOCU1RCUzRSUzQ2RpdiUyMGlkJTNEJTIyaHMtY3RhLWllLWVsZW1lbnQlMjIlM0UlM0MlMkZkaXYlM0UlM0MlMjElNUJlbmRpZiU1RC0tJTNFJTNDYSUyMGhyZWYlM0QlMjJodHRwcyUzQSUyRiUyRmN0YS1yZWRpcmVjdC5odWJzcG90LmNvbSUyRmN0YSUyRnJlZGlyZWN0JTJGNDcyMDA5NCUyRjIyOTBlYTU2LWJkNzUtNGQ5MS04ODQzLWMyM2IyNDg2NDE1OSUyMiUyMCUyMHRhcmdldCUzRCUyMl9ibGFuayUyMiUyMCUzRSUzQ2ltZyUyMGNsYXNzJTNEJTIyaHMtY3RhLWltZyUyMiUyMGlkJTNEJTIyaHMtY3RhLWltZy0yMjkwZWE1Ni1iZDc1LTRkOTEtODg0My1jMjNiMjQ4NjQxNTklMjIlMjBzdHlsZSUzRCUyMmJvcmRlci13aWR0aCUzQTBweCUzQiUyMiUyMHNyYyUzRCUyMmh0dHBzJTNBJTJGJTJGbm8tY2FjaGUuaHVic3BvdC5jb20lMkZjdGElMkZkZWZhdWx0JTJGNDcyMDA5NCUyRjIyOTBlYTU2LWJkNzUtNGQ5MS04ODQzLWMyM2IyNDg2NDE1OS5wbmclMjIlMjAlMjBhbHQlM0QlMjJSRVFVRVNUJTIwQSUyMFFVT1RFJTIwTk9XJUMyJUEwJTIyJTJGJTNFJTNDJTJGYSUzRSUzQyUyRnNwYW4lM0UlM0NzY3JpcHQlMjBjaGFyc2V0JTNEJTIydXRmLTglMjIlMjBzcmMlM0QlMjJodHRwcyUzQSUyRiUyRmpzLmhzY3RhLm5ldCUyRmN0YSUyRmN1cnJlbnQuanMlMjIlM0UlM0MlMkZzY3JpcHQlM0UlM0NzY3JpcHQlMjB0eXBlJTNEJTIydGV4dCUyRmphdmFzY3JpcHQlMjIlM0UlMjBoYnNwdC5jdGEubG9hZCUyODQ3MjAwOTQlMkMlMjAlMjcyMjkwZWE1Ni1iZDc1LTRkOTEtODg0My1jMjNiMjQ4NjQxNTklMjclMkMlMjAlN0IlN0QlMjklM0IlMjAlM0MlMkZzY3JpcHQlM0UlM0MlMkZzcGFuJTNFJTNDJTIxLS0lMjBlbmQlMjBIdWJTcG90JTIwQ2FsbC10by1BY3Rpb24lMjBDb2RlJTIwLS0lM0U=[\/vc_raw_html][vc_empty_space empty_h=\u00a0\u00bb2&Prime;][\/vc_column][\/vc_row]<\/p>\n<\/div>","protected":false},"excerpt":{"rendered":"<p>[vc_row][vc_column width=\u00a0\u00bb1\/1&Prime;][vc_column_text]Prometour offers the opportunity to take immersion a step further by placing students with a host family. Choosing to [&hellip;]<\/p>\n","protected":false},"author":21,"featured_media":81813,"parent":81816,"menu_order":0,"comment_status":"closed","ping_status":"closed","template":"","meta":{"content-type":"","footnotes":""},"class_list":["post-81812","page","type-page","status-publish","has-post-thumbnail","hentry","page_category-section-page-fr"],"yoast_head":"<!-- This site is optimized with the Yoast SEO plugin v27.2 - https:\/\/yoast.com\/product\/yoast-seo-wordpress\/ -->\n<title>S\u00e9jour en famille en France | Prom\u00e9tour Voyages \u00c9ducatifs<\/title>\n<meta name=\"description\" content=\"Dive deep into France with our homestay program. Enjoy french food, language &amp; culture whilst living in host families in a friendly and safe environment.\" \/>\n<meta name=\"robots\" content=\"index, follow, max-snippet:-1, max-image-preview:large, max-video-preview:-1\" \/>\n<link rel=\"canonical\" href=\"https:\/\/prometour.com\/fr\/homestay\/homestay-in-france\/\" \/>\n<meta property=\"og:locale\" content=\"fr_FR\" \/>\n<meta property=\"og:type\" content=\"article\" \/>\n<meta property=\"og:title\" content=\"S\u00e9jour en famille en France | Prom\u00e9tour Voyages \u00c9ducatifs\" \/>\n<meta property=\"og:description\" content=\"Dive deep into France with our homestay program. Enjoy french food, language &amp; culture whilst living in host families in a friendly and safe environment.\" \/>\n<meta property=\"og:url\" content=\"https:\/\/prometour.com\/fr\/homestay\/homestay-in-france\/\" \/>\n<meta property=\"og:site_name\" content=\"Prom&eacute;tour\" \/>\n<meta property=\"article:publisher\" content=\"https:\/\/www.facebook.com\/PrometourEduTours\" \/>\n<meta property=\"article:modified_time\" content=\"2021-02-19T15:54:13+00:00\" \/>\n<meta property=\"og:image\" content=\"https:\/\/prometour.com\/wp-content\/uploads\/2019\/05\/Arc-de-Triomphe.jpg\" \/>\n\t<meta property=\"og:image:width\" content=\"1920\" \/>\n\t<meta property=\"og:image:height\" content=\"1080\" \/>\n\t<meta property=\"og:image:type\" content=\"image\/jpeg\" \/>\n<meta name=\"twitter:card\" content=\"summary_large_image\" \/>\n<meta name=\"twitter:site\" content=\"@Prometour\" \/>\n<meta name=\"twitter:label1\" content=\"Dur\u00e9e de lecture estim\u00e9e\" \/>\n\t<meta name=\"twitter:data1\" content=\"4 minutes\" \/>\n<script type=\"application\/ld+json\" class=\"yoast-schema-graph\">{\"@context\":\"https:\/\/schema.org\",\"@graph\":[{\"@type\":\"WebPage\",\"@id\":\"https:\/\/prometour.com\/fr\/homestay\/homestay-in-france\/\",\"url\":\"https:\/\/prometour.com\/fr\/homestay\/homestay-in-france\/\",\"name\":\"S\u00e9jour en famille en France | Prom\u00e9tour Voyages \u00c9ducatifs\",\"isPartOf\":{\"@id\":\"https:\/\/prometour.com\/fr\/#website\"},\"primaryImageOfPage\":{\"@id\":\"https:\/\/prometour.com\/fr\/homestay\/homestay-in-france\/#primaryimage\"},\"image\":{\"@id\":\"https:\/\/prometour.com\/fr\/homestay\/homestay-in-france\/#primaryimage\"},\"thumbnailUrl\":\"https:\/\/prometour.com\/wp-content\/uploads\/2019\/05\/Arc-de-Triomphe.jpg\",\"datePublished\":\"2020-04-08T20:08:09+00:00\",\"dateModified\":\"2021-02-19T15:54:13+00:00\",\"description\":\"Dive deep into France with our homestay program. Enjoy french food, language & culture whilst living in host families in a friendly and safe environment.\",\"breadcrumb\":{\"@id\":\"https:\/\/prometour.com\/fr\/homestay\/homestay-in-france\/#breadcrumb\"},\"inLanguage\":\"fr-FR\",\"potentialAction\":[{\"@type\":\"ReadAction\",\"target\":[\"https:\/\/prometour.com\/fr\/homestay\/homestay-in-france\/\"]}]},{\"@type\":\"ImageObject\",\"inLanguage\":\"fr-FR\",\"@id\":\"https:\/\/prometour.com\/fr\/homestay\/homestay-in-france\/#primaryimage\",\"url\":\"https:\/\/prometour.com\/wp-content\/uploads\/2019\/05\/Arc-de-Triomphe.jpg\",\"contentUrl\":\"https:\/\/prometour.com\/wp-content\/uploads\/2019\/05\/Arc-de-Triomphe.jpg\",\"width\":1920,\"height\":1080},{\"@type\":\"BreadcrumbList\",\"@id\":\"https:\/\/prometour.com\/fr\/homestay\/homestay-in-france\/#breadcrumb\",\"itemListElement\":[{\"@type\":\"ListItem\",\"position\":1,\"name\":\"Prometour\",\"item\":\"https:\/\/prometour.com\/fr\/\"},{\"@type\":\"ListItem\",\"position\":2,\"name\":\"Experiences\",\"item\":\"https:\/\/prometour.com\/fr\/experiences\/\"},{\"@type\":\"ListItem\",\"position\":3,\"name\":\"Homestay\",\"item\":\"https:\/\/prometour.com\/fr\/experiences\/homestay\/\"},{\"@type\":\"ListItem\",\"position\":4,\"name\":\"Homestay in France\"}]},{\"@type\":\"WebSite\",\"@id\":\"https:\/\/prometour.com\/fr\/#website\",\"url\":\"https:\/\/prometour.com\/fr\/\",\"name\":\"Prom\u00e9tour\",\"description\":\"Experts in Customized Student Tours and Class trips\",\"publisher\":{\"@id\":\"https:\/\/prometour.com\/fr\/#organization\"},\"potentialAction\":[{\"@type\":\"SearchAction\",\"target\":{\"@type\":\"EntryPoint\",\"urlTemplate\":\"https:\/\/prometour.com\/fr\/?s={search_term_string}\"},\"query-input\":{\"@type\":\"PropertyValueSpecification\",\"valueRequired\":true,\"valueName\":\"search_term_string\"}}],\"inLanguage\":\"fr-FR\"},{\"@type\":\"Organization\",\"@id\":\"https:\/\/prometour.com\/fr\/#organization\",\"name\":\"Prom\u00e9tour Educational Tours\",\"url\":\"https:\/\/prometour.com\/fr\/\",\"logo\":{\"@type\":\"ImageObject\",\"inLanguage\":\"fr-FR\",\"@id\":\"https:\/\/prometour.com\/fr\/#\/schema\/logo\/image\/\",\"url\":\"https:\/\/prometour.com\/wp-content\/uploads\/2017\/11\/Prometour_Logo_CMYK.gif\",\"contentUrl\":\"https:\/\/prometour.com\/wp-content\/uploads\/2017\/11\/Prometour_Logo_CMYK.gif\",\"width\":2265,\"height\":663,\"caption\":\"Prom\u00e9tour Educational Tours\"},\"image\":{\"@id\":\"https:\/\/prometour.com\/fr\/#\/schema\/logo\/image\/\"},\"sameAs\":[\"https:\/\/www.facebook.com\/PrometourEduTours\",\"https:\/\/x.com\/Prometour\",\"https:\/\/www.instagram.com\/prometour\/\",\"https:\/\/www.linkedin.com\/company\/prometour\",\"https:\/\/www.pinterest.ca\/prometour\/\",\"https:\/\/www.youtube.com\/channel\/UCGUzI7zRN1jyJA_vnuq4GPA\"]}]}<\/script>\n<!-- \/ Yoast SEO plugin. -->","yoast_head_json":{"title":"S\u00e9jour en famille en France | Prom\u00e9tour Voyages \u00c9ducatifs","description":"Dive deep into France with our homestay program. Enjoy french food, language & culture whilst living in host families in a friendly and safe environment.","robots":{"index":"index","follow":"follow","max-snippet":"max-snippet:-1","max-image-preview":"max-image-preview:large","max-video-preview":"max-video-preview:-1"},"canonical":"https:\/\/prometour.com\/fr\/homestay\/homestay-in-france\/","og_locale":"fr_FR","og_type":"article","og_title":"S\u00e9jour en famille en France | Prom\u00e9tour Voyages \u00c9ducatifs","og_description":"Dive deep into France with our homestay program. Enjoy french food, language & culture whilst living in host families in a friendly and safe environment.","og_url":"https:\/\/prometour.com\/fr\/homestay\/homestay-in-france\/","og_site_name":"Prom&eacute;tour","article_publisher":"https:\/\/www.facebook.com\/PrometourEduTours","article_modified_time":"2021-02-19T15:54:13+00:00","og_image":[{"width":1920,"height":1080,"url":"https:\/\/prometour.com\/wp-content\/uploads\/2019\/05\/Arc-de-Triomphe.jpg","type":"image\/jpeg"}],"twitter_card":"summary_large_image","twitter_site":"@Prometour","twitter_misc":{"Dur\u00e9e de lecture estim\u00e9e":"4 minutes"},"schema":{"@context":"https:\/\/schema.org","@graph":[{"@type":"WebPage","@id":"https:\/\/prometour.com\/fr\/homestay\/homestay-in-france\/","url":"https:\/\/prometour.com\/fr\/homestay\/homestay-in-france\/","name":"S\u00e9jour en famille en France | Prom\u00e9tour Voyages \u00c9ducatifs","isPartOf":{"@id":"https:\/\/prometour.com\/fr\/#website"},"primaryImageOfPage":{"@id":"https:\/\/prometour.com\/fr\/homestay\/homestay-in-france\/#primaryimage"},"image":{"@id":"https:\/\/prometour.com\/fr\/homestay\/homestay-in-france\/#primaryimage"},"thumbnailUrl":"https:\/\/prometour.com\/wp-content\/uploads\/2019\/05\/Arc-de-Triomphe.jpg","datePublished":"2020-04-08T20:08:09+00:00","dateModified":"2021-02-19T15:54:13+00:00","description":"Dive deep into France with our homestay program. Enjoy french food, language & culture whilst living in host families in a friendly and safe environment.","breadcrumb":{"@id":"https:\/\/prometour.com\/fr\/homestay\/homestay-in-france\/#breadcrumb"},"inLanguage":"fr-FR","potentialAction":[{"@type":"ReadAction","target":["https:\/\/prometour.com\/fr\/homestay\/homestay-in-france\/"]}]},{"@type":"ImageObject","inLanguage":"fr-FR","@id":"https:\/\/prometour.com\/fr\/homestay\/homestay-in-france\/#primaryimage","url":"https:\/\/prometour.com\/wp-content\/uploads\/2019\/05\/Arc-de-Triomphe.jpg","contentUrl":"https:\/\/prometour.com\/wp-content\/uploads\/2019\/05\/Arc-de-Triomphe.jpg","width":1920,"height":1080},{"@type":"BreadcrumbList","@id":"https:\/\/prometour.com\/fr\/homestay\/homestay-in-france\/#breadcrumb","itemListElement":[{"@type":"ListItem","position":1,"name":"Prometour","item":"https:\/\/prometour.com\/fr\/"},{"@type":"ListItem","position":2,"name":"Experiences","item":"https:\/\/prometour.com\/fr\/experiences\/"},{"@type":"ListItem","position":3,"name":"Homestay","item":"https:\/\/prometour.com\/fr\/experiences\/homestay\/"},{"@type":"ListItem","position":4,"name":"Homestay in France"}]},{"@type":"WebSite","@id":"https:\/\/prometour.com\/fr\/#website","url":"https:\/\/prometour.com\/fr\/","name":"Prom\u00e9tour","description":"Experts in Customized Student Tours and Class trips","publisher":{"@id":"https:\/\/prometour.com\/fr\/#organization"},"potentialAction":[{"@type":"SearchAction","target":{"@type":"EntryPoint","urlTemplate":"https:\/\/prometour.com\/fr\/?s={search_term_string}"},"query-input":{"@type":"PropertyValueSpecification","valueRequired":true,"valueName":"search_term_string"}}],"inLanguage":"fr-FR"},{"@type":"Organization","@id":"https:\/\/prometour.com\/fr\/#organization","name":"Prom\u00e9tour Educational Tours","url":"https:\/\/prometour.com\/fr\/","logo":{"@type":"ImageObject","inLanguage":"fr-FR","@id":"https:\/\/prometour.com\/fr\/#\/schema\/logo\/image\/","url":"https:\/\/prometour.com\/wp-content\/uploads\/2017\/11\/Prometour_Logo_CMYK.gif","contentUrl":"https:\/\/prometour.com\/wp-content\/uploads\/2017\/11\/Prometour_Logo_CMYK.gif","width":2265,"height":663,"caption":"Prom\u00e9tour Educational Tours"},"image":{"@id":"https:\/\/prometour.com\/fr\/#\/schema\/logo\/image\/"},"sameAs":["https:\/\/www.facebook.com\/PrometourEduTours","https:\/\/x.com\/Prometour","https:\/\/www.instagram.com\/prometour\/","https:\/\/www.linkedin.com\/company\/prometour","https:\/\/www.pinterest.ca\/prometour\/","https:\/\/www.youtube.com\/channel\/UCGUzI7zRN1jyJA_vnuq4GPA"]}]}},"_links":{"self":[{"href":"https:\/\/prometour.com\/fr\/wp-json\/wp\/v2\/pages\/81812","targetHints":{"allow":["GET"]}}],"collection":[{"href":"https:\/\/prometour.com\/fr\/wp-json\/wp\/v2\/pages"}],"about":[{"href":"https:\/\/prometour.com\/fr\/wp-json\/wp\/v2\/types\/page"}],"author":[{"embeddable":true,"href":"https:\/\/prometour.com\/fr\/wp-json\/wp\/v2\/users\/21"}],"replies":[{"embeddable":true,"href":"https:\/\/prometour.com\/fr\/wp-json\/wp\/v2\/comments?post=81812"}],"version-history":[{"count":1,"href":"https:\/\/prometour.com\/fr\/wp-json\/wp\/v2\/pages\/81812\/revisions"}],"predecessor-version":[{"id":81820,"href":"https:\/\/prometour.com\/fr\/wp-json\/wp\/v2\/pages\/81812\/revisions\/81820"}],"up":[{"embeddable":true,"href":"https:\/\/prometour.com\/fr\/wp-json\/wp\/v2\/pages\/81816"}],"wp:featuredmedia":[{"embeddable":true,"href":"https:\/\/prometour.com\/fr\/wp-json\/wp\/v2\/media\/81813"}],"wp:attachment":[{"href":"https:\/\/prometour.com\/fr\/wp-json\/wp\/v2\/media?parent=81812"}],"curies":[{"name":"wp","href":"https:\/\/api.w.org\/{rel}","templated":true}]}}