{"id":81824,"date":"2020-02-11T11:55:57","date_gmt":"2020-02-11T16:55:57","guid":{"rendered":"https:\/\/prometour.com\/eco-responsible\/"},"modified":"2026-03-17T03:00:38","modified_gmt":"2026-03-17T07:00:38","slug":"eco-responsable","status":"publish","type":"page","link":"https:\/\/prometour.com\/fr\/eco-responsable\/","title":{"rendered":"\u00c9co-responsabilit\u00e9"},"content":{"rendered":"<div class=\"wpb-content-wrapper\"><p>[vc_row row_height_percent=\u00a0\u00bb0&Prime; override_padding=\u00a0\u00bbyes\u00a0\u00bb h_padding=\u00a0\u00bb2&Prime; top_padding=\u00a0\u00bb0&Prime; bottom_padding=\u00a0\u00bb4&Prime; overlay_alpha=\u00a0\u00bb50&Prime; gutter_size=\u00a0\u00bb3&Prime; column_width_percent=\u00a0\u00bb100&Prime; shift_y=\u00a0\u00bb0&Prime; z_index=\u00a0\u00bb0&Prime;][vc_column column_width_use_pixel=\u00a0\u00bbyes\u00a0\u00bb gutter_size=\u00a0\u00bb3&Prime; font_family=\u00a0\u00bbfont-202503&Prime; overlay_alpha=\u00a0\u00bb50&Prime; shift_x=\u00a0\u00bb0&Prime; shift_y=\u00a0\u00bb0&Prime; shift_y_down=\u00a0\u00bb0&Prime; z_index=\u00a0\u00bb0&Prime; medium_width=\u00a0\u00bb0&Prime; align_mobile=\u00a0\u00bbalign_center_mobile\u00a0\u00bb mobile_width=\u00a0\u00bb0&Prime; width=\u00a0\u00bb1\/1&Prime; column_width_pixel=\u00a0\u00bb800&Prime;][vc_row_inner][vc_column_inner column_width_percent=\u00a0\u00bb100&Prime; gutter_size=\u00a0\u00bb2&Prime; overlay_alpha=\u00a0\u00bb50&Prime; shift_x=\u00a0\u00bb0&Prime; shift_y=\u00a0\u00bb0&Prime; shift_y_down=\u00a0\u00bb0&Prime; z_index=\u00a0\u00bb0&Prime; medium_width=\u00a0\u00bb0&Prime; mobile_width=\u00a0\u00bb0&Prime; width=\u00a0\u00bb1\/1&Prime; uncode_shortcode_id=\u00a0\u00bb230848&Prime;][vc_empty_space empty_h=\u00a0\u00bb2&Prime;][vc_custom_heading text_font=\u00a0\u00bbfont-377884&Prime; text_size=\u00a0\u00bbh1&Prime; text_weight=\u00a0\u00bb300&Prime; text_space=\u00a0\u00bbfontspace-111509&Prime; uncode_shortcode_id=\u00a0\u00bb166457&Prime;]<strong>Des valeurs profond\u00e9ment enracin\u00e9es au c\u0153ur de Prom\u00e9tour<\/strong>[\/vc_custom_heading][\/vc_column_inner][\/vc_row_inner][vc_column_text text_lead=\u00a0\u00bbyes\u00a0\u00bb uncode_shortcode_id=\u00a0\u00bb503785&Prime;]<\/p>\n<p data-start=\"101\" data-end=\"557\"><span class=\"font-762333\">Nous sommes \u00e9galement fiers d\u2019affirmer que 60 % de nos voyages organis\u00e9s se font en autocar. De plus, nous travaillons activement \u00e0 r\u00e9duire l\u2019empreinte carbone de nos voyages \u00e9tudiants en privil\u00e9giant les fournisseurs qui partagent nos valeurs \u00e9cologiques, en optant pour des autobus \u00e9lectriques ou les transports en commun lorsque c\u2019est possible, et en planifiant nos itin\u00e9raires de mani\u00e8re \u00e0 favoriser le train et les courtes distances entre les sites.<\/span><\/p>\n<p data-start=\"559\" data-end=\"842\"><span class=\"font-762333\">En 2013, Prom\u00e9tour s\u2019est fix\u00e9 comme objectif de devenir un chef de file du voyage \u00e9tudiant en mati\u00e8re de pratiques environnementales. Nous avons \u00e9t\u00e9 parmi les premi\u00e8res agences de voyages \u00e0 offrir \u00e0 nos clients la possibilit\u00e9 de compenser volontairement leurs \u00e9missions de carbone.<\/span><\/p>\n<p data-start=\"844\" data-end=\"1063\"><span class=\"font-762333\">Nous avons toujours cru fermement \u00e0 la devise <strong data-start=\"890\" data-end=\"918\">B-M-M (Bus-M\u00e9tro-Marche)<\/strong> : non seulement elle est meilleure pour l\u2019environnement, mais c\u2019est aussi la meilleure fa\u00e7on pour les \u00e9tudiants de d\u00e9couvrir leur destination!<\/span><\/p>\n<p>[\/vc_column_text][vc_gallery el_id=\u00a0\u00bbgallery-151482&Prime; medias=\u00a0\u00bb81842,81843,81844&Prime; gutter_size=\u00a0\u00bb2&Prime; media_items=\u00a0\u00bbmedia|lightbox|original\u00a0\u00bb screen_lg=\u00a0\u00bb480&Prime; screen_md=\u00a0\u00bb480&Prime; screen_sm=\u00a0\u00bb480&Prime; images_size=\u00a0\u00bbthree-four\u00a0\u00bb single_overlay_opacity=\u00a0\u00bb50&Prime; single_image_anim=\u00a0\u00bbno\u00a0\u00bb single_h_align=\u00a0\u00bbcenter\u00a0\u00bb single_padding=\u00a0\u00bb3&Prime; single_title_family=\u00a0\u00bbfont-202503&Prime; single_title_dimension=\u00a0\u00bbh3&Prime; single_title_weight=\u00a0\u00bb400&Prime; single_title_space=\u00a0\u00bbfontspace-781688&Prime; single_border=\u00a0\u00bbyes\u00a0\u00bb items=\u00a0\u00bbeyI1NjY4OF9pIjp7InNpbmdsZV9pY29uIjoiIiwic2luZ2xlX3dpZHRoIjoiMTIiLCJpbWFnZXNfc2l6ZSI6InNpeHRlZW4tbmluZSJ9LCI1ODQ3MF9pIjp7InNpbmdsZV93aWR0aCI6IjEyIiwiaW1hZ2VzX3NpemUiOiJmb3VyLXRocmVlIn19&Prime;][\/vc_column][\/vc_row][vc_row row_height_percent=\u00a0\u00bb0&Prime; override_padding=\u00a0\u00bbyes\u00a0\u00bb h_padding=\u00a0\u00bb2&Prime; top_padding=\u00a0\u00bb0&Prime; bottom_padding=\u00a0\u00bb4&Prime; overlay_alpha=\u00a0\u00bb50&Prime; gutter_size=\u00a0\u00bb3&Prime; column_width_percent=\u00a0\u00bb100&Prime; shift_y=\u00a0\u00bb0&Prime; z_index=\u00a0\u00bb0&Prime;][vc_column column_width_use_pixel=\u00a0\u00bbyes\u00a0\u00bb gutter_size=\u00a0\u00bb3&Prime; font_family=\u00a0\u00bbfont-202503&Prime; overlay_alpha=\u00a0\u00bb50&Prime; shift_x=\u00a0\u00bb0&Prime; shift_y=\u00a0\u00bb0&Prime; shift_y_down=\u00a0\u00bb0&Prime; z_index=\u00a0\u00bb0&Prime; medium_width=\u00a0\u00bb0&Prime; align_mobile=\u00a0\u00bbalign_center_mobile\u00a0\u00bb mobile_width=\u00a0\u00bb0&Prime; width=\u00a0\u00bb1\/1&Prime; column_width_pixel=\u00a0\u00bb800&Prime;][vc_row_inner][vc_column_inner column_width_percent=\u00a0\u00bb100&Prime; gutter_size=\u00a0\u00bb2&Prime; overlay_alpha=\u00a0\u00bb50&Prime; shift_x=\u00a0\u00bb0&Prime; shift_y=\u00a0\u00bb0&Prime; shift_y_down=\u00a0\u00bb0&Prime; z_index=\u00a0\u00bb0&Prime; medium_width=\u00a0\u00bb0&Prime; mobile_width=\u00a0\u00bb0&Prime; width=\u00a0\u00bb1\/1&Prime; uncode_shortcode_id=\u00a0\u00bb609818&Prime;][vc_custom_heading text_font=\u00a0\u00bbfont-377884&Prime; text_size=\u00a0\u00bbh1&Prime; text_weight=\u00a0\u00bb300&Prime; text_space=\u00a0\u00bbfontspace-111509&Prime; uncode_shortcode_id=\u00a0\u00bb136660&Prime;]<strong>Notre engagement envers la compensation carbone<\/strong>[\/vc_custom_heading][\/vc_column_inner][\/vc_row_inner][vc_column_text text_lead=\u00a0\u00bbyes\u00a0\u00bb uncode_shortcode_id=\u00a0\u00bb191279&Prime;]<\/p>\n<p data-start=\"1125\" data-end=\"1518\"><span class=\"font-762333\">Chez Prom\u00e9tour, nous savons que la durabilit\u00e9 est un enjeu crucial pour l\u2019avenir de l\u2019industrie du voyage. C\u2019est pourquoi nous avons mis en place des actions concr\u00e8tes afin de contribuer \u00e0 un avenir plus vert. Au fil des ans, nous avons \u00e9tabli une solide relation avec <strong data-start=\"1394\" data-end=\"1409\">Taking Root<\/strong> et nous nous sommes engag\u00e9s \u00e0 compenser partiellement les \u00e9missions de carbone g\u00e9n\u00e9r\u00e9es par nos voyageurs.<\/span><\/p>\n<p data-start=\"1520\" data-end=\"1663\"><span class=\"font-762333\">Gr\u00e2ce \u00e0 ces efforts, nous avons plant\u00e9 <strong data-start=\"1559\" data-end=\"1589\">20 000 arbres au Nicaragua<\/strong>, ce qui nous a permis de compenser <strong data-start=\"1625\" data-end=\"1660\">plus de 1 800 tonnes de carbone<\/strong>.<\/span><\/p>\n<p><iframe class=\"ginger-extension-definitionpopup\" style=\"left: 86.8182px; top: -1.81818px; z-index: 100001; display: none;\" src=\"chrome-extension:\/\/kdfieneakcjfaiglcfcgkidlkmlijjnh\/content\/popups\/definitionPopup\/index.html?title=this&amp;description=denotes%20a%20person%20or%20thing\"><\/iframe>[\/vc_column_text][vc_gallery el_id=\u00a0\u00bbgallery-151482&Prime; medias=\u00a0\u00bb81838,81839,81840&Prime; gutter_size=\u00a0\u00bb2&Prime; media_items=\u00a0\u00bbmedia|lightbox|original\u00a0\u00bb screen_lg=\u00a0\u00bb480&Prime; screen_md=\u00a0\u00bb480&Prime; screen_sm=\u00a0\u00bb480&Prime; images_size=\u00a0\u00bbthree-four\u00a0\u00bb single_overlay_opacity=\u00a0\u00bb50&Prime; single_image_anim=\u00a0\u00bbno\u00a0\u00bb single_h_align=\u00a0\u00bbcenter\u00a0\u00bb single_padding=\u00a0\u00bb3&Prime; single_title_family=\u00a0\u00bbfont-202503&Prime; single_title_dimension=\u00a0\u00bbh3&Prime; single_title_weight=\u00a0\u00bb400&Prime; single_title_space=\u00a0\u00bbfontspace-781688&Prime; single_border=\u00a0\u00bbyes\u00a0\u00bb items=\u00a0\u00bbeyI1NjY4OF9pIjp7InNpbmdsZV9pY29uIjoiIiwic2luZ2xlX3dpZHRoIjoiMTIiLCJpbWFnZXNfc2l6ZSI6InNpeHRlZW4tbmluZSJ9LCI1ODQ3MF9pIjp7InNpbmdsZV93aWR0aCI6IjEyIiwiaW1hZ2VzX3NpemUiOiJmb3VyLXRocmVlIn19&Prime;][\/vc_column][\/vc_row][vc_row row_height_percent=\u00a0\u00bb0&Prime; override_padding=\u00a0\u00bbyes\u00a0\u00bb h_padding=\u00a0\u00bb2&Prime; top_padding=\u00a0\u00bb0&Prime; bottom_padding=\u00a0\u00bb4&Prime; overlay_alpha=\u00a0\u00bb50&Prime; gutter_size=\u00a0\u00bb3&Prime; column_width_percent=\u00a0\u00bb100&Prime; shift_y=\u00a0\u00bb0&Prime; z_index=\u00a0\u00bb0&Prime;][vc_column column_width_use_pixel=\u00a0\u00bbyes\u00a0\u00bb gutter_size=\u00a0\u00bb3&Prime; font_family=\u00a0\u00bbfont-202503&Prime; overlay_alpha=\u00a0\u00bb50&Prime; shift_x=\u00a0\u00bb0&Prime; shift_y=\u00a0\u00bb0&Prime; shift_y_down=\u00a0\u00bb0&Prime; z_index=\u00a0\u00bb0&Prime; medium_width=\u00a0\u00bb0&Prime; align_mobile=\u00a0\u00bbalign_center_mobile\u00a0\u00bb mobile_width=\u00a0\u00bb0&Prime; width=\u00a0\u00bb1\/1&Prime; column_width_pixel=\u00a0\u00bb800&Prime;][vc_row_inner][vc_column_inner column_width_percent=\u00a0\u00bb100&Prime; gutter_size=\u00a0\u00bb2&Prime; overlay_alpha=\u00a0\u00bb50&Prime; shift_x=\u00a0\u00bb0&Prime; shift_y=\u00a0\u00bb0&Prime; shift_y_down=\u00a0\u00bb0&Prime; z_index=\u00a0\u00bb0&Prime; medium_width=\u00a0\u00bb0&Prime; mobile_width=\u00a0\u00bb0&Prime; width=\u00a0\u00bb1\/1&Prime; uncode_shortcode_id=\u00a0\u00bb319212&Prime;][vc_custom_heading text_font=\u00a0\u00bbfont-377884&Prime; text_size=\u00a0\u00bbh1&Prime; text_weight=\u00a0\u00bb300&Prime; text_space=\u00a0\u00bbfontspace-111509&Prime; uncode_shortcode_id=\u00a0\u00bb129896&Prime;]<strong>Regard vers l\u2019avenir &#8211; Partenariat pour un carburant d\u2019aviation durable<\/strong>[\/vc_custom_heading][\/vc_column_inner][\/vc_row_inner][vc_column_text text_lead=\u00a0\u00bbyes\u00a0\u00bb uncode_shortcode_id=\u00a0\u00bb155441&Prime;]<\/p>\n<p data-start=\"1749\" data-end=\"2067\"><span class=\"font-762333\">Nous nous sommes demand\u00e9 : que pouvons-nous faire de plus?Nous sommes heureux d\u2019annoncer un partenariat avec <strong data-start=\"1861\" data-end=\"1880\">Delta Air Lines<\/strong> pour l\u2019achat de <strong data-start=\"1897\" data-end=\"1963\">carburant d\u2019aviation durable (SAF \u2013 Sustainable Aviation Fuel)<\/strong>, dans le but de r\u00e9duire les \u00e9missions li\u00e9es aux vols op\u00e9r\u00e9s par Delta au cours de la prochaine ann\u00e9e.<\/span><\/p>\n<p data-start=\"2069\" data-end=\"2225\"><span class=\"font-762333\">Le SAF permet de r\u00e9duire jusqu\u2019\u00e0 <strong data-start=\"2102\" data-end=\"2135\">80 % des \u00e9missions de carbone<\/strong> sur l\u2019ensemble du cycle de vie du carburant, comparativement au k\u00e9ros\u00e8ne conventionnel.<\/span><\/p>\n<p data-start=\"2227\" data-end=\"2534\"><span class=\"font-762333\">Nous sommes fiers d\u2019\u00eatre <strong data-start=\"2252\" data-end=\"2285\">le premier voyagiste canadien<\/strong> \u00e0 prendre cet engagement avec Delta et \u00e0 r\u00e9duire ainsi l\u2019impact du voyage sur l\u2019environnement. Cette initiative s\u2019inscrit dans notre conviction profonde que chacun de nous joue un r\u00f4le essentiel dans l\u2019am\u00e9lioration des communaut\u00e9s o\u00f9 nous vivons.<\/span><\/p>\n<p>[\/vc_column_text][vc_gallery el_id=\u00a0\u00bbgallery-151482&Prime; medias=\u00a0\u00bb81825,81837,81836&Prime; gutter_size=\u00a0\u00bb2&Prime; media_items=\u00a0\u00bbmedia|lightbox|original\u00a0\u00bb screen_lg=\u00a0\u00bb480&Prime; screen_md=\u00a0\u00bb480&Prime; screen_sm=\u00a0\u00bb480&Prime; images_size=\u00a0\u00bbthree-four\u00a0\u00bb single_overlay_opacity=\u00a0\u00bb50&Prime; single_image_anim=\u00a0\u00bbno\u00a0\u00bb single_h_align=\u00a0\u00bbcenter\u00a0\u00bb single_padding=\u00a0\u00bb3&Prime; single_title_family=\u00a0\u00bbfont-202503&Prime; single_title_dimension=\u00a0\u00bbh3&Prime; single_title_weight=\u00a0\u00bb400&Prime; single_title_space=\u00a0\u00bbfontspace-781688&Prime; single_border=\u00a0\u00bbyes\u00a0\u00bb items=\u00a0\u00bbeyI1NjY4OF9pIjp7InNpbmdsZV9pY29uIjoiIiwic2luZ2xlX3dpZHRoIjoiMTIiLCJpbWFnZXNfc2l6ZSI6InNpeHRlZW4tbmluZSJ9LCI1ODQ3MF9pIjp7InNpbmdsZV93aWR0aCI6IjEyIiwiaW1hZ2VzX3NpemUiOiJmb3VyLXRocmVlIn19&Prime;][vc_column_text text_lead=\u00a0\u00bbyes\u00a0\u00bb uncode_shortcode_id=\u00a0\u00bb392689&Prime;]<span class=\"font-762333\">Prom\u00e9tour a pour mission de rapprocher les gens \u00e0 travers le voyage, et nous croyons qu\u2019il est de notre responsabilit\u00e9 de le faire de fa\u00e7on durable.<\/span>[\/vc_column_text][\/vc_column][\/vc_row]<\/p>\n<\/div>","protected":false},"excerpt":{"rendered":"<p>[vc_row row_height_percent=\u00a0\u00bb0&Prime; override_padding=\u00a0\u00bbyes\u00a0\u00bb h_padding=\u00a0\u00bb2&Prime; top_padding=\u00a0\u00bb0&Prime; bottom_padding=\u00a0\u00bb4&Prime; overlay_alpha=\u00a0\u00bb50&Prime; gutter_size=\u00a0\u00bb3&Prime; column_width_percent=\u00a0\u00bb100&Prime; shift_y=\u00a0\u00bb0&Prime; z_index=\u00a0\u00bb0&Prime;][vc_column column_width_use_pixel=\u00a0\u00bbyes\u00a0\u00bb gutter_size=\u00a0\u00bb3&Prime; font_family=\u00a0\u00bbfont-202503&Prime; overlay_alpha=\u00a0\u00bb50&Prime; shift_x=\u00a0\u00bb0&Prime; shift_y=\u00a0\u00bb0&Prime; shift_y_down=\u00a0\u00bb0&Prime; z_index=\u00a0\u00bb0&Prime; medium_width=\u00a0\u00bb0&Prime; [&hellip;]<\/p>\n","protected":false},"author":7,"featured_media":81826,"parent":0,"menu_order":0,"comment_status":"closed","ping_status":"closed","template":"","meta":{"content-type":"","footnotes":""},"class_list":["post-81824","page","type-page","status-publish","has-post-thumbnail","hentry"],"yoast_head":"<!-- This site is optimized with the Yoast SEO plugin v27.4 - https:\/\/yoast.com\/product\/yoast-seo-wordpress\/ -->\n<title>\u00c9co-responsabilit\u00e9 | Prom\u00e9tour Voyages \u00c9ducatifs<\/title>\n<meta name=\"description\" content=\"\u00c9co-responsabilit\u00e9 | Prom\u00e9tour : leader des voyages pour \u00e9tudiants adh\u00e9rant \u00e0 des pratiques respectueuses de l&#039;environnement.\" \/>\n<meta name=\"robots\" content=\"index, follow, max-snippet:-1, max-image-preview:large, max-video-preview:-1\" \/>\n<link rel=\"canonical\" href=\"https:\/\/prometour.com\/fr\/eco-responsable\/\" \/>\n<meta property=\"og:locale\" content=\"fr_FR\" \/>\n<meta property=\"og:type\" content=\"article\" \/>\n<meta property=\"og:title\" content=\"\u00c9co-responsabilit\u00e9 | Prom\u00e9tour Voyages \u00c9ducatifs\" \/>\n<meta property=\"og:description\" content=\"\u00c9co-responsabilit\u00e9 | Prom\u00e9tour : leader des voyages pour \u00e9tudiants adh\u00e9rant \u00e0 des pratiques respectueuses de l&#039;environnement.\" \/>\n<meta property=\"og:url\" content=\"https:\/\/prometour.com\/fr\/eco-responsable\/\" \/>\n<meta property=\"og:site_name\" content=\"Prom&eacute;tour\" \/>\n<meta property=\"article:publisher\" content=\"https:\/\/www.facebook.com\/PrometourEduTours\" \/>\n<meta property=\"article:modified_time\" content=\"2026-03-17T07:00:38+00:00\" \/>\n<meta property=\"og:image\" content=\"https:\/\/prometour.com\/wp-content\/uploads\/2020\/02\/First-image.jpg\" \/>\n\t<meta property=\"og:image:width\" content=\"1920\" \/>\n\t<meta property=\"og:image:height\" content=\"1280\" \/>\n\t<meta property=\"og:image:type\" content=\"image\/jpeg\" \/>\n<meta name=\"twitter:card\" content=\"summary_large_image\" \/>\n<meta name=\"twitter:site\" content=\"@Prometour\" \/>\n<meta name=\"twitter:label1\" content=\"Dur\u00e9e de lecture estim\u00e9e\" \/>\n\t<meta name=\"twitter:data1\" content=\"5 minutes\" \/>\n<script type=\"application\/ld+json\" class=\"yoast-schema-graph\">{\"@context\":\"https:\\\/\\\/schema.org\",\"@graph\":[{\"@type\":\"WebPage\",\"@id\":\"https:\\\/\\\/prometour.com\\\/fr\\\/eco-responsable\\\/\",\"url\":\"https:\\\/\\\/prometour.com\\\/fr\\\/eco-responsable\\\/\",\"name\":\"\u00c9co-responsabilit\u00e9 | Prom\u00e9tour Voyages \u00c9ducatifs\",\"isPartOf\":{\"@id\":\"https:\\\/\\\/prometour.com\\\/fr\\\/#website\"},\"primaryImageOfPage\":{\"@id\":\"https:\\\/\\\/prometour.com\\\/fr\\\/eco-responsable\\\/#primaryimage\"},\"image\":{\"@id\":\"https:\\\/\\\/prometour.com\\\/fr\\\/eco-responsable\\\/#primaryimage\"},\"thumbnailUrl\":\"https:\\\/\\\/prometour.com\\\/wp-content\\\/uploads\\\/2020\\\/02\\\/eco-responsible_background.jpg\",\"datePublished\":\"2020-02-11T16:55:57+00:00\",\"dateModified\":\"2026-03-17T07:00:38+00:00\",\"description\":\"\u00c9co-responsabilit\u00e9 | Prom\u00e9tour : leader des voyages pour \u00e9tudiants adh\u00e9rant \u00e0 des pratiques respectueuses de l'environnement.\",\"breadcrumb\":{\"@id\":\"https:\\\/\\\/prometour.com\\\/fr\\\/eco-responsable\\\/#breadcrumb\"},\"inLanguage\":\"fr-FR\",\"potentialAction\":[{\"@type\":\"ReadAction\",\"target\":[\"https:\\\/\\\/prometour.com\\\/fr\\\/eco-responsable\\\/\"]}]},{\"@type\":\"ImageObject\",\"inLanguage\":\"fr-FR\",\"@id\":\"https:\\\/\\\/prometour.com\\\/fr\\\/eco-responsable\\\/#primaryimage\",\"url\":\"https:\\\/\\\/prometour.com\\\/wp-content\\\/uploads\\\/2020\\\/02\\\/eco-responsible_background.jpg\",\"contentUrl\":\"https:\\\/\\\/prometour.com\\\/wp-content\\\/uploads\\\/2020\\\/02\\\/eco-responsible_background.jpg\",\"width\":1273,\"height\":647},{\"@type\":\"BreadcrumbList\",\"@id\":\"https:\\\/\\\/prometour.com\\\/fr\\\/eco-responsable\\\/#breadcrumb\",\"itemListElement\":[{\"@type\":\"ListItem\",\"position\":1,\"name\":\"Prometour\",\"item\":\"https:\\\/\\\/prometour.com\\\/fr\\\/\"},{\"@type\":\"ListItem\",\"position\":2,\"name\":\"Prometour Career Opportunities\",\"item\":\"https:\\\/\\\/prometour.com\\\/fr\\\/page_category\\\/prometour-careers-opportunities-fr\\\/\"},{\"@type\":\"ListItem\",\"position\":3,\"name\":\"\u00c9co-responsabilit\u00e9\"}]},{\"@type\":\"WebSite\",\"@id\":\"https:\\\/\\\/prometour.com\\\/fr\\\/#website\",\"url\":\"https:\\\/\\\/prometour.com\\\/fr\\\/\",\"name\":\"Prom\u00e9tour\",\"description\":\"Experts in Customized Student Tours and Class trips\",\"publisher\":{\"@id\":\"https:\\\/\\\/prometour.com\\\/fr\\\/#organization\"},\"potentialAction\":[{\"@type\":\"SearchAction\",\"target\":{\"@type\":\"EntryPoint\",\"urlTemplate\":\"https:\\\/\\\/prometour.com\\\/fr\\\/?s={search_term_string}\"},\"query-input\":{\"@type\":\"PropertyValueSpecification\",\"valueRequired\":true,\"valueName\":\"search_term_string\"}}],\"inLanguage\":\"fr-FR\"},{\"@type\":\"Organization\",\"@id\":\"https:\\\/\\\/prometour.com\\\/fr\\\/#organization\",\"name\":\"Prom\u00e9tour Educational Tours\",\"url\":\"https:\\\/\\\/prometour.com\\\/fr\\\/\",\"logo\":{\"@type\":\"ImageObject\",\"inLanguage\":\"fr-FR\",\"@id\":\"https:\\\/\\\/prometour.com\\\/fr\\\/#\\\/schema\\\/logo\\\/image\\\/\",\"url\":\"https:\\\/\\\/prometour.com\\\/wp-content\\\/uploads\\\/2017\\\/11\\\/Prometour_Logo_CMYK.gif\",\"contentUrl\":\"https:\\\/\\\/prometour.com\\\/wp-content\\\/uploads\\\/2017\\\/11\\\/Prometour_Logo_CMYK.gif\",\"width\":2265,\"height\":663,\"caption\":\"Prom\u00e9tour Educational Tours\"},\"image\":{\"@id\":\"https:\\\/\\\/prometour.com\\\/fr\\\/#\\\/schema\\\/logo\\\/image\\\/\"},\"sameAs\":[\"https:\\\/\\\/www.facebook.com\\\/PrometourEduTours\",\"https:\\\/\\\/x.com\\\/Prometour\",\"https:\\\/\\\/www.instagram.com\\\/prometour\\\/\",\"https:\\\/\\\/www.linkedin.com\\\/company\\\/prometour\",\"https:\\\/\\\/www.pinterest.ca\\\/prometour\\\/\",\"https:\\\/\\\/www.youtube.com\\\/channel\\\/UCGUzI7zRN1jyJA_vnuq4GPA\"]}]}<\/script>\n<!-- \/ Yoast SEO plugin. -->","yoast_head_json":{"title":"\u00c9co-responsabilit\u00e9 | Prom\u00e9tour Voyages \u00c9ducatifs","description":"\u00c9co-responsabilit\u00e9 | Prom\u00e9tour : leader des voyages pour \u00e9tudiants adh\u00e9rant \u00e0 des pratiques respectueuses de l'environnement.","robots":{"index":"index","follow":"follow","max-snippet":"max-snippet:-1","max-image-preview":"max-image-preview:large","max-video-preview":"max-video-preview:-1"},"canonical":"https:\/\/prometour.com\/fr\/eco-responsable\/","og_locale":"fr_FR","og_type":"article","og_title":"\u00c9co-responsabilit\u00e9 | Prom\u00e9tour Voyages \u00c9ducatifs","og_description":"\u00c9co-responsabilit\u00e9 | Prom\u00e9tour : leader des voyages pour \u00e9tudiants adh\u00e9rant \u00e0 des pratiques respectueuses de l'environnement.","og_url":"https:\/\/prometour.com\/fr\/eco-responsable\/","og_site_name":"Prom&eacute;tour","article_publisher":"https:\/\/www.facebook.com\/PrometourEduTours","article_modified_time":"2026-03-17T07:00:38+00:00","og_image":[{"width":1920,"height":1280,"url":"https:\/\/prometour.com\/wp-content\/uploads\/2020\/02\/First-image.jpg","type":"image\/jpeg"}],"twitter_card":"summary_large_image","twitter_site":"@Prometour","twitter_misc":{"Dur\u00e9e de lecture estim\u00e9e":"5 minutes"},"schema":{"@context":"https:\/\/schema.org","@graph":[{"@type":"WebPage","@id":"https:\/\/prometour.com\/fr\/eco-responsable\/","url":"https:\/\/prometour.com\/fr\/eco-responsable\/","name":"\u00c9co-responsabilit\u00e9 | Prom\u00e9tour Voyages \u00c9ducatifs","isPartOf":{"@id":"https:\/\/prometour.com\/fr\/#website"},"primaryImageOfPage":{"@id":"https:\/\/prometour.com\/fr\/eco-responsable\/#primaryimage"},"image":{"@id":"https:\/\/prometour.com\/fr\/eco-responsable\/#primaryimage"},"thumbnailUrl":"https:\/\/prometour.com\/wp-content\/uploads\/2020\/02\/eco-responsible_background.jpg","datePublished":"2020-02-11T16:55:57+00:00","dateModified":"2026-03-17T07:00:38+00:00","description":"\u00c9co-responsabilit\u00e9 | Prom\u00e9tour : leader des voyages pour \u00e9tudiants adh\u00e9rant \u00e0 des pratiques respectueuses de l'environnement.","breadcrumb":{"@id":"https:\/\/prometour.com\/fr\/eco-responsable\/#breadcrumb"},"inLanguage":"fr-FR","potentialAction":[{"@type":"ReadAction","target":["https:\/\/prometour.com\/fr\/eco-responsable\/"]}]},{"@type":"ImageObject","inLanguage":"fr-FR","@id":"https:\/\/prometour.com\/fr\/eco-responsable\/#primaryimage","url":"https:\/\/prometour.com\/wp-content\/uploads\/2020\/02\/eco-responsible_background.jpg","contentUrl":"https:\/\/prometour.com\/wp-content\/uploads\/2020\/02\/eco-responsible_background.jpg","width":1273,"height":647},{"@type":"BreadcrumbList","@id":"https:\/\/prometour.com\/fr\/eco-responsable\/#breadcrumb","itemListElement":[{"@type":"ListItem","position":1,"name":"Prometour","item":"https:\/\/prometour.com\/fr\/"},{"@type":"ListItem","position":2,"name":"Prometour Career Opportunities","item":"https:\/\/prometour.com\/fr\/page_category\/prometour-careers-opportunities-fr\/"},{"@type":"ListItem","position":3,"name":"\u00c9co-responsabilit\u00e9"}]},{"@type":"WebSite","@id":"https:\/\/prometour.com\/fr\/#website","url":"https:\/\/prometour.com\/fr\/","name":"Prom\u00e9tour","description":"Experts in Customized Student Tours and Class trips","publisher":{"@id":"https:\/\/prometour.com\/fr\/#organization"},"potentialAction":[{"@type":"SearchAction","target":{"@type":"EntryPoint","urlTemplate":"https:\/\/prometour.com\/fr\/?s={search_term_string}"},"query-input":{"@type":"PropertyValueSpecification","valueRequired":true,"valueName":"search_term_string"}}],"inLanguage":"fr-FR"},{"@type":"Organization","@id":"https:\/\/prometour.com\/fr\/#organization","name":"Prom\u00e9tour Educational Tours","url":"https:\/\/prometour.com\/fr\/","logo":{"@type":"ImageObject","inLanguage":"fr-FR","@id":"https:\/\/prometour.com\/fr\/#\/schema\/logo\/image\/","url":"https:\/\/prometour.com\/wp-content\/uploads\/2017\/11\/Prometour_Logo_CMYK.gif","contentUrl":"https:\/\/prometour.com\/wp-content\/uploads\/2017\/11\/Prometour_Logo_CMYK.gif","width":2265,"height":663,"caption":"Prom\u00e9tour Educational Tours"},"image":{"@id":"https:\/\/prometour.com\/fr\/#\/schema\/logo\/image\/"},"sameAs":["https:\/\/www.facebook.com\/PrometourEduTours","https:\/\/x.com\/Prometour","https:\/\/www.instagram.com\/prometour\/","https:\/\/www.linkedin.com\/company\/prometour","https:\/\/www.pinterest.ca\/prometour\/","https:\/\/www.youtube.com\/channel\/UCGUzI7zRN1jyJA_vnuq4GPA"]}]}},"_links":{"self":[{"href":"https:\/\/prometour.com\/fr\/wp-json\/wp\/v2\/pages\/81824","targetHints":{"allow":["GET"]}}],"collection":[{"href":"https:\/\/prometour.com\/fr\/wp-json\/wp\/v2\/pages"}],"about":[{"href":"https:\/\/prometour.com\/fr\/wp-json\/wp\/v2\/types\/page"}],"author":[{"embeddable":true,"href":"https:\/\/prometour.com\/fr\/wp-json\/wp\/v2\/users\/7"}],"replies":[{"embeddable":true,"href":"https:\/\/prometour.com\/fr\/wp-json\/wp\/v2\/comments?post=81824"}],"version-history":[{"count":7,"href":"https:\/\/prometour.com\/fr\/wp-json\/wp\/v2\/pages\/81824\/revisions"}],"predecessor-version":[{"id":89023,"href":"https:\/\/prometour.com\/fr\/wp-json\/wp\/v2\/pages\/81824\/revisions\/89023"}],"wp:featuredmedia":[{"embeddable":true,"href":"https:\/\/prometour.com\/fr\/wp-json\/wp\/v2\/media\/81826"}],"wp:attachment":[{"href":"https:\/\/prometour.com\/fr\/wp-json\/wp\/v2\/media?parent=81824"}],"curies":[{"name":"wp","href":"https:\/\/api.w.org\/{rel}","templated":true}]}}