{"id":81941,"date":"2018-01-10T13:01:26","date_gmt":"2018-01-10T20:01:26","guid":{"rendered":"https:\/\/prometour.com\/why-choose-prometour\/"},"modified":"2025-12-17T09:15:00","modified_gmt":"2025-12-17T14:15:00","slug":"pourquoi-choisir-prometour","status":"publish","type":"page","link":"https:\/\/prometour.com\/fr\/pourquoi-choisir-prometour\/","title":{"rendered":"Pourquoi choisir Prom\u00e9tour"},"content":{"rendered":"<div class=\"wpb-content-wrapper\"><p>[vc_row row_height_percent=\u00a0\u00bb0&Prime; overlay_alpha=\u00a0\u00bb50&Prime; gutter_size=\u00a0\u00bb2&Prime; column_width_percent=\u00a0\u00bb100&Prime; border_color=\u00a0\u00bbcolor-gyho\u00a0\u00bb border_style=\u00a0\u00bbsolid\u00a0\u00bb shift_y=\u00a0\u00bb0&Prime; z_index=\u00a0\u00bb0&Prime; css=\u00a0\u00bb.vc_custom_1587151156953{border-bottom-width: 1px !important;}\u00a0\u00bb][vc_column column_width_percent=\u00a0\u00bb100&Prime; position_horizontal=\u00a0\u00bbleft\u00a0\u00bb position_vertical=\u00a0\u00bbmiddle\u00a0\u00bb gutter_size=\u00a0\u00bb3&Prime; overlay_alpha=\u00a0\u00bb50&Prime; shift_x=\u00a0\u00bb0&Prime; shift_y=\u00a0\u00bb0&Prime; z_index=\u00a0\u00bb0&Prime; medium_width=\u00a0\u00bb3&Prime; zoom_width=\u00a0\u00bb0&Prime; zoom_height=\u00a0\u00bb0&Prime; width=\u00a0\u00bb1\/1&Prime;][vc_custom_heading text_size=\u00a0\u00bbh4&Prime; subheading=\u00a0\u00bbProm\u00e9tour est un pionnier de premier plan dans l&rsquo;offre de circuits \u00e9ducatifs pour les enseignants et les \u00e9tudiants de tous \u00e2ges. Depuis 1992, notre mission est de concevoir avec soin des voyages de groupe \u00e9ducatifs personnalis\u00e9s pour soutenir les enseignants et avoir un impact positif sur la vie des \u00e9tudiants et des communaut\u00e9s du monde entier.<\/p>\n<p>Plus r\u00e9cemment, Prom\u00e9tour a \u00e9tendu sa gamme de produits \u00e0 une client\u00e8le adulte en y appliquant les m\u00eames r\u00e8gles rigoureuses de qualit\u00e9 pour toutes ses destinations.\u00a0\u00bb]<a href=\"https:\/\/prometour.com\/fr\/adult-groups\/destinations\/\" target=\"_blank\" rel=\"noopener noreferrer\">Europe, Asie &amp; les Am\u00e9riques<\/a>[\/vc_custom_heading][vc_custom_heading text_size=\u00a0\u00bbh4&Prime; subheading=\u00a0\u00bbNos programmes de sensibilisation communautaire offrent aux \u00e9tudiants et aux enseignants la possibilit\u00e9 de redonner et d&rsquo;aider les personnes dans le besoin. Gr\u00e2ce \u00e0 des actions simples, nous croyons que les participants d\u00e9veloppent des comp\u00e9tences de coop\u00e9ration et d\u00e9veloppent leur estime de soi tout en travaillant avec les habitants pour am\u00e9liorer leur communaut\u00e9. Les groupes d&rsquo;adultes pourront aussi s&rsquo;impliquer dans certaines destinations et contribuer au d\u00e9veloppement local.\u00a0\u00bb]<a href=\"https:\/\/prometour.com\/community-outreach\/\" target=\"_blank\" rel=\"noopener noreferrer\">Programmes de sensibilisation communautaire<\/a>[\/vc_custom_heading][vc_custom_heading text_size=\u00a0\u00bbh4&Prime; subheading=\u00a0\u00bbL&rsquo;apprentissage d&rsquo;une langue \u00e9trang\u00e8re dans un cadre immersif diff\u00e8re grandement de l&rsquo;enseignement traditionnel des langues en classe. Par des interactions interpersonnelles plut\u00f4t que par des r\u00e8gles de grammaire; l&rsquo;immersion est un moyen plus intuitif et efficace d&rsquo;apprendre une autre langue.\u00a0\u00bb]<a href=\"https:\/\/prometour.com\/language-immersion-exchange\/\" target=\"_blank\" rel=\"noopener noreferrer\">Programmes de langues et d&rsquo;immersion<\/a>[\/vc_custom_heading][\/vc_column][\/vc_row][vc_row row_height_percent=\u00a0\u00bb50&Prime; override_padding=\u00a0\u00bbyes\u00a0\u00bb h_padding=\u00a0\u00bb2&Prime; top_padding=\u00a0\u00bb4&Prime; bottom_padding=\u00a0\u00bb4&Prime; back_color=\u00a0\u00bbcolor-lxmt\u00a0\u00bb overlay_alpha=\u00a0\u00bb50&Prime; gutter_size=\u00a0\u00bb4&Prime; column_width_percent=\u00a0\u00bb100&Prime; shift_y=\u00a0\u00bb0&Prime; z_index=\u00a0\u00bb0&Prime; mobile_visibility=\u00a0\u00bbyes\u00a0\u00bb][vc_column column_width_percent=\u00a0\u00bb100&Prime; position_horizontal=\u00a0\u00bbleft\u00a0\u00bb position_vertical=\u00a0\u00bbmiddle\u00a0\u00bb gutter_size=\u00a0\u00bb2&Prime; overlay_alpha=\u00a0\u00bb50&Prime; shift_x=\u00a0\u00bb0&Prime; shift_y=\u00a0\u00bb0&Prime; z_index=\u00a0\u00bb0&Prime; medium_width=\u00a0\u00bb4&Prime; zoom_width=\u00a0\u00bb0&Prime; zoom_height=\u00a0\u00bb0&Prime; width=\u00a0\u00bb2\/3&Prime;][vc_custom_heading text_font=\u00a0\u00bbfont-762333&Prime;]<\/p>\n<h2 style=\"text-align: left;\">Notre R\u00e9putation<\/h2>\n<p>[\/vc_custom_heading][vc_column_text]<\/p>\n<ul>\n<li style=\"text-align: left;\">Les dates de d\u00e9part de groupes priv\u00e9s sont garanties.<\/li>\n<li style=\"text-align: left;\">Vols directs lorsque possible.<\/li>\n<li style=\"text-align: left;\">Des bureaux internationaux \u00e0 Montr\u00e9al, San Diego, Pari, et M\u00e1laga.<\/li>\n<li style=\"text-align: left;\">Des voyages sur mesure et priv\u00e9s.<\/li>\n<li style=\"text-align: left;\">Des directeurs de groupes professionnels et des guides locaux comp\u00e9tents.<\/li>\n<li style=\"text-align: left;\">Restaurants authentiques et h\u00f4tels de qualit\u00e9.<\/li>\n<li style=\"text-align: left;\">La s\u00e9curit\u00e9 des participants est primordiale.<\/li>\n<li style=\"text-align: left;\">H\u00f4tels bien situ\u00e9s au centre-ville et pr\u00e8s du transport public.<\/li>\n<li style=\"text-align: left;\">Communication personnalis\u00e9e avec les clients, les parents d&rsquo;\u00e9l\u00e8ves inscrits et les organisateurs.<\/li>\n<li style=\"text-align: left;\">Ligne d&rsquo;urgence 24 heures.<\/li>\n<\/ul>\n<p>[\/vc_column_text][\/vc_column][vc_column column_width_percent=\u00a0\u00bb100&Prime; position_vertical=\u00a0\u00bbmiddle\u00a0\u00bb gutter_size=\u00a0\u00bb3&Prime; overlay_alpha=\u00a0\u00bb50&Prime; shift_x=\u00a0\u00bb0&Prime; shift_y=\u00a0\u00bb0&Prime; shift_y_down=\u00a0\u00bb0&Prime; z_index=\u00a0\u00bb0&Prime; medium_width=\u00a0\u00bb0&Prime; mobile_width=\u00a0\u00bb0&Prime; width=\u00a0\u00bb1\/3&Prime;][vc_single_image media=\u00a0\u00bb82801&Prime; media_width_percent=\u00a0\u00bb100&Prime; alignment=\u00a0\u00bbcenter\u00a0\u00bb][\/vc_column][\/vc_row][vc_row row_height_percent=\u00a0\u00bb50&Prime; override_padding=\u00a0\u00bbyes\u00a0\u00bb h_padding=\u00a0\u00bb2&Prime; top_padding=\u00a0\u00bb4&Prime; bottom_padding=\u00a0\u00bb4&Prime; overlay_alpha=\u00a0\u00bb50&Prime; gutter_size=\u00a0\u00bb4&Prime; column_width_percent=\u00a0\u00bb100&Prime; border_color=\u00a0\u00bbcolor-gyho\u00a0\u00bb border_style=\u00a0\u00bbsolid\u00a0\u00bb shift_y=\u00a0\u00bb0&Prime; z_index=\u00a0\u00bb0&Prime; css=\u00a0\u00bb.vc_custom_1587151172636{border-top-width: 1px !important;border-bottom-width: 1px !important;}\u00a0\u00bb][vc_column column_width_percent=\u00a0\u00bb100&Prime; position_vertical=\u00a0\u00bbmiddle\u00a0\u00bb gutter_size=\u00a0\u00bb3&Prime; style=\u00a0\u00bblight\u00a0\u00bb overlay_alpha=\u00a0\u00bb50&Prime; shift_x=\u00a0\u00bb0&Prime; shift_y=\u00a0\u00bb0&Prime; shift_y_down=\u00a0\u00bb0&Prime; z_index=\u00a0\u00bb0&Prime; medium_width=\u00a0\u00bb4&Prime; mobile_width=\u00a0\u00bb0&Prime; zoom_width=\u00a0\u00bb0&Prime; zoom_height=\u00a0\u00bb0&Prime; width=\u00a0\u00bb1\/2&Prime;][vc_custom_heading heading_semantic=\u00a0\u00bbh5&Prime; text_font=\u00a0\u00bbfont-762333&Prime; text_size=\u00a0\u00bbh5&Prime; subheading=\u00a0\u00bbAvec Prom\u00e9tour, vous obtenez un voyage enti\u00e8rement personnalis\u00e9 du d\u00e9but \u00e0 la fin qui correspond \u00e0 vos objectifs de voyage. Notre \u00e9quipe exp\u00e9riment\u00e9e, comp\u00e9tente et professionnelle peut vous aider \u00e0 cr\u00e9er l&rsquo;itin\u00e9raire parfait en accord avec vos besoins. Vous d\u00e9sirez loger au c\u0153ur de la ville, faire des visites locales et fr\u00e9quenter des restaurants authentiques locaux? Nous ne le faisons pas autrement. Et si vous d\u00e9sirez garder un peu de temps libre lors de votre voyage, nous allons le planifier aussi!\u00a0\u00bb]<\/p>\n<h2>Planification strat\u00e9gique<\/h2>\n<p>[\/vc_custom_heading][\/vc_column][vc_column column_width_percent=\u00a0\u00bb100&Prime; position_horizontal=\u00a0\u00bbleft\u00a0\u00bb position_vertical=\u00a0\u00bbmiddle\u00a0\u00bb gutter_size=\u00a0\u00bb2&Prime; style=\u00a0\u00bbdark\u00a0\u00bb back_color=\u00a0\u00bbaccent\u00a0\u00bb overlay_alpha=\u00a0\u00bb50&Prime; shift_x=\u00a0\u00bb0&Prime; shift_y=\u00a0\u00bb0&Prime; shift_y_down=\u00a0\u00bb0&Prime; z_index=\u00a0\u00bb0&Prime; medium_width=\u00a0\u00bb4&Prime; mobile_width=\u00a0\u00bb0&Prime; zoom_width=\u00a0\u00bb0&Prime; zoom_height=\u00a0\u00bb0&Prime; width=\u00a0\u00bb1\/2&Prime;][vc_custom_heading heading_semantic=\u00a0\u00bbh1&Prime; text_font=\u00a0\u00bbfont-762333&Prime;]Nous voulons vous rendre la vie facile![\/vc_custom_heading][vc_column_text]Il n&rsquo;y a aucune mauvaise surprise lorsque vous r\u00e9servez avec Prom\u00e9tour:<\/p>\n<ul>\n<li>Des itin\u00e9raires flexibles con\u00e7u selon votre budget.<\/li>\n<li>Aucun frais d&rsquo;adh\u00e9sion de membre.<\/li>\n<li>Pas de frais pour paiement en retard.<\/li>\n<li>Plateforme d&rsquo;inscription et de paiement en ligne facile \u00e0 utiliser.<\/li>\n<li>Programme complet\u00a0d&rsquo;assurances de voyage offert \u00e0 tous les clients.<\/li>\n<\/ul>\n<p>[\/vc_column_text][\/vc_column][\/vc_row][vc_row unlock_row_content=\u00a0\u00bbyes\u00a0\u00bb row_height_percent=\u00a0\u00bb0&Prime; overlay_alpha=\u00a0\u00bb50&Prime; gutter_size=\u00a0\u00bb3&Prime; column_width_percent=\u00a0\u00bb100&Prime; shift_y=\u00a0\u00bb0&Prime; z_index=\u00a0\u00bb0&Prime; content_parallax=\u00a0\u00bb0&Prime; uncode_shortcode_id=\u00a0\u00bb177319&Prime;][vc_column width=\u00a0\u00bb1\/1&Prime;][uncode_block id=\u00a0\u00bb87972&Prime;][\/vc_column][\/vc_row]<\/p>\n<\/div>","protected":false},"excerpt":{"rendered":"<p>[vc_row row_height_percent=\u00a0\u00bb0&Prime; overlay_alpha=\u00a0\u00bb50&Prime; gutter_size=\u00a0\u00bb2&Prime; column_width_percent=\u00a0\u00bb100&Prime; border_color=\u00a0\u00bbcolor-gyho\u00a0\u00bb border_style=\u00a0\u00bbsolid\u00a0\u00bb shift_y=\u00a0\u00bb0&Prime; z_index=\u00a0\u00bb0&Prime; css=\u00a0\u00bb.vc_custom_1587151156953{border-bottom-width: 1px !important;}\u00a0\u00bb][vc_column column_width_percent=\u00a0\u00bb100&Prime; position_horizontal=\u00a0\u00bbleft\u00a0\u00bb position_vertical=\u00a0\u00bbmiddle\u00a0\u00bb gutter_size=\u00a0\u00bb3&Prime; overlay_alpha=\u00a0\u00bb50&Prime; shift_x=\u00a0\u00bb0&Prime; shift_y=\u00a0\u00bb0&Prime; z_index=\u00a0\u00bb0&Prime; [&hellip;]<\/p>\n","protected":false},"author":19,"featured_media":81943,"parent":0,"menu_order":0,"comment_status":"closed","ping_status":"closed","template":"","meta":{"content-type":"","footnotes":""},"class_list":["post-81941","page","type-page","status-publish","has-post-thumbnail","hentry","page_category-prometour-careers-opportunities-fr"],"yoast_head":"<!-- This site is optimized with the Yoast SEO plugin v27.2 - https:\/\/yoast.com\/product\/yoast-seo-wordpress\/ -->\n<title>Pourquoi choisir Prom\u00e9tour<\/title>\n<meta name=\"description\" content=\"Have a taste of Prometour&#039;s professionalism when it comes to school tours. Understand why Prometour is so highly rated by costumers and travel sites alike.\" \/>\n<meta name=\"robots\" content=\"index, follow, max-snippet:-1, max-image-preview:large, max-video-preview:-1\" \/>\n<link rel=\"canonical\" href=\"https:\/\/prometour.com\/fr\/pourquoi-choisir-prometour\/\" \/>\n<meta property=\"og:locale\" content=\"fr_FR\" \/>\n<meta property=\"og:type\" content=\"article\" \/>\n<meta property=\"og:title\" content=\"Pourquoi choisir Prom\u00e9tour\" \/>\n<meta property=\"og:description\" content=\"Have a taste of Prometour&#039;s professionalism when it comes to school tours. Understand why Prometour is so highly rated by costumers and travel sites alike.\" \/>\n<meta property=\"og:url\" content=\"https:\/\/prometour.com\/fr\/pourquoi-choisir-prometour\/\" \/>\n<meta property=\"og:site_name\" content=\"Prom&eacute;tour\" \/>\n<meta property=\"article:publisher\" content=\"https:\/\/www.facebook.com\/PrometourEduTours\" \/>\n<meta property=\"article:modified_time\" content=\"2025-12-17T14:15:00+00:00\" \/>\n<meta property=\"og:image\" content=\"https:\/\/prometour.com\/wp-content\/uploads\/2018\/01\/pexels-photo-335393-550x550.jpeg\" \/>\n\t<meta property=\"og:image:width\" content=\"550\" \/>\n\t<meta property=\"og:image:height\" content=\"550\" \/>\n\t<meta property=\"og:image:type\" content=\"image\/jpeg\" \/>\n<meta name=\"twitter:card\" content=\"summary_large_image\" \/>\n<meta name=\"twitter:site\" content=\"@Prometour\" \/>\n<meta name=\"twitter:label1\" content=\"Dur\u00e9e de lecture estim\u00e9e\" \/>\n\t<meta name=\"twitter:data1\" content=\"4 minutes\" \/>\n<script type=\"application\/ld+json\" class=\"yoast-schema-graph\">{\"@context\":\"https:\/\/schema.org\",\"@graph\":[{\"@type\":\"WebPage\",\"@id\":\"https:\/\/prometour.com\/fr\/pourquoi-choisir-prometour\/\",\"url\":\"https:\/\/prometour.com\/fr\/pourquoi-choisir-prometour\/\",\"name\":\"Pourquoi choisir Prom\u00e9tour\",\"isPartOf\":{\"@id\":\"https:\/\/prometour.com\/fr\/#website\"},\"primaryImageOfPage\":{\"@id\":\"https:\/\/prometour.com\/fr\/pourquoi-choisir-prometour\/#primaryimage\"},\"image\":{\"@id\":\"https:\/\/prometour.com\/fr\/pourquoi-choisir-prometour\/#primaryimage\"},\"thumbnailUrl\":\"https:\/\/prometour.com\/wp-content\/uploads\/2018\/01\/pexels-photo-335393-550x550.jpeg\",\"datePublished\":\"2018-01-10T20:01:26+00:00\",\"dateModified\":\"2025-12-17T14:15:00+00:00\",\"description\":\"Have a taste of Prometour's professionalism when it comes to school tours. Understand why Prometour is so highly rated by costumers and travel sites alike.\",\"breadcrumb\":{\"@id\":\"https:\/\/prometour.com\/fr\/pourquoi-choisir-prometour\/#breadcrumb\"},\"inLanguage\":\"fr-FR\",\"potentialAction\":[{\"@type\":\"ReadAction\",\"target\":[\"https:\/\/prometour.com\/fr\/pourquoi-choisir-prometour\/\"]}]},{\"@type\":\"ImageObject\",\"inLanguage\":\"fr-FR\",\"@id\":\"https:\/\/prometour.com\/fr\/pourquoi-choisir-prometour\/#primaryimage\",\"url\":\"https:\/\/prometour.com\/wp-content\/uploads\/2018\/01\/pexels-photo-335393-550x550.jpeg\",\"contentUrl\":\"https:\/\/prometour.com\/wp-content\/uploads\/2018\/01\/pexels-photo-335393-550x550.jpeg\",\"width\":550,\"height\":550},{\"@type\":\"BreadcrumbList\",\"@id\":\"https:\/\/prometour.com\/fr\/pourquoi-choisir-prometour\/#breadcrumb\",\"itemListElement\":[{\"@type\":\"ListItem\",\"position\":1,\"name\":\"Prometour\",\"item\":\"https:\/\/prometour.com\/fr\/\"},{\"@type\":\"ListItem\",\"position\":2,\"name\":\"Prometour Career Opportunities\",\"item\":\"https:\/\/prometour.com\/fr\/page_category\/prometour-careers-opportunities-fr\/\"},{\"@type\":\"ListItem\",\"position\":3,\"name\":\"Pourquoi choisir Prom\u00e9tour\"}]},{\"@type\":\"WebSite\",\"@id\":\"https:\/\/prometour.com\/fr\/#website\",\"url\":\"https:\/\/prometour.com\/fr\/\",\"name\":\"Prom\u00e9tour\",\"description\":\"Experts in Customized Student Tours and Class trips\",\"publisher\":{\"@id\":\"https:\/\/prometour.com\/fr\/#organization\"},\"potentialAction\":[{\"@type\":\"SearchAction\",\"target\":{\"@type\":\"EntryPoint\",\"urlTemplate\":\"https:\/\/prometour.com\/fr\/?s={search_term_string}\"},\"query-input\":{\"@type\":\"PropertyValueSpecification\",\"valueRequired\":true,\"valueName\":\"search_term_string\"}}],\"inLanguage\":\"fr-FR\"},{\"@type\":\"Organization\",\"@id\":\"https:\/\/prometour.com\/fr\/#organization\",\"name\":\"Prom\u00e9tour Educational Tours\",\"url\":\"https:\/\/prometour.com\/fr\/\",\"logo\":{\"@type\":\"ImageObject\",\"inLanguage\":\"fr-FR\",\"@id\":\"https:\/\/prometour.com\/fr\/#\/schema\/logo\/image\/\",\"url\":\"https:\/\/prometour.com\/wp-content\/uploads\/2017\/11\/Prometour_Logo_CMYK.gif\",\"contentUrl\":\"https:\/\/prometour.com\/wp-content\/uploads\/2017\/11\/Prometour_Logo_CMYK.gif\",\"width\":2265,\"height\":663,\"caption\":\"Prom\u00e9tour Educational Tours\"},\"image\":{\"@id\":\"https:\/\/prometour.com\/fr\/#\/schema\/logo\/image\/\"},\"sameAs\":[\"https:\/\/www.facebook.com\/PrometourEduTours\",\"https:\/\/x.com\/Prometour\",\"https:\/\/www.instagram.com\/prometour\/\",\"https:\/\/www.linkedin.com\/company\/prometour\",\"https:\/\/www.pinterest.ca\/prometour\/\",\"https:\/\/www.youtube.com\/channel\/UCGUzI7zRN1jyJA_vnuq4GPA\"]}]}<\/script>\n<!-- \/ Yoast SEO plugin. -->","yoast_head_json":{"title":"Pourquoi choisir Prom\u00e9tour","description":"Have a taste of Prometour's professionalism when it comes to school tours. Understand why Prometour is so highly rated by costumers and travel sites alike.","robots":{"index":"index","follow":"follow","max-snippet":"max-snippet:-1","max-image-preview":"max-image-preview:large","max-video-preview":"max-video-preview:-1"},"canonical":"https:\/\/prometour.com\/fr\/pourquoi-choisir-prometour\/","og_locale":"fr_FR","og_type":"article","og_title":"Pourquoi choisir Prom\u00e9tour","og_description":"Have a taste of Prometour's professionalism when it comes to school tours. Understand why Prometour is so highly rated by costumers and travel sites alike.","og_url":"https:\/\/prometour.com\/fr\/pourquoi-choisir-prometour\/","og_site_name":"Prom&eacute;tour","article_publisher":"https:\/\/www.facebook.com\/PrometourEduTours","article_modified_time":"2025-12-17T14:15:00+00:00","og_image":[{"width":550,"height":550,"url":"https:\/\/prometour.com\/wp-content\/uploads\/2018\/01\/pexels-photo-335393-550x550.jpeg","type":"image\/jpeg"}],"twitter_card":"summary_large_image","twitter_site":"@Prometour","twitter_misc":{"Dur\u00e9e de lecture estim\u00e9e":"4 minutes"},"schema":{"@context":"https:\/\/schema.org","@graph":[{"@type":"WebPage","@id":"https:\/\/prometour.com\/fr\/pourquoi-choisir-prometour\/","url":"https:\/\/prometour.com\/fr\/pourquoi-choisir-prometour\/","name":"Pourquoi choisir Prom\u00e9tour","isPartOf":{"@id":"https:\/\/prometour.com\/fr\/#website"},"primaryImageOfPage":{"@id":"https:\/\/prometour.com\/fr\/pourquoi-choisir-prometour\/#primaryimage"},"image":{"@id":"https:\/\/prometour.com\/fr\/pourquoi-choisir-prometour\/#primaryimage"},"thumbnailUrl":"https:\/\/prometour.com\/wp-content\/uploads\/2018\/01\/pexels-photo-335393-550x550.jpeg","datePublished":"2018-01-10T20:01:26+00:00","dateModified":"2025-12-17T14:15:00+00:00","description":"Have a taste of Prometour's professionalism when it comes to school tours. Understand why Prometour is so highly rated by costumers and travel sites alike.","breadcrumb":{"@id":"https:\/\/prometour.com\/fr\/pourquoi-choisir-prometour\/#breadcrumb"},"inLanguage":"fr-FR","potentialAction":[{"@type":"ReadAction","target":["https:\/\/prometour.com\/fr\/pourquoi-choisir-prometour\/"]}]},{"@type":"ImageObject","inLanguage":"fr-FR","@id":"https:\/\/prometour.com\/fr\/pourquoi-choisir-prometour\/#primaryimage","url":"https:\/\/prometour.com\/wp-content\/uploads\/2018\/01\/pexels-photo-335393-550x550.jpeg","contentUrl":"https:\/\/prometour.com\/wp-content\/uploads\/2018\/01\/pexels-photo-335393-550x550.jpeg","width":550,"height":550},{"@type":"BreadcrumbList","@id":"https:\/\/prometour.com\/fr\/pourquoi-choisir-prometour\/#breadcrumb","itemListElement":[{"@type":"ListItem","position":1,"name":"Prometour","item":"https:\/\/prometour.com\/fr\/"},{"@type":"ListItem","position":2,"name":"Prometour Career Opportunities","item":"https:\/\/prometour.com\/fr\/page_category\/prometour-careers-opportunities-fr\/"},{"@type":"ListItem","position":3,"name":"Pourquoi choisir Prom\u00e9tour"}]},{"@type":"WebSite","@id":"https:\/\/prometour.com\/fr\/#website","url":"https:\/\/prometour.com\/fr\/","name":"Prom\u00e9tour","description":"Experts in Customized Student Tours and Class trips","publisher":{"@id":"https:\/\/prometour.com\/fr\/#organization"},"potentialAction":[{"@type":"SearchAction","target":{"@type":"EntryPoint","urlTemplate":"https:\/\/prometour.com\/fr\/?s={search_term_string}"},"query-input":{"@type":"PropertyValueSpecification","valueRequired":true,"valueName":"search_term_string"}}],"inLanguage":"fr-FR"},{"@type":"Organization","@id":"https:\/\/prometour.com\/fr\/#organization","name":"Prom\u00e9tour Educational Tours","url":"https:\/\/prometour.com\/fr\/","logo":{"@type":"ImageObject","inLanguage":"fr-FR","@id":"https:\/\/prometour.com\/fr\/#\/schema\/logo\/image\/","url":"https:\/\/prometour.com\/wp-content\/uploads\/2017\/11\/Prometour_Logo_CMYK.gif","contentUrl":"https:\/\/prometour.com\/wp-content\/uploads\/2017\/11\/Prometour_Logo_CMYK.gif","width":2265,"height":663,"caption":"Prom\u00e9tour Educational Tours"},"image":{"@id":"https:\/\/prometour.com\/fr\/#\/schema\/logo\/image\/"},"sameAs":["https:\/\/www.facebook.com\/PrometourEduTours","https:\/\/x.com\/Prometour","https:\/\/www.instagram.com\/prometour\/","https:\/\/www.linkedin.com\/company\/prometour","https:\/\/www.pinterest.ca\/prometour\/","https:\/\/www.youtube.com\/channel\/UCGUzI7zRN1jyJA_vnuq4GPA"]}]}},"_links":{"self":[{"href":"https:\/\/prometour.com\/fr\/wp-json\/wp\/v2\/pages\/81941","targetHints":{"allow":["GET"]}}],"collection":[{"href":"https:\/\/prometour.com\/fr\/wp-json\/wp\/v2\/pages"}],"about":[{"href":"https:\/\/prometour.com\/fr\/wp-json\/wp\/v2\/types\/page"}],"author":[{"embeddable":true,"href":"https:\/\/prometour.com\/fr\/wp-json\/wp\/v2\/users\/19"}],"replies":[{"embeddable":true,"href":"https:\/\/prometour.com\/fr\/wp-json\/wp\/v2\/comments?post=81941"}],"version-history":[{"count":7,"href":"https:\/\/prometour.com\/fr\/wp-json\/wp\/v2\/pages\/81941\/revisions"}],"predecessor-version":[{"id":89463,"href":"https:\/\/prometour.com\/fr\/wp-json\/wp\/v2\/pages\/81941\/revisions\/89463"}],"wp:featuredmedia":[{"embeddable":true,"href":"https:\/\/prometour.com\/fr\/wp-json\/wp\/v2\/media\/81943"}],"wp:attachment":[{"href":"https:\/\/prometour.com\/fr\/wp-json\/wp\/v2\/media?parent=81941"}],"curies":[{"name":"wp","href":"https:\/\/api.w.org\/{rel}","templated":true}]}}