{"id":81978,"date":"2017-12-04T07:47:51","date_gmt":"2017-12-04T12:47:51","guid":{"rendered":"https:\/\/prometour.com\/best-destinations-students\/"},"modified":"2020-09-28T16:07:14","modified_gmt":"2020-09-28T20:07:14","slug":"meilleures-destinations-pour-vos-etudiants","status":"publish","type":"page","link":"https:\/\/prometour.com\/fr\/guides\/meilleures-destinations-pour-vos-etudiants\/","title":{"rendered":"Meilleures destinations pour vos \u00e9tudiants"},"content":{"rendered":"<div class=\"wpb-content-wrapper\"><p>[vc_row row_height_percent=\u00a0\u00bb0&Prime; back_color=\u00a0\u00bbcolor-gyho\u00a0\u00bb overlay_alpha=\u00a0\u00bb49&Prime; gutter_size=\u00a0\u00bb3&Prime; column_width_percent=\u00a0\u00bb100&Prime; shift_y=\u00a0\u00bb0&Prime; z_index=\u00a0\u00bb0&Prime;][vc_column column_width_percent=\u00a0\u00bb100&Prime; overlay_alpha=\u00a0\u00bb50&Prime; gutter_size=\u00a0\u00bb3&Prime; medium_width=\u00a0\u00bb0&Prime; mobile_width=\u00a0\u00bb0&Prime; shift_x=\u00a0\u00bb0&Prime; shift_y=\u00a0\u00bb0&Prime; shift_y_down=\u00a0\u00bb0&Prime; z_index=\u00a0\u00bb0&Prime; width=\u00a0\u00bb1\/1&Prime;][vc_column_text]<span style=\"color: #000000;\">See what amazing learning <a href=\"https:\/\/prometour.com\/your-story\/\">opportunities<\/a> are available to you and your students.<\/span><\/p>\n<p><span style=\"color: #000000;\">If you could go anywhere with your students, where would you go? What sights would you like them to see with their own eyes? What activities would you like them to participate in? You may be set on a particular destination, especially if your goals for the trip include the practice of a foreign language or visit <\/span>to<span style=\"color: #000000;\"> a particular historical site. In this case, this guide will help you identify more sites and on-tour activities to round out your itinerary in a particular country.<\/span><\/p>\n<p><span style=\"color: #000000;\">Or you may have set educational goals that could be met in a variety of places. In this case, you\u2019re more likely to be considering several destinations. This guide will help you choose the destination(s) that are the best match for your students. Peruse the country profiles, note the iconic places that draw people to visit and the only-there experiences that will have a big impact on your students. If your wanderlust is not already ignited, reading the following pages will do just that!<\/span><\/p>\n<p><span style=\"color: #000000;\">Download this <a href=\"https:\/\/www.youtube.com\/watch?v=ZvMOcmGn7XI&amp;list=PLvYQYyuRWwLwVj-FlMQwQMxew1VD_oqcS\">ebook<\/a> to see what places are out there for you and your class to experience.<\/span>[\/vc_column_text][\/vc_column][\/vc_row][vc_row row_height_percent=\u00a0\u00bb0&Prime; back_color=\u00a0\u00bbcolor-gyho\u00a0\u00bb overlay_alpha=\u00a0\u00bb50&Prime; gutter_size=\u00a0\u00bb3&Prime; column_width_percent=\u00a0\u00bb100&Prime; shift_y=\u00a0\u00bb0&Prime; z_index=\u00a0\u00bb0&Prime;][vc_column width=\u00a0\u00bb1\/2&Prime;][vc_raw_html]JTNDJTIxLS0lMjBCZWdpbiUyME1haWxDaGltcCUyMFNpZ251cCUyMEZvcm0lMjAtLSUzRSUwQSUzQ2xpbmslMjBocmVmJTNEJTIyJTJGJTJGY2RuLWltYWdlcy5tYWlsY2hpbXAuY29tJTJGZW1iZWRjb2RlJTJGY2xhc3NpYy0xMF83LmNzcyUyMiUyMHJlbCUzRCUyMnN0eWxlc2hlZXQlMjIlMjB0eXBlJTNEJTIydGV4dCUyRmNzcyUyMiUzRSUwQSUzQ3N0eWxlJTIwdHlwZSUzRCUyMnRleHQlMkZjc3MlMjIlM0UlMEElMDklMjNtY19lbWJlZF9zaWdudXAlN0JiYWNrZ3JvdW5kJTNBJTIzZmZmJTNCJTIwY2xlYXIlM0FsZWZ0JTNCJTIwZm9udCUzQTE0cHglMjBIZWx2ZXRpY2ElMkNBcmlhbCUyQ3NhbnMtc2VyaWYlM0IlMjAlN0QlMEElMDklMkYlMkElMjBBZGQlMjB5b3VyJTIwb3duJTIwTWFpbENoaW1wJTIwZm9ybSUyMHN0eWxlJTIwb3ZlcnJpZGVzJTIwaW4lMjB5b3VyJTIwc2l0ZSUyMHN0eWxlc2hlZXQlMjBvciUyMGluJTIwdGhpcyUyMHN0eWxlJTIwYmxvY2suJTBBJTA5JTIwJTIwJTIwV2UlMjByZWNvbW1lbmQlMjBtb3ZpbmclMjB0aGlzJTIwYmxvY2slMjBhbmQlMjB0aGUlMjBwcmVjZWRpbmclMjBDU1MlMjBsaW5rJTIwdG8lMjB0aGUlMjBIRUFEJTIwb2YlMjB5b3VyJTIwSFRNTCUyMGZpbGUuJTIwJTJBJTJGJTBBJTNDJTJGc3R5bGUlM0UlMEElM0NkaXYlMjBpZCUzRCUyMm1jX2VtYmVkX3NpZ251cCUyMiUzRSUwQSUzQ2Zvcm0lMjBhY3Rpb24lM0QlMjJodHRwcyUzQSUyRiUyRnByb21ldG91ci51czE1Lmxpc3QtbWFuYWdlLmNvbSUyRnN1YnNjcmliZSUyRnBvc3QlM0Z1JTNEMzdiODgyYzQzNDRiODU1MDIxMWYzODcxYSUyNmFtcCUzQmlkJTNEMjljMzRkNGE0ZiUyMiUyMG1ldGhvZCUzRCUyMnBvc3QlMjIlMjBpZCUzRCUyMm1jLWVtYmVkZGVkLXN1YnNjcmliZS1mb3JtJTIyJTIwbmFtZSUzRCUyMm1jLWVtYmVkZGVkLXN1YnNjcmliZS1mb3JtJTIyJTIwY2xhc3MlM0QlMjJ2YWxpZGF0ZSUyMiUyMHRhcmdldCUzRCUyMl9ibGFuayUyMiUyMG5vdmFsaWRhdGUlM0UlMEElMjAlMjAlMjAlMjAlM0NkaXYlMjBpZCUzRCUyMm1jX2VtYmVkX3NpZ251cF9zY3JvbGwlMjIlM0UlMEElMDklMEElM0NkaXYlMjBjbGFzcyUzRCUyMmluZGljYXRlcy1yZXF1aXJlZCUyMiUzRSUzQ3NwYW4lMjBjbGFzcyUzRCUyMmFzdGVyaXNrJTIyJTNFJTJBJTNDJTJGc3BhbiUzRSUyMGluZGljYXRlcyUyMHJlcXVpcmVkJTNDJTJGZGl2JTNFJTBBJTNDZGl2JTIwY2xhc3MlM0QlMjJtYy1maWVsZC1ncm91cCUyMiUzRSUwQSUwOSUzQ2xhYmVsJTIwZm9yJTNEJTIybWNlLUVNQUlMJTIyJTNFRW1haWwlMjBBZGRyZXNzJTIwJTIwJTNDc3BhbiUyMGNsYXNzJTNEJTIyYXN0ZXJpc2slMjIlM0UlMkElM0MlMkZzcGFuJTNFJTBBJTNDJTJGbGFiZWwlM0UlMEElMDklM0NpbnB1dCUyMHR5cGUlM0QlMjJlbWFpbCUyMiUyMHZhbHVlJTNEJTIyJTIyJTIwbmFtZSUzRCUyMkVNQUlMJTIyJTIwY2xhc3MlM0QlMjJyZXF1aXJlZCUyMGVtYWlsJTIyJTIwaWQlM0QlMjJtY2UtRU1BSUwlMjIlM0UlMEElM0MlMkZkaXYlM0UlMEElM0NkaXYlMjBjbGFzcyUzRCUyMm1jLWZpZWxkLWdyb3VwJTIyJTNFJTBBJTA5JTNDbGFiZWwlMjBmb3IlM0QlMjJtY2UtRk5BTUUlMjIlM0VGaXJzdCUyME5hbWUlMjAlMjAlM0NzcGFuJTIwY2xhc3MlM0QlMjJhc3RlcmlzayUyMiUzRSUyQSUzQyUyRnNwYW4lM0UlMEElM0MlMkZsYWJlbCUzRSUwQSUwOSUzQ2lucHV0JTIwdHlwZSUzRCUyMnRleHQlMjIlMjB2YWx1ZSUzRCUyMiUyMiUyMG5hbWUlM0QlMjJGTkFNRSUyMiUyMGNsYXNzJTNEJTIycmVxdWlyZWQlMjIlMjBpZCUzRCUyMm1jZS1GTkFNRSUyMiUzRSUwQSUzQyUyRmRpdiUzRSUwQSUzQ2RpdiUyMGNsYXNzJTNEJTIybWMtZmllbGQtZ3JvdXAlMjIlM0UlMEElMDklM0NsYWJlbCUyMGZvciUzRCUyMm1jZS1NTUVSR0UyJTIyJTNFTGFzdCUyME5hbWUlMjAlMjAlM0NzcGFuJTIwY2xhc3MlM0QlMjJhc3RlcmlzayUyMiUzRSUyQSUzQyUyRnNwYW4lM0UlMEElM0MlMkZsYWJlbCUzRSUwQSUwOSUzQ2lucHV0JTIwdHlwZSUzRCUyMnRleHQlMjIlMjB2YWx1ZSUzRCUyMiUyMiUyMG5hbWUlM0QlMjJNTUVSR0UyJTIyJTIwY2xhc3MlM0QlMjJyZXF1aXJlZCUyMiUyMGlkJTNEJTIybWNlLU1NRVJHRTIlMjIlM0UlMEElM0MlMkZkaXYlM0UlMEElM0NkaXYlMjBjbGFzcyUzRCUyMm1jLWZpZWxkLWdyb3VwJTIyJTNFJTBBJTA5JTNDbGFiZWwlMjBmb3IlM0QlMjJtY2UtTU1FUkdFNSUyMiUzRVN0YXRlJTIwJTdDJTIwUHJvdmluY2UlMjAlMjAlM0NzcGFuJTIwY2xhc3MlM0QlMjJhc3RlcmlzayUyMiUzRSUyQSUzQyUyRnNwYW4lM0UlMEElM0MlMkZsYWJlbCUzRSUwQSUwOSUzQ2lucHV0JTIwdHlwZSUzRCUyMnRleHQlMjIlMjB2YWx1ZSUzRCUyMiUyMiUyMG5hbWUlM0QlMjJNTUVSR0U1JTIyJTIwY2xhc3MlM0QlMjJyZXF1aXJlZCUyMiUyMGlkJTNEJTIybWNlLU1NRVJHRTUlMjIlM0UlMEElM0MlMkZkaXYlM0UlMEElM0NkaXYlMjBjbGFzcyUzRCUyMm1jLWZpZWxkLWdyb3VwJTIwc2l6ZTFvZjIlMjIlM0UlMEElMDklM0NsYWJlbCUyMGZvciUzRCUyMm1jZS1NTUVSR0U2JTIyJTNFUGhvbmUlMjBOdW1iZXIlMjAlM0MlMkZsYWJlbCUzRSUwQSUwOSUzQ2lucHV0JTIwdHlwZSUzRCUyMnRleHQlMjIlMjBuYW1lJTNEJTIyTU1FUkdFNiUyMiUyMGNsYXNzJTNEJTIyJTIyJTIwdmFsdWUlM0QlMjIlMjIlMjBpZCUzRCUyMm1jZS1NTUVSR0U2JTIyJTNFJTBBJTNDJTJGZGl2JTNFJTBBJTNDZGl2JTIwY2xhc3MlM0QlMjJtYy1maWVsZC1ncm91cCUyMiUzRSUwQSUwOSUzQ2xhYmVsJTIwZm9yJTNEJTIybWNlLU1NRVJHRTMlMjIlM0VTY2hvb2wlMjBOYW1lJTIwJTNDJTJGbGFiZWwlM0UlMEElMDklM0NpbnB1dCUyMHR5cGUlM0QlMjJ0ZXh0JTIyJTIwdmFsdWUlM0QlMjIlMjIlMjBuYW1lJTNEJTIyTU1FUkdFMyUyMiUyMGNsYXNzJTNEJTIyJTIyJTIwaWQlM0QlMjJtY2UtTU1FUkdFMyUyMiUzRSUwQSUzQyUyRmRpdiUzRSUwQSUwOSUzQ2RpdiUyMGlkJTNEJTIybWNlLXJlc3BvbnNlcyUyMiUyMGNsYXNzJTNEJTIyY2xlYXIlMjIlM0UlMEElMDklMDklM0NkaXYlMjBjbGFzcyUzRCUyMnJlc3BvbnNlJTIyJTIwaWQlM0QlMjJtY2UtZXJyb3ItcmVzcG9uc2UlMjIlMjBzdHlsZSUzRCUyMmRpc3BsYXklM0Fub25lJTIyJTNFJTNDJTJGZGl2JTNFJTBBJTA5JTA5JTNDZGl2JTIwY2xhc3MlM0QlMjJyZXNwb25zZSUyMiUyMGlkJTNEJTIybWNlLXN1Y2Nlc3MtcmVzcG9uc2UlMjIlMjBzdHlsZSUzRCUyMmRpc3BsYXklM0Fub25lJTIyJTNFJTNDJTJGZGl2JTNFJTBBJTA5JTNDJTJGZGl2JTNFJTIwJTIwJTIwJTIwJTNDJTIxLS0lMjByZWFsJTIwcGVvcGxlJTIwc2hvdWxkJTIwbm90JTIwZmlsbCUyMHRoaXMlMjBpbiUyMGFuZCUyMGV4cGVjdCUyMGdvb2QlMjB0aGluZ3MlMjAtJTIwZG8lMjBub3QlMjByZW1vdmUlMjB0aGlzJTIwb3IlMjByaXNrJTIwZm9ybSUyMGJvdCUyMHNpZ251cHMtLSUzRSUwQSUyMCUyMCUyMCUyMCUzQ2RpdiUyMHN0eWxlJTNEJTIycG9zaXRpb24lM0ElMjBhYnNvbHV0ZSUzQiUyMGxlZnQlM0ElMjAtNTAwMHB4JTNCJTIyJTIwYXJpYS1oaWRkZW4lM0QlMjJ0cnVlJTIyJTNFJTNDaW5wdXQlMjB0eXBlJTNEJTIydGV4dCUyMiUyMG5hbWUlM0QlMjJiXzM3Yjg4MmM0MzQ0Yjg1NTAyMTFmMzg3MWFfMjljMzRkNGE0ZiUyMiUyMHRhYmluZGV4JTNEJTIyLTElMjIlMjB2YWx1ZSUzRCUyMiUyMiUzRSUzQyUyRmRpdiUzRSUwQSUyMCUyMCUyMCUyMCUzQ2RpdiUyMGNsYXNzJTNEJTIyY2xlYXIlMjIlM0UlM0NpbnB1dCUyMHR5cGUlM0QlMjJzdWJtaXQlMjIlMjB2YWx1ZSUzRCUyMlN1YnNjcmliZSUyMiUyMG5hbWUlM0QlMjJzdWJzY3JpYmUlMjIlMjBpZCUzRCUyMm1jLWVtYmVkZGVkLXN1YnNjcmliZSUyMiUyMGNsYXNzJTNEJTIyYnV0dG9uJTIyJTNFJTNDJTJGZGl2JTNFJTBBJTIwJTIwJTIwJTIwJTNDJTJGZGl2JTNFJTBBJTNDJTJGZm9ybSUzRSUwQSUzQyUyRmRpdiUzRSUwQSUzQ3NjcmlwdCUyMHR5cGUlM0QlMjd0ZXh0JTJGamF2YXNjcmlwdCUyNyUyMHNyYyUzRCUyNyUyRiUyRnMzLmFtYXpvbmF3cy5jb20lMkZkb3dubG9hZHMubWFpbGNoaW1wLmNvbSUyRmpzJTJGbWMtdmFsaWRhdGUuanMlMjclM0UlM0MlMkZzY3JpcHQlM0UlM0NzY3JpcHQlMjB0eXBlJTNEJTI3dGV4dCUyRmphdmFzY3JpcHQlMjclM0UlMjhmdW5jdGlvbiUyOCUyNCUyOSUyMCU3QndpbmRvdy5mbmFtZXMlMjAlM0QlMjBuZXclMjBBcnJheSUyOCUyOSUzQiUyMHdpbmRvdy5mdHlwZXMlMjAlM0QlMjBuZXclMjBBcnJheSUyOCUyOSUzQmZuYW1lcyU1QjAlNUQlM0QlMjdFTUFJTCUyNyUzQmZ0eXBlcyU1QjAlNUQlM0QlMjdlbWFpbCUyNyUzQmZuYW1lcyU1QjElNUQlM0QlMjdGTkFNRSUyNyUzQmZ0eXBlcyU1QjElNUQlM0QlMjd0ZXh0JTI3JTNCZm5hbWVzJTVCMiU1RCUzRCUyN01NRVJHRTIlMjclM0JmdHlwZXMlNUIyJTVEJTNEJTI3dGV4dCUyNyUzQmZuYW1lcyU1QjUlNUQlM0QlMjdNTUVSR0U1JTI3JTNCZnR5cGVzJTVCNSU1RCUzRCUyN3RleHQlMjclM0JmbmFtZXMlNUI2JTVEJTNEJTI3TU1FUkdFNiUyNyUzQmZ0eXBlcyU1QjYlNUQlM0QlMjdwaG9uZSUyNyUzQmZuYW1lcyU1QjMlNUQlM0QlMjdNTUVSR0UzJTI3JTNCZnR5cGVzJTVCMyU1RCUzRCUyN3RleHQlMjclM0IlN0QlMjhqUXVlcnklMjklMjklM0J2YXIlMjAlMjRtY2olMjAlM0QlMjBqUXVlcnkubm9Db25mbGljdCUyOHRydWUlMjklM0IlM0MlMkZzY3JpcHQlM0UlMEElM0MlMjEtLUVuZCUyMG1jX2VtYmVkX3NpZ251cC0tJTNF[\/vc_raw_html][\/vc_column][vc_column width=\u00a0\u00bb1\/2&Prime;][vc_single_image media=\u00a0\u00bb74567&Prime; media_lightbox=\u00a0\u00bbyes\u00a0\u00bb media_width_percent=\u00a0\u00bb100&Prime; shadow=\u00a0\u00bbyes\u00a0\u00bb shadow_weight=\u00a0\u00bbstd\u00a0\u00bb shadow_darker=\u00a0\u00bbyes\u00a0\u00bb][vc_column_text]<\/p>\n<blockquote><p><span style=\"color: #000000;\">\u201cTravel makes one modest. You see what a tiny place you occupy in the world.\u201d \u2013 Scott Cameron<\/span><\/p><\/blockquote>\n<p>[\/vc_column_text][\/vc_column][\/vc_row]<\/p>\n<\/div>","protected":false},"excerpt":{"rendered":"<p>[vc_row row_height_percent=\u00a0\u00bb0&Prime; back_color=\u00a0\u00bbcolor-gyho\u00a0\u00bb overlay_alpha=\u00a0\u00bb49&Prime; gutter_size=\u00a0\u00bb3&Prime; column_width_percent=\u00a0\u00bb100&Prime; shift_y=\u00a0\u00bb0&Prime; z_index=\u00a0\u00bb0&Prime;][vc_column column_width_percent=\u00a0\u00bb100&Prime; overlay_alpha=\u00a0\u00bb50&Prime; gutter_size=\u00a0\u00bb3&Prime; medium_width=\u00a0\u00bb0&Prime; mobile_width=\u00a0\u00bb0&Prime; shift_x=\u00a0\u00bb0&Prime; shift_y=\u00a0\u00bb0&Prime; shift_y_down=\u00a0\u00bb0&Prime; z_index=\u00a0\u00bb0&Prime; width=\u00a0\u00bb1\/1&Prime;][vc_column_text]See what amazing [&hellip;]<\/p>\n","protected":false},"author":19,"featured_media":81980,"parent":82529,"menu_order":0,"comment_status":"closed","ping_status":"closed","template":"","meta":{"content-type":"","footnotes":""},"class_list":["post-81978","page","type-page","status-publish","has-post-thumbnail","hentry","page_category-download-guides-fr"],"yoast_head":"<!-- This site is optimized with the Yoast SEO plugin v27.2 - https:\/\/yoast.com\/product\/yoast-seo-wordpress\/ -->\n<title>Guide: Meilleures destinations pour vos \u00e9tudiants | Prom\u00e9tour Voyages \u00c9ducatifs<\/title>\n<meta name=\"description\" content=\"This guide will help you choose the best destination(s) for your educational student tour as you begin planning a trip your students will never forget!\" \/>\n<meta name=\"robots\" content=\"index, follow, max-snippet:-1, max-image-preview:large, max-video-preview:-1\" \/>\n<link rel=\"canonical\" href=\"https:\/\/prometour.com\/fr\/guides\/meilleures-destinations-pour-vos-etudiants\/\" \/>\n<meta property=\"og:locale\" content=\"fr_FR\" \/>\n<meta property=\"og:type\" content=\"article\" \/>\n<meta property=\"og:title\" content=\"Guide: Meilleures destinations pour vos \u00e9tudiants | Prom\u00e9tour Voyages \u00c9ducatifs\" \/>\n<meta property=\"og:description\" content=\"This guide will help you choose the best destination(s) for your educational student tour as you begin planning a trip your students will never forget!\" \/>\n<meta property=\"og:url\" content=\"https:\/\/prometour.com\/fr\/guides\/meilleures-destinations-pour-vos-etudiants\/\" \/>\n<meta property=\"og:site_name\" content=\"Prom&eacute;tour\" \/>\n<meta property=\"article:publisher\" content=\"https:\/\/www.facebook.com\/PrometourEduTours\" \/>\n<meta property=\"article:modified_time\" content=\"2020-09-28T20:07:14+00:00\" \/>\n<meta property=\"og:image\" content=\"https:\/\/prometour.com\/wp-content\/uploads\/2018\/01\/615818338.jpg\" \/>\n\t<meta property=\"og:image:width\" content=\"1920\" \/>\n\t<meta property=\"og:image:height\" content=\"1280\" \/>\n\t<meta property=\"og:image:type\" content=\"image\/jpeg\" \/>\n<meta name=\"twitter:card\" content=\"summary_large_image\" \/>\n<meta name=\"twitter:site\" content=\"@Prometour\" \/>\n<meta name=\"twitter:label1\" content=\"Dur\u00e9e de lecture estim\u00e9e\" \/>\n\t<meta name=\"twitter:data1\" content=\"4 minutes\" \/>\n<script type=\"application\/ld+json\" class=\"yoast-schema-graph\">{\"@context\":\"https:\/\/schema.org\",\"@graph\":[{\"@type\":\"WebPage\",\"@id\":\"https:\/\/prometour.com\/fr\/guides\/meilleures-destinations-pour-vos-etudiants\/\",\"url\":\"https:\/\/prometour.com\/fr\/guides\/meilleures-destinations-pour-vos-etudiants\/\",\"name\":\"Guide: Meilleures destinations pour vos \u00e9tudiants | Prom\u00e9tour Voyages \u00c9ducatifs\",\"isPartOf\":{\"@id\":\"https:\/\/prometour.com\/fr\/#website\"},\"primaryImageOfPage\":{\"@id\":\"https:\/\/prometour.com\/fr\/guides\/meilleures-destinations-pour-vos-etudiants\/#primaryimage\"},\"image\":{\"@id\":\"https:\/\/prometour.com\/fr\/guides\/meilleures-destinations-pour-vos-etudiants\/#primaryimage\"},\"thumbnailUrl\":\"https:\/\/prometour.com\/wp-content\/uploads\/2018\/01\/615818338.jpg\",\"datePublished\":\"2017-12-04T12:47:51+00:00\",\"dateModified\":\"2020-09-28T20:07:14+00:00\",\"description\":\"This guide will help you choose the best destination(s) for your educational student tour as you begin planning a trip your students will never forget!\",\"breadcrumb\":{\"@id\":\"https:\/\/prometour.com\/fr\/guides\/meilleures-destinations-pour-vos-etudiants\/#breadcrumb\"},\"inLanguage\":\"fr-FR\",\"potentialAction\":[{\"@type\":\"ReadAction\",\"target\":[\"https:\/\/prometour.com\/fr\/guides\/meilleures-destinations-pour-vos-etudiants\/\"]}]},{\"@type\":\"ImageObject\",\"inLanguage\":\"fr-FR\",\"@id\":\"https:\/\/prometour.com\/fr\/guides\/meilleures-destinations-pour-vos-etudiants\/#primaryimage\",\"url\":\"https:\/\/prometour.com\/wp-content\/uploads\/2018\/01\/615818338.jpg\",\"contentUrl\":\"https:\/\/prometour.com\/wp-content\/uploads\/2018\/01\/615818338.jpg\",\"width\":1920,\"height\":1280,\"caption\":\"travel background, destination on the world map\"},{\"@type\":\"BreadcrumbList\",\"@id\":\"https:\/\/prometour.com\/fr\/guides\/meilleures-destinations-pour-vos-etudiants\/#breadcrumb\",\"itemListElement\":[{\"@type\":\"ListItem\",\"position\":1,\"name\":\"Prometour\",\"item\":\"https:\/\/prometour.com\/fr\/\"},{\"@type\":\"ListItem\",\"position\":2,\"name\":\"Download Guides\",\"item\":\"https:\/\/prometour.com\/fr\/page_category\/download-guides-fr\/\"},{\"@type\":\"ListItem\",\"position\":3,\"name\":\"Guides\",\"item\":\"https:\/\/prometour.com\/fr\/guides\/\"},{\"@type\":\"ListItem\",\"position\":4,\"name\":\"Meilleures destinations pour vos \u00e9tudiants\"}]},{\"@type\":\"WebSite\",\"@id\":\"https:\/\/prometour.com\/fr\/#website\",\"url\":\"https:\/\/prometour.com\/fr\/\",\"name\":\"Prom\u00e9tour\",\"description\":\"Experts in Customized Student Tours and Class trips\",\"publisher\":{\"@id\":\"https:\/\/prometour.com\/fr\/#organization\"},\"potentialAction\":[{\"@type\":\"SearchAction\",\"target\":{\"@type\":\"EntryPoint\",\"urlTemplate\":\"https:\/\/prometour.com\/fr\/?s={search_term_string}\"},\"query-input\":{\"@type\":\"PropertyValueSpecification\",\"valueRequired\":true,\"valueName\":\"search_term_string\"}}],\"inLanguage\":\"fr-FR\"},{\"@type\":\"Organization\",\"@id\":\"https:\/\/prometour.com\/fr\/#organization\",\"name\":\"Prom\u00e9tour Educational Tours\",\"url\":\"https:\/\/prometour.com\/fr\/\",\"logo\":{\"@type\":\"ImageObject\",\"inLanguage\":\"fr-FR\",\"@id\":\"https:\/\/prometour.com\/fr\/#\/schema\/logo\/image\/\",\"url\":\"https:\/\/prometour.com\/wp-content\/uploads\/2017\/11\/Prometour_Logo_CMYK.gif\",\"contentUrl\":\"https:\/\/prometour.com\/wp-content\/uploads\/2017\/11\/Prometour_Logo_CMYK.gif\",\"width\":2265,\"height\":663,\"caption\":\"Prom\u00e9tour Educational Tours\"},\"image\":{\"@id\":\"https:\/\/prometour.com\/fr\/#\/schema\/logo\/image\/\"},\"sameAs\":[\"https:\/\/www.facebook.com\/PrometourEduTours\",\"https:\/\/x.com\/Prometour\",\"https:\/\/www.instagram.com\/prometour\/\",\"https:\/\/www.linkedin.com\/company\/prometour\",\"https:\/\/www.pinterest.ca\/prometour\/\",\"https:\/\/www.youtube.com\/channel\/UCGUzI7zRN1jyJA_vnuq4GPA\"]}]}<\/script>\n<!-- \/ Yoast SEO plugin. -->","yoast_head_json":{"title":"Guide: Meilleures destinations pour vos \u00e9tudiants | Prom\u00e9tour Voyages \u00c9ducatifs","description":"This guide will help you choose the best destination(s) for your educational student tour as you begin planning a trip your students will never forget!","robots":{"index":"index","follow":"follow","max-snippet":"max-snippet:-1","max-image-preview":"max-image-preview:large","max-video-preview":"max-video-preview:-1"},"canonical":"https:\/\/prometour.com\/fr\/guides\/meilleures-destinations-pour-vos-etudiants\/","og_locale":"fr_FR","og_type":"article","og_title":"Guide: Meilleures destinations pour vos \u00e9tudiants | Prom\u00e9tour Voyages \u00c9ducatifs","og_description":"This guide will help you choose the best destination(s) for your educational student tour as you begin planning a trip your students will never forget!","og_url":"https:\/\/prometour.com\/fr\/guides\/meilleures-destinations-pour-vos-etudiants\/","og_site_name":"Prom&eacute;tour","article_publisher":"https:\/\/www.facebook.com\/PrometourEduTours","article_modified_time":"2020-09-28T20:07:14+00:00","og_image":[{"width":1920,"height":1280,"url":"https:\/\/prometour.com\/wp-content\/uploads\/2018\/01\/615818338.jpg","type":"image\/jpeg"}],"twitter_card":"summary_large_image","twitter_site":"@Prometour","twitter_misc":{"Dur\u00e9e de lecture estim\u00e9e":"4 minutes"},"schema":{"@context":"https:\/\/schema.org","@graph":[{"@type":"WebPage","@id":"https:\/\/prometour.com\/fr\/guides\/meilleures-destinations-pour-vos-etudiants\/","url":"https:\/\/prometour.com\/fr\/guides\/meilleures-destinations-pour-vos-etudiants\/","name":"Guide: Meilleures destinations pour vos \u00e9tudiants | Prom\u00e9tour Voyages \u00c9ducatifs","isPartOf":{"@id":"https:\/\/prometour.com\/fr\/#website"},"primaryImageOfPage":{"@id":"https:\/\/prometour.com\/fr\/guides\/meilleures-destinations-pour-vos-etudiants\/#primaryimage"},"image":{"@id":"https:\/\/prometour.com\/fr\/guides\/meilleures-destinations-pour-vos-etudiants\/#primaryimage"},"thumbnailUrl":"https:\/\/prometour.com\/wp-content\/uploads\/2018\/01\/615818338.jpg","datePublished":"2017-12-04T12:47:51+00:00","dateModified":"2020-09-28T20:07:14+00:00","description":"This guide will help you choose the best destination(s) for your educational student tour as you begin planning a trip your students will never forget!","breadcrumb":{"@id":"https:\/\/prometour.com\/fr\/guides\/meilleures-destinations-pour-vos-etudiants\/#breadcrumb"},"inLanguage":"fr-FR","potentialAction":[{"@type":"ReadAction","target":["https:\/\/prometour.com\/fr\/guides\/meilleures-destinations-pour-vos-etudiants\/"]}]},{"@type":"ImageObject","inLanguage":"fr-FR","@id":"https:\/\/prometour.com\/fr\/guides\/meilleures-destinations-pour-vos-etudiants\/#primaryimage","url":"https:\/\/prometour.com\/wp-content\/uploads\/2018\/01\/615818338.jpg","contentUrl":"https:\/\/prometour.com\/wp-content\/uploads\/2018\/01\/615818338.jpg","width":1920,"height":1280,"caption":"travel background, destination on the world map"},{"@type":"BreadcrumbList","@id":"https:\/\/prometour.com\/fr\/guides\/meilleures-destinations-pour-vos-etudiants\/#breadcrumb","itemListElement":[{"@type":"ListItem","position":1,"name":"Prometour","item":"https:\/\/prometour.com\/fr\/"},{"@type":"ListItem","position":2,"name":"Download Guides","item":"https:\/\/prometour.com\/fr\/page_category\/download-guides-fr\/"},{"@type":"ListItem","position":3,"name":"Guides","item":"https:\/\/prometour.com\/fr\/guides\/"},{"@type":"ListItem","position":4,"name":"Meilleures destinations pour vos \u00e9tudiants"}]},{"@type":"WebSite","@id":"https:\/\/prometour.com\/fr\/#website","url":"https:\/\/prometour.com\/fr\/","name":"Prom\u00e9tour","description":"Experts in Customized Student Tours and Class trips","publisher":{"@id":"https:\/\/prometour.com\/fr\/#organization"},"potentialAction":[{"@type":"SearchAction","target":{"@type":"EntryPoint","urlTemplate":"https:\/\/prometour.com\/fr\/?s={search_term_string}"},"query-input":{"@type":"PropertyValueSpecification","valueRequired":true,"valueName":"search_term_string"}}],"inLanguage":"fr-FR"},{"@type":"Organization","@id":"https:\/\/prometour.com\/fr\/#organization","name":"Prom\u00e9tour Educational Tours","url":"https:\/\/prometour.com\/fr\/","logo":{"@type":"ImageObject","inLanguage":"fr-FR","@id":"https:\/\/prometour.com\/fr\/#\/schema\/logo\/image\/","url":"https:\/\/prometour.com\/wp-content\/uploads\/2017\/11\/Prometour_Logo_CMYK.gif","contentUrl":"https:\/\/prometour.com\/wp-content\/uploads\/2017\/11\/Prometour_Logo_CMYK.gif","width":2265,"height":663,"caption":"Prom\u00e9tour Educational Tours"},"image":{"@id":"https:\/\/prometour.com\/fr\/#\/schema\/logo\/image\/"},"sameAs":["https:\/\/www.facebook.com\/PrometourEduTours","https:\/\/x.com\/Prometour","https:\/\/www.instagram.com\/prometour\/","https:\/\/www.linkedin.com\/company\/prometour","https:\/\/www.pinterest.ca\/prometour\/","https:\/\/www.youtube.com\/channel\/UCGUzI7zRN1jyJA_vnuq4GPA"]}]}},"_links":{"self":[{"href":"https:\/\/prometour.com\/fr\/wp-json\/wp\/v2\/pages\/81978","targetHints":{"allow":["GET"]}}],"collection":[{"href":"https:\/\/prometour.com\/fr\/wp-json\/wp\/v2\/pages"}],"about":[{"href":"https:\/\/prometour.com\/fr\/wp-json\/wp\/v2\/types\/page"}],"author":[{"embeddable":true,"href":"https:\/\/prometour.com\/fr\/wp-json\/wp\/v2\/users\/19"}],"replies":[{"embeddable":true,"href":"https:\/\/prometour.com\/fr\/wp-json\/wp\/v2\/comments?post=81978"}],"version-history":[{"count":2,"href":"https:\/\/prometour.com\/fr\/wp-json\/wp\/v2\/pages\/81978\/revisions"}],"predecessor-version":[{"id":83200,"href":"https:\/\/prometour.com\/fr\/wp-json\/wp\/v2\/pages\/81978\/revisions\/83200"}],"up":[{"embeddable":true,"href":"https:\/\/prometour.com\/fr\/wp-json\/wp\/v2\/pages\/82529"}],"wp:featuredmedia":[{"embeddable":true,"href":"https:\/\/prometour.com\/fr\/wp-json\/wp\/v2\/media\/81980"}],"wp:attachment":[{"href":"https:\/\/prometour.com\/fr\/wp-json\/wp\/v2\/media?parent=81978"}],"curies":[{"name":"wp","href":"https:\/\/api.w.org\/{rel}","templated":true}]}}