{"id":81981,"date":"2017-12-04T07:42:44","date_gmt":"2017-12-04T12:42:44","guid":{"rendered":"https:\/\/prometour.com\/student-groups\/experiences\/community-outreach\/"},"modified":"2021-03-16T13:14:22","modified_gmt":"2021-03-16T17:14:22","slug":"sensibilisation-communautaire","status":"publish","type":"page","link":"https:\/\/prometour.com\/fr\/sensibilisation-communautaire\/","title":{"rendered":"Sensibilisation communautaire"},"content":{"rendered":"<div class=\"wpb-content-wrapper\"><p>[vc_row row_height_percent=\u00a0\u00bb0&Prime; override_padding=\u00a0\u00bbyes\u00a0\u00bb h_padding=\u00a0\u00bb2&Prime; top_padding=\u00a0\u00bb2&Prime; bottom_padding=\u00a0\u00bb3&Prime; back_color=\u00a0\u00bbcolor-gyho\u00a0\u00bb overlay_alpha=\u00a0\u00bb50&Prime; gutter_size=\u00a0\u00bb3&Prime; column_width_percent=\u00a0\u00bb100&Prime; shift_y=\u00a0\u00bb0&Prime; z_index=\u00a0\u00bb0&Prime;][vc_column column_width_percent=\u00a0\u00bb100&Prime; align_horizontal=\u00a0\u00bbalign_center\u00a0\u00bb gutter_size=\u00a0\u00bb3&Prime; overlay_alpha=\u00a0\u00bb50&Prime; shift_x=\u00a0\u00bb0&Prime; shift_y=\u00a0\u00bb0&Prime; shift_y_down=\u00a0\u00bb0&Prime; z_index=\u00a0\u00bb0&Prime; medium_width=\u00a0\u00bb0&Prime; mobile_width=\u00a0\u00bb0&Prime; width=\u00a0\u00bb1\/1&Prime;][vc_custom_heading text_size=\u00a0\u00bbh1&Prime;]<\/p>\n<h1>Sensibilisation communautaire: Un monde de possibilit\u00e9s<\/h1>\n<p>[\/vc_custom_heading][vc_empty_space empty_h=\u00a0\u00bb1&Prime;][vc_column_text]<\/p>\n<p style=\"text-align: left;\">Nos programmes de sensibilisation communautaire offrent aux \u00e9tudiants et aux enseignants la possibilit\u00e9 de redonner et d&rsquo;aider les personnes dans le besoin.<\/p>\n<p style=\"text-align: left;\">Gr\u00e2ce \u00e0 des gestes simples, nous croyons que les participants acquerront des comp\u00e9tences de coop\u00e9ration et d\u00e9velopperont leur estime de soi tout en travaillant avec les habitants pour am\u00e9liorer leur communaut\u00e9.<\/p>\n<p style=\"text-align: left;\">Qu&rsquo;il s&rsquo;agisse d&rsquo;aider les agriculteurs locaux au P\u00e9rou, de lutter contre les changements climatiques un arbre \u00e0 la fois au Costa Rica ou de ramasser et de distribuer des produits non p\u00e9rissables au Qu\u00e9bec, les participants cr\u00e9eront des souvenirs qui dureront toute une vie.<\/p>\n<p style=\"text-align: left;\">Avec plus de 25 ans d\u2019exp\u00e9rience dans le domaine du voyage \u00e9ducatif, Prom\u00e9tour a \u00e9t\u00e9 qualifi\u00e9 par plusieurs, d&rsquo;artisan du voyage \u00e9tudiant. Notre engagement envers le service \u00e0 la client\u00e8le et la s\u00e9curit\u00e9 fait de l&rsquo;ensemble du processus de r\u00e9servation et de voyage une exp\u00e9rience agr\u00e9able du d\u00e9but \u00e0 la fin.<\/p>\n<p>[\/vc_column_text][\/vc_column][\/vc_row][vc_row row_height_percent=\u00a0\u00bb0&Prime; overlay_alpha=\u00a0\u00bb50&Prime; gutter_size=\u00a0\u00bb3&Prime; column_width_percent=\u00a0\u00bb100&Prime; shift_y=\u00a0\u00bb0&Prime; z_index=\u00a0\u00bb0&Prime;][vc_column width=\u00a0\u00bb1\/1&Prime;][vc_column_text]<\/p>\n<h3>P\u00e9rou<\/h3>\n<p>Rencontrez le peuple p\u00e9ruvien, visitez des \u00e9coles locales, participez \u00e0 des ateliers de fabrication de jouets et d&rsquo;artisanat et plus encore. Nos programmes de sensibilisation vous permettent de vivre la vie d&rsquo;un local![\/vc_column_text][\/vc_column][\/vc_row][vc_row row_height_percent=\u00a0\u00bb20&Prime; override_padding=\u00a0\u00bbyes\u00a0\u00bb h_padding=\u00a0\u00bb2&Prime; top_padding=\u00a0\u00bb1&Prime; bottom_padding=\u00a0\u00bb1&Prime; overlay_alpha=\u00a0\u00bb50&Prime; gutter_size=\u00a0\u00bb1&Prime; column_width_percent=\u00a0\u00bb100&Prime; shift_y=\u00a0\u00bb0&Prime; z_index=\u00a0\u00bb0&Prime; css=\u00a0\u00bb.vc_custom_1614260149129{margin-bottom: 2px !important;}\u00a0\u00bb][vc_column width=\u00a0\u00bb1\/1&Prime;][vc_empty_space empty_h=\u00a0\u00bb1&Prime;][vc_custom_heading text_size=\u00a0\u00bbh1&Prime;]<\/p>\n<h2 class=\"post-title\">L&rsquo;incroyable retour d&rsquo;un \u00e9tudiant au P\u00e9rou<\/h2>\n<p>[\/vc_custom_heading][vc_gallery el_id=\u00a0\u00bbgallery-676720&Prime; type=\u00a0\u00bbcarousel\u00a0\u00bb medias=\u00a0\u00bb72372,72376,72371,72374&Prime; gallery_back_color=\u00a0\u00bbcolor-gyho\u00a0\u00bb carousel_lg=\u00a0\u00bb1&Prime; carousel_md=\u00a0\u00bb1&Prime; carousel_sm=\u00a0\u00bb1&Prime; thumb_size=\u00a0\u00bbtwentyone-nine\u00a0\u00bb gutter_size=\u00a0\u00bb3&Prime; carousel_height=\u00a0\u00bbequal\u00a0\u00bb carousel_interval=\u00a0\u00bb3000&Prime; carousel_navspeed=\u00a0\u00bb400&Prime; carousel_nav=\u00a0\u00bbyes\u00a0\u00bb carousel_autoh=\u00a0\u00bbyes\u00a0\u00bb stage_padding=\u00a0\u00bb0&Prime; single_overlay_opacity=\u00a0\u00bb50&Prime; single_padding=\u00a0\u00bb2&Prime;][vc_button button_color=\u00a0\u00bbaccent\u00a0\u00bb border_width=\u00a0\u00bb0&Prime; icon_position=\u00a0\u00bbright\u00a0\u00bb link=\u00a0\u00bburl:https%3A%2F%2Fblog.prometour.com%2Fone-students-amazing-monumental-return-to-peru||target:%20_blank|\u00a0\u00bb icon=\u00a0\u00bbfa fa-arrow-right\u00a0\u00bb]EN SAVOIR PLUS[\/vc_button][vc_empty_space empty_h=\u00a0\u00bb1&Prime;][\/vc_column][\/vc_row][vc_row row_height_percent=\u00a0\u00bb0&Prime; overlay_alpha=\u00a0\u00bb50&Prime; gutter_size=\u00a0\u00bb3&Prime; column_width_percent=\u00a0\u00bb100&Prime; shift_y=\u00a0\u00bb0&Prime; z_index=\u00a0\u00bb0&Prime;][vc_column width=\u00a0\u00bb1\/1&Prime;][vc_column_text]<\/p>\n<h3>Costa Rica<\/h3>\n<p>Donner un coup de main est une merveilleuse fa\u00e7on pour les participants d&rsquo;interagir avec les habitants, d&rsquo;exercer leurs comp\u00e9tences linguistiques et de d\u00e9couvrir la culture du Costa Rica. Ce qui donne l&rsquo;opportunit\u00e9 d&rsquo;aider une communaut\u00e9 \u00e0 se d\u00e9velopper! Du travail b\u00e9n\u00e9vole aux initiatives de sensibilisation communautaire, nous avons les programmes parfaits pour vous unir \u00e0 la population locale du Costa Rica. Apprenez \u00e0 quoi ressemble la vie en tant que Tico ou Tica:[\/vc_column_text][\/vc_column][\/vc_row][vc_row row_height_percent=\u00a0\u00bb0&Prime; overlay_alpha=\u00a0\u00bb50&Prime; gutter_size=\u00a0\u00bb3&Prime; column_width_percent=\u00a0\u00bb100&Prime; shift_y=\u00a0\u00bb0&Prime; z_index=\u00a0\u00bb0&Prime;][vc_column width=\u00a0\u00bb1\/3&Prime;][vc_column_text]<strong>Posada Bel\u00e9n<\/strong><\/p>\n<p>Posada Bel\u00e9n est une maison pour les jeunes m\u00e8res et leurs b\u00e9b\u00e9s. Elles aiment parler avec les gens, en particulier ceux de leur propre tranche d&rsquo;\u00e2ge.\u00a0 Elles peuvent toujours se pr\u00e9valoir de l&rsquo;aide pour prendre soin des enfants ![\/vc_column_text][\/vc_column][vc_column width=\u00a0\u00bb1\/3&Prime;][vc_column_text]<strong>Visites d&rsquo;orphelinat<\/strong><\/p>\n<p>Les enfants adorent interagir avec de nouvelles personnes, exercer leur anglais, jouer.\u00a0 Souvent les b\u00e2timents eux-m\u00eames n\u00e9cessitent d&rsquo;un peu de peinture ou de rafra\u00eechissement.[\/vc_column_text][\/vc_column][vc_column width=\u00a0\u00bb1\/3&Prime;][vc_column_text]<strong>Visites d&rsquo;\u00e9coles publiques<\/strong><\/p>\n<p>Les \u00e9coles publiques ont toujours besoin d&rsquo;aide pour offrir aux \u00e9l\u00e8ves un meilleur endroit pour s&rsquo;instruire! Repeindre les salles de classe peut changer le visage de l&rsquo;\u00e9cole et motiver les enfants \u00e0 \u00e9tudier.[\/vc_column_text][\/vc_column][\/vc_row][vc_row][vc_column column_width_percent=\u00a0\u00bb100&Prime; position_vertical=\u00a0\u00bbmiddle\u00a0\u00bb gutter_size=\u00a0\u00bb3&Prime; overlay_alpha=\u00a0\u00bb50&Prime; shift_x=\u00a0\u00bb0&Prime; shift_y=\u00a0\u00bb0&Prime; shift_y_down=\u00a0\u00bb0&Prime; z_index=\u00a0\u00bb0&Prime; medium_width=\u00a0\u00bb0&Prime; mobile_width=\u00a0\u00bb0&Prime; width=\u00a0\u00bb1\/2&Prime;][vc_column_text]<strong>Cliniques de sant\u00e9 EBAIS<\/strong><\/p>\n<p>Les EBAIS au Costa Rica sont de petites cliniques situ\u00e9es dans la communaut\u00e9. Elles offrent une solution de rechange \u00e0 l&rsquo;obligation d&rsquo;aller \u00e0 l&rsquo;h\u00f4pital pour des blessures ou maladies mineures. Elles sont publiques mais ne re\u00e7oivent aucune aide financi\u00e8re du gouvernement. Elles ont besoin de peinture, de reconstruction et d&rsquo;am\u00e9liorations g\u00e9n\u00e9rales. Ceci est particuli\u00e8rement utile pour la communaut\u00e9.[\/vc_column_text][\/vc_column][vc_column column_width_percent=\u00a0\u00bb100&Prime; gutter_size=\u00a0\u00bb3&Prime; back_color=\u00a0\u00bbaccent\u00a0\u00bb overlay_alpha=\u00a0\u00bb50&Prime; shift_x=\u00a0\u00bb0&Prime; shift_y=\u00a0\u00bb0&Prime; shift_y_down=\u00a0\u00bb0&Prime; z_index=\u00a0\u00bb0&Prime; medium_width=\u00a0\u00bb0&Prime; mobile_width=\u00a0\u00bb0&Prime; width=\u00a0\u00bb1\/2&Prime;][vc_column_text]<span style=\"color: #ffffff;\">Plantation d&rsquo;arbres<\/span><\/p>\n<p><span style=\"color: #ffffff;\">La plantation d&rsquo;arbres montre \u00e0 quel point il est important de conserver la nature et de reboiser les for\u00eats. Re-plantez des amandiers avec une coop\u00e9rative d&rsquo;agriculteurs de la communaut\u00e9 locale. Autour d&rsquo;un repas, les agriculteurs vous renseigneront sur leurs objectifs et leurs r\u00e9alisations pour aider \u00e0 garder le Costa Rica vert! Faites une diff\u00e9rence, faites partie du travail humanitaire mondial!<\/span>[\/vc_column_text][\/vc_column][\/vc_row][vc_row][vc_column width=\u00a0\u00bb1\/1&Prime;][\/vc_column][\/vc_row][vc_row][vc_column width=\u00a0\u00bb1\/1&Prime;][uncode_block id=\u00a0\u00bb84136&Prime;][uncode_block id=\u00a0\u00bb84191&Prime;][\/vc_column][\/vc_row]<\/p>\n<\/div>","protected":false},"excerpt":{"rendered":"<p>[vc_row row_height_percent=\u00a0\u00bb0&Prime; override_padding=\u00a0\u00bbyes\u00a0\u00bb h_padding=\u00a0\u00bb2&Prime; top_padding=\u00a0\u00bb2&Prime; bottom_padding=\u00a0\u00bb3&Prime; back_color=\u00a0\u00bbcolor-gyho\u00a0\u00bb overlay_alpha=\u00a0\u00bb50&Prime; gutter_size=\u00a0\u00bb3&Prime; column_width_percent=\u00a0\u00bb100&Prime; shift_y=\u00a0\u00bb0&Prime; z_index=\u00a0\u00bb0&Prime;][vc_column column_width_percent=\u00a0\u00bb100&Prime; align_horizontal=\u00a0\u00bbalign_center\u00a0\u00bb gutter_size=\u00a0\u00bb3&Prime; overlay_alpha=\u00a0\u00bb50&Prime; shift_x=\u00a0\u00bb0&Prime; shift_y=\u00a0\u00bb0&Prime; shift_y_down=\u00a0\u00bb0&Prime; z_index=\u00a0\u00bb0&Prime; [&hellip;]<\/p>\n","protected":false},"author":19,"featured_media":81983,"parent":0,"menu_order":0,"comment_status":"closed","ping_status":"closed","template":"","meta":{"content-type":"","footnotes":""},"class_list":["post-81981","page","type-page","status-publish","has-post-thumbnail","hentry"],"yoast_head":"<!-- This site is optimized with the Yoast SEO plugin v27.3 - https:\/\/yoast.com\/product\/yoast-seo-wordpress\/ -->\n<title>Sensibilisation communautaire | Prom\u00e9tour Voyages \u00c9ducatifs<\/title>\n<meta name=\"description\" content=\"Sensibilisation communautaire: Un monde de possibilit\u00e9s. Voyages scolaires au P\u00e9rou et au Costa Rica avec Prom\u00e9tour.\" \/>\n<meta name=\"robots\" content=\"index, follow, max-snippet:-1, max-image-preview:large, max-video-preview:-1\" \/>\n<link rel=\"canonical\" href=\"https:\/\/prometour.com\/fr\/sensibilisation-communautaire\/\" \/>\n<meta property=\"og:locale\" content=\"fr_FR\" \/>\n<meta property=\"og:type\" content=\"article\" \/>\n<meta property=\"og:title\" content=\"Sensibilisation communautaire | Prom\u00e9tour Voyages \u00c9ducatifs\" \/>\n<meta property=\"og:description\" content=\"Sensibilisation communautaire: Un monde de possibilit\u00e9s. Voyages scolaires au P\u00e9rou et au Costa Rica avec Prom\u00e9tour.\" \/>\n<meta property=\"og:url\" content=\"https:\/\/prometour.com\/fr\/sensibilisation-communautaire\/\" \/>\n<meta property=\"og:site_name\" content=\"Prom&eacute;tour\" \/>\n<meta property=\"article:publisher\" content=\"https:\/\/www.facebook.com\/PrometourEduTours\" \/>\n<meta property=\"article:modified_time\" content=\"2021-03-16T17:14:22+00:00\" \/>\n<meta property=\"og:image\" content=\"https:\/\/prometour.com\/wp-content\/uploads\/2017\/12\/iStock-182803470-1.jpg\" \/>\n\t<meta property=\"og:image:width\" content=\"1920\" \/>\n\t<meta property=\"og:image:height\" content=\"1280\" \/>\n\t<meta property=\"og:image:type\" content=\"image\/jpeg\" \/>\n<meta name=\"twitter:card\" content=\"summary_large_image\" \/>\n<meta name=\"twitter:site\" content=\"@Prometour\" \/>\n<meta name=\"twitter:label1\" content=\"Dur\u00e9e de lecture estim\u00e9e\" \/>\n\t<meta name=\"twitter:data1\" content=\"5 minutes\" \/>\n<script type=\"application\/ld+json\" class=\"yoast-schema-graph\">{\"@context\":\"https:\\\/\\\/schema.org\",\"@graph\":[{\"@type\":\"WebPage\",\"@id\":\"https:\\\/\\\/prometour.com\\\/fr\\\/sensibilisation-communautaire\\\/\",\"url\":\"https:\\\/\\\/prometour.com\\\/fr\\\/sensibilisation-communautaire\\\/\",\"name\":\"Sensibilisation communautaire | Prom\u00e9tour Voyages \u00c9ducatifs\",\"isPartOf\":{\"@id\":\"https:\\\/\\\/prometour.com\\\/fr\\\/#website\"},\"primaryImageOfPage\":{\"@id\":\"https:\\\/\\\/prometour.com\\\/fr\\\/sensibilisation-communautaire\\\/#primaryimage\"},\"image\":{\"@id\":\"https:\\\/\\\/prometour.com\\\/fr\\\/sensibilisation-communautaire\\\/#primaryimage\"},\"thumbnailUrl\":\"https:\\\/\\\/prometour.com\\\/wp-content\\\/uploads\\\/2017\\\/12\\\/iStock-182803470-1.jpg\",\"datePublished\":\"2017-12-04T12:42:44+00:00\",\"dateModified\":\"2021-03-16T17:14:22+00:00\",\"description\":\"Sensibilisation communautaire: Un monde de possibilit\u00e9s. Voyages scolaires au P\u00e9rou et au Costa Rica avec Prom\u00e9tour.\",\"breadcrumb\":{\"@id\":\"https:\\\/\\\/prometour.com\\\/fr\\\/sensibilisation-communautaire\\\/#breadcrumb\"},\"inLanguage\":\"fr-FR\",\"potentialAction\":[{\"@type\":\"ReadAction\",\"target\":[\"https:\\\/\\\/prometour.com\\\/fr\\\/sensibilisation-communautaire\\\/\"]}]},{\"@type\":\"ImageObject\",\"inLanguage\":\"fr-FR\",\"@id\":\"https:\\\/\\\/prometour.com\\\/fr\\\/sensibilisation-communautaire\\\/#primaryimage\",\"url\":\"https:\\\/\\\/prometour.com\\\/wp-content\\\/uploads\\\/2017\\\/12\\\/iStock-182803470-1.jpg\",\"contentUrl\":\"https:\\\/\\\/prometour.com\\\/wp-content\\\/uploads\\\/2017\\\/12\\\/iStock-182803470-1.jpg\",\"width\":1920,\"height\":1280},{\"@type\":\"BreadcrumbList\",\"@id\":\"https:\\\/\\\/prometour.com\\\/fr\\\/sensibilisation-communautaire\\\/#breadcrumb\",\"itemListElement\":[{\"@type\":\"ListItem\",\"position\":1,\"name\":\"Prometour\",\"item\":\"https:\\\/\\\/prometour.com\\\/fr\\\/\"},{\"@type\":\"ListItem\",\"position\":2,\"name\":\"Experiences\",\"item\":\"https:\\\/\\\/prometour.com\\\/fr\\\/experiences\\\/\"},{\"@type\":\"ListItem\",\"position\":3,\"name\":\"Sensibilisation communautaire\"}]},{\"@type\":\"WebSite\",\"@id\":\"https:\\\/\\\/prometour.com\\\/fr\\\/#website\",\"url\":\"https:\\\/\\\/prometour.com\\\/fr\\\/\",\"name\":\"Prom\u00e9tour\",\"description\":\"Experts in Customized Student Tours and Class trips\",\"publisher\":{\"@id\":\"https:\\\/\\\/prometour.com\\\/fr\\\/#organization\"},\"potentialAction\":[{\"@type\":\"SearchAction\",\"target\":{\"@type\":\"EntryPoint\",\"urlTemplate\":\"https:\\\/\\\/prometour.com\\\/fr\\\/?s={search_term_string}\"},\"query-input\":{\"@type\":\"PropertyValueSpecification\",\"valueRequired\":true,\"valueName\":\"search_term_string\"}}],\"inLanguage\":\"fr-FR\"},{\"@type\":\"Organization\",\"@id\":\"https:\\\/\\\/prometour.com\\\/fr\\\/#organization\",\"name\":\"Prom\u00e9tour Educational Tours\",\"url\":\"https:\\\/\\\/prometour.com\\\/fr\\\/\",\"logo\":{\"@type\":\"ImageObject\",\"inLanguage\":\"fr-FR\",\"@id\":\"https:\\\/\\\/prometour.com\\\/fr\\\/#\\\/schema\\\/logo\\\/image\\\/\",\"url\":\"https:\\\/\\\/prometour.com\\\/wp-content\\\/uploads\\\/2017\\\/11\\\/Prometour_Logo_CMYK.gif\",\"contentUrl\":\"https:\\\/\\\/prometour.com\\\/wp-content\\\/uploads\\\/2017\\\/11\\\/Prometour_Logo_CMYK.gif\",\"width\":2265,\"height\":663,\"caption\":\"Prom\u00e9tour Educational Tours\"},\"image\":{\"@id\":\"https:\\\/\\\/prometour.com\\\/fr\\\/#\\\/schema\\\/logo\\\/image\\\/\"},\"sameAs\":[\"https:\\\/\\\/www.facebook.com\\\/PrometourEduTours\",\"https:\\\/\\\/x.com\\\/Prometour\",\"https:\\\/\\\/www.instagram.com\\\/prometour\\\/\",\"https:\\\/\\\/www.linkedin.com\\\/company\\\/prometour\",\"https:\\\/\\\/www.pinterest.ca\\\/prometour\\\/\",\"https:\\\/\\\/www.youtube.com\\\/channel\\\/UCGUzI7zRN1jyJA_vnuq4GPA\"]}]}<\/script>\n<!-- \/ Yoast SEO plugin. -->","yoast_head_json":{"title":"Sensibilisation communautaire | Prom\u00e9tour Voyages \u00c9ducatifs","description":"Sensibilisation communautaire: Un monde de possibilit\u00e9s. Voyages scolaires au P\u00e9rou et au Costa Rica avec Prom\u00e9tour.","robots":{"index":"index","follow":"follow","max-snippet":"max-snippet:-1","max-image-preview":"max-image-preview:large","max-video-preview":"max-video-preview:-1"},"canonical":"https:\/\/prometour.com\/fr\/sensibilisation-communautaire\/","og_locale":"fr_FR","og_type":"article","og_title":"Sensibilisation communautaire | Prom\u00e9tour Voyages \u00c9ducatifs","og_description":"Sensibilisation communautaire: Un monde de possibilit\u00e9s. Voyages scolaires au P\u00e9rou et au Costa Rica avec Prom\u00e9tour.","og_url":"https:\/\/prometour.com\/fr\/sensibilisation-communautaire\/","og_site_name":"Prom&eacute;tour","article_publisher":"https:\/\/www.facebook.com\/PrometourEduTours","article_modified_time":"2021-03-16T17:14:22+00:00","og_image":[{"width":1920,"height":1280,"url":"https:\/\/prometour.com\/wp-content\/uploads\/2017\/12\/iStock-182803470-1.jpg","type":"image\/jpeg"}],"twitter_card":"summary_large_image","twitter_site":"@Prometour","twitter_misc":{"Dur\u00e9e de lecture estim\u00e9e":"5 minutes"},"schema":{"@context":"https:\/\/schema.org","@graph":[{"@type":"WebPage","@id":"https:\/\/prometour.com\/fr\/sensibilisation-communautaire\/","url":"https:\/\/prometour.com\/fr\/sensibilisation-communautaire\/","name":"Sensibilisation communautaire | Prom\u00e9tour Voyages \u00c9ducatifs","isPartOf":{"@id":"https:\/\/prometour.com\/fr\/#website"},"primaryImageOfPage":{"@id":"https:\/\/prometour.com\/fr\/sensibilisation-communautaire\/#primaryimage"},"image":{"@id":"https:\/\/prometour.com\/fr\/sensibilisation-communautaire\/#primaryimage"},"thumbnailUrl":"https:\/\/prometour.com\/wp-content\/uploads\/2017\/12\/iStock-182803470-1.jpg","datePublished":"2017-12-04T12:42:44+00:00","dateModified":"2021-03-16T17:14:22+00:00","description":"Sensibilisation communautaire: Un monde de possibilit\u00e9s. Voyages scolaires au P\u00e9rou et au Costa Rica avec Prom\u00e9tour.","breadcrumb":{"@id":"https:\/\/prometour.com\/fr\/sensibilisation-communautaire\/#breadcrumb"},"inLanguage":"fr-FR","potentialAction":[{"@type":"ReadAction","target":["https:\/\/prometour.com\/fr\/sensibilisation-communautaire\/"]}]},{"@type":"ImageObject","inLanguage":"fr-FR","@id":"https:\/\/prometour.com\/fr\/sensibilisation-communautaire\/#primaryimage","url":"https:\/\/prometour.com\/wp-content\/uploads\/2017\/12\/iStock-182803470-1.jpg","contentUrl":"https:\/\/prometour.com\/wp-content\/uploads\/2017\/12\/iStock-182803470-1.jpg","width":1920,"height":1280},{"@type":"BreadcrumbList","@id":"https:\/\/prometour.com\/fr\/sensibilisation-communautaire\/#breadcrumb","itemListElement":[{"@type":"ListItem","position":1,"name":"Prometour","item":"https:\/\/prometour.com\/fr\/"},{"@type":"ListItem","position":2,"name":"Experiences","item":"https:\/\/prometour.com\/fr\/experiences\/"},{"@type":"ListItem","position":3,"name":"Sensibilisation communautaire"}]},{"@type":"WebSite","@id":"https:\/\/prometour.com\/fr\/#website","url":"https:\/\/prometour.com\/fr\/","name":"Prom\u00e9tour","description":"Experts in Customized Student Tours and Class trips","publisher":{"@id":"https:\/\/prometour.com\/fr\/#organization"},"potentialAction":[{"@type":"SearchAction","target":{"@type":"EntryPoint","urlTemplate":"https:\/\/prometour.com\/fr\/?s={search_term_string}"},"query-input":{"@type":"PropertyValueSpecification","valueRequired":true,"valueName":"search_term_string"}}],"inLanguage":"fr-FR"},{"@type":"Organization","@id":"https:\/\/prometour.com\/fr\/#organization","name":"Prom\u00e9tour Educational Tours","url":"https:\/\/prometour.com\/fr\/","logo":{"@type":"ImageObject","inLanguage":"fr-FR","@id":"https:\/\/prometour.com\/fr\/#\/schema\/logo\/image\/","url":"https:\/\/prometour.com\/wp-content\/uploads\/2017\/11\/Prometour_Logo_CMYK.gif","contentUrl":"https:\/\/prometour.com\/wp-content\/uploads\/2017\/11\/Prometour_Logo_CMYK.gif","width":2265,"height":663,"caption":"Prom\u00e9tour Educational Tours"},"image":{"@id":"https:\/\/prometour.com\/fr\/#\/schema\/logo\/image\/"},"sameAs":["https:\/\/www.facebook.com\/PrometourEduTours","https:\/\/x.com\/Prometour","https:\/\/www.instagram.com\/prometour\/","https:\/\/www.linkedin.com\/company\/prometour","https:\/\/www.pinterest.ca\/prometour\/","https:\/\/www.youtube.com\/channel\/UCGUzI7zRN1jyJA_vnuq4GPA"]}]}},"_links":{"self":[{"href":"https:\/\/prometour.com\/fr\/wp-json\/wp\/v2\/pages\/81981","targetHints":{"allow":["GET"]}}],"collection":[{"href":"https:\/\/prometour.com\/fr\/wp-json\/wp\/v2\/pages"}],"about":[{"href":"https:\/\/prometour.com\/fr\/wp-json\/wp\/v2\/types\/page"}],"author":[{"embeddable":true,"href":"https:\/\/prometour.com\/fr\/wp-json\/wp\/v2\/users\/19"}],"replies":[{"embeddable":true,"href":"https:\/\/prometour.com\/fr\/wp-json\/wp\/v2\/comments?post=81981"}],"version-history":[{"count":7,"href":"https:\/\/prometour.com\/fr\/wp-json\/wp\/v2\/pages\/81981\/revisions"}],"predecessor-version":[{"id":87204,"href":"https:\/\/prometour.com\/fr\/wp-json\/wp\/v2\/pages\/81981\/revisions\/87204"}],"wp:featuredmedia":[{"embeddable":true,"href":"https:\/\/prometour.com\/fr\/wp-json\/wp\/v2\/media\/81983"}],"wp:attachment":[{"href":"https:\/\/prometour.com\/fr\/wp-json\/wp\/v2\/media?parent=81981"}],"curies":[{"name":"wp","href":"https:\/\/api.w.org\/{rel}","templated":true}]}}