{"id":81984,"date":"2017-12-04T07:32:55","date_gmt":"2017-12-04T12:32:55","guid":{"rendered":"https:\/\/prometour.com\/student-groups\/experiences\/exchange-programs\/"},"modified":"2021-03-16T13:38:51","modified_gmt":"2021-03-16T17:38:51","slug":"programmes-dechanges","status":"publish","type":"page","link":"https:\/\/prometour.com\/fr\/programmes-dechanges\/","title":{"rendered":"Programme d&rsquo;\u00e9change scolaire"},"content":{"rendered":"<div class=\"wpb-content-wrapper\"><p>[vc_row row_height_percent=\u00a0\u00bb0&Prime; back_color=\u00a0\u00bbcolor-gyho\u00a0\u00bb overlay_alpha=\u00a0\u00bb50&Prime; gutter_size=\u00a0\u00bb3&Prime; column_width_percent=\u00a0\u00bb100&Prime; shift_y=\u00a0\u00bb0&Prime; z_index=\u00a0\u00bb0&Prime;][vc_column column_width_percent=\u00a0\u00bb100&Prime; align_horizontal=\u00a0\u00bbalign_center\u00a0\u00bb gutter_size=\u00a0\u00bb3&Prime; overlay_alpha=\u00a0\u00bb50&Prime; shift_x=\u00a0\u00bb0&Prime; shift_y=\u00a0\u00bb0&Prime; shift_y_down=\u00a0\u00bb0&Prime; z_index=\u00a0\u00bb0&Prime; medium_width=\u00a0\u00bb0&Prime; mobile_width=\u00a0\u00bb0&Prime; width=\u00a0\u00bb1\/1&Prime;][vc_custom_heading]<\/p>\n<h1>Programme d&rsquo;\u00e9change scolaire<\/h1>\n<p>Qu&rsquo;est-ce qu&rsquo;un \u00e9change?[\/vc_custom_heading][vc_column_text]<\/p>\n<p style=\"text-align: left;\">Un \u00e9change est un programme de voyage mutuel dans lequel vous et vos \u00e9l\u00e8ves voyagerez \u00e0 l&rsquo;\u00e9tranger et serez h\u00e9berg\u00e9s par une \u00e9cole partenaire et plus tard vous h\u00e9bergerez cette m\u00eame \u00e9cole dans votre propre ville.<\/p>\n<p style=\"text-align: left;\">Pendant l&rsquo;\u00e9change, vous serez pleinement int\u00e9gr\u00e9 dans la vie quotidienne de votre h\u00f4te \u00e9tranger en fr\u00e9quentant son \u00e9cole locale, en participant \u00e0 des activit\u00e9s sportives et extrascolaires, en partageant des repas avec votre famille d&rsquo;accueil et exp\u00e9rimentant sa routine quotidienne.<\/p>\n<ul style=\"text-align: left;\">\n<li>Les programmes d&rsquo;\u00e9change durent g\u00e9n\u00e9ralement de 9 \u00e0 15 jours (les dates et heures exactes seront d\u00e9termin\u00e9es par vous et votre \u00e9cole partenaire)<\/li>\n<li>Il est de coutume que les \u00e9coles europ\u00e9ennes visitent l&rsquo;Am\u00e9rique du Nord \u00e0 l&rsquo;automne et que les \u00e9coles nord-am\u00e9ricaines se rendent en Europe au printemps suivant (\u00e0 d\u00e9terminer par vous et votre partenaire d&rsquo;\u00e9change)<\/li>\n<li>Lors d&rsquo;un \u00e9change, les enseignants peuvent organiser des excursions culturelles dans les villes voisines, enrichissant davantage l&rsquo;exp\u00e9rience de voyage<\/li>\n<\/ul>\n<p style=\"text-align: left;\">Un \u00e9change est l&rsquo;une des possibilit\u00e9s de voyage des plus enrichissantes pour les \u00e9tudiants, les enseignants et les communaut\u00e9s!<\/p>\n<p>[\/vc_column_text][\/vc_column][\/vc_row][vc_row row_height_percent=\u00a0\u00bb0&Prime; overlay_alpha=\u00a0\u00bb50&Prime; gutter_size=\u00a0\u00bb3&Prime; column_width_percent=\u00a0\u00bb100&Prime; shift_y=\u00a0\u00bb0&Prime; z_index=\u00a0\u00bb0&Prime;][vc_column column_width_percent=\u00a0\u00bb100&Prime; position_vertical=\u00a0\u00bbmiddle\u00a0\u00bb align_horizontal=\u00a0\u00bbalign_center\u00a0\u00bb gutter_size=\u00a0\u00bb3&Prime; overlay_alpha=\u00a0\u00bb50&Prime; shift_x=\u00a0\u00bb0&Prime; shift_y=\u00a0\u00bb0&Prime; shift_y_down=\u00a0\u00bb0&Prime; z_index=\u00a0\u00bb0&Prime; medium_width=\u00a0\u00bb0&Prime; mobile_width=\u00a0\u00bb0&Prime; width=\u00a0\u00bb1\/1&Prime;][vc_custom_heading]<\/p>\n<h2>Les avantages d&rsquo;\u00e9laborer votre programme d&rsquo;\u00e9change avec Prom\u00e9tour<\/h2>\n<p>[\/vc_custom_heading][\/vc_column][\/vc_row][vc_row row_height_percent=\u00a0\u00bb0&Prime; overlay_alpha=\u00a0\u00bb50&Prime; gutter_size=\u00a0\u00bb3&Prime; column_width_percent=\u00a0\u00bb100&Prime; shift_y=\u00a0\u00bb0&Prime; z_index=\u00a0\u00bb0&Prime;][vc_column column_width_percent=\u00a0\u00bb100&Prime; position_vertical=\u00a0\u00bbmiddle\u00a0\u00bb gutter_size=\u00a0\u00bb3&Prime; overlay_alpha=\u00a0\u00bb50&Prime; shift_x=\u00a0\u00bb0&Prime; shift_y=\u00a0\u00bb0&Prime; shift_y_down=\u00a0\u00bb0&Prime; z_index=\u00a0\u00bb0&Prime; medium_width=\u00a0\u00bb0&Prime; mobile_width=\u00a0\u00bb0&Prime; width=\u00a0\u00bb1\/2&Prime;][vc_column_text]<\/p>\n<h3>Nous vous aidons \u00e0 trouver un partenaire d&rsquo;\u00e9change<\/h3>\n<p>En travaillant avec un vaste r\u00e9seau d&rsquo;\u00e9coles \u00e0 travers les continents, nous vous aiderons \u00e0 trouver une \u00e9cole partenaire qui r\u00e9pond \u00e0 vos besoins uniques et correspond \u00e0 vos int\u00e9r\u00eats.[\/vc_column_text][\/vc_column][vc_column column_width_percent=\u00a0\u00bb100&Prime; gutter_size=\u00a0\u00bb3&Prime; back_color=\u00a0\u00bbaccent\u00a0\u00bb overlay_alpha=\u00a0\u00bb50&Prime; shift_x=\u00a0\u00bb0&Prime; shift_y=\u00a0\u00bb0&Prime; shift_y_down=\u00a0\u00bb0&Prime; z_index=\u00a0\u00bb0&Prime; medium_width=\u00a0\u00bb0&Prime; mobile_width=\u00a0\u00bb0&Prime; width=\u00a0\u00bb1\/2&Prime;][vc_column_text]<\/p>\n<h2><span style=\"color: #ffffff;\">Besoin d&rsquo;un nouveau partenaire d&rsquo;\u00e9change?<\/span><\/h2>\n<p><span style=\"color: #ffffff;\">Dans le cas o\u00f9 vous auriez soudainement besoin d&rsquo;un nouveau partenaire d&rsquo;\u00e9change, nous travaillerons rapidement pour vous en trouver un nouveau en puisant dans notre r\u00e9seau d&rsquo;\u00e9coles, vous \u00e9vitant ainsi de recommencer la recherche \u00e0 partir de z\u00e9ro.<\/span>[\/vc_column_text][\/vc_column][\/vc_row][vc_row row_height_percent=\u00a0\u00bb0&Prime; overlay_alpha=\u00a0\u00bb50&Prime; gutter_size=\u00a0\u00bb3&Prime; column_width_percent=\u00a0\u00bb100&Prime; shift_y=\u00a0\u00bb0&Prime; z_index=\u00a0\u00bb0&Prime;][vc_column column_width_percent=\u00a0\u00bb100&Prime; position_vertical=\u00a0\u00bbmiddle\u00a0\u00bb gutter_size=\u00a0\u00bb3&Prime; overlay_alpha=\u00a0\u00bb50&Prime; shift_x=\u00a0\u00bb0&Prime; shift_y=\u00a0\u00bb0&Prime; shift_y_down=\u00a0\u00bb0&Prime; z_index=\u00a0\u00bb0&Prime; medium_width=\u00a0\u00bb0&Prime; mobile_width=\u00a0\u00bb0&Prime; width=\u00a0\u00bb1\/3&Prime;][vc_column_text]<\/p>\n<h3>Nous avons des bureaux locaux o\u00f9 nous \u00e9tablissons des \u00e9changes<\/h3>\n<p>Avec des bureaux aux \u00c9tats-Unis, au Canada, en France et en Espagne, nous \u00e9tablissons des programmes d&rsquo;\u00e9change uniquement dans les pays o\u00f9 nous sommes situ\u00e9s. Il s&rsquo;agit de garantir que nous avons des liens profonds avec les \u00e9coles et les familles avec lesquelles nous travaillons. Vous avez la tranquillit\u00e9 d&rsquo;esprit que Prom\u00e9tour est \u00e0 proximit\u00e9 en cas d&rsquo;urgence.[\/vc_column_text][\/vc_column][vc_column column_width_percent=\u00a0\u00bb100&Prime; position_vertical=\u00a0\u00bbmiddle\u00a0\u00bb gutter_size=\u00a0\u00bb3&Prime; overlay_alpha=\u00a0\u00bb50&Prime; shift_x=\u00a0\u00bb0&Prime; shift_y=\u00a0\u00bb0&Prime; shift_y_down=\u00a0\u00bb0&Prime; z_index=\u00a0\u00bb0&Prime; medium_width=\u00a0\u00bb0&Prime; mobile_width=\u00a0\u00bb0&Prime; width=\u00a0\u00bb1\/3&Prime;][vc_column_text]<\/p>\n<h3>Voyagez sans souci<\/h3>\n<p>Participer \u00e0 un programme d&rsquo;\u00e9change \u00e9labor\u00e9 par Prom\u00e9tour signifie que vous serez couvert par notre police d&rsquo;assurance tous risques et que vous aurez acc\u00e8s \u00e0 nos services d&rsquo;urgence et protocoles de s\u00e9curit\u00e9 comme vous le feriez lors d&rsquo;un circuit \u00e9tudiant r\u00e9gulier.[\/vc_column_text][\/vc_column][vc_column column_width_percent=\u00a0\u00bb100&Prime; position_vertical=\u00a0\u00bbmiddle\u00a0\u00bb gutter_size=\u00a0\u00bb3&Prime; overlay_alpha=\u00a0\u00bb50&Prime; shift_x=\u00a0\u00bb0&Prime; shift_y=\u00a0\u00bb0&Prime; shift_y_down=\u00a0\u00bb0&Prime; z_index=\u00a0\u00bb0&Prime; medium_width=\u00a0\u00bb0&Prime; mobile_width=\u00a0\u00bb0&Prime; width=\u00a0\u00bb1\/3&Prime;][vc_column_text]<\/p>\n<h3>Profitez de notre expertise voyage<\/h3>\n<p>En tant qu&rsquo;experts dans l&rsquo;organisation de voyages \u00e9tudiants, nous nous occuperons de toute la logistique reli\u00e9e \u00e0 votre \u00e9change (vols, transports, etc.). Nous pouvons \u00e9galement vous aider \u00e0 planifier des sorties culturelles et touristiques qui rendront votre \u00e9change encore plus m\u00e9morable![\/vc_column_text][\/vc_column][\/vc_row][vc_row row_height_percent=\u00a0\u00bb0&Prime; back_color=\u00a0\u00bbcolor-lxmt\u00a0\u00bb overlay_alpha=\u00a0\u00bb50&Prime; gutter_size=\u00a0\u00bb3&Prime; column_width_percent=\u00a0\u00bb100&Prime; shift_y=\u00a0\u00bb0&Prime; z_index=\u00a0\u00bb0&Prime;][vc_column width=\u00a0\u00bb1\/1&Prime;][vc_raw_html]JTNDaWZyYW1lJTIwd2lkdGglM0QlMjI2NDAlMjIlMjBoZWlnaHQlM0QlMjI0MTUlMjIlMjBzcmMlM0QlMjJodHRwcyUzQSUyRiUyRnd3dy55b3V0dWJlLmNvbSUyRmVtYmVkJTJGM2Myc3RIa3huV3MlMjIlMjBmcmFtZWJvcmRlciUzRCUyMjAlMjIlMjBhbGxvdyUzRCUyMmF1dG9wbGF5JTNCJTIwZW5jcnlwdGVkLW1lZGlhJTIyJTIwYWxsb3dmdWxsc2NyZWVuJTNFJTNDJTJGaWZyYW1lJTNF[\/vc_raw_html][\/vc_column][\/vc_row][vc_row row_height_percent=\u00a0\u00bb0&Prime; overlay_alpha=\u00a0\u00bb50&Prime; gutter_size=\u00a0\u00bb3&Prime; column_width_percent=\u00a0\u00bb100&Prime; shift_y=\u00a0\u00bb0&Prime; z_index=\u00a0\u00bb0&Prime;][vc_column width=\u00a0\u00bb1\/1&Prime;][vc_custom_heading]<\/p>\n<h2>Comment mettre en place un programme d&rsquo;\u00e9change?<\/h2>\n<p>[\/vc_custom_heading][vc_column_text]Avec Prom\u00e9tour, rien de plus simple!<\/p>\n<p><strong>\u00c9tape 1:<\/strong> Remplissez le formulaire de demande de devis dans lequel vous fournissez les informations sur votre \u00e9cole et vos pr\u00e9f\u00e9rences d&rsquo;\u00e9change. Lorsque ce formulaire est soumis \u00e0 Prom\u00e9tour, nous oeuvrons ensuite \u00e0 trouver vos \u00e9coles partenaires potentielles en examinant et en harmonisant vos profils.<\/p>\n<p><strong>\u00c9tape 2:<\/strong> Nous vous enverrons par courriel les profils des \u00e9coles partenaires potentielles pour \u00e9valuation.<\/p>\n<p><strong>\u00c9tape 3:<\/strong> Si vous \u00eates satisfait du jumelage, la prochaine \u00e9tape serait pour nous de vous aider \u00e0 \u00e9tablir une liaison avec le professeur \u00e9tranger de l&rsquo;\u00e9cole partenaire. Au cours de ce premier dialogue, il est important que les deux enseignants analysent ce qu&rsquo;ils recherchent et discutent de leurs attentes respectives, telles que la dur\u00e9e pendant laquelle ils aimeraient \u00eatre h\u00e9berg\u00e9s, le nombre d&rsquo;\u00e9tudiants avec lesquels ils comptent voyager ainsi que le nombre d&rsquo;\u00e9tudiants qu&rsquo;ils peuvent \u00e0 leur tour accueillir dans leur propre pays.<\/p>\n<p><strong>\u00c9tape 4:<\/strong> Si les deux professeurs sentent qu&rsquo;il y a une compatibilit\u00e9, ils en informeront Prom\u00e9tour et nous commencerons \u00e0 \u00e9laborer un itin\u00e9raire de voyage.<\/p>\n<p><strong>\u00c9tape 5:<\/strong> Enfin et surtout, nous vous aiderons \u00e0 planifier vos r\u00e9unions de parents, \u00e0 mettre en place votre plateforme d&rsquo;inscription \u00e9tudiante en ligne et voil\u00e0! Vous serez pr\u00eat \u00e0 vous engager dans un \u00e9change culturel qui laissera un impact durable sur vous et vos \u00e9l\u00e8ves![\/vc_column_text][\/vc_column][\/vc_row][vc_row][vc_column width=\u00a0\u00bb1\/1&Prime;][uncode_block id=\u00a0\u00bb84136&Prime;][uncode_block id=\u00a0\u00bb84191&Prime;][\/vc_column][\/vc_row]<\/p>\n<\/div>","protected":false},"excerpt":{"rendered":"<p>[vc_row row_height_percent=\u00a0\u00bb0&Prime; back_color=\u00a0\u00bbcolor-gyho\u00a0\u00bb overlay_alpha=\u00a0\u00bb50&Prime; gutter_size=\u00a0\u00bb3&Prime; column_width_percent=\u00a0\u00bb100&Prime; shift_y=\u00a0\u00bb0&Prime; z_index=\u00a0\u00bb0&Prime;][vc_column column_width_percent=\u00a0\u00bb100&Prime; align_horizontal=\u00a0\u00bbalign_center\u00a0\u00bb gutter_size=\u00a0\u00bb3&Prime; overlay_alpha=\u00a0\u00bb50&Prime; shift_x=\u00a0\u00bb0&Prime; shift_y=\u00a0\u00bb0&Prime; shift_y_down=\u00a0\u00bb0&Prime; z_index=\u00a0\u00bb0&Prime; medium_width=\u00a0\u00bb0&Prime; mobile_width=\u00a0\u00bb0&Prime; width=\u00a0\u00bb1\/1&Prime;][vc_custom_heading] Programme [&hellip;]<\/p>\n","protected":false},"author":19,"featured_media":81986,"parent":0,"menu_order":0,"comment_status":"closed","ping_status":"closed","template":"","meta":{"content-type":"","footnotes":""},"class_list":["post-81984","page","type-page","status-publish","has-post-thumbnail","hentry","page_category-prometour-careers-opportunities-fr"],"yoast_head":"<!-- This site is optimized with the Yoast SEO plugin v27.3 - https:\/\/yoast.com\/product\/yoast-seo-wordpress\/ -->\n<title>Programmes d&#039;\u00e9change scolaire | Prom\u00e9tour Voyages \u00c9ducatifs<\/title>\n<meta name=\"description\" content=\"Programme d&#039;\u00e9change scolaire pour les \u00e9coles avec Prom\u00e9tour.\" \/>\n<meta name=\"robots\" content=\"index, follow, max-snippet:-1, max-image-preview:large, max-video-preview:-1\" \/>\n<link rel=\"canonical\" href=\"https:\/\/prometour.com\/fr\/programmes-dechanges\/\" \/>\n<meta property=\"og:locale\" content=\"fr_FR\" \/>\n<meta property=\"og:type\" content=\"article\" \/>\n<meta property=\"og:title\" content=\"Programmes d&#039;\u00e9change scolaire | Prom\u00e9tour Voyages \u00c9ducatifs\" \/>\n<meta property=\"og:description\" content=\"Programme d&#039;\u00e9change scolaire pour les \u00e9coles avec Prom\u00e9tour.\" \/>\n<meta property=\"og:url\" content=\"https:\/\/prometour.com\/fr\/programmes-dechanges\/\" \/>\n<meta property=\"og:site_name\" content=\"Prom&eacute;tour\" \/>\n<meta property=\"article:publisher\" content=\"https:\/\/www.facebook.com\/PrometourEduTours\" \/>\n<meta property=\"article:modified_time\" content=\"2021-03-16T17:38:51+00:00\" \/>\n<meta property=\"og:image\" content=\"https:\/\/prometour.com\/wp-content\/uploads\/2018\/03\/iStock-505212868-1.jpg\" \/>\n\t<meta property=\"og:image:width\" content=\"1920\" \/>\n\t<meta property=\"og:image:height\" content=\"1281\" \/>\n\t<meta property=\"og:image:type\" content=\"image\/jpeg\" \/>\n<meta name=\"twitter:card\" content=\"summary_large_image\" \/>\n<meta name=\"twitter:site\" content=\"@Prometour\" \/>\n<meta name=\"twitter:label1\" content=\"Dur\u00e9e de lecture estim\u00e9e\" \/>\n\t<meta name=\"twitter:data1\" content=\"6 minutes\" \/>\n<script type=\"application\/ld+json\" class=\"yoast-schema-graph\">{\"@context\":\"https:\\\/\\\/schema.org\",\"@graph\":[{\"@type\":\"WebPage\",\"@id\":\"https:\\\/\\\/prometour.com\\\/fr\\\/programmes-dechanges\\\/\",\"url\":\"https:\\\/\\\/prometour.com\\\/fr\\\/programmes-dechanges\\\/\",\"name\":\"Programmes d'\u00e9change scolaire | Prom\u00e9tour Voyages \u00c9ducatifs\",\"isPartOf\":{\"@id\":\"https:\\\/\\\/prometour.com\\\/fr\\\/#website\"},\"primaryImageOfPage\":{\"@id\":\"https:\\\/\\\/prometour.com\\\/fr\\\/programmes-dechanges\\\/#primaryimage\"},\"image\":{\"@id\":\"https:\\\/\\\/prometour.com\\\/fr\\\/programmes-dechanges\\\/#primaryimage\"},\"thumbnailUrl\":\"https:\\\/\\\/prometour.com\\\/wp-content\\\/uploads\\\/2018\\\/03\\\/iStock-505212868-1.jpg\",\"datePublished\":\"2017-12-04T12:32:55+00:00\",\"dateModified\":\"2021-03-16T17:38:51+00:00\",\"description\":\"Programme d'\u00e9change scolaire pour les \u00e9coles avec Prom\u00e9tour.\",\"breadcrumb\":{\"@id\":\"https:\\\/\\\/prometour.com\\\/fr\\\/programmes-dechanges\\\/#breadcrumb\"},\"inLanguage\":\"fr-FR\",\"potentialAction\":[{\"@type\":\"ReadAction\",\"target\":[\"https:\\\/\\\/prometour.com\\\/fr\\\/programmes-dechanges\\\/\"]}]},{\"@type\":\"ImageObject\",\"inLanguage\":\"fr-FR\",\"@id\":\"https:\\\/\\\/prometour.com\\\/fr\\\/programmes-dechanges\\\/#primaryimage\",\"url\":\"https:\\\/\\\/prometour.com\\\/wp-content\\\/uploads\\\/2018\\\/03\\\/iStock-505212868-1.jpg\",\"contentUrl\":\"https:\\\/\\\/prometour.com\\\/wp-content\\\/uploads\\\/2018\\\/03\\\/iStock-505212868-1.jpg\",\"width\":1920,\"height\":1281,\"caption\":\"Discover culture and polish your language skills with our immersion programs\"},{\"@type\":\"BreadcrumbList\",\"@id\":\"https:\\\/\\\/prometour.com\\\/fr\\\/programmes-dechanges\\\/#breadcrumb\",\"itemListElement\":[{\"@type\":\"ListItem\",\"position\":1,\"name\":\"Prometour\",\"item\":\"https:\\\/\\\/prometour.com\\\/fr\\\/\"},{\"@type\":\"ListItem\",\"position\":2,\"name\":\"Experiences\",\"item\":\"https:\\\/\\\/prometour.com\\\/fr\\\/experiences\\\/\"},{\"@type\":\"ListItem\",\"position\":3,\"name\":\"Programme d&rsquo;\u00e9change scolaire\"}]},{\"@type\":\"WebSite\",\"@id\":\"https:\\\/\\\/prometour.com\\\/fr\\\/#website\",\"url\":\"https:\\\/\\\/prometour.com\\\/fr\\\/\",\"name\":\"Prom\u00e9tour\",\"description\":\"Experts in Customized Student Tours and Class trips\",\"publisher\":{\"@id\":\"https:\\\/\\\/prometour.com\\\/fr\\\/#organization\"},\"potentialAction\":[{\"@type\":\"SearchAction\",\"target\":{\"@type\":\"EntryPoint\",\"urlTemplate\":\"https:\\\/\\\/prometour.com\\\/fr\\\/?s={search_term_string}\"},\"query-input\":{\"@type\":\"PropertyValueSpecification\",\"valueRequired\":true,\"valueName\":\"search_term_string\"}}],\"inLanguage\":\"fr-FR\"},{\"@type\":\"Organization\",\"@id\":\"https:\\\/\\\/prometour.com\\\/fr\\\/#organization\",\"name\":\"Prom\u00e9tour Educational Tours\",\"url\":\"https:\\\/\\\/prometour.com\\\/fr\\\/\",\"logo\":{\"@type\":\"ImageObject\",\"inLanguage\":\"fr-FR\",\"@id\":\"https:\\\/\\\/prometour.com\\\/fr\\\/#\\\/schema\\\/logo\\\/image\\\/\",\"url\":\"https:\\\/\\\/prometour.com\\\/wp-content\\\/uploads\\\/2017\\\/11\\\/Prometour_Logo_CMYK.gif\",\"contentUrl\":\"https:\\\/\\\/prometour.com\\\/wp-content\\\/uploads\\\/2017\\\/11\\\/Prometour_Logo_CMYK.gif\",\"width\":2265,\"height\":663,\"caption\":\"Prom\u00e9tour Educational Tours\"},\"image\":{\"@id\":\"https:\\\/\\\/prometour.com\\\/fr\\\/#\\\/schema\\\/logo\\\/image\\\/\"},\"sameAs\":[\"https:\\\/\\\/www.facebook.com\\\/PrometourEduTours\",\"https:\\\/\\\/x.com\\\/Prometour\",\"https:\\\/\\\/www.instagram.com\\\/prometour\\\/\",\"https:\\\/\\\/www.linkedin.com\\\/company\\\/prometour\",\"https:\\\/\\\/www.pinterest.ca\\\/prometour\\\/\",\"https:\\\/\\\/www.youtube.com\\\/channel\\\/UCGUzI7zRN1jyJA_vnuq4GPA\"]}]}<\/script>\n<!-- \/ Yoast SEO plugin. -->","yoast_head_json":{"title":"Programmes d'\u00e9change scolaire | Prom\u00e9tour Voyages \u00c9ducatifs","description":"Programme d'\u00e9change scolaire pour les \u00e9coles avec Prom\u00e9tour.","robots":{"index":"index","follow":"follow","max-snippet":"max-snippet:-1","max-image-preview":"max-image-preview:large","max-video-preview":"max-video-preview:-1"},"canonical":"https:\/\/prometour.com\/fr\/programmes-dechanges\/","og_locale":"fr_FR","og_type":"article","og_title":"Programmes d'\u00e9change scolaire | Prom\u00e9tour Voyages \u00c9ducatifs","og_description":"Programme d'\u00e9change scolaire pour les \u00e9coles avec Prom\u00e9tour.","og_url":"https:\/\/prometour.com\/fr\/programmes-dechanges\/","og_site_name":"Prom&eacute;tour","article_publisher":"https:\/\/www.facebook.com\/PrometourEduTours","article_modified_time":"2021-03-16T17:38:51+00:00","og_image":[{"width":1920,"height":1281,"url":"https:\/\/prometour.com\/wp-content\/uploads\/2018\/03\/iStock-505212868-1.jpg","type":"image\/jpeg"}],"twitter_card":"summary_large_image","twitter_site":"@Prometour","twitter_misc":{"Dur\u00e9e de lecture estim\u00e9e":"6 minutes"},"schema":{"@context":"https:\/\/schema.org","@graph":[{"@type":"WebPage","@id":"https:\/\/prometour.com\/fr\/programmes-dechanges\/","url":"https:\/\/prometour.com\/fr\/programmes-dechanges\/","name":"Programmes d'\u00e9change scolaire | Prom\u00e9tour Voyages \u00c9ducatifs","isPartOf":{"@id":"https:\/\/prometour.com\/fr\/#website"},"primaryImageOfPage":{"@id":"https:\/\/prometour.com\/fr\/programmes-dechanges\/#primaryimage"},"image":{"@id":"https:\/\/prometour.com\/fr\/programmes-dechanges\/#primaryimage"},"thumbnailUrl":"https:\/\/prometour.com\/wp-content\/uploads\/2018\/03\/iStock-505212868-1.jpg","datePublished":"2017-12-04T12:32:55+00:00","dateModified":"2021-03-16T17:38:51+00:00","description":"Programme d'\u00e9change scolaire pour les \u00e9coles avec Prom\u00e9tour.","breadcrumb":{"@id":"https:\/\/prometour.com\/fr\/programmes-dechanges\/#breadcrumb"},"inLanguage":"fr-FR","potentialAction":[{"@type":"ReadAction","target":["https:\/\/prometour.com\/fr\/programmes-dechanges\/"]}]},{"@type":"ImageObject","inLanguage":"fr-FR","@id":"https:\/\/prometour.com\/fr\/programmes-dechanges\/#primaryimage","url":"https:\/\/prometour.com\/wp-content\/uploads\/2018\/03\/iStock-505212868-1.jpg","contentUrl":"https:\/\/prometour.com\/wp-content\/uploads\/2018\/03\/iStock-505212868-1.jpg","width":1920,"height":1281,"caption":"Discover culture and polish your language skills with our immersion programs"},{"@type":"BreadcrumbList","@id":"https:\/\/prometour.com\/fr\/programmes-dechanges\/#breadcrumb","itemListElement":[{"@type":"ListItem","position":1,"name":"Prometour","item":"https:\/\/prometour.com\/fr\/"},{"@type":"ListItem","position":2,"name":"Experiences","item":"https:\/\/prometour.com\/fr\/experiences\/"},{"@type":"ListItem","position":3,"name":"Programme d&rsquo;\u00e9change scolaire"}]},{"@type":"WebSite","@id":"https:\/\/prometour.com\/fr\/#website","url":"https:\/\/prometour.com\/fr\/","name":"Prom\u00e9tour","description":"Experts in Customized Student Tours and Class trips","publisher":{"@id":"https:\/\/prometour.com\/fr\/#organization"},"potentialAction":[{"@type":"SearchAction","target":{"@type":"EntryPoint","urlTemplate":"https:\/\/prometour.com\/fr\/?s={search_term_string}"},"query-input":{"@type":"PropertyValueSpecification","valueRequired":true,"valueName":"search_term_string"}}],"inLanguage":"fr-FR"},{"@type":"Organization","@id":"https:\/\/prometour.com\/fr\/#organization","name":"Prom\u00e9tour Educational Tours","url":"https:\/\/prometour.com\/fr\/","logo":{"@type":"ImageObject","inLanguage":"fr-FR","@id":"https:\/\/prometour.com\/fr\/#\/schema\/logo\/image\/","url":"https:\/\/prometour.com\/wp-content\/uploads\/2017\/11\/Prometour_Logo_CMYK.gif","contentUrl":"https:\/\/prometour.com\/wp-content\/uploads\/2017\/11\/Prometour_Logo_CMYK.gif","width":2265,"height":663,"caption":"Prom\u00e9tour Educational Tours"},"image":{"@id":"https:\/\/prometour.com\/fr\/#\/schema\/logo\/image\/"},"sameAs":["https:\/\/www.facebook.com\/PrometourEduTours","https:\/\/x.com\/Prometour","https:\/\/www.instagram.com\/prometour\/","https:\/\/www.linkedin.com\/company\/prometour","https:\/\/www.pinterest.ca\/prometour\/","https:\/\/www.youtube.com\/channel\/UCGUzI7zRN1jyJA_vnuq4GPA"]}]}},"_links":{"self":[{"href":"https:\/\/prometour.com\/fr\/wp-json\/wp\/v2\/pages\/81984","targetHints":{"allow":["GET"]}}],"collection":[{"href":"https:\/\/prometour.com\/fr\/wp-json\/wp\/v2\/pages"}],"about":[{"href":"https:\/\/prometour.com\/fr\/wp-json\/wp\/v2\/types\/page"}],"author":[{"embeddable":true,"href":"https:\/\/prometour.com\/fr\/wp-json\/wp\/v2\/users\/19"}],"replies":[{"embeddable":true,"href":"https:\/\/prometour.com\/fr\/wp-json\/wp\/v2\/comments?post=81984"}],"version-history":[{"count":8,"href":"https:\/\/prometour.com\/fr\/wp-json\/wp\/v2\/pages\/81984\/revisions"}],"predecessor-version":[{"id":84699,"href":"https:\/\/prometour.com\/fr\/wp-json\/wp\/v2\/pages\/81984\/revisions\/84699"}],"wp:featuredmedia":[{"embeddable":true,"href":"https:\/\/prometour.com\/fr\/wp-json\/wp\/v2\/media\/81986"}],"wp:attachment":[{"href":"https:\/\/prometour.com\/fr\/wp-json\/wp\/v2\/media?parent=81984"}],"curies":[{"name":"wp","href":"https:\/\/api.w.org\/{rel}","templated":true}]}}