{"id":82064,"date":"2017-11-28T10:41:11","date_gmt":"2017-11-28T15:41:11","guid":{"rendered":"https:\/\/prometour.com\/americas\/peru\/"},"modified":"2024-07-30T16:26:21","modified_gmt":"2024-07-30T20:26:21","slug":"perou","status":"publish","type":"page","link":"https:\/\/prometour.com\/fr\/perou\/","title":{"rendered":"P\u00e9rou"},"content":{"rendered":"<div class=\"wpb-content-wrapper\"><p>[vc_row row_height_percent=\u00a0\u00bb0&Prime; override_padding=\u00a0\u00bbyes\u00a0\u00bb h_padding=\u00a0\u00bb2&Prime; top_padding=\u00a0\u00bb2&Prime; bottom_padding=\u00a0\u00bb2&Prime; back_color=\u00a0\u00bbcolor-lxmt\u00a0\u00bb overlay_alpha=\u00a0\u00bb50&Prime; gutter_size=\u00a0\u00bb3&Prime; column_width_percent=\u00a0\u00bb100&Prime; shift_y=\u00a0\u00bb0&Prime; z_index=\u00a0\u00bb0&Prime;][vc_column column_width_percent=\u00a0\u00bb100&Prime; gutter_size=\u00a0\u00bb3&Prime; overlay_alpha=\u00a0\u00bb50&Prime; shift_x=\u00a0\u00bb0&Prime; shift_y=\u00a0\u00bb0&Prime; shift_y_down=\u00a0\u00bb0&Prime; z_index=\u00a0\u00bb0&Prime; medium_width=\u00a0\u00bb0&Prime; mobile_width=\u00a0\u00bb0&Prime; width=\u00a0\u00bb1\/1&Prime;][vc_row_inner row_inner_height_percent=\u00a0\u00bb0&Prime; overlay_alpha=\u00a0\u00bb50&Prime; gutter_size=\u00a0\u00bb4&Prime; shift_y=\u00a0\u00bb0&Prime;][vc_column_inner column_width_percent=\u00a0\u00bb100&Prime; gutter_size=\u00a0\u00bb4&Prime; style=\u00a0\u00bblight\u00a0\u00bb overlay_alpha=\u00a0\u00bb50&Prime; shift_x=\u00a0\u00bb0&Prime; shift_y=\u00a0\u00bb0&Prime; shift_y_down=\u00a0\u00bb0&Prime; z_index=\u00a0\u00bb0&Prime; medium_width=\u00a0\u00bb0&Prime; mobile_width=\u00a0\u00bb0&Prime; sticky=\u00a0\u00bbyes\u00a0\u00bb width=\u00a0\u00bb1\/1&Prime;][vc_custom_heading text_color=\u00a0\u00bbcolor-jevc\u00a0\u00bb heading_semantic=\u00a0\u00bbp\u00a0\u00bb text_weight=\u00a0\u00bb300&Prime; text_height=\u00a0\u00bbfontheight-357766&Prime; text_space=\u00a0\u00bbfontspace-781688&Prime;]<\/p>\n<h1 style=\"text-align: center; margin-bottom: -40px;\">VOYAGES SCOLAIRES AU P\u00c9ROU<\/h1>\n<p>[\/vc_custom_heading][vc_column_text]<\/p>\n<p style=\"text-align: center;\">Autrefois terre du grand empire Inca, le P\u00e9rou abrite une grande vari\u00e9t\u00e9 d&rsquo;environnements \u00e9cologiques et sociaux. Voyagez \u00e0 travers la terre ancestrale des Incas. Explorez les sommets sacr\u00e9s du Machu Picchu, le remarquable lac Titicaca, et d\u00e9couvrez l&rsquo;histoire et la culture de ce pays majestueux. Imaginez apprendre l&rsquo;espagnol dans l&rsquo;un des plus beaux endroits d&rsquo;Am\u00e9rique latine.<\/p>\n<p>[\/vc_column_text][vc_empty_space empty_h=\u00a0\u00bb0&Prime;][\/vc_column_inner][\/vc_row_inner][\/vc_column][\/vc_row][vc_row][vc_column column_width_percent=\u00a0\u00bb100&Prime; align_horizontal=\u00a0\u00bbalign_center\u00a0\u00bb gutter_size=\u00a0\u00bb3&Prime; overlay_alpha=\u00a0\u00bb50&Prime; shift_x=\u00a0\u00bb0&Prime; shift_y=\u00a0\u00bb0&Prime; shift_y_down=\u00a0\u00bb0&Prime; z_index=\u00a0\u00bb0&Prime; medium_width=\u00a0\u00bb0&Prime; mobile_width=\u00a0\u00bb0&Prime; width=\u00a0\u00bb1\/3&Prime;][vc_single_image media=\u00a0\u00bb70852&Prime; media_width_percent=\u00a0\u00bb100&Prime; media_ratio=\u00a0\u00bbfour-three\u00a0\u00bb alignment=\u00a0\u00bbcenter\u00a0\u00bb shadow=\u00a0\u00bbyes\u00a0\u00bb media_link=\u00a0\u00bburl:https%3A%2F%2Fprometour.com%2Fperu-homestay%2F|||\u00a0\u00bb][vc_custom_heading text_size=\u00a0\u00bbh4&Prime;]IMMERSION AU P\u00c9ROU[\/vc_custom_heading][vc_column_text]Voyez le jeu des fontaines de Lima<br \/>\nProfitez des sources chaudes d&rsquo;Aguas Calientes<br \/>\nExplorez les ruines d&rsquo;Ollantaytambo[\/vc_column_text][vc_button button_color=\u00a0\u00bbaccent\u00a0\u00bb border_width=\u00a0\u00bb0&Prime; link=\u00a0\u00bburl:https%3A%2F%2Fprometour.com%2Ffr%2Fimmersion-au-perou%2F\u00a0\u00bb]VOIR L&rsquo;ITIN\u00c9RAIRE[\/vc_button][\/vc_column][vc_column column_width_percent=\u00a0\u00bb100&Prime; align_horizontal=\u00a0\u00bbalign_center\u00a0\u00bb gutter_size=\u00a0\u00bb3&Prime; overlay_alpha=\u00a0\u00bb50&Prime; shift_x=\u00a0\u00bb0&Prime; shift_y=\u00a0\u00bb0&Prime; shift_y_down=\u00a0\u00bb0&Prime; z_index=\u00a0\u00bb0&Prime; medium_width=\u00a0\u00bb0&Prime; mobile_width=\u00a0\u00bb0&Prime; width=\u00a0\u00bb1\/3&Prime;][vc_single_image media=\u00a0\u00bb70853&Prime; media_width_percent=\u00a0\u00bb100&Prime; media_ratio=\u00a0\u00bbfour-three\u00a0\u00bb alignment=\u00a0\u00bbcenter\u00a0\u00bb shadow=\u00a0\u00bbyes\u00a0\u00bb media_link=\u00a0\u00bburl:https%3A%2F%2Fprometour.com%2Ftraditional-peru-community-project%2F|||\u00a0\u00bb][vc_custom_heading text_size=\u00a0\u00bbh4&Prime;]PROJET COMMUNAUTAIRE[\/vc_custom_heading][vc_column_text]Voyez les ruines de Pisac<br \/>\nExplorez le Machu Picchu<br \/>\nParticipez \u00e0 un atelier de tissage<br \/>\nD\u00e9couvrez l&rsquo;\u00eele de Taquileo[\/vc_column_text][vc_button button_color=\u00a0\u00bbaccent\u00a0\u00bb border_width=\u00a0\u00bb0&Prime; link=\u00a0\u00bburl:https%3A%2F%2Fprometour.com%2Ffr%2Fprojet-communautaire%2F\u00a0\u00bb]VOIR L&rsquo;ITIN\u00c9RAIRE[\/vc_button][\/vc_column][vc_column column_width_percent=\u00a0\u00bb100&Prime; align_horizontal=\u00a0\u00bbalign_center\u00a0\u00bb gutter_size=\u00a0\u00bb3&Prime; overlay_alpha=\u00a0\u00bb50&Prime; shift_x=\u00a0\u00bb0&Prime; shift_y=\u00a0\u00bb0&Prime; shift_y_down=\u00a0\u00bb0&Prime; z_index=\u00a0\u00bb0&Prime; medium_width=\u00a0\u00bb0&Prime; mobile_width=\u00a0\u00bb0&Prime; width=\u00a0\u00bb1\/3&Prime;][vc_single_image media=\u00a0\u00bb70854&Prime; media_width_percent=\u00a0\u00bb100&Prime; media_ratio=\u00a0\u00bbfour-three\u00a0\u00bb alignment=\u00a0\u00bbcenter\u00a0\u00bb shadow=\u00a0\u00bbyes\u00a0\u00bb media_link=\u00a0\u00bburl:https%3A%2F%2Fprometour.com%2Fdiscover-peru%2F|||\u00a0\u00bb][vc_custom_heading text_size=\u00a0\u00bbh4&Prime;]D\u00c9COUVERTE DU P\u00c9ROU[\/vc_custom_heading][vc_column_text]Cours de cuisine p\u00e9ruvienne<br \/>\n\u00c9tangs de sel de Maras<br \/>\nSite arch\u00e9ologique de Moray<br \/>\nV\u00e9lo de montagne dans la vall\u00e9e sacr\u00e9e[\/vc_column_text][vc_button button_color=\u00a0\u00bbaccent\u00a0\u00bb border_width=\u00a0\u00bb0&Prime; link=\u00a0\u00bburl:https%3A%2F%2Fprometour.com%2Ffr%2Fdecouverte-du-perou%2F\u00a0\u00bb]VOIR L&rsquo;ITIN\u00c9RAIRE[\/vc_button][\/vc_column][\/vc_row][vc_row][vc_column width=\u00a0\u00bb1\/1&Prime;][uncode_block id=\u00a0\u00bb87972&Prime;][\/vc_column][\/vc_row][vc_row][vc_column width=\u00a0\u00bb1\/1&Prime;][uncode_block id=\u00a0\u00bb84191&Prime;][\/vc_column][\/vc_row][vc_row][vc_column width=\u00a0\u00bb1\/1&Prime;][uncode_block id=\u00a0\u00bb84136&Prime;][\/vc_column][\/vc_row]<\/p>\n<\/div>","protected":false},"excerpt":{"rendered":"<p>[vc_row row_height_percent=\u00a0\u00bb0&Prime; override_padding=\u00a0\u00bbyes\u00a0\u00bb h_padding=\u00a0\u00bb2&Prime; top_padding=\u00a0\u00bb2&Prime; bottom_padding=\u00a0\u00bb2&Prime; back_color=\u00a0\u00bbcolor-lxmt\u00a0\u00bb overlay_alpha=\u00a0\u00bb50&Prime; gutter_size=\u00a0\u00bb3&Prime; column_width_percent=\u00a0\u00bb100&Prime; shift_y=\u00a0\u00bb0&Prime; z_index=\u00a0\u00bb0&Prime;][vc_column column_width_percent=\u00a0\u00bb100&Prime; gutter_size=\u00a0\u00bb3&Prime; overlay_alpha=\u00a0\u00bb50&Prime; shift_x=\u00a0\u00bb0&Prime; shift_y=\u00a0\u00bb0&Prime; shift_y_down=\u00a0\u00bb0&Prime; z_index=\u00a0\u00bb0&Prime; medium_width=\u00a0\u00bb0&Prime; [&hellip;]<\/p>\n","protected":false},"author":19,"featured_media":81893,"parent":0,"menu_order":0,"comment_status":"closed","ping_status":"closed","template":"","meta":{"content-type":"","footnotes":""},"class_list":["post-82064","page","type-page","status-publish","has-post-thumbnail","hentry","page_category-section-page-fr"],"yoast_head":"<!-- This site is optimized with the Yoast SEO plugin v27.2 - https:\/\/yoast.com\/product\/yoast-seo-wordpress\/ -->\n<title>Voyages scolaires au P\u00e9rou | Prom\u00e9tour Voyages \u00c9ducatifs<\/title>\n<meta name=\"description\" content=\"Voyages scolaires au P\u00e9rou. D\u00e9couvrez la culture locale, apprenez l&#039;espagnol ou participez \u00e0 des activit\u00e9s de d\u00e9veloppement communautaire.\" \/>\n<meta name=\"robots\" content=\"index, follow, max-snippet:-1, max-image-preview:large, max-video-preview:-1\" \/>\n<link rel=\"canonical\" href=\"https:\/\/prometour.com\/fr\/perou\/\" \/>\n<meta property=\"og:locale\" content=\"fr_FR\" \/>\n<meta property=\"og:type\" content=\"article\" \/>\n<meta property=\"og:title\" content=\"Voyages scolaires au P\u00e9rou | Prom\u00e9tour Voyages \u00c9ducatifs\" \/>\n<meta property=\"og:description\" content=\"Voyages scolaires au P\u00e9rou. D\u00e9couvrez la culture locale, apprenez l&#039;espagnol ou participez \u00e0 des activit\u00e9s de d\u00e9veloppement communautaire.\" \/>\n<meta property=\"og:url\" content=\"https:\/\/prometour.com\/fr\/perou\/\" \/>\n<meta property=\"og:site_name\" content=\"Prom&eacute;tour\" \/>\n<meta property=\"article:publisher\" content=\"https:\/\/www.facebook.com\/PrometourEduTours\" \/>\n<meta property=\"article:modified_time\" content=\"2024-07-30T20:26:21+00:00\" \/>\n<meta property=\"og:image\" content=\"https:\/\/prometour.com\/wp-content\/uploads\/2017\/12\/Peru-School-Trips.jpg\" \/>\n\t<meta property=\"og:image:width\" content=\"1575\" \/>\n\t<meta property=\"og:image:height\" content=\"682\" \/>\n\t<meta property=\"og:image:type\" content=\"image\/jpeg\" \/>\n<meta name=\"twitter:card\" content=\"summary_large_image\" \/>\n<meta name=\"twitter:site\" content=\"@Prometour\" \/>\n<meta name=\"twitter:label1\" content=\"Dur\u00e9e de lecture estim\u00e9e\" \/>\n\t<meta name=\"twitter:data1\" content=\"2 minutes\" \/>\n<script type=\"application\/ld+json\" class=\"yoast-schema-graph\">{\"@context\":\"https:\/\/schema.org\",\"@graph\":[{\"@type\":\"WebPage\",\"@id\":\"https:\/\/prometour.com\/fr\/perou\/\",\"url\":\"https:\/\/prometour.com\/fr\/perou\/\",\"name\":\"Voyages scolaires au P\u00e9rou | Prom\u00e9tour Voyages \u00c9ducatifs\",\"isPartOf\":{\"@id\":\"https:\/\/prometour.com\/fr\/#website\"},\"primaryImageOfPage\":{\"@id\":\"https:\/\/prometour.com\/fr\/perou\/#primaryimage\"},\"image\":{\"@id\":\"https:\/\/prometour.com\/fr\/perou\/#primaryimage\"},\"thumbnailUrl\":\"https:\/\/prometour.com\/wp-content\/uploads\/2017\/12\/Peru-School-Trips.jpg\",\"datePublished\":\"2017-11-28T15:41:11+00:00\",\"dateModified\":\"2024-07-30T20:26:21+00:00\",\"description\":\"Voyages scolaires au P\u00e9rou. D\u00e9couvrez la culture locale, apprenez l'espagnol ou participez \u00e0 des activit\u00e9s de d\u00e9veloppement communautaire.\",\"breadcrumb\":{\"@id\":\"https:\/\/prometour.com\/fr\/perou\/#breadcrumb\"},\"inLanguage\":\"fr-FR\",\"potentialAction\":[{\"@type\":\"ReadAction\",\"target\":[\"https:\/\/prometour.com\/fr\/perou\/\"]}]},{\"@type\":\"ImageObject\",\"inLanguage\":\"fr-FR\",\"@id\":\"https:\/\/prometour.com\/fr\/perou\/#primaryimage\",\"url\":\"https:\/\/prometour.com\/wp-content\/uploads\/2017\/12\/Peru-School-Trips.jpg\",\"contentUrl\":\"https:\/\/prometour.com\/wp-content\/uploads\/2017\/12\/Peru-School-Trips.jpg\",\"width\":1575,\"height\":682},{\"@type\":\"BreadcrumbList\",\"@id\":\"https:\/\/prometour.com\/fr\/perou\/#breadcrumb\",\"itemListElement\":[{\"@type\":\"ListItem\",\"position\":1,\"name\":\"Prometour\",\"item\":\"https:\/\/prometour.com\/fr\/\"},{\"@type\":\"ListItem\",\"position\":2,\"name\":\"Section Page\",\"item\":\"https:\/\/prometour.com\/fr\/page_category\/section-page-fr\/\"},{\"@type\":\"ListItem\",\"position\":3,\"name\":\"P\u00e9rou\"}]},{\"@type\":\"WebSite\",\"@id\":\"https:\/\/prometour.com\/fr\/#website\",\"url\":\"https:\/\/prometour.com\/fr\/\",\"name\":\"Prom\u00e9tour\",\"description\":\"Experts in Customized Student Tours and Class trips\",\"publisher\":{\"@id\":\"https:\/\/prometour.com\/fr\/#organization\"},\"potentialAction\":[{\"@type\":\"SearchAction\",\"target\":{\"@type\":\"EntryPoint\",\"urlTemplate\":\"https:\/\/prometour.com\/fr\/?s={search_term_string}\"},\"query-input\":{\"@type\":\"PropertyValueSpecification\",\"valueRequired\":true,\"valueName\":\"search_term_string\"}}],\"inLanguage\":\"fr-FR\"},{\"@type\":\"Organization\",\"@id\":\"https:\/\/prometour.com\/fr\/#organization\",\"name\":\"Prom\u00e9tour Educational Tours\",\"url\":\"https:\/\/prometour.com\/fr\/\",\"logo\":{\"@type\":\"ImageObject\",\"inLanguage\":\"fr-FR\",\"@id\":\"https:\/\/prometour.com\/fr\/#\/schema\/logo\/image\/\",\"url\":\"https:\/\/prometour.com\/wp-content\/uploads\/2017\/11\/Prometour_Logo_CMYK.gif\",\"contentUrl\":\"https:\/\/prometour.com\/wp-content\/uploads\/2017\/11\/Prometour_Logo_CMYK.gif\",\"width\":2265,\"height\":663,\"caption\":\"Prom\u00e9tour Educational Tours\"},\"image\":{\"@id\":\"https:\/\/prometour.com\/fr\/#\/schema\/logo\/image\/\"},\"sameAs\":[\"https:\/\/www.facebook.com\/PrometourEduTours\",\"https:\/\/x.com\/Prometour\",\"https:\/\/www.instagram.com\/prometour\/\",\"https:\/\/www.linkedin.com\/company\/prometour\",\"https:\/\/www.pinterest.ca\/prometour\/\",\"https:\/\/www.youtube.com\/channel\/UCGUzI7zRN1jyJA_vnuq4GPA\"]}]}<\/script>\n<!-- \/ Yoast SEO plugin. -->","yoast_head_json":{"title":"Voyages scolaires au P\u00e9rou | Prom\u00e9tour Voyages \u00c9ducatifs","description":"Voyages scolaires au P\u00e9rou. D\u00e9couvrez la culture locale, apprenez l'espagnol ou participez \u00e0 des activit\u00e9s de d\u00e9veloppement communautaire.","robots":{"index":"index","follow":"follow","max-snippet":"max-snippet:-1","max-image-preview":"max-image-preview:large","max-video-preview":"max-video-preview:-1"},"canonical":"https:\/\/prometour.com\/fr\/perou\/","og_locale":"fr_FR","og_type":"article","og_title":"Voyages scolaires au P\u00e9rou | Prom\u00e9tour Voyages \u00c9ducatifs","og_description":"Voyages scolaires au P\u00e9rou. D\u00e9couvrez la culture locale, apprenez l'espagnol ou participez \u00e0 des activit\u00e9s de d\u00e9veloppement communautaire.","og_url":"https:\/\/prometour.com\/fr\/perou\/","og_site_name":"Prom&eacute;tour","article_publisher":"https:\/\/www.facebook.com\/PrometourEduTours","article_modified_time":"2024-07-30T20:26:21+00:00","og_image":[{"width":1575,"height":682,"url":"https:\/\/prometour.com\/wp-content\/uploads\/2017\/12\/Peru-School-Trips.jpg","type":"image\/jpeg"}],"twitter_card":"summary_large_image","twitter_site":"@Prometour","twitter_misc":{"Dur\u00e9e de lecture estim\u00e9e":"2 minutes"},"schema":{"@context":"https:\/\/schema.org","@graph":[{"@type":"WebPage","@id":"https:\/\/prometour.com\/fr\/perou\/","url":"https:\/\/prometour.com\/fr\/perou\/","name":"Voyages scolaires au P\u00e9rou | Prom\u00e9tour Voyages \u00c9ducatifs","isPartOf":{"@id":"https:\/\/prometour.com\/fr\/#website"},"primaryImageOfPage":{"@id":"https:\/\/prometour.com\/fr\/perou\/#primaryimage"},"image":{"@id":"https:\/\/prometour.com\/fr\/perou\/#primaryimage"},"thumbnailUrl":"https:\/\/prometour.com\/wp-content\/uploads\/2017\/12\/Peru-School-Trips.jpg","datePublished":"2017-11-28T15:41:11+00:00","dateModified":"2024-07-30T20:26:21+00:00","description":"Voyages scolaires au P\u00e9rou. D\u00e9couvrez la culture locale, apprenez l'espagnol ou participez \u00e0 des activit\u00e9s de d\u00e9veloppement communautaire.","breadcrumb":{"@id":"https:\/\/prometour.com\/fr\/perou\/#breadcrumb"},"inLanguage":"fr-FR","potentialAction":[{"@type":"ReadAction","target":["https:\/\/prometour.com\/fr\/perou\/"]}]},{"@type":"ImageObject","inLanguage":"fr-FR","@id":"https:\/\/prometour.com\/fr\/perou\/#primaryimage","url":"https:\/\/prometour.com\/wp-content\/uploads\/2017\/12\/Peru-School-Trips.jpg","contentUrl":"https:\/\/prometour.com\/wp-content\/uploads\/2017\/12\/Peru-School-Trips.jpg","width":1575,"height":682},{"@type":"BreadcrumbList","@id":"https:\/\/prometour.com\/fr\/perou\/#breadcrumb","itemListElement":[{"@type":"ListItem","position":1,"name":"Prometour","item":"https:\/\/prometour.com\/fr\/"},{"@type":"ListItem","position":2,"name":"Section Page","item":"https:\/\/prometour.com\/fr\/page_category\/section-page-fr\/"},{"@type":"ListItem","position":3,"name":"P\u00e9rou"}]},{"@type":"WebSite","@id":"https:\/\/prometour.com\/fr\/#website","url":"https:\/\/prometour.com\/fr\/","name":"Prom\u00e9tour","description":"Experts in Customized Student Tours and Class trips","publisher":{"@id":"https:\/\/prometour.com\/fr\/#organization"},"potentialAction":[{"@type":"SearchAction","target":{"@type":"EntryPoint","urlTemplate":"https:\/\/prometour.com\/fr\/?s={search_term_string}"},"query-input":{"@type":"PropertyValueSpecification","valueRequired":true,"valueName":"search_term_string"}}],"inLanguage":"fr-FR"},{"@type":"Organization","@id":"https:\/\/prometour.com\/fr\/#organization","name":"Prom\u00e9tour Educational Tours","url":"https:\/\/prometour.com\/fr\/","logo":{"@type":"ImageObject","inLanguage":"fr-FR","@id":"https:\/\/prometour.com\/fr\/#\/schema\/logo\/image\/","url":"https:\/\/prometour.com\/wp-content\/uploads\/2017\/11\/Prometour_Logo_CMYK.gif","contentUrl":"https:\/\/prometour.com\/wp-content\/uploads\/2017\/11\/Prometour_Logo_CMYK.gif","width":2265,"height":663,"caption":"Prom\u00e9tour Educational Tours"},"image":{"@id":"https:\/\/prometour.com\/fr\/#\/schema\/logo\/image\/"},"sameAs":["https:\/\/www.facebook.com\/PrometourEduTours","https:\/\/x.com\/Prometour","https:\/\/www.instagram.com\/prometour\/","https:\/\/www.linkedin.com\/company\/prometour","https:\/\/www.pinterest.ca\/prometour\/","https:\/\/www.youtube.com\/channel\/UCGUzI7zRN1jyJA_vnuq4GPA"]}]}},"_links":{"self":[{"href":"https:\/\/prometour.com\/fr\/wp-json\/wp\/v2\/pages\/82064","targetHints":{"allow":["GET"]}}],"collection":[{"href":"https:\/\/prometour.com\/fr\/wp-json\/wp\/v2\/pages"}],"about":[{"href":"https:\/\/prometour.com\/fr\/wp-json\/wp\/v2\/types\/page"}],"author":[{"embeddable":true,"href":"https:\/\/prometour.com\/fr\/wp-json\/wp\/v2\/users\/19"}],"replies":[{"embeddable":true,"href":"https:\/\/prometour.com\/fr\/wp-json\/wp\/v2\/comments?post=82064"}],"version-history":[{"count":7,"href":"https:\/\/prometour.com\/fr\/wp-json\/wp\/v2\/pages\/82064\/revisions"}],"predecessor-version":[{"id":88003,"href":"https:\/\/prometour.com\/fr\/wp-json\/wp\/v2\/pages\/82064\/revisions\/88003"}],"wp:featuredmedia":[{"embeddable":true,"href":"https:\/\/prometour.com\/fr\/wp-json\/wp\/v2\/media\/81893"}],"wp:attachment":[{"href":"https:\/\/prometour.com\/fr\/wp-json\/wp\/v2\/media?parent=82064"}],"curies":[{"name":"wp","href":"https:\/\/api.w.org\/{rel}","templated":true}]}}