{"id":82504,"date":"2017-11-10T07:44:55","date_gmt":"2017-11-10T12:44:55","guid":{"rendered":"https:\/\/prometour.com\/our-story\/"},"modified":"2021-03-16T13:30:55","modified_gmt":"2021-03-16T17:30:55","slug":"notre-histoire","status":"publish","type":"page","link":"https:\/\/prometour.com\/fr\/notre-histoire\/","title":{"rendered":"Notre histoire"},"content":{"rendered":"<div class=\"wpb-content-wrapper\"><p>[vc_row unlock_row_content=\u00a0\u00bbyes\u00a0\u00bb row_height_percent=\u00a0\u00bb100&Prime; override_padding=\u00a0\u00bbyes\u00a0\u00bb h_padding=\u00a0\u00bb0&Prime; top_padding=\u00a0\u00bb2&Prime; bottom_padding=\u00a0\u00bb0&Prime; overlay_alpha=\u00a0\u00bb50&Prime; gutter_size=\u00a0\u00bb3&Prime; shift_y=\u00a0\u00bb0&Prime;][vc_column column_width_percent=\u00a0\u00bb100&Prime; gutter_size=\u00a0\u00bb3&Prime; expand_height=\u00a0\u00bbyes\u00a0\u00bb back_image=\u00a0\u00bb62522&Prime; overlay_alpha=\u00a0\u00bb50&Prime; shift_x=\u00a0\u00bb0&Prime; shift_y=\u00a0\u00bb0&Prime; z_index=\u00a0\u00bb0&Prime; medium_width=\u00a0\u00bb0&Prime; width=\u00a0\u00bb1\/2&Prime;][vc_single_image media=\u00a0\u00bb76946&Prime; media_width_percent=\u00a0\u00bb100&Prime;][\/vc_column][vc_column column_width_percent=\u00a0\u00bb100&Prime; gutter_size=\u00a0\u00bb3&Prime; override_padding=\u00a0\u00bbyes\u00a0\u00bb column_padding=\u00a0\u00bb3&Prime; expand_height=\u00a0\u00bbyes\u00a0\u00bb overlay_alpha=\u00a0\u00bb50&Prime; shift_x=\u00a0\u00bb0&Prime; shift_y=\u00a0\u00bb0&Prime; z_index=\u00a0\u00bb0&Prime; medium_width=\u00a0\u00bb0&Prime; width=\u00a0\u00bb1\/2&Prime;][vc_custom_heading subheading=\u00a0\u00bbFond\u00e9e en 1992 par trois partenaires europ\u00e9ens, S\u00e9bastien Letailleur, Stanislas Myszkowski et Xavier Buisson, Prom\u00e9tour est rapidement devenu une agence de voyages de groupe sp\u00e9cialis\u00e9e reconnue. La motivation initiale de l&rsquo;entreprise \u00e9tait de promouvoir et de vendre activement le Qu\u00e9bec comme destination pour les \u00e9tudiants de langue fran\u00e7aise aux \u00c9tats-Unis. Face \u00e0 une telle demande et au succ\u00e8s de l&rsquo;entreprise, Prom\u00e9tour a ouvert un deuxi\u00e8me bureau \u00e0 Paris en 1998 puis un troisi\u00e8me en Espagne en 2000.<\/p>\n<p>Prom\u00e9tour s&rsquo;est engag\u00e9 \u00e0 offrir des aventures \u00e9ducatives de haute qualit\u00e9 et abordables, tant pour les \u00e9tudiants que pour les adultes. Avec nos origines en Europe et au Qu\u00e9bec, nous voulions partager nos pays et notre culture respectifs avec les autres. Que vous travailliez avec un groupe d&rsquo;\u00e9tudiants ou d&rsquo;adultes, Prom\u00e9tour vous promet une exp\u00e9rience d&rsquo;une vie et l&rsquo;opportunit\u00e9 de vivre comme un natif dans un pays \u00e9tranger.<\/p>\n<p>La mission de Prom\u00e9tour est de concevoir des voyages de groupe sur mesure pour accompagner les enseignants et organisateurs de groupes de diff\u00e9rents milieux pour les aider \u00e0 faire d\u00e9couvrir, partager et comprendre \u00e0 leurs \u00e9l\u00e8ves et participants la diversit\u00e9 et la beaut\u00e9 du monde qui les entoure.<\/p>\n<p>L\u2019exp\u00e9rience de voyage de Prom\u00e9tour est un voyage enrichissant, formateur et inoubliable.\u00a0\u00bb]<\/p>\n<h1>Notre histoire <a href=\"https:\/\/prometour.com\/wp-content\/uploads\/2017\/11\/Why-I-Chose-Prometour-Teachers-Testimonials.pdf\">#<\/a><a href=\"https:\/\/www.youtube.com\/watch?v=ZvMOcmGn7XI&amp;list=PLvYQYyuRWwLwVj-FlMQwQMxew1VD_oqcS\">PROMETOUR<\/a><\/h1>\n<p>[\/vc_custom_heading][\/vc_column][\/vc_row][vc_row][vc_column width=\u00a0\u00bb1\/1&Prime;][vc_separator sep_color=\u00a0\u00bbaccent\u00a0\u00bb][\/vc_column][\/vc_row][vc_row][vc_column width=\u00a0\u00bb1\/2&Prime;][vc_single_image media=\u00a0\u00bb82772&Prime; media_width_percent=\u00a0\u00bb100&Prime;][\/vc_column][vc_column width=\u00a0\u00bb1\/2&Prime;][vc_column_text]<\/p>\n<h3>Envie d&rsquo;en savoir plus?<\/h3>\n<p>Depuis 1992, notre mission est de concevoir avec soin des voyages de groupe \u00e9ducatifs personnalis\u00e9s pour soutenir les enseignants et avoir un impact positif sur la vie des \u00e9tudiants et des communaut\u00e9s du monde entier.<\/p>\n<p>Plus r\u00e9cemment, Prom\u00e9tour a \u00e9tendu sa gamme de produits \u00e0 une client\u00e8le adulte en y appliquant les m\u00eames r\u00e8gles rigoureuses de qualit\u00e9 pour toutes ses destinations.[\/vc_column_text][vc_button button_color=\u00a0\u00bbaccent\u00a0\u00bb border_width=\u00a0\u00bb0&Prime; link=\u00a0\u00bburl:https%3A%2F%2Fprometour.com%2Ffr%2Fwhy-choose-prometour%2F|||\u00a0\u00bb]Pourquoi choisir Prom\u00e9tour[\/vc_button][\/vc_column][\/vc_row]<\/p>\n<\/div>","protected":false},"excerpt":{"rendered":"<p>[vc_row unlock_row_content=\u00a0\u00bbyes\u00a0\u00bb row_height_percent=\u00a0\u00bb100&Prime; override_padding=\u00a0\u00bbyes\u00a0\u00bb h_padding=\u00a0\u00bb0&Prime; top_padding=\u00a0\u00bb2&Prime; bottom_padding=\u00a0\u00bb0&Prime; overlay_alpha=\u00a0\u00bb50&Prime; gutter_size=\u00a0\u00bb3&Prime; shift_y=\u00a0\u00bb0&Prime;][vc_column column_width_percent=\u00a0\u00bb100&Prime; gutter_size=\u00a0\u00bb3&Prime; expand_height=\u00a0\u00bbyes\u00a0\u00bb back_image=\u00a0\u00bb62522&Prime; overlay_alpha=\u00a0\u00bb50&Prime; shift_x=\u00a0\u00bb0&Prime; shift_y=\u00a0\u00bb0&Prime; z_index=\u00a0\u00bb0&Prime; medium_width=\u00a0\u00bb0&Prime; width=\u00a0\u00bb1\/2&Prime;][vc_single_image [&hellip;]<\/p>\n","protected":false},"author":19,"featured_media":82506,"parent":0,"menu_order":0,"comment_status":"closed","ping_status":"closed","template":"","meta":{"content-type":"","footnotes":""},"class_list":["post-82504","page","type-page","status-publish","has-post-thumbnail","hentry","page_category-prometour-careers-opportunities-fr"],"yoast_head":"<!-- This site is optimized with the Yoast SEO plugin v27.4 - https:\/\/yoast.com\/product\/yoast-seo-wordpress\/ -->\n<title>Notre histoire | Historique de Prom\u00e9tour<\/title>\n<meta name=\"description\" content=\"Historique de Prom\u00e9tour - Prom\u00e9tour est une agence de groupes et de voyages \u00e9ducatifs reconnue. En voici l&#039;histoire.\" \/>\n<meta name=\"robots\" content=\"index, follow, max-snippet:-1, max-image-preview:large, max-video-preview:-1\" \/>\n<link rel=\"canonical\" href=\"https:\/\/prometour.com\/fr\/notre-histoire\/\" \/>\n<meta property=\"og:locale\" content=\"fr_FR\" \/>\n<meta property=\"og:type\" content=\"article\" \/>\n<meta property=\"og:title\" content=\"Notre histoire | Historique de Prom\u00e9tour\" \/>\n<meta property=\"og:description\" content=\"Historique de Prom\u00e9tour - Prom\u00e9tour est une agence de groupes et de voyages \u00e9ducatifs reconnue. En voici l&#039;histoire.\" \/>\n<meta property=\"og:url\" content=\"https:\/\/prometour.com\/fr\/notre-histoire\/\" \/>\n<meta property=\"og:site_name\" content=\"Prom&eacute;tour\" \/>\n<meta property=\"article:publisher\" content=\"https:\/\/www.facebook.com\/PrometourEduTours\" \/>\n<meta property=\"article:modified_time\" content=\"2021-03-16T17:30:55+00:00\" \/>\n<meta property=\"og:image\" content=\"https:\/\/prometour.com\/wp-content\/uploads\/2018\/01\/26185851_391687231265990_3194297839530278912_n.jpg\" \/>\n\t<meta property=\"og:image:width\" content=\"640\" \/>\n\t<meta property=\"og:image:height\" content=\"640\" \/>\n\t<meta property=\"og:image:type\" content=\"image\/jpeg\" \/>\n<meta name=\"twitter:card\" content=\"summary_large_image\" \/>\n<meta name=\"twitter:site\" content=\"@Prometour\" \/>\n<meta name=\"twitter:label1\" content=\"Dur\u00e9e de lecture estim\u00e9e\" \/>\n\t<meta name=\"twitter:data1\" content=\"2 minutes\" \/>\n<script type=\"application\/ld+json\" class=\"yoast-schema-graph\">{\"@context\":\"https:\\\/\\\/schema.org\",\"@graph\":[{\"@type\":\"WebPage\",\"@id\":\"https:\\\/\\\/prometour.com\\\/fr\\\/notre-histoire\\\/\",\"url\":\"https:\\\/\\\/prometour.com\\\/fr\\\/notre-histoire\\\/\",\"name\":\"Notre histoire | Historique de Prom\u00e9tour\",\"isPartOf\":{\"@id\":\"https:\\\/\\\/prometour.com\\\/fr\\\/#website\"},\"primaryImageOfPage\":{\"@id\":\"https:\\\/\\\/prometour.com\\\/fr\\\/notre-histoire\\\/#primaryimage\"},\"image\":{\"@id\":\"https:\\\/\\\/prometour.com\\\/fr\\\/notre-histoire\\\/#primaryimage\"},\"thumbnailUrl\":\"https:\\\/\\\/prometour.com\\\/wp-content\\\/uploads\\\/2018\\\/01\\\/26185851_391687231265990_3194297839530278912_n.jpg\",\"datePublished\":\"2017-11-10T12:44:55+00:00\",\"dateModified\":\"2021-03-16T17:30:55+00:00\",\"description\":\"Historique de Prom\u00e9tour - Prom\u00e9tour est une agence de groupes et de voyages \u00e9ducatifs reconnue. En voici l'histoire.\",\"breadcrumb\":{\"@id\":\"https:\\\/\\\/prometour.com\\\/fr\\\/notre-histoire\\\/#breadcrumb\"},\"inLanguage\":\"fr-FR\",\"potentialAction\":[{\"@type\":\"ReadAction\",\"target\":[\"https:\\\/\\\/prometour.com\\\/fr\\\/notre-histoire\\\/\"]}]},{\"@type\":\"ImageObject\",\"inLanguage\":\"fr-FR\",\"@id\":\"https:\\\/\\\/prometour.com\\\/fr\\\/notre-histoire\\\/#primaryimage\",\"url\":\"https:\\\/\\\/prometour.com\\\/wp-content\\\/uploads\\\/2018\\\/01\\\/26185851_391687231265990_3194297839530278912_n.jpg\",\"contentUrl\":\"https:\\\/\\\/prometour.com\\\/wp-content\\\/uploads\\\/2018\\\/01\\\/26185851_391687231265990_3194297839530278912_n.jpg\",\"width\":640,\"height\":640},{\"@type\":\"BreadcrumbList\",\"@id\":\"https:\\\/\\\/prometour.com\\\/fr\\\/notre-histoire\\\/#breadcrumb\",\"itemListElement\":[{\"@type\":\"ListItem\",\"position\":1,\"name\":\"Prometour\",\"item\":\"https:\\\/\\\/prometour.com\\\/fr\\\/\"},{\"@type\":\"ListItem\",\"position\":2,\"name\":\"Prometour Career Opportunities\",\"item\":\"https:\\\/\\\/prometour.com\\\/fr\\\/page_category\\\/prometour-careers-opportunities-fr\\\/\"},{\"@type\":\"ListItem\",\"position\":3,\"name\":\"Notre histoire\"}]},{\"@type\":\"WebSite\",\"@id\":\"https:\\\/\\\/prometour.com\\\/fr\\\/#website\",\"url\":\"https:\\\/\\\/prometour.com\\\/fr\\\/\",\"name\":\"Prom\u00e9tour\",\"description\":\"Experts in Customized Student Tours and Class trips\",\"publisher\":{\"@id\":\"https:\\\/\\\/prometour.com\\\/fr\\\/#organization\"},\"potentialAction\":[{\"@type\":\"SearchAction\",\"target\":{\"@type\":\"EntryPoint\",\"urlTemplate\":\"https:\\\/\\\/prometour.com\\\/fr\\\/?s={search_term_string}\"},\"query-input\":{\"@type\":\"PropertyValueSpecification\",\"valueRequired\":true,\"valueName\":\"search_term_string\"}}],\"inLanguage\":\"fr-FR\"},{\"@type\":\"Organization\",\"@id\":\"https:\\\/\\\/prometour.com\\\/fr\\\/#organization\",\"name\":\"Prom\u00e9tour Educational Tours\",\"url\":\"https:\\\/\\\/prometour.com\\\/fr\\\/\",\"logo\":{\"@type\":\"ImageObject\",\"inLanguage\":\"fr-FR\",\"@id\":\"https:\\\/\\\/prometour.com\\\/fr\\\/#\\\/schema\\\/logo\\\/image\\\/\",\"url\":\"https:\\\/\\\/prometour.com\\\/wp-content\\\/uploads\\\/2017\\\/11\\\/Prometour_Logo_CMYK.gif\",\"contentUrl\":\"https:\\\/\\\/prometour.com\\\/wp-content\\\/uploads\\\/2017\\\/11\\\/Prometour_Logo_CMYK.gif\",\"width\":2265,\"height\":663,\"caption\":\"Prom\u00e9tour Educational Tours\"},\"image\":{\"@id\":\"https:\\\/\\\/prometour.com\\\/fr\\\/#\\\/schema\\\/logo\\\/image\\\/\"},\"sameAs\":[\"https:\\\/\\\/www.facebook.com\\\/PrometourEduTours\",\"https:\\\/\\\/x.com\\\/Prometour\",\"https:\\\/\\\/www.instagram.com\\\/prometour\\\/\",\"https:\\\/\\\/www.linkedin.com\\\/company\\\/prometour\",\"https:\\\/\\\/www.pinterest.ca\\\/prometour\\\/\",\"https:\\\/\\\/www.youtube.com\\\/channel\\\/UCGUzI7zRN1jyJA_vnuq4GPA\"]}]}<\/script>\n<!-- \/ Yoast SEO plugin. -->","yoast_head_json":{"title":"Notre histoire | Historique de Prom\u00e9tour","description":"Historique de Prom\u00e9tour - Prom\u00e9tour est une agence de groupes et de voyages \u00e9ducatifs reconnue. En voici l'histoire.","robots":{"index":"index","follow":"follow","max-snippet":"max-snippet:-1","max-image-preview":"max-image-preview:large","max-video-preview":"max-video-preview:-1"},"canonical":"https:\/\/prometour.com\/fr\/notre-histoire\/","og_locale":"fr_FR","og_type":"article","og_title":"Notre histoire | Historique de Prom\u00e9tour","og_description":"Historique de Prom\u00e9tour - Prom\u00e9tour est une agence de groupes et de voyages \u00e9ducatifs reconnue. En voici l'histoire.","og_url":"https:\/\/prometour.com\/fr\/notre-histoire\/","og_site_name":"Prom&eacute;tour","article_publisher":"https:\/\/www.facebook.com\/PrometourEduTours","article_modified_time":"2021-03-16T17:30:55+00:00","og_image":[{"width":640,"height":640,"url":"https:\/\/prometour.com\/wp-content\/uploads\/2018\/01\/26185851_391687231265990_3194297839530278912_n.jpg","type":"image\/jpeg"}],"twitter_card":"summary_large_image","twitter_site":"@Prometour","twitter_misc":{"Dur\u00e9e de lecture estim\u00e9e":"2 minutes"},"schema":{"@context":"https:\/\/schema.org","@graph":[{"@type":"WebPage","@id":"https:\/\/prometour.com\/fr\/notre-histoire\/","url":"https:\/\/prometour.com\/fr\/notre-histoire\/","name":"Notre histoire | Historique de Prom\u00e9tour","isPartOf":{"@id":"https:\/\/prometour.com\/fr\/#website"},"primaryImageOfPage":{"@id":"https:\/\/prometour.com\/fr\/notre-histoire\/#primaryimage"},"image":{"@id":"https:\/\/prometour.com\/fr\/notre-histoire\/#primaryimage"},"thumbnailUrl":"https:\/\/prometour.com\/wp-content\/uploads\/2018\/01\/26185851_391687231265990_3194297839530278912_n.jpg","datePublished":"2017-11-10T12:44:55+00:00","dateModified":"2021-03-16T17:30:55+00:00","description":"Historique de Prom\u00e9tour - Prom\u00e9tour est une agence de groupes et de voyages \u00e9ducatifs reconnue. En voici l'histoire.","breadcrumb":{"@id":"https:\/\/prometour.com\/fr\/notre-histoire\/#breadcrumb"},"inLanguage":"fr-FR","potentialAction":[{"@type":"ReadAction","target":["https:\/\/prometour.com\/fr\/notre-histoire\/"]}]},{"@type":"ImageObject","inLanguage":"fr-FR","@id":"https:\/\/prometour.com\/fr\/notre-histoire\/#primaryimage","url":"https:\/\/prometour.com\/wp-content\/uploads\/2018\/01\/26185851_391687231265990_3194297839530278912_n.jpg","contentUrl":"https:\/\/prometour.com\/wp-content\/uploads\/2018\/01\/26185851_391687231265990_3194297839530278912_n.jpg","width":640,"height":640},{"@type":"BreadcrumbList","@id":"https:\/\/prometour.com\/fr\/notre-histoire\/#breadcrumb","itemListElement":[{"@type":"ListItem","position":1,"name":"Prometour","item":"https:\/\/prometour.com\/fr\/"},{"@type":"ListItem","position":2,"name":"Prometour Career Opportunities","item":"https:\/\/prometour.com\/fr\/page_category\/prometour-careers-opportunities-fr\/"},{"@type":"ListItem","position":3,"name":"Notre histoire"}]},{"@type":"WebSite","@id":"https:\/\/prometour.com\/fr\/#website","url":"https:\/\/prometour.com\/fr\/","name":"Prom\u00e9tour","description":"Experts in Customized Student Tours and Class trips","publisher":{"@id":"https:\/\/prometour.com\/fr\/#organization"},"potentialAction":[{"@type":"SearchAction","target":{"@type":"EntryPoint","urlTemplate":"https:\/\/prometour.com\/fr\/?s={search_term_string}"},"query-input":{"@type":"PropertyValueSpecification","valueRequired":true,"valueName":"search_term_string"}}],"inLanguage":"fr-FR"},{"@type":"Organization","@id":"https:\/\/prometour.com\/fr\/#organization","name":"Prom\u00e9tour Educational Tours","url":"https:\/\/prometour.com\/fr\/","logo":{"@type":"ImageObject","inLanguage":"fr-FR","@id":"https:\/\/prometour.com\/fr\/#\/schema\/logo\/image\/","url":"https:\/\/prometour.com\/wp-content\/uploads\/2017\/11\/Prometour_Logo_CMYK.gif","contentUrl":"https:\/\/prometour.com\/wp-content\/uploads\/2017\/11\/Prometour_Logo_CMYK.gif","width":2265,"height":663,"caption":"Prom\u00e9tour Educational Tours"},"image":{"@id":"https:\/\/prometour.com\/fr\/#\/schema\/logo\/image\/"},"sameAs":["https:\/\/www.facebook.com\/PrometourEduTours","https:\/\/x.com\/Prometour","https:\/\/www.instagram.com\/prometour\/","https:\/\/www.linkedin.com\/company\/prometour","https:\/\/www.pinterest.ca\/prometour\/","https:\/\/www.youtube.com\/channel\/UCGUzI7zRN1jyJA_vnuq4GPA"]}]}},"_links":{"self":[{"href":"https:\/\/prometour.com\/fr\/wp-json\/wp\/v2\/pages\/82504","targetHints":{"allow":["GET"]}}],"collection":[{"href":"https:\/\/prometour.com\/fr\/wp-json\/wp\/v2\/pages"}],"about":[{"href":"https:\/\/prometour.com\/fr\/wp-json\/wp\/v2\/types\/page"}],"author":[{"embeddable":true,"href":"https:\/\/prometour.com\/fr\/wp-json\/wp\/v2\/users\/19"}],"replies":[{"embeddable":true,"href":"https:\/\/prometour.com\/fr\/wp-json\/wp\/v2\/comments?post=82504"}],"version-history":[{"count":7,"href":"https:\/\/prometour.com\/fr\/wp-json\/wp\/v2\/pages\/82504\/revisions"}],"predecessor-version":[{"id":87215,"href":"https:\/\/prometour.com\/fr\/wp-json\/wp\/v2\/pages\/82504\/revisions\/87215"}],"wp:featuredmedia":[{"embeddable":true,"href":"https:\/\/prometour.com\/fr\/wp-json\/wp\/v2\/media\/82506"}],"wp:attachment":[{"href":"https:\/\/prometour.com\/fr\/wp-json\/wp\/v2\/media?parent=82504"}],"curies":[{"name":"wp","href":"https:\/\/api.w.org\/{rel}","templated":true}]}}