{"id":82531,"date":"2017-11-10T07:30:05","date_gmt":"2017-11-10T14:30:05","guid":{"rendered":"https:\/\/prometour.com\/student-groups\/destinations\/"},"modified":"2025-12-17T09:06:04","modified_gmt":"2025-12-17T14:06:04","slug":"destinations","status":"publish","type":"page","link":"https:\/\/prometour.com\/fr\/destinations\/","title":{"rendered":"Destinations populaires (FR)"},"content":{"rendered":"<div class=\"wpb-content-wrapper\"><p>[vc_row][vc_column width=\u00a0\u00bb1\/2&Prime;][vc_custom_heading]<\/p>\n<h1>Destinations populaires pour voyages scolaires<\/h1>\n<p>[\/vc_custom_heading][vc_column_text]Chez <a href=\"https:\/\/prometour.com\/fr\/\">Prom\u00e9tour<\/a>, nous savons que la diff\u00e9rence entre une aventure \u00e9ducative et des vacances &#8211; ou, au pire, une excursion en bus trop ch\u00e8re &#8211; r\u00e9side dans l&rsquo;atteinte de vos objectifs \u00e9ducatifs de mani\u00e8re significative. Les \u00e9l\u00e8ves se souviennent de ce qu&rsquo;ils font, ils se souviennent de ce qu&rsquo;ils ont appris quand cela a \u00e9t\u00e9 appris avec le contexte. Lorsqu&rsquo;ils jouent un r\u00f4le actif dans leur processus d&rsquo;apprentissage, ils en sortent avec les connaissances qui comptent et des souvenirs qui durent toute une vie.<\/p>\n<p>Avec Prom\u00e9tour, vous obtenez un voyage enti\u00e8rement personnalis\u00e9 du d\u00e9but \u00e0 la fin qui correspond \u00e0 votre emploi du temps. Notre \u00e9quipe exp\u00e9riment\u00e9e, comp\u00e9tente et professionnelle peut vous aider \u00e0 cr\u00e9er l&rsquo;itin\u00e9raire parfait en accord avec vos objectifs \u00e9ducatifs. Vous voulez rester au c\u0153ur de la ville, faire des visites guid\u00e9es locales et manger dans des restaurants authentiques? Nous ne le faisons pas autrement. Envie de r\u00e9server du temps libre lors de vos voyages? Nous nous adaptons \u00e0 votre rythme.[\/vc_column_text][\/vc_column][vc_column width=\u00a0\u00bb1\/4&Prime;][vc_column_text]<strong>Les Am\u00e9riques<\/strong><\/p>\n<p><a href=\"https:\/\/prometour.com\/fr\/destinations\/quebec\/\">Qu\u00e9bec<\/a><br \/>\n<a href=\"https:\/\/prometour.com\/fr\/destinations\/canada\/\">Canada<\/a><br \/>\n<a href=\"https:\/\/prometour.com\/fr\/destinations\/united-states\/\">\u00c9tats-Unis<\/a><br \/>\n<a href=\"https:\/\/prometour.com\/fr\/destinations\/costa-rica\/\">Costa Rica\u00a0<\/a><br \/>\n<a href=\"https:\/\/prometour.com\/fr\/destinations\/martinique\/\" rel=\"noopener noreferrer\">Martinique<\/a><br \/>\n<a href=\"https:\/\/prometour.com\/fr\/destinations\/ecuador\/\">\u00c9quateur<\/a><br \/>\n<a href=\"https:\/\/prometour.com\/fr\/destinations\/peru\/\">P\u00e9rou<\/a>[\/vc_column_text][\/vc_column][vc_column width=\u00a0\u00bb1\/4&Prime;][vc_column_text]<strong>Europe<\/strong><\/p>\n<p><a href=\"https:\/\/prometour.com\/fr\/destinations\/france\/\">France<\/a><br \/>\n<a href=\"https:\/\/prometour.com\/fr\/destinations\/italy\/\">Italie<\/a><br \/>\n<a href=\"https:\/\/prometour.com\/fr\/destinations\/spain\/\">Espagne<\/a><br \/>\n<a href=\"https:\/\/prometour.com\/fr\/destinations\/greece\/\">Gr\u00e8ce<\/a><br \/>\n<a href=\"https:\/\/prometour.com\/fr\/destinations\/germany-austria\/\">Allemagne et Autriche<\/a><br \/>\n<a href=\"https:\/\/prometour.com\/fr\/destinations\/uk-ireland\/\">Grande Bretagne et Irlande<\/a><br \/>\n<a href=\"https:\/\/prometour.com\/fr\/destinations\/euro-mix\/\">Euro-Mixte<\/a><\/p>\n<p><strong>Asie<\/strong><\/p>\n<p><a href=\"https:\/\/prometour.com\/fr\/destinations\/china\/\">Chine<\/a>[\/vc_column_text][\/vc_column][\/vc_row][vc_row][vc_column width=\u00a0\u00bb1\/1&Prime;][vc_column_text]<\/p>\n<h3>Quelques circuits \u00e9ducatifs inspirants:<\/h3>\n<p>[\/vc_column_text][uncode_block id=\u00a0\u00bb85935&Prime; inside_column=\u00a0\u00bbyes\u00a0\u00bb][\/vc_column][\/vc_row][vc_row row_height_percent=\u00a0\u00bb0&Prime; override_padding=\u00a0\u00bbyes\u00a0\u00bb h_padding=\u00a0\u00bb2&Prime; top_padding=\u00a0\u00bb3&Prime; bottom_padding=\u00a0\u00bb3&Prime; back_color=\u00a0\u00bbcolor-xsdn\u00a0\u00bb overlay_alpha=\u00a0\u00bb50&Prime; equal_height=\u00a0\u00bbyes\u00a0\u00bb gutter_size=\u00a0\u00bb4&Prime; column_width_percent=\u00a0\u00bb100&Prime; shift_y=\u00a0\u00bb0&Prime; z_index=\u00a0\u00bb0&Prime;][vc_column column_width_use_pixel=\u00a0\u00bbyes\u00a0\u00bb position_vertical=\u00a0\u00bbmiddle\u00a0\u00bb align_horizontal=\u00a0\u00bbalign_center\u00a0\u00bb gutter_size=\u00a0\u00bb2&Prime; overlay_alpha=\u00a0\u00bb50&Prime; shift_x=\u00a0\u00bb0&Prime; shift_y=\u00a0\u00bb0&Prime; shift_y_down=\u00a0\u00bb0&Prime; z_index=\u00a0\u00bb0&Prime; medium_width=\u00a0\u00bb0&Prime; mobile_width=\u00a0\u00bb0&Prime; width=\u00a0\u00bb1\/1&Prime; column_width_pixel=\u00a0\u00bb900&Prime;][vc_custom_heading heading_semantic=\u00a0\u00bbh3&Prime; text_size=\u00a0\u00bbfontsize-155944&Prime;]Voyager, c&rsquo;est s&rsquo;ouvrir sur le monde[\/vc_custom_heading][vc_column_text text_lead=\u00a0\u00bbyes\u00a0\u00bb]Avec Prom\u00e9tour, vous obtenez un voyage enti\u00e8rement personnalis\u00e9 du d\u00e9but \u00e0 la fin qui correspond \u00e0 votre rythme et \u00e0 vos besoins. Notre \u00e9quipe comp\u00e9tente vous aidera \u00e0 cr\u00e9er l&rsquo;itin\u00e9raire parfait en accord avec vos objectifs. C&rsquo;est notre promesse de savoir-faire.[\/vc_column_text][\/vc_column][\/vc_row][vc_row row_height_percent=\u00a0\u00bb0&Prime; overlay_alpha=\u00a0\u00bb50&Prime; gutter_size=\u00a0\u00bb3&Prime; column_width_percent=\u00a0\u00bb100&Prime; shift_y=\u00a0\u00bb0&Prime; z_index=\u00a0\u00bb0&Prime; content_parallax=\u00a0\u00bb0&Prime; uncode_shortcode_id=\u00a0\u00bb167277&Prime; css=\u00a0\u00bb.vc_custom_1756920653005{border-bottom-width: 100px !important;}\u00a0\u00bb][vc_column column_width_percent=\u00a0\u00bb100&Prime; position_vertical=\u00a0\u00bbmiddle\u00a0\u00bb align_horizontal=\u00a0\u00bbalign_center\u00a0\u00bb gutter_size=\u00a0\u00bb3&Prime; override_padding=\u00a0\u00bbyes\u00a0\u00bb column_padding=\u00a0\u00bb2&Prime; overlay_color=\u00a0\u00bbcolor-gyho\u00a0\u00bb overlay_alpha=\u00a0\u00bb50&Prime; radius=\u00a0\u00bbstd\u00a0\u00bb shadow=\u00a0\u00bbsm\u00a0\u00bb shift_x=\u00a0\u00bb0&Prime; shift_y=\u00a0\u00bb0&Prime; shift_y_down=\u00a0\u00bb0&Prime; z_index=\u00a0\u00bb0&Prime; medium_width=\u00a0\u00bb0&Prime; mobile_width=\u00a0\u00bb0&Prime; css_animation=\u00a0\u00bbbottom-t-top\u00a0\u00bb animation_delay=\u00a0\u00bb100&Prime; parallax_intensity=\u00a0\u00bb2&Prime; width=\u00a0\u00bb1\/4&Prime; uncode_shortcode_id=\u00a0\u00bb546559&Prime; overlay_color_type=\u00a0\u00bbuncode-palette\u00a0\u00bb][vc_icon icon=\u00a0\u00bbfa fa-lock-closed\u00a0\u00bb icon_color=\u00a0\u00bbcolor-379161&Prime; size=\u00a0\u00bbfa-3x\u00a0\u00bb css_animation=\u00a0\u00bbparallax\u00a0\u00bb parallax_intensity=\u00a0\u00bb1&Prime; uncode_shortcode_id=\u00a0\u00bb200504&Prime; icon_color_type=\u00a0\u00bbuncode-palette\u00a0\u00bb title=\u00a0\u00bbVotre groupe, votre voyage !\u00a0\u00bb]Nous ne m\u00e9langeons jamais vos \u00e9l\u00e8ves avec ceux d\u2019autres \u00e9coles. Votre circuit est r\u00e9serv\u00e9 uniquement \u00e0 votre groupe, ce qui vous assure toute notre attention, notre accompagnement et le soutien dont vous avez besoin.[\/vc_icon][\/vc_column][vc_column column_width_percent=\u00a0\u00bb100&Prime; position_vertical=\u00a0\u00bbmiddle\u00a0\u00bb align_horizontal=\u00a0\u00bbalign_center\u00a0\u00bb gutter_size=\u00a0\u00bb1&Prime; override_padding=\u00a0\u00bbyes\u00a0\u00bb column_padding=\u00a0\u00bb2&Prime; expand_height=\u00a0\u00bbyes\u00a0\u00bb style=\u00a0\u00bblight\u00a0\u00bb overlay_color=\u00a0\u00bbcolor-gyho\u00a0\u00bb overlay_alpha=\u00a0\u00bb50&Prime; radius=\u00a0\u00bbstd\u00a0\u00bb shadow=\u00a0\u00bbsm\u00a0\u00bb shift_x=\u00a0\u00bb0&Prime; shift_y=\u00a0\u00bb0&Prime; shift_y_down=\u00a0\u00bb0&Prime; z_index=\u00a0\u00bb0&Prime; medium_width=\u00a0\u00bb0&Prime; mobile_width=\u00a0\u00bb0&Prime; css_animation=\u00a0\u00bbbottom-t-top\u00a0\u00bb animation_delay=\u00a0\u00bb200&Prime; parallax_intensity=\u00a0\u00bb2&Prime; width=\u00a0\u00bb1\/4&Prime; uncode_shortcode_id=\u00a0\u00bb925510&Prime; overlay_color_type=\u00a0\u00bbuncode-palette\u00a0\u00bb][vc_icon icon=\u00a0\u00bbfa fa-asterisk\u00a0\u00bb icon_color=\u00a0\u00bbcolor-379161&Prime; size=\u00a0\u00bbfa-3x\u00a0\u00bb css_animation=\u00a0\u00bbparallax\u00a0\u00bb parallax_intensity=\u00a0\u00bb1&Prime; uncode_shortcode_id=\u00a0\u00bb118867&Prime; icon_color_type=\u00a0\u00bbuncode-palette\u00a0\u00bb title=\u00a0\u00bbInscription sans risque\u00a0\u00bb]Tous les paiements sont en s\u00e9curit\u00e9 dans un compte en fiducie et sont remboursables \u00e0 100 % jusqu\u2019\u00e0 la confirmation du voyage de votre groupe. Planifiez une exp\u00e9rience inoubliable sans souci.[\/vc_icon][\/vc_column][vc_column column_width_percent=\u00a0\u00bb100&Prime; position_vertical=\u00a0\u00bbmiddle\u00a0\u00bb align_horizontal=\u00a0\u00bbalign_center\u00a0\u00bb gutter_size=\u00a0\u00bb3&Prime; override_padding=\u00a0\u00bbyes\u00a0\u00bb column_padding=\u00a0\u00bb2&Prime; overlay_color=\u00a0\u00bbcolor-gyho\u00a0\u00bb overlay_alpha=\u00a0\u00bb50&Prime; radius=\u00a0\u00bbstd\u00a0\u00bb shadow=\u00a0\u00bbstd\u00a0\u00bb shift_x=\u00a0\u00bb0&Prime; shift_y=\u00a0\u00bb0&Prime; shift_y_down=\u00a0\u00bb0&Prime; z_index=\u00a0\u00bb0&Prime; medium_width=\u00a0\u00bb0&Prime; mobile_width=\u00a0\u00bb0&Prime; css_animation=\u00a0\u00bbbottom-t-top\u00a0\u00bb animation_delay=\u00a0\u00bb300&Prime; parallax_intensity=\u00a0\u00bb2&Prime; width=\u00a0\u00bb1\/4&Prime; uncode_shortcode_id=\u00a0\u00bb117917&Prime; overlay_color_type=\u00a0\u00bbuncode-palette\u00a0\u00bb][vc_icon icon=\u00a0\u00bbfa fa-heart\u00a0\u00bb icon_color=\u00a0\u00bbcolor-379161&Prime; size=\u00a0\u00bbfa-3x\u00a0\u00bb css_animation=\u00a0\u00bbparallax\u00a0\u00bb parallax_intensity=\u00a0\u00bb1&Prime; uncode_shortcode_id=\u00a0\u00bb780687&Prime; icon_color_type=\u00a0\u00bbuncode-palette\u00a0\u00bb title=\u00a0\u00bbAssistance d\u00e9di\u00e9e\u00a0\u00bb]Avec nos bureaux et nos \u00e9quipes \u00e0 Montr\u00e9al, Paris et M\u00e1laga, vous b\u00e9n\u00e9ficiez d\u2019un soutien sur place assur\u00e9 par de vraies professionnels qui accompagnent votre groupe et connaissent bien les destinations.[\/vc_icon][\/vc_column][vc_column column_width_percent=\u00a0\u00bb100&Prime; position_vertical=\u00a0\u00bbmiddle\u00a0\u00bb align_horizontal=\u00a0\u00bbalign_center\u00a0\u00bb gutter_size=\u00a0\u00bb3&Prime; override_padding=\u00a0\u00bbyes\u00a0\u00bb column_padding=\u00a0\u00bb2&Prime; expand_height=\u00a0\u00bbyes\u00a0\u00bb overlay_color=\u00a0\u00bbcolor-gyho\u00a0\u00bb overlay_alpha=\u00a0\u00bb50&Prime; radius=\u00a0\u00bbstd\u00a0\u00bb shadow=\u00a0\u00bbstd\u00a0\u00bb shift_x=\u00a0\u00bb0&Prime; shift_y=\u00a0\u00bb0&Prime; shift_y_down=\u00a0\u00bb0&Prime; z_index=\u00a0\u00bb0&Prime; medium_width=\u00a0\u00bb0&Prime; mobile_width=\u00a0\u00bb0&Prime; css_animation=\u00a0\u00bbbottom-t-top\u00a0\u00bb animation_delay=\u00a0\u00bb400&Prime; parallax_intensity=\u00a0\u00bb2&Prime; width=\u00a0\u00bb1\/4&Prime; uncode_shortcode_id=\u00a0\u00bb108383&Prime; overlay_color_type=\u00a0\u00bbuncode-palette\u00a0\u00bb][vc_icon icon=\u00a0\u00bbfa fa-calendar-check-o\u00a0\u00bb icon_color=\u00a0\u00bbcolor-379161&Prime; size=\u00a0\u00bbfa-3x\u00a0\u00bb css_animation=\u00a0\u00bbparallax\u00a0\u00bb parallax_intensity=\u00a0\u00bb1&Prime; uncode_shortcode_id=\u00a0\u00bb352453&Prime; icon_color_type=\u00a0\u00bbuncode-palette\u00a0\u00bb title=\u00a0\u00bbDates de voyage garanties\u00a0\u00bb]Une fois votre voyage confirm\u00e9, vos dates sont garanties, quelle que soit la taille du groupe. C\u2019est un souci de moins \u00e0 g\u00e9rer lorsque vous planifiez votre voyage[\/vc_icon][\/vc_column][\/vc_row][vc_row][vc_column width=\u00a0\u00bb1\/1&Prime;][uncode_block id=\u00a0\u00bb84191&Prime;][\/vc_column][\/vc_row]<\/p>\n<\/div>","protected":false},"excerpt":{"rendered":"<p>[vc_row][vc_column width=\u00a0\u00bb1\/2&Prime;][vc_custom_heading] Destinations populaires pour voyages scolaires [\/vc_custom_heading][vc_column_text]Chez Prom\u00e9tour, nous savons que la diff\u00e9rence entre une aventure \u00e9ducative et des [&hellip;]<\/p>\n","protected":false},"author":19,"featured_media":82533,"parent":0,"menu_order":0,"comment_status":"closed","ping_status":"closed","template":"","meta":{"content-type":"","footnotes":""},"class_list":["post-82531","page","type-page","status-publish","has-post-thumbnail","hentry","page_category-section-page-fr"],"yoast_head":"<!-- This site is optimized with the Yoast SEO plugin v27.2 - https:\/\/yoast.com\/product\/yoast-seo-wordpress\/ -->\n<title>Destinations populaires | Prom\u00e9tour Voyages \u00c9ducatifs<\/title>\n<meta name=\"description\" content=\"Destinations populaires pour voyages scolaires: voyage enti\u00e8rement personnalis\u00e9, en accord avec vos objectifs \u00e9ducatifs.\" \/>\n<meta name=\"robots\" content=\"index, follow, max-snippet:-1, max-image-preview:large, max-video-preview:-1\" \/>\n<link rel=\"canonical\" href=\"https:\/\/prometour.com\/fr\/destinations\/\" \/>\n<meta property=\"og:locale\" content=\"fr_FR\" \/>\n<meta property=\"og:type\" content=\"article\" \/>\n<meta property=\"og:title\" content=\"Destinations populaires | Prom\u00e9tour Voyages \u00c9ducatifs\" \/>\n<meta property=\"og:description\" content=\"Destinations populaires pour voyages scolaires: voyage enti\u00e8rement personnalis\u00e9, en accord avec vos objectifs \u00e9ducatifs.\" \/>\n<meta property=\"og:url\" content=\"https:\/\/prometour.com\/fr\/destinations\/\" \/>\n<meta property=\"og:site_name\" content=\"Prom&eacute;tour\" \/>\n<meta property=\"article:publisher\" content=\"https:\/\/www.facebook.com\/PrometourEduTours\" \/>\n<meta property=\"article:modified_time\" content=\"2025-12-17T14:06:04+00:00\" \/>\n<meta property=\"og:image\" content=\"https:\/\/prometour.com\/wp-content\/uploads\/2017\/11\/Spain.jpg\" \/>\n\t<meta property=\"og:image:width\" content=\"1680\" \/>\n\t<meta property=\"og:image:height\" content=\"900\" \/>\n\t<meta property=\"og:image:type\" content=\"image\/jpeg\" \/>\n<meta name=\"twitter:card\" content=\"summary_large_image\" \/>\n<meta name=\"twitter:site\" content=\"@Prometour\" \/>\n<meta name=\"twitter:label1\" content=\"Dur\u00e9e de lecture estim\u00e9e\" \/>\n\t<meta name=\"twitter:data1\" content=\"5 minutes\" \/>\n<script type=\"application\/ld+json\" class=\"yoast-schema-graph\">{\"@context\":\"https:\/\/schema.org\",\"@graph\":[{\"@type\":\"WebPage\",\"@id\":\"https:\/\/prometour.com\/fr\/destinations\/\",\"url\":\"https:\/\/prometour.com\/fr\/destinations\/\",\"name\":\"Destinations populaires | Prom\u00e9tour Voyages \u00c9ducatifs\",\"isPartOf\":{\"@id\":\"https:\/\/prometour.com\/fr\/#website\"},\"primaryImageOfPage\":{\"@id\":\"https:\/\/prometour.com\/fr\/destinations\/#primaryimage\"},\"image\":{\"@id\":\"https:\/\/prometour.com\/fr\/destinations\/#primaryimage\"},\"thumbnailUrl\":\"https:\/\/prometour.com\/wp-content\/uploads\/2017\/11\/Spain.jpg\",\"datePublished\":\"2017-11-10T14:30:05+00:00\",\"dateModified\":\"2025-12-17T14:06:04+00:00\",\"description\":\"Destinations populaires pour voyages scolaires: voyage enti\u00e8rement personnalis\u00e9, en accord avec vos objectifs \u00e9ducatifs.\",\"breadcrumb\":{\"@id\":\"https:\/\/prometour.com\/fr\/destinations\/#breadcrumb\"},\"inLanguage\":\"fr-FR\",\"potentialAction\":[{\"@type\":\"ReadAction\",\"target\":[\"https:\/\/prometour.com\/fr\/destinations\/\"]}]},{\"@type\":\"ImageObject\",\"inLanguage\":\"fr-FR\",\"@id\":\"https:\/\/prometour.com\/fr\/destinations\/#primaryimage\",\"url\":\"https:\/\/prometour.com\/wp-content\/uploads\/2017\/11\/Spain.jpg\",\"contentUrl\":\"https:\/\/prometour.com\/wp-content\/uploads\/2017\/11\/Spain.jpg\",\"width\":1680,\"height\":900,\"caption\":\"Popular Destinations - Destinations populaires\"},{\"@type\":\"BreadcrumbList\",\"@id\":\"https:\/\/prometour.com\/fr\/destinations\/#breadcrumb\",\"itemListElement\":[{\"@type\":\"ListItem\",\"position\":1,\"name\":\"Prometour\",\"item\":\"https:\/\/prometour.com\/fr\/\"},{\"@type\":\"ListItem\",\"position\":2,\"name\":\"Section Page\",\"item\":\"https:\/\/prometour.com\/fr\/page_category\/section-page-fr\/\"},{\"@type\":\"ListItem\",\"position\":3,\"name\":\"Destinations populaires (FR)\"}]},{\"@type\":\"WebSite\",\"@id\":\"https:\/\/prometour.com\/fr\/#website\",\"url\":\"https:\/\/prometour.com\/fr\/\",\"name\":\"Prom\u00e9tour\",\"description\":\"Experts in Customized Student Tours and Class trips\",\"publisher\":{\"@id\":\"https:\/\/prometour.com\/fr\/#organization\"},\"potentialAction\":[{\"@type\":\"SearchAction\",\"target\":{\"@type\":\"EntryPoint\",\"urlTemplate\":\"https:\/\/prometour.com\/fr\/?s={search_term_string}\"},\"query-input\":{\"@type\":\"PropertyValueSpecification\",\"valueRequired\":true,\"valueName\":\"search_term_string\"}}],\"inLanguage\":\"fr-FR\"},{\"@type\":\"Organization\",\"@id\":\"https:\/\/prometour.com\/fr\/#organization\",\"name\":\"Prom\u00e9tour Educational Tours\",\"url\":\"https:\/\/prometour.com\/fr\/\",\"logo\":{\"@type\":\"ImageObject\",\"inLanguage\":\"fr-FR\",\"@id\":\"https:\/\/prometour.com\/fr\/#\/schema\/logo\/image\/\",\"url\":\"https:\/\/prometour.com\/wp-content\/uploads\/2017\/11\/Prometour_Logo_CMYK.gif\",\"contentUrl\":\"https:\/\/prometour.com\/wp-content\/uploads\/2017\/11\/Prometour_Logo_CMYK.gif\",\"width\":2265,\"height\":663,\"caption\":\"Prom\u00e9tour Educational Tours\"},\"image\":{\"@id\":\"https:\/\/prometour.com\/fr\/#\/schema\/logo\/image\/\"},\"sameAs\":[\"https:\/\/www.facebook.com\/PrometourEduTours\",\"https:\/\/x.com\/Prometour\",\"https:\/\/www.instagram.com\/prometour\/\",\"https:\/\/www.linkedin.com\/company\/prometour\",\"https:\/\/www.pinterest.ca\/prometour\/\",\"https:\/\/www.youtube.com\/channel\/UCGUzI7zRN1jyJA_vnuq4GPA\"]}]}<\/script>\n<!-- \/ Yoast SEO plugin. -->","yoast_head_json":{"title":"Destinations populaires | Prom\u00e9tour Voyages \u00c9ducatifs","description":"Destinations populaires pour voyages scolaires: voyage enti\u00e8rement personnalis\u00e9, en accord avec vos objectifs \u00e9ducatifs.","robots":{"index":"index","follow":"follow","max-snippet":"max-snippet:-1","max-image-preview":"max-image-preview:large","max-video-preview":"max-video-preview:-1"},"canonical":"https:\/\/prometour.com\/fr\/destinations\/","og_locale":"fr_FR","og_type":"article","og_title":"Destinations populaires | Prom\u00e9tour Voyages \u00c9ducatifs","og_description":"Destinations populaires pour voyages scolaires: voyage enti\u00e8rement personnalis\u00e9, en accord avec vos objectifs \u00e9ducatifs.","og_url":"https:\/\/prometour.com\/fr\/destinations\/","og_site_name":"Prom&eacute;tour","article_publisher":"https:\/\/www.facebook.com\/PrometourEduTours","article_modified_time":"2025-12-17T14:06:04+00:00","og_image":[{"width":1680,"height":900,"url":"https:\/\/prometour.com\/wp-content\/uploads\/2017\/11\/Spain.jpg","type":"image\/jpeg"}],"twitter_card":"summary_large_image","twitter_site":"@Prometour","twitter_misc":{"Dur\u00e9e de lecture estim\u00e9e":"5 minutes"},"schema":{"@context":"https:\/\/schema.org","@graph":[{"@type":"WebPage","@id":"https:\/\/prometour.com\/fr\/destinations\/","url":"https:\/\/prometour.com\/fr\/destinations\/","name":"Destinations populaires | Prom\u00e9tour Voyages \u00c9ducatifs","isPartOf":{"@id":"https:\/\/prometour.com\/fr\/#website"},"primaryImageOfPage":{"@id":"https:\/\/prometour.com\/fr\/destinations\/#primaryimage"},"image":{"@id":"https:\/\/prometour.com\/fr\/destinations\/#primaryimage"},"thumbnailUrl":"https:\/\/prometour.com\/wp-content\/uploads\/2017\/11\/Spain.jpg","datePublished":"2017-11-10T14:30:05+00:00","dateModified":"2025-12-17T14:06:04+00:00","description":"Destinations populaires pour voyages scolaires: voyage enti\u00e8rement personnalis\u00e9, en accord avec vos objectifs \u00e9ducatifs.","breadcrumb":{"@id":"https:\/\/prometour.com\/fr\/destinations\/#breadcrumb"},"inLanguage":"fr-FR","potentialAction":[{"@type":"ReadAction","target":["https:\/\/prometour.com\/fr\/destinations\/"]}]},{"@type":"ImageObject","inLanguage":"fr-FR","@id":"https:\/\/prometour.com\/fr\/destinations\/#primaryimage","url":"https:\/\/prometour.com\/wp-content\/uploads\/2017\/11\/Spain.jpg","contentUrl":"https:\/\/prometour.com\/wp-content\/uploads\/2017\/11\/Spain.jpg","width":1680,"height":900,"caption":"Popular Destinations - Destinations populaires"},{"@type":"BreadcrumbList","@id":"https:\/\/prometour.com\/fr\/destinations\/#breadcrumb","itemListElement":[{"@type":"ListItem","position":1,"name":"Prometour","item":"https:\/\/prometour.com\/fr\/"},{"@type":"ListItem","position":2,"name":"Section Page","item":"https:\/\/prometour.com\/fr\/page_category\/section-page-fr\/"},{"@type":"ListItem","position":3,"name":"Destinations populaires (FR)"}]},{"@type":"WebSite","@id":"https:\/\/prometour.com\/fr\/#website","url":"https:\/\/prometour.com\/fr\/","name":"Prom\u00e9tour","description":"Experts in Customized Student Tours and Class trips","publisher":{"@id":"https:\/\/prometour.com\/fr\/#organization"},"potentialAction":[{"@type":"SearchAction","target":{"@type":"EntryPoint","urlTemplate":"https:\/\/prometour.com\/fr\/?s={search_term_string}"},"query-input":{"@type":"PropertyValueSpecification","valueRequired":true,"valueName":"search_term_string"}}],"inLanguage":"fr-FR"},{"@type":"Organization","@id":"https:\/\/prometour.com\/fr\/#organization","name":"Prom\u00e9tour Educational Tours","url":"https:\/\/prometour.com\/fr\/","logo":{"@type":"ImageObject","inLanguage":"fr-FR","@id":"https:\/\/prometour.com\/fr\/#\/schema\/logo\/image\/","url":"https:\/\/prometour.com\/wp-content\/uploads\/2017\/11\/Prometour_Logo_CMYK.gif","contentUrl":"https:\/\/prometour.com\/wp-content\/uploads\/2017\/11\/Prometour_Logo_CMYK.gif","width":2265,"height":663,"caption":"Prom\u00e9tour Educational Tours"},"image":{"@id":"https:\/\/prometour.com\/fr\/#\/schema\/logo\/image\/"},"sameAs":["https:\/\/www.facebook.com\/PrometourEduTours","https:\/\/x.com\/Prometour","https:\/\/www.instagram.com\/prometour\/","https:\/\/www.linkedin.com\/company\/prometour","https:\/\/www.pinterest.ca\/prometour\/","https:\/\/www.youtube.com\/channel\/UCGUzI7zRN1jyJA_vnuq4GPA"]}]}},"_links":{"self":[{"href":"https:\/\/prometour.com\/fr\/wp-json\/wp\/v2\/pages\/82531","targetHints":{"allow":["GET"]}}],"collection":[{"href":"https:\/\/prometour.com\/fr\/wp-json\/wp\/v2\/pages"}],"about":[{"href":"https:\/\/prometour.com\/fr\/wp-json\/wp\/v2\/types\/page"}],"author":[{"embeddable":true,"href":"https:\/\/prometour.com\/fr\/wp-json\/wp\/v2\/users\/19"}],"replies":[{"embeddable":true,"href":"https:\/\/prometour.com\/fr\/wp-json\/wp\/v2\/comments?post=82531"}],"version-history":[{"count":7,"href":"https:\/\/prometour.com\/fr\/wp-json\/wp\/v2\/pages\/82531\/revisions"}],"predecessor-version":[{"id":89450,"href":"https:\/\/prometour.com\/fr\/wp-json\/wp\/v2\/pages\/82531\/revisions\/89450"}],"wp:featuredmedia":[{"embeddable":true,"href":"https:\/\/prometour.com\/fr\/wp-json\/wp\/v2\/media\/82533"}],"wp:attachment":[{"href":"https:\/\/prometour.com\/fr\/wp-json\/wp\/v2\/media?parent=82531"}],"curies":[{"name":"wp","href":"https:\/\/api.w.org\/{rel}","templated":true}]}}