{"id":82534,"date":"2017-11-09T21:43:43","date_gmt":"2017-11-10T04:43:43","guid":{"rendered":"https:\/\/prometour.com\/home\/"},"modified":"2026-04-02T12:21:23","modified_gmt":"2026-04-02T16:21:23","slug":"prometour-voyages-educatifs","status":"publish","type":"page","link":"https:\/\/prometour.com\/fr\/","title":{"rendered":"Prom\u00e9tour Voyages \u00c9ducatifs"},"content":{"rendered":"<div class=\"wpb-content-wrapper\"><p>[vc_row unlock_row_content=\u00a0\u00bbyes\u00a0\u00bb row_height_percent=\u00a0\u00bb0&Prime; override_padding=\u00a0\u00bbyes\u00a0\u00bb h_padding=\u00a0\u00bb5&Prime; top_padding=\u00a0\u00bb2&Prime; bottom_padding=\u00a0\u00bb2&Prime; overlay_alpha=\u00a0\u00bb50&Prime; equal_height=\u00a0\u00bbyes\u00a0\u00bb gutter_size=\u00a0\u00bb4&Prime; column_width_percent=\u00a0\u00bb100&Prime; shift_y=\u00a0\u00bb0&Prime; z_index=\u00a0\u00bb0&Prime; content_parallax=\u00a0\u00bb0&Prime; css=\u00a0\u00bb.vc_custom_1765829942123{border-top-width: 0px !important;}\u00a0\u00bb uncode_shortcode_id=\u00a0\u00bb128228&Prime;][vc_column column_width_percent=\u00a0\u00bb100&Prime; position_vertical=\u00a0\u00bbmiddle\u00a0\u00bb align_horizontal=\u00a0\u00bbalign_center\u00a0\u00bb gutter_size=\u00a0\u00bb2&Prime; overlay_alpha=\u00a0\u00bb50&Prime; border_color=\u00a0\u00bbcolor-gyho\u00a0\u00bb border_style=\u00a0\u00bbsolid\u00a0\u00bb shift_x=\u00a0\u00bb0&Prime; shift_y=\u00a0\u00bb0&Prime; shift_y_down=\u00a0\u00bb0&Prime; z_index=\u00a0\u00bb0&Prime; medium_width=\u00a0\u00bb0&Prime; mobile_width=\u00a0\u00bb0&Prime; css_animation=\u00a0\u00bbalpha-anim\u00a0\u00bb animation_delay=\u00a0\u00bb200&Prime; width=\u00a0\u00bb1\/1&Prime; css=\u00a0\u00bb.vc_custom_1765908561254{border-right-width: 1px !important;}\u00a0\u00bb uncode_shortcode_id=\u00a0\u00bb373659&Prime; border_color_type=\u00a0\u00bbuncode-palette\u00a0\u00bb][vc_empty_space empty_h=\u00a0\u00bb3&Prime;][vc_custom_heading heading_semantic=\u00a0\u00bbh3&Prime; text_font=\u00a0\u00bbfont-762333&Prime; text_size=\u00a0\u00bbfontsize-155944&Prime; text_weight=\u00a0\u00bb500&Prime; uncode_shortcode_id=\u00a0\u00bb685656&Prime;]D\u00e9couvrez nos meilleurs itin\u00e9raires[\/vc_custom_heading][uncode_index el_id=\u00a0\u00bbindex-2&Prime; loop=\u00a0\u00bbsize:9|order_by:rand|post_type:post|taxonomy_count:10&Prime; screen_lg=\u00a0\u00bb480&Prime; screen_md=\u00a0\u00bb480&Prime; screen_sm=\u00a0\u00bb480&Prime; gutter_size=\u00a0\u00bb3&Prime; post_items=\u00a0\u00bbmedia|featured|onpost|original,title|-\u00a0\u00bb infinite=\u00a0\u00bbyes\u00a0\u00bb infinite_button=\u00a0\u00bbyes\u00a0\u00bb infinite_button_shape=\u00a0\u00bbbtn-round\u00a0\u00bb infinite_button_color=\u00a0\u00bbaccent\u00a0\u00bb single_text=\u00a0\u00bboverlay\u00a0\u00bb images_size=\u00a0\u00bbthree-two\u00a0\u00bb single_shape=\u00a0\u00bbround\u00a0\u00bb radius=\u00a0\u00bbstd\u00a0\u00bb single_overlay_color=\u00a0\u00bbcolor-wayh\u00a0\u00bb single_overlay_coloration=\u00a0\u00bbbottom_gradient\u00a0\u00bb single_overlay_opacity=\u00a0\u00bb50&Prime; single_overlay_visible=\u00a0\u00bbyes\u00a0\u00bb single_text_visible=\u00a0\u00bbyes\u00a0\u00bb single_text_anim=\u00a0\u00bbno\u00a0\u00bb single_image_magnetic=\u00a0\u00bbyes\u00a0\u00bb single_h_align=\u00a0\u00bbcenter\u00a0\u00bb single_v_position=\u00a0\u00bbbottom\u00a0\u00bb single_padding=\u00a0\u00bb1&Prime; single_title_dimension=\u00a0\u00bbh3&Prime; single_shadow=\u00a0\u00bbyes\u00a0\u00bb shadow_weight=\u00a0\u00bbsm\u00a0\u00bb single_border=\u00a0\u00bbyes\u00a0\u00bb single_icon=\u00a0\u00bbfa fa-plus2&Prime; uncode_shortcode_id=\u00a0\u00bb135524&Prime; infinite_button_color_type=\u00a0\u00bbuncode-palette\u00a0\u00bb infinite_button_text=\u00a0\u00bbPlus de circuits\u00a0\u00bb][vc_custom_heading text_size=\u00a0\u00bbh5&Prime; uncode_shortcode_id=\u00a0\u00bb206892&Prime;]ou[\/vc_custom_heading][vc_button button_color=\u00a0\u00bbcolor-211207&Prime; radius=\u00a0\u00bbbtn-round\u00a0\u00bb border_width=\u00a0\u00bb0&Prime; button_color_type=\u00a0\u00bbuncode-palette\u00a0\u00bb uncode_shortcode_id=\u00a0\u00bb125981&Prime; el_class=\u00a0\u00bbhs-cta-trigger-button hs-cta-trigger-button-195557483056&Prime;]Cr\u00e9ez votre propre voyage![\/vc_button][\/vc_column][\/vc_row][vc_row row_height_percent=\u00a0\u00bb0&Prime; override_padding=\u00a0\u00bbyes\u00a0\u00bb h_padding=\u00a0\u00bb2&Prime; top_padding=\u00a0\u00bb2&Prime; bottom_padding=\u00a0\u00bb2&Prime; overlay_alpha=\u00a0\u00bb50&Prime; gutter_size=\u00a0\u00bb100&Prime; column_width_percent=\u00a0\u00bb100&Prime; shift_y=\u00a0\u00bb0&Prime; z_index=\u00a0\u00bb0&Prime; style=\u00a0\u00bbinherited\u00a0\u00bb row_name=\u00a0\u00bbAbout Us\u00a0\u00bb][vc_column column_width_percent=\u00a0\u00bb100&Prime; position_vertical=\u00a0\u00bbmiddle\u00a0\u00bb align_horizontal=\u00a0\u00bbalign_center\u00a0\u00bb gutter_size=\u00a0\u00bb4&Prime; overlay_alpha=\u00a0\u00bb100&Prime; shift_x=\u00a0\u00bb0&Prime; shift_y=\u00a0\u00bb0&Prime; shift_y_down=\u00a0\u00bb0&Prime; z_index=\u00a0\u00bb0&Prime; medium_width=\u00a0\u00bb0&Prime; mobile_width=\u00a0\u00bb0&Prime; zoom_width=\u00a0\u00bb0&Prime; zoom_height=\u00a0\u00bb0&Prime; width=\u00a0\u00bb1\/1&Prime;][vc_custom_heading heading_semantic=\u00a0\u00bbh3&Prime; text_size=\u00a0\u00bbh1&Prime;]<\/p>\n<h2>LA PROMESSE DE PROM\u00c9TOUR<\/h2>\n<p>[\/vc_custom_heading][\/vc_column][\/vc_row][vc_row row_height_percent=\u00a0\u00bb0&Prime; overlay_alpha=\u00a0\u00bb50&Prime; gutter_size=\u00a0\u00bb3&Prime; column_width_percent=\u00a0\u00bb100&Prime; shift_y=\u00a0\u00bb0&Prime; z_index=\u00a0\u00bb0&Prime; content_parallax=\u00a0\u00bb0&Prime; uncode_shortcode_id=\u00a0\u00bb167277&Prime; css=\u00a0\u00bb.vc_custom_1756920653005{border-bottom-width: 100px !important;}\u00a0\u00bb][vc_column column_width_percent=\u00a0\u00bb100&Prime; position_vertical=\u00a0\u00bbmiddle\u00a0\u00bb align_horizontal=\u00a0\u00bbalign_center\u00a0\u00bb gutter_size=\u00a0\u00bb3&Prime; override_padding=\u00a0\u00bbyes\u00a0\u00bb column_padding=\u00a0\u00bb2&Prime; overlay_color=\u00a0\u00bbcolor-gyho\u00a0\u00bb overlay_alpha=\u00a0\u00bb50&Prime; radius=\u00a0\u00bbstd\u00a0\u00bb shadow=\u00a0\u00bbsm\u00a0\u00bb shift_x=\u00a0\u00bb0&Prime; shift_y=\u00a0\u00bb0&Prime; shift_y_down=\u00a0\u00bb0&Prime; z_index=\u00a0\u00bb0&Prime; medium_width=\u00a0\u00bb0&Prime; mobile_width=\u00a0\u00bb0&Prime; css_animation=\u00a0\u00bbbottom-t-top\u00a0\u00bb animation_delay=\u00a0\u00bb100&Prime; parallax_intensity=\u00a0\u00bb2&Prime; width=\u00a0\u00bb1\/4&Prime; uncode_shortcode_id=\u00a0\u00bb546559&Prime; overlay_color_type=\u00a0\u00bbuncode-palette\u00a0\u00bb][vc_icon icon=\u00a0\u00bbfa fa-lock-closed\u00a0\u00bb icon_color=\u00a0\u00bbcolor-379161&Prime; size=\u00a0\u00bbfa-3x\u00a0\u00bb css_animation=\u00a0\u00bbparallax\u00a0\u00bb parallax_intensity=\u00a0\u00bb1&Prime; uncode_shortcode_id=\u00a0\u00bb200504&Prime; icon_color_type=\u00a0\u00bbuncode-palette\u00a0\u00bb title=\u00a0\u00bbVotre groupe, votre voyage !\u00a0\u00bb]Nous ne m\u00e9langeons jamais vos \u00e9l\u00e8ves avec ceux d\u2019autres \u00e9coles. Votre circuit est r\u00e9serv\u00e9 uniquement \u00e0 votre groupe, ce qui vous assure toute notre attention, notre accompagnement et le soutien dont vous avez besoin.[\/vc_icon][\/vc_column][vc_column column_width_percent=\u00a0\u00bb100&Prime; position_vertical=\u00a0\u00bbmiddle\u00a0\u00bb align_horizontal=\u00a0\u00bbalign_center\u00a0\u00bb gutter_size=\u00a0\u00bb1&Prime; override_padding=\u00a0\u00bbyes\u00a0\u00bb column_padding=\u00a0\u00bb2&Prime; expand_height=\u00a0\u00bbyes\u00a0\u00bb style=\u00a0\u00bblight\u00a0\u00bb overlay_color=\u00a0\u00bbcolor-gyho\u00a0\u00bb overlay_alpha=\u00a0\u00bb50&Prime; radius=\u00a0\u00bbstd\u00a0\u00bb shadow=\u00a0\u00bbsm\u00a0\u00bb shift_x=\u00a0\u00bb0&Prime; shift_y=\u00a0\u00bb0&Prime; shift_y_down=\u00a0\u00bb0&Prime; z_index=\u00a0\u00bb0&Prime; medium_width=\u00a0\u00bb0&Prime; mobile_width=\u00a0\u00bb0&Prime; css_animation=\u00a0\u00bbbottom-t-top\u00a0\u00bb animation_delay=\u00a0\u00bb200&Prime; parallax_intensity=\u00a0\u00bb2&Prime; width=\u00a0\u00bb1\/4&Prime; uncode_shortcode_id=\u00a0\u00bb925510&Prime; overlay_color_type=\u00a0\u00bbuncode-palette\u00a0\u00bb][vc_icon icon=\u00a0\u00bbfa fa-asterisk\u00a0\u00bb icon_color=\u00a0\u00bbcolor-379161&Prime; size=\u00a0\u00bbfa-3x\u00a0\u00bb css_animation=\u00a0\u00bbparallax\u00a0\u00bb parallax_intensity=\u00a0\u00bb1&Prime; uncode_shortcode_id=\u00a0\u00bb118867&Prime; icon_color_type=\u00a0\u00bbuncode-palette\u00a0\u00bb title=\u00a0\u00bbInscription sans risque\u00a0\u00bb]Tous les paiements sont en s\u00e9curit\u00e9 dans un compte en fiducie et sont remboursables \u00e0 100 % jusqu\u2019\u00e0 la confirmation du voyage de votre groupe. Planifiez une exp\u00e9rience inoubliable sans souci.[\/vc_icon][\/vc_column][vc_column column_width_percent=\u00a0\u00bb100&Prime; position_vertical=\u00a0\u00bbmiddle\u00a0\u00bb align_horizontal=\u00a0\u00bbalign_center\u00a0\u00bb gutter_size=\u00a0\u00bb3&Prime; override_padding=\u00a0\u00bbyes\u00a0\u00bb column_padding=\u00a0\u00bb2&Prime; overlay_color=\u00a0\u00bbcolor-gyho\u00a0\u00bb overlay_alpha=\u00a0\u00bb50&Prime; radius=\u00a0\u00bbstd\u00a0\u00bb shadow=\u00a0\u00bbstd\u00a0\u00bb shift_x=\u00a0\u00bb0&Prime; shift_y=\u00a0\u00bb0&Prime; shift_y_down=\u00a0\u00bb0&Prime; z_index=\u00a0\u00bb0&Prime; medium_width=\u00a0\u00bb0&Prime; mobile_width=\u00a0\u00bb0&Prime; css_animation=\u00a0\u00bbbottom-t-top\u00a0\u00bb animation_delay=\u00a0\u00bb300&Prime; parallax_intensity=\u00a0\u00bb2&Prime; width=\u00a0\u00bb1\/4&Prime; uncode_shortcode_id=\u00a0\u00bb117917&Prime; overlay_color_type=\u00a0\u00bbuncode-palette\u00a0\u00bb][vc_icon icon=\u00a0\u00bbfa fa-heart\u00a0\u00bb icon_color=\u00a0\u00bbcolor-379161&Prime; size=\u00a0\u00bbfa-3x\u00a0\u00bb css_animation=\u00a0\u00bbparallax\u00a0\u00bb parallax_intensity=\u00a0\u00bb1&Prime; uncode_shortcode_id=\u00a0\u00bb780687&Prime; icon_color_type=\u00a0\u00bbuncode-palette\u00a0\u00bb title=\u00a0\u00bbAssistance d\u00e9di\u00e9e\u00a0\u00bb]Avec nos bureaux et nos \u00e9quipes \u00e0 Montr\u00e9al, Paris et M\u00e1laga, vous b\u00e9n\u00e9ficiez d\u2019un soutien sur place assur\u00e9 par de vraies professionnels qui accompagnent votre groupe et connaissent bien les destinations.[\/vc_icon][\/vc_column][vc_column column_width_percent=\u00a0\u00bb100&Prime; position_vertical=\u00a0\u00bbmiddle\u00a0\u00bb align_horizontal=\u00a0\u00bbalign_center\u00a0\u00bb gutter_size=\u00a0\u00bb3&Prime; override_padding=\u00a0\u00bbyes\u00a0\u00bb column_padding=\u00a0\u00bb2&Prime; expand_height=\u00a0\u00bbyes\u00a0\u00bb overlay_color=\u00a0\u00bbcolor-gyho\u00a0\u00bb overlay_alpha=\u00a0\u00bb50&Prime; radius=\u00a0\u00bbstd\u00a0\u00bb shadow=\u00a0\u00bbstd\u00a0\u00bb shift_x=\u00a0\u00bb0&Prime; shift_y=\u00a0\u00bb0&Prime; shift_y_down=\u00a0\u00bb0&Prime; z_index=\u00a0\u00bb0&Prime; medium_width=\u00a0\u00bb0&Prime; mobile_width=\u00a0\u00bb0&Prime; css_animation=\u00a0\u00bbbottom-t-top\u00a0\u00bb animation_delay=\u00a0\u00bb400&Prime; parallax_intensity=\u00a0\u00bb2&Prime; width=\u00a0\u00bb1\/4&Prime; uncode_shortcode_id=\u00a0\u00bb108383&Prime; overlay_color_type=\u00a0\u00bbuncode-palette\u00a0\u00bb][vc_icon icon=\u00a0\u00bbfa fa-calendar-check-o\u00a0\u00bb icon_color=\u00a0\u00bbcolor-379161&Prime; size=\u00a0\u00bbfa-3x\u00a0\u00bb css_animation=\u00a0\u00bbparallax\u00a0\u00bb parallax_intensity=\u00a0\u00bb1&Prime; uncode_shortcode_id=\u00a0\u00bb352453&Prime; icon_color_type=\u00a0\u00bbuncode-palette\u00a0\u00bb title=\u00a0\u00bbDates de voyage garanties\u00a0\u00bb]Une fois votre voyage confirm\u00e9, vos dates sont garanties, quelle que soit la taille du groupe. C\u2019est un souci de moins \u00e0 g\u00e9rer lorsque vous planifiez votre voyage[\/vc_icon][\/vc_column][\/vc_row][vc_row][vc_column width=\u00a0\u00bb1\/1&Prime;][uncode_block id=\u00a0\u00bb87972&Prime;][\/vc_column][\/vc_row][vc_row row_height_percent=\u00a0\u00bb0&Prime; overlay_alpha=\u00a0\u00bb50&Prime; gutter_size=\u00a0\u00bb3&Prime; column_width_percent=\u00a0\u00bb100&Prime; shift_y=\u00a0\u00bb0&Prime; z_index=\u00a0\u00bb0&Prime;][vc_column width=\u00a0\u00bb1\/1&Prime;][uncode_block id=\u00a0\u00bb84191&Prime;][\/vc_column][\/vc_row]<\/p>\n<\/div>","protected":false},"excerpt":{"rendered":"<p>Prom\u00e9tour is one of the most highly regarded companies in educational travel. We design customized tours to help each and every group get the most out of their educational travel experience.<\/p>\n","protected":false},"author":19,"featured_media":88887,"parent":0,"menu_order":0,"comment_status":"closed","ping_status":"closed","template":"","meta":{"content-type":"","footnotes":""},"class_list":["post-82534","page","type-page","status-publish","has-post-thumbnail","hentry","page_category-section-page-fr"],"yoast_head":"<!-- This site is optimized with the Yoast SEO plugin v27.4 - https:\/\/yoast.com\/product\/yoast-seo-wordpress\/ -->\n<title>Prom\u00e9tour : Experts en voyages \u00e9ducatifs et voyages \u00e9tudiants<\/title>\n<meta name=\"description\" content=\"Prom\u00e9tour Voyages \u00c9ducatifs est une agence r\u00e9put\u00e9e de voyages scolaires, circuits \u00e9tudiants et groupes d&#039;adultes au Canada et aux \u00c9taits-Unis.\" \/>\n<meta name=\"robots\" content=\"index, follow, max-snippet:-1, max-image-preview:large, max-video-preview:-1\" \/>\n<link rel=\"canonical\" href=\"https:\/\/prometour.com\/fr\/\" \/>\n<meta property=\"og:locale\" content=\"fr_FR\" \/>\n<meta property=\"og:type\" content=\"article\" \/>\n<meta property=\"og:title\" content=\"Prom\u00e9tour : Experts en voyages \u00e9ducatifs et voyages \u00e9tudiants\" \/>\n<meta property=\"og:description\" content=\"Prom\u00e9tour Voyages \u00c9ducatifs est une agence r\u00e9put\u00e9e de voyages scolaires, circuits \u00e9tudiants et groupes d&#039;adultes au Canada et aux \u00c9taits-Unis.\" \/>\n<meta property=\"og:url\" content=\"https:\/\/prometour.com\/fr\/\" \/>\n<meta property=\"og:site_name\" content=\"Prom&eacute;tour\" \/>\n<meta property=\"article:publisher\" content=\"https:\/\/www.facebook.com\/PrometourEduTours\" \/>\n<meta property=\"article:modified_time\" content=\"2026-04-02T16:21:23+00:00\" \/>\n<meta property=\"og:image\" content=\"https:\/\/prometour.com\/wp-content\/uploads\/2025\/09\/St-Malo.jpg\" \/>\n\t<meta property=\"og:image:width\" content=\"1600\" \/>\n\t<meta property=\"og:image:height\" content=\"901\" \/>\n\t<meta property=\"og:image:type\" content=\"image\/jpeg\" \/>\n<meta name=\"twitter:card\" content=\"summary_large_image\" \/>\n<meta name=\"twitter:site\" content=\"@Prometour\" \/>\n<meta name=\"twitter:label1\" content=\"Dur\u00e9e de lecture estim\u00e9e\" \/>\n\t<meta name=\"twitter:data1\" content=\"2 minutes\" \/>\n<script type=\"application\/ld+json\" class=\"yoast-schema-graph\">{\"@context\":\"https:\\\/\\\/schema.org\",\"@graph\":[{\"@type\":\"WebPage\",\"@id\":\"https:\\\/\\\/prometour.com\\\/fr\\\/\",\"url\":\"https:\\\/\\\/prometour.com\\\/fr\\\/\",\"name\":\"Prom\u00e9tour : Experts en voyages \u00e9ducatifs et voyages \u00e9tudiants\",\"isPartOf\":{\"@id\":\"https:\\\/\\\/prometour.com\\\/fr\\\/#website\"},\"primaryImageOfPage\":{\"@id\":\"https:\\\/\\\/prometour.com\\\/fr\\\/#primaryimage\"},\"image\":{\"@id\":\"https:\\\/\\\/prometour.com\\\/fr\\\/#primaryimage\"},\"thumbnailUrl\":\"https:\\\/\\\/prometour.com\\\/wp-content\\\/uploads\\\/2025\\\/09\\\/St-Malo.jpg\",\"datePublished\":\"2017-11-10T04:43:43+00:00\",\"dateModified\":\"2026-04-02T16:21:23+00:00\",\"description\":\"Prom\u00e9tour Voyages \u00c9ducatifs est une agence r\u00e9put\u00e9e de voyages scolaires, circuits \u00e9tudiants et groupes d'adultes au Canada et aux \u00c9taits-Unis.\",\"breadcrumb\":{\"@id\":\"https:\\\/\\\/prometour.com\\\/fr\\\/#breadcrumb\"},\"inLanguage\":\"fr-FR\",\"potentialAction\":[{\"@type\":\"ReadAction\",\"target\":[\"https:\\\/\\\/prometour.com\\\/fr\\\/\"]}]},{\"@type\":\"ImageObject\",\"inLanguage\":\"fr-FR\",\"@id\":\"https:\\\/\\\/prometour.com\\\/fr\\\/#primaryimage\",\"url\":\"https:\\\/\\\/prometour.com\\\/wp-content\\\/uploads\\\/2025\\\/09\\\/St-Malo.jpg\",\"contentUrl\":\"https:\\\/\\\/prometour.com\\\/wp-content\\\/uploads\\\/2025\\\/09\\\/St-Malo.jpg\",\"width\":1600,\"height\":901,\"caption\":\"Explore our tours or plan a custom trip\u2014built around your needs, your vision, and your budget.\"},{\"@type\":\"BreadcrumbList\",\"@id\":\"https:\\\/\\\/prometour.com\\\/fr\\\/#breadcrumb\",\"itemListElement\":[{\"@type\":\"ListItem\",\"position\":1,\"name\":\"Prometour\",\"item\":\"https:\\\/\\\/prometour.com\\\/fr\\\/\"},{\"@type\":\"ListItem\",\"position\":2,\"name\":\"Section Page\",\"item\":\"https:\\\/\\\/prometour.com\\\/fr\\\/page_category\\\/section-page-fr\\\/\"},{\"@type\":\"ListItem\",\"position\":3,\"name\":\"Prom\u00e9tour Voyages \u00c9ducatifs\"}]},{\"@type\":\"WebSite\",\"@id\":\"https:\\\/\\\/prometour.com\\\/fr\\\/#website\",\"url\":\"https:\\\/\\\/prometour.com\\\/fr\\\/\",\"name\":\"Prom\u00e9tour\",\"description\":\"Experts in Customized Student Tours and Class trips\",\"publisher\":{\"@id\":\"https:\\\/\\\/prometour.com\\\/fr\\\/#organization\"},\"potentialAction\":[{\"@type\":\"SearchAction\",\"target\":{\"@type\":\"EntryPoint\",\"urlTemplate\":\"https:\\\/\\\/prometour.com\\\/fr\\\/?s={search_term_string}\"},\"query-input\":{\"@type\":\"PropertyValueSpecification\",\"valueRequired\":true,\"valueName\":\"search_term_string\"}}],\"inLanguage\":\"fr-FR\"},{\"@type\":\"Organization\",\"@id\":\"https:\\\/\\\/prometour.com\\\/fr\\\/#organization\",\"name\":\"Prom\u00e9tour Educational Tours\",\"url\":\"https:\\\/\\\/prometour.com\\\/fr\\\/\",\"logo\":{\"@type\":\"ImageObject\",\"inLanguage\":\"fr-FR\",\"@id\":\"https:\\\/\\\/prometour.com\\\/fr\\\/#\\\/schema\\\/logo\\\/image\\\/\",\"url\":\"https:\\\/\\\/prometour.com\\\/wp-content\\\/uploads\\\/2017\\\/11\\\/Prometour_Logo_CMYK.gif\",\"contentUrl\":\"https:\\\/\\\/prometour.com\\\/wp-content\\\/uploads\\\/2017\\\/11\\\/Prometour_Logo_CMYK.gif\",\"width\":2265,\"height\":663,\"caption\":\"Prom\u00e9tour Educational Tours\"},\"image\":{\"@id\":\"https:\\\/\\\/prometour.com\\\/fr\\\/#\\\/schema\\\/logo\\\/image\\\/\"},\"sameAs\":[\"https:\\\/\\\/www.facebook.com\\\/PrometourEduTours\",\"https:\\\/\\\/x.com\\\/Prometour\",\"https:\\\/\\\/www.instagram.com\\\/prometour\\\/\",\"https:\\\/\\\/www.linkedin.com\\\/company\\\/prometour\",\"https:\\\/\\\/www.pinterest.ca\\\/prometour\\\/\",\"https:\\\/\\\/www.youtube.com\\\/channel\\\/UCGUzI7zRN1jyJA_vnuq4GPA\"]}]}<\/script>\n<!-- \/ Yoast SEO plugin. -->","yoast_head_json":{"title":"Prom\u00e9tour : Experts en voyages \u00e9ducatifs et voyages \u00e9tudiants","description":"Prom\u00e9tour Voyages \u00c9ducatifs est une agence r\u00e9put\u00e9e de voyages scolaires, circuits \u00e9tudiants et groupes d'adultes au Canada et aux \u00c9taits-Unis.","robots":{"index":"index","follow":"follow","max-snippet":"max-snippet:-1","max-image-preview":"max-image-preview:large","max-video-preview":"max-video-preview:-1"},"canonical":"https:\/\/prometour.com\/fr\/","og_locale":"fr_FR","og_type":"article","og_title":"Prom\u00e9tour : Experts en voyages \u00e9ducatifs et voyages \u00e9tudiants","og_description":"Prom\u00e9tour Voyages \u00c9ducatifs est une agence r\u00e9put\u00e9e de voyages scolaires, circuits \u00e9tudiants et groupes d'adultes au Canada et aux \u00c9taits-Unis.","og_url":"https:\/\/prometour.com\/fr\/","og_site_name":"Prom&eacute;tour","article_publisher":"https:\/\/www.facebook.com\/PrometourEduTours","article_modified_time":"2026-04-02T16:21:23+00:00","og_image":[{"width":1600,"height":901,"url":"https:\/\/prometour.com\/wp-content\/uploads\/2025\/09\/St-Malo.jpg","type":"image\/jpeg"}],"twitter_card":"summary_large_image","twitter_site":"@Prometour","twitter_misc":{"Dur\u00e9e de lecture estim\u00e9e":"2 minutes"},"schema":{"@context":"https:\/\/schema.org","@graph":[{"@type":"WebPage","@id":"https:\/\/prometour.com\/fr\/","url":"https:\/\/prometour.com\/fr\/","name":"Prom\u00e9tour : Experts en voyages \u00e9ducatifs et voyages \u00e9tudiants","isPartOf":{"@id":"https:\/\/prometour.com\/fr\/#website"},"primaryImageOfPage":{"@id":"https:\/\/prometour.com\/fr\/#primaryimage"},"image":{"@id":"https:\/\/prometour.com\/fr\/#primaryimage"},"thumbnailUrl":"https:\/\/prometour.com\/wp-content\/uploads\/2025\/09\/St-Malo.jpg","datePublished":"2017-11-10T04:43:43+00:00","dateModified":"2026-04-02T16:21:23+00:00","description":"Prom\u00e9tour Voyages \u00c9ducatifs est une agence r\u00e9put\u00e9e de voyages scolaires, circuits \u00e9tudiants et groupes d'adultes au Canada et aux \u00c9taits-Unis.","breadcrumb":{"@id":"https:\/\/prometour.com\/fr\/#breadcrumb"},"inLanguage":"fr-FR","potentialAction":[{"@type":"ReadAction","target":["https:\/\/prometour.com\/fr\/"]}]},{"@type":"ImageObject","inLanguage":"fr-FR","@id":"https:\/\/prometour.com\/fr\/#primaryimage","url":"https:\/\/prometour.com\/wp-content\/uploads\/2025\/09\/St-Malo.jpg","contentUrl":"https:\/\/prometour.com\/wp-content\/uploads\/2025\/09\/St-Malo.jpg","width":1600,"height":901,"caption":"Explore our tours or plan a custom trip\u2014built around your needs, your vision, and your budget."},{"@type":"BreadcrumbList","@id":"https:\/\/prometour.com\/fr\/#breadcrumb","itemListElement":[{"@type":"ListItem","position":1,"name":"Prometour","item":"https:\/\/prometour.com\/fr\/"},{"@type":"ListItem","position":2,"name":"Section Page","item":"https:\/\/prometour.com\/fr\/page_category\/section-page-fr\/"},{"@type":"ListItem","position":3,"name":"Prom\u00e9tour Voyages \u00c9ducatifs"}]},{"@type":"WebSite","@id":"https:\/\/prometour.com\/fr\/#website","url":"https:\/\/prometour.com\/fr\/","name":"Prom\u00e9tour","description":"Experts in Customized Student Tours and Class trips","publisher":{"@id":"https:\/\/prometour.com\/fr\/#organization"},"potentialAction":[{"@type":"SearchAction","target":{"@type":"EntryPoint","urlTemplate":"https:\/\/prometour.com\/fr\/?s={search_term_string}"},"query-input":{"@type":"PropertyValueSpecification","valueRequired":true,"valueName":"search_term_string"}}],"inLanguage":"fr-FR"},{"@type":"Organization","@id":"https:\/\/prometour.com\/fr\/#organization","name":"Prom\u00e9tour Educational Tours","url":"https:\/\/prometour.com\/fr\/","logo":{"@type":"ImageObject","inLanguage":"fr-FR","@id":"https:\/\/prometour.com\/fr\/#\/schema\/logo\/image\/","url":"https:\/\/prometour.com\/wp-content\/uploads\/2017\/11\/Prometour_Logo_CMYK.gif","contentUrl":"https:\/\/prometour.com\/wp-content\/uploads\/2017\/11\/Prometour_Logo_CMYK.gif","width":2265,"height":663,"caption":"Prom\u00e9tour Educational Tours"},"image":{"@id":"https:\/\/prometour.com\/fr\/#\/schema\/logo\/image\/"},"sameAs":["https:\/\/www.facebook.com\/PrometourEduTours","https:\/\/x.com\/Prometour","https:\/\/www.instagram.com\/prometour\/","https:\/\/www.linkedin.com\/company\/prometour","https:\/\/www.pinterest.ca\/prometour\/","https:\/\/www.youtube.com\/channel\/UCGUzI7zRN1jyJA_vnuq4GPA"]}]}},"_links":{"self":[{"href":"https:\/\/prometour.com\/fr\/wp-json\/wp\/v2\/pages\/82534","targetHints":{"allow":["GET"]}}],"collection":[{"href":"https:\/\/prometour.com\/fr\/wp-json\/wp\/v2\/pages"}],"about":[{"href":"https:\/\/prometour.com\/fr\/wp-json\/wp\/v2\/types\/page"}],"author":[{"embeddable":true,"href":"https:\/\/prometour.com\/fr\/wp-json\/wp\/v2\/users\/19"}],"replies":[{"embeddable":true,"href":"https:\/\/prometour.com\/fr\/wp-json\/wp\/v2\/comments?post=82534"}],"version-history":[{"count":8,"href":"https:\/\/prometour.com\/fr\/wp-json\/wp\/v2\/pages\/82534\/revisions"}],"predecessor-version":[{"id":89524,"href":"https:\/\/prometour.com\/fr\/wp-json\/wp\/v2\/pages\/82534\/revisions\/89524"}],"wp:featuredmedia":[{"embeddable":true,"href":"https:\/\/prometour.com\/fr\/wp-json\/wp\/v2\/media\/88887"}],"wp:attachment":[{"href":"https:\/\/prometour.com\/fr\/wp-json\/wp\/v2\/media?parent=82534"}],"curies":[{"name":"wp","href":"https:\/\/api.w.org\/{rel}","templated":true}]}}