{"id":84183,"date":"2021-01-07T12:19:49","date_gmt":"2021-01-07T17:19:49","guid":{"rendered":"https:\/\/prometour.com\/?page_id=84183"},"modified":"2021-03-12T10:23:20","modified_gmt":"2021-03-12T15:23:20","slug":"voyage-de-groupe-rencontre-information","status":"publish","type":"page","link":"https:\/\/prometour.com\/fr\/voyage-de-groupe-rencontre-information\/","title":{"rendered":"Voyage de groupe: rencontre d&rsquo;information"},"content":{"rendered":"<div class=\"wpb-content-wrapper\"><p>[vc_row row_height_percent=\u00a0\u00bb0&Prime; override_padding=\u00a0\u00bbyes\u00a0\u00bb h_padding=\u00a0\u00bb2&Prime; top_padding=\u00a0\u00bb5&Prime; bottom_padding=\u00a0\u00bb5&Prime; overlay_alpha=\u00a0\u00bb100&Prime; gutter_size=\u00a0\u00bb3&Prime; column_width_percent=\u00a0\u00bb100&Prime; shift_y=\u00a0\u00bb0&Prime; z_index=\u00a0\u00bb0&Prime; row_height_use_pixel=\u00a0\u00bb\u00a0\u00bb][vc_column column_width_use_pixel=\u00a0\u00bbyes\u00a0\u00bb align_horizontal=\u00a0\u00bbalign_center\u00a0\u00bb gutter_size=\u00a0\u00bb3&Prime; overlay_alpha=\u00a0\u00bb50&Prime; shift_x=\u00a0\u00bb0&Prime; shift_y=\u00a0\u00bb0&Prime; shift_y_down=\u00a0\u00bb0&Prime; z_index=\u00a0\u00bb0&Prime; medium_width=\u00a0\u00bb0&Prime; mobile_width=\u00a0\u00bb0&Prime; zoom_width=\u00a0\u00bb0&Prime; zoom_height=\u00a0\u00bb0&Prime; column_width_pixel=\u00a0\u00bb600&Prime; width=\u00a0\u00bb1\/2&Prime;][vc_single_image media=\u00a0\u00bb84733&Prime; media_width_percent=\u00a0\u00bb100&Prime;][\/vc_column][vc_column column_width_percent=\u00a0\u00bb100&Prime; align_horizontal=\u00a0\u00bbalign_center\u00a0\u00bb gutter_size=\u00a0\u00bb3&Prime; overlay_alpha=\u00a0\u00bb50&Prime; shift_x=\u00a0\u00bb0&Prime; shift_y=\u00a0\u00bb0&Prime; shift_y_down=\u00a0\u00bb0&Prime; z_index=\u00a0\u00bb0&Prime; medium_width=\u00a0\u00bb0&Prime; mobile_width=\u00a0\u00bb0&Prime; width=\u00a0\u00bb1\/2&Prime;][vc_custom_heading heading_semantic=\u00a0\u00bbh3&Prime; text_size=\u00a0\u00bbbigtext\u00a0\u00bb text_uppercase=\u00a0\u00bb\u00a0\u00bb]<\/p>\n<h2><span id=\"hs_cos_wrapper_name\" class=\"hs_cos_wrapper hs_cos_wrapper_meta_field hs_cos_wrapper_type_text\" data-hs-cos-general-type=\"meta_field\" data-hs-cos-type=\"text\">Organisation d&rsquo;une r\u00e9union d&rsquo;information<\/span><\/h2>\n<p>[\/vc_custom_heading][vc_column_text text_lead=\u00a0\u00bbyes\u00a0\u00bb]Passez \u00e0 l&rsquo;action! Organisez une r\u00e9union d&rsquo;information. Il s&rsquo;agit d&rsquo;une \u00e9tape cl\u00e9 pour organiser une visite r\u00e9ussie et garantira que les participants sont pleinement conscients des d\u00e9tails du voyage et de tous les avantages du voyage.[\/vc_column_text][\/vc_column][\/vc_row][vc_row][vc_column width=\u00a0\u00bb1\/1&Prime;][vc_custom_heading]<\/p>\n<h3><strong>Avant la r\u00e9union<\/strong><\/h3>\n<p>[\/vc_custom_heading][vc_column_text]Lors de la pr\u00e9paration de votre r\u00e9union d&rsquo;information, assurez-vous d&rsquo;appeler au pr\u00e9alable votre conseiller en voyage Prom\u00e9tour pour vous renseigner sur ce qui doit \u00eatre discut\u00e9. Vous devez \u00e9galement vous assurer que tous les participants int\u00e9ress\u00e9s ont acc\u00e8s au lien hypertexte de la brochure du voyage.<\/p>\n<ul>\n<li>Envoyez un e-mail de rappel \u00e0 tous les participants int\u00e9ress\u00e9s au moins deux jours avant la r\u00e9union.<\/li>\n<li>Cr\u00e9ez une pr\u00e9sentation PowerPoint.<\/li>\n<li>Parlez \u00e0 votre conseiller en voyage Prom\u00e9tour pour qu&rsquo;il facilite la r\u00e9union par vid\u00e9oconf\u00e9rence.<\/li>\n<\/ul>\n<p>[\/vc_column_text][\/vc_column][\/vc_row][vc_row][vc_column width=\u00a0\u00bb1\/1&Prime;][vc_custom_heading]<\/p>\n<h3><strong>Journ\u00e9e d&rsquo;information<\/strong><\/h3>\n<p>[\/vc_custom_heading][vc_column_text]Assurez-vous d&rsquo;imprimer une feuille de pr\u00e9sence afin de savoir qui \u00e9tait l\u00e0 et avec qui vous devrez faire un suivi. Vous devriez \u00e9galement avoir quelques exemplaires suppl\u00e9mentaires de la brochure du voyage.<\/p>\n<p>Un aspect important \u00e0 ne pas n\u00e9gliger est de susciter l&rsquo;excitation de tous pendant\u00a0la r\u00e9union! Pensez \u00e0 d\u00e9corer votre espace de r\u00e9union pour qu&rsquo;il corresponde \u00e0 la destination. Assurez-vous d&rsquo;impliquer les participants en apportant des bibelots culturels, jouez de la musique et apportez des collations.[\/vc_column_text][\/vc_column][\/vc_row][vc_row][vc_column width=\u00a0\u00bb1\/1&Prime;][vc_custom_heading]<\/p>\n<h3><strong>Inscription des participants<\/strong><\/h3>\n<p>[\/vc_custom_heading][vc_column_text]Maintenant que tout le monde est inform\u00e9 et enthousiasm\u00e9, profitez de cet \u00e9lan et envoyez-leur imm\u00e9diatement le lien d&rsquo;inscription.<\/p>\n<p>Contactez-nous \u00e0 tout moment si vous avez besoin d&rsquo;informations suppl\u00e9mentaires. Bonne chance \u00e0 votre r\u00e9union![\/vc_column_text][vc_empty_space empty_h=\u00a0\u00bb2&Prime;][\/vc_column][\/vc_row][vc_row][vc_column width=\u00a0\u00bb1\/1&Prime;][uncode_block id=\u00a0\u00bb84050&Prime;][\/vc_column][\/vc_row]<\/p>\n<\/div>","protected":false},"excerpt":{"rendered":"<p>[vc_row row_height_percent=\u00a0\u00bb0&Prime; override_padding=\u00a0\u00bbyes\u00a0\u00bb h_padding=\u00a0\u00bb2&Prime; top_padding=\u00a0\u00bb5&Prime; bottom_padding=\u00a0\u00bb5&Prime; overlay_alpha=\u00a0\u00bb100&Prime; gutter_size=\u00a0\u00bb3&Prime; column_width_percent=\u00a0\u00bb100&Prime; shift_y=\u00a0\u00bb0&Prime; z_index=\u00a0\u00bb0&Prime; row_height_use_pixel=\u00a0\u00bb\u00a0\u00bb][vc_column column_width_use_pixel=\u00a0\u00bbyes\u00a0\u00bb align_horizontal=\u00a0\u00bbalign_center\u00a0\u00bb gutter_size=\u00a0\u00bb3&Prime; overlay_alpha=\u00a0\u00bb50&Prime; shift_x=\u00a0\u00bb0&Prime; shift_y=\u00a0\u00bb0&Prime; shift_y_down=\u00a0\u00bb0&Prime; z_index=\u00a0\u00bb0&Prime; [&hellip;]<\/p>\n","protected":false},"author":24,"featured_media":0,"parent":0,"menu_order":0,"comment_status":"closed","ping_status":"closed","template":"","meta":{"content-type":"","footnotes":""},"class_list":["post-84183","page","type-page","status-publish","hentry"],"yoast_head":"<!-- This site is optimized with the Yoast SEO plugin v27.2 - https:\/\/yoast.com\/product\/yoast-seo-wordpress\/ -->\n<title>Envol par Prom\u00e9tour | Voyage de groupe: rencontre d&#039;information<\/title>\n<meta name=\"description\" content=\"Voyage de groupe: Faites une rencontre d&#039;information et assurez-vous que tous vos participants connaissent bien les d\u00e9tails du voyage.\" \/>\n<meta name=\"robots\" content=\"index, follow, max-snippet:-1, max-image-preview:large, max-video-preview:-1\" \/>\n<link rel=\"canonical\" href=\"https:\/\/prometour.com\/fr\/voyage-de-groupe-rencontre-information\/\" \/>\n<meta property=\"og:locale\" content=\"fr_FR\" \/>\n<meta property=\"og:type\" content=\"article\" \/>\n<meta property=\"og:title\" content=\"Envol par Prom\u00e9tour | Voyage de groupe: rencontre d&#039;information\" \/>\n<meta property=\"og:description\" content=\"Voyage de groupe: Faites une rencontre d&#039;information et assurez-vous que tous vos participants connaissent bien les d\u00e9tails du voyage.\" \/>\n<meta property=\"og:url\" content=\"https:\/\/prometour.com\/fr\/voyage-de-groupe-rencontre-information\/\" \/>\n<meta property=\"og:site_name\" content=\"Prom&eacute;tour\" \/>\n<meta property=\"article:publisher\" content=\"https:\/\/www.facebook.com\/PrometourEduTours\" \/>\n<meta property=\"article:modified_time\" content=\"2021-03-12T15:23:20+00:00\" \/>\n<meta name=\"twitter:card\" content=\"summary_large_image\" \/>\n<meta name=\"twitter:site\" content=\"@Prometour\" \/>\n<meta name=\"twitter:label1\" content=\"Dur\u00e9e de lecture estim\u00e9e\" \/>\n\t<meta name=\"twitter:data1\" content=\"2 minutes\" \/>\n<script type=\"application\/ld+json\" class=\"yoast-schema-graph\">{\"@context\":\"https:\/\/schema.org\",\"@graph\":[{\"@type\":\"WebPage\",\"@id\":\"https:\/\/prometour.com\/fr\/voyage-de-groupe-rencontre-information\/\",\"url\":\"https:\/\/prometour.com\/fr\/voyage-de-groupe-rencontre-information\/\",\"name\":\"Envol par Prom\u00e9tour | Voyage de groupe: rencontre d'information\",\"isPartOf\":{\"@id\":\"https:\/\/prometour.com\/fr\/#website\"},\"datePublished\":\"2021-01-07T17:19:49+00:00\",\"dateModified\":\"2021-03-12T15:23:20+00:00\",\"description\":\"Voyage de groupe: Faites une rencontre d'information et assurez-vous que tous vos participants connaissent bien les d\u00e9tails du voyage.\",\"breadcrumb\":{\"@id\":\"https:\/\/prometour.com\/fr\/voyage-de-groupe-rencontre-information\/#breadcrumb\"},\"inLanguage\":\"fr-FR\",\"potentialAction\":[{\"@type\":\"ReadAction\",\"target\":[\"https:\/\/prometour.com\/fr\/voyage-de-groupe-rencontre-information\/\"]}]},{\"@type\":\"BreadcrumbList\",\"@id\":\"https:\/\/prometour.com\/fr\/voyage-de-groupe-rencontre-information\/#breadcrumb\",\"itemListElement\":[{\"@type\":\"ListItem\",\"position\":1,\"name\":\"Prometour\",\"item\":\"https:\/\/prometour.com\/fr\/\"},{\"@type\":\"ListItem\",\"position\":2,\"name\":\"Voyage de groupe: rencontre d&rsquo;information\"}]},{\"@type\":\"WebSite\",\"@id\":\"https:\/\/prometour.com\/fr\/#website\",\"url\":\"https:\/\/prometour.com\/fr\/\",\"name\":\"Prom\u00e9tour\",\"description\":\"Experts in Customized Student Tours and Class trips\",\"publisher\":{\"@id\":\"https:\/\/prometour.com\/fr\/#organization\"},\"potentialAction\":[{\"@type\":\"SearchAction\",\"target\":{\"@type\":\"EntryPoint\",\"urlTemplate\":\"https:\/\/prometour.com\/fr\/?s={search_term_string}\"},\"query-input\":{\"@type\":\"PropertyValueSpecification\",\"valueRequired\":true,\"valueName\":\"search_term_string\"}}],\"inLanguage\":\"fr-FR\"},{\"@type\":\"Organization\",\"@id\":\"https:\/\/prometour.com\/fr\/#organization\",\"name\":\"Prom\u00e9tour Educational Tours\",\"url\":\"https:\/\/prometour.com\/fr\/\",\"logo\":{\"@type\":\"ImageObject\",\"inLanguage\":\"fr-FR\",\"@id\":\"https:\/\/prometour.com\/fr\/#\/schema\/logo\/image\/\",\"url\":\"https:\/\/prometour.com\/wp-content\/uploads\/2017\/11\/Prometour_Logo_CMYK.gif\",\"contentUrl\":\"https:\/\/prometour.com\/wp-content\/uploads\/2017\/11\/Prometour_Logo_CMYK.gif\",\"width\":2265,\"height\":663,\"caption\":\"Prom\u00e9tour Educational Tours\"},\"image\":{\"@id\":\"https:\/\/prometour.com\/fr\/#\/schema\/logo\/image\/\"},\"sameAs\":[\"https:\/\/www.facebook.com\/PrometourEduTours\",\"https:\/\/x.com\/Prometour\",\"https:\/\/www.instagram.com\/prometour\/\",\"https:\/\/www.linkedin.com\/company\/prometour\",\"https:\/\/www.pinterest.ca\/prometour\/\",\"https:\/\/www.youtube.com\/channel\/UCGUzI7zRN1jyJA_vnuq4GPA\"]}]}<\/script>\n<!-- \/ Yoast SEO plugin. -->","yoast_head_json":{"title":"Envol par Prom\u00e9tour | Voyage de groupe: rencontre d'information","description":"Voyage de groupe: Faites une rencontre d'information et assurez-vous que tous vos participants connaissent bien les d\u00e9tails du voyage.","robots":{"index":"index","follow":"follow","max-snippet":"max-snippet:-1","max-image-preview":"max-image-preview:large","max-video-preview":"max-video-preview:-1"},"canonical":"https:\/\/prometour.com\/fr\/voyage-de-groupe-rencontre-information\/","og_locale":"fr_FR","og_type":"article","og_title":"Envol par Prom\u00e9tour | Voyage de groupe: rencontre d'information","og_description":"Voyage de groupe: Faites une rencontre d'information et assurez-vous que tous vos participants connaissent bien les d\u00e9tails du voyage.","og_url":"https:\/\/prometour.com\/fr\/voyage-de-groupe-rencontre-information\/","og_site_name":"Prom&eacute;tour","article_publisher":"https:\/\/www.facebook.com\/PrometourEduTours","article_modified_time":"2021-03-12T15:23:20+00:00","twitter_card":"summary_large_image","twitter_site":"@Prometour","twitter_misc":{"Dur\u00e9e de lecture estim\u00e9e":"2 minutes"},"schema":{"@context":"https:\/\/schema.org","@graph":[{"@type":"WebPage","@id":"https:\/\/prometour.com\/fr\/voyage-de-groupe-rencontre-information\/","url":"https:\/\/prometour.com\/fr\/voyage-de-groupe-rencontre-information\/","name":"Envol par Prom\u00e9tour | Voyage de groupe: rencontre d'information","isPartOf":{"@id":"https:\/\/prometour.com\/fr\/#website"},"datePublished":"2021-01-07T17:19:49+00:00","dateModified":"2021-03-12T15:23:20+00:00","description":"Voyage de groupe: Faites une rencontre d'information et assurez-vous que tous vos participants connaissent bien les d\u00e9tails du voyage.","breadcrumb":{"@id":"https:\/\/prometour.com\/fr\/voyage-de-groupe-rencontre-information\/#breadcrumb"},"inLanguage":"fr-FR","potentialAction":[{"@type":"ReadAction","target":["https:\/\/prometour.com\/fr\/voyage-de-groupe-rencontre-information\/"]}]},{"@type":"BreadcrumbList","@id":"https:\/\/prometour.com\/fr\/voyage-de-groupe-rencontre-information\/#breadcrumb","itemListElement":[{"@type":"ListItem","position":1,"name":"Prometour","item":"https:\/\/prometour.com\/fr\/"},{"@type":"ListItem","position":2,"name":"Voyage de groupe: rencontre d&rsquo;information"}]},{"@type":"WebSite","@id":"https:\/\/prometour.com\/fr\/#website","url":"https:\/\/prometour.com\/fr\/","name":"Prom\u00e9tour","description":"Experts in Customized Student Tours and Class trips","publisher":{"@id":"https:\/\/prometour.com\/fr\/#organization"},"potentialAction":[{"@type":"SearchAction","target":{"@type":"EntryPoint","urlTemplate":"https:\/\/prometour.com\/fr\/?s={search_term_string}"},"query-input":{"@type":"PropertyValueSpecification","valueRequired":true,"valueName":"search_term_string"}}],"inLanguage":"fr-FR"},{"@type":"Organization","@id":"https:\/\/prometour.com\/fr\/#organization","name":"Prom\u00e9tour Educational Tours","url":"https:\/\/prometour.com\/fr\/","logo":{"@type":"ImageObject","inLanguage":"fr-FR","@id":"https:\/\/prometour.com\/fr\/#\/schema\/logo\/image\/","url":"https:\/\/prometour.com\/wp-content\/uploads\/2017\/11\/Prometour_Logo_CMYK.gif","contentUrl":"https:\/\/prometour.com\/wp-content\/uploads\/2017\/11\/Prometour_Logo_CMYK.gif","width":2265,"height":663,"caption":"Prom\u00e9tour Educational Tours"},"image":{"@id":"https:\/\/prometour.com\/fr\/#\/schema\/logo\/image\/"},"sameAs":["https:\/\/www.facebook.com\/PrometourEduTours","https:\/\/x.com\/Prometour","https:\/\/www.instagram.com\/prometour\/","https:\/\/www.linkedin.com\/company\/prometour","https:\/\/www.pinterest.ca\/prometour\/","https:\/\/www.youtube.com\/channel\/UCGUzI7zRN1jyJA_vnuq4GPA"]}]}},"_links":{"self":[{"href":"https:\/\/prometour.com\/fr\/wp-json\/wp\/v2\/pages\/84183","targetHints":{"allow":["GET"]}}],"collection":[{"href":"https:\/\/prometour.com\/fr\/wp-json\/wp\/v2\/pages"}],"about":[{"href":"https:\/\/prometour.com\/fr\/wp-json\/wp\/v2\/types\/page"}],"author":[{"embeddable":true,"href":"https:\/\/prometour.com\/fr\/wp-json\/wp\/v2\/users\/24"}],"replies":[{"embeddable":true,"href":"https:\/\/prometour.com\/fr\/wp-json\/wp\/v2\/comments?post=84183"}],"version-history":[{"count":6,"href":"https:\/\/prometour.com\/fr\/wp-json\/wp\/v2\/pages\/84183\/revisions"}],"predecessor-version":[{"id":86678,"href":"https:\/\/prometour.com\/fr\/wp-json\/wp\/v2\/pages\/84183\/revisions\/86678"}],"wp:attachment":[{"href":"https:\/\/prometour.com\/fr\/wp-json\/wp\/v2\/media?parent=84183"}],"curies":[{"name":"wp","href":"https:\/\/api.w.org\/{rel}","templated":true}]}}