{"id":84615,"date":"2021-01-05T15:38:06","date_gmt":"2021-01-05T20:38:06","guid":{"rendered":"https:\/\/prometour.com\/?page_id=84615"},"modified":"2021-03-16T15:56:44","modified_gmt":"2021-03-16T19:56:44","slug":"japan","status":"publish","type":"page","link":"https:\/\/prometour.com\/fr\/groupes-adultes\/destinations\/asia-2\/japan\/","title":{"rendered":"Japon"},"content":{"rendered":"<div class=\"wpb-content-wrapper\"><p>[vc_row row_height_percent=\u00a0\u00bb0&Prime; override_padding=\u00a0\u00bbyes\u00a0\u00bb h_padding=\u00a0\u00bb2&Prime; top_padding=\u00a0\u00bb2&Prime; bottom_padding=\u00a0\u00bb2&Prime; back_color=\u00a0\u00bbcolor-lxmt\u00a0\u00bb overlay_alpha=\u00a0\u00bb50&Prime; gutter_size=\u00a0\u00bb3&Prime; column_width_percent=\u00a0\u00bb100&Prime; shift_y=\u00a0\u00bb0&Prime; z_index=\u00a0\u00bb0&Prime;][vc_column column_width_percent=\u00a0\u00bb100&Prime; gutter_size=\u00a0\u00bb3&Prime; overlay_alpha=\u00a0\u00bb50&Prime; shift_x=\u00a0\u00bb0&Prime; shift_y=\u00a0\u00bb0&Prime; shift_y_down=\u00a0\u00bb0&Prime; z_index=\u00a0\u00bb0&Prime; medium_width=\u00a0\u00bb0&Prime; mobile_width=\u00a0\u00bb0&Prime; width=\u00a0\u00bb1\/1&Prime;][vc_row_inner row_inner_height_percent=\u00a0\u00bb0&Prime; overlay_alpha=\u00a0\u00bb50&Prime; gutter_size=\u00a0\u00bb4&Prime; shift_y=\u00a0\u00bb0&Prime; limit_content=\u00a0\u00bb\u00a0\u00bb][vc_column_inner column_width_percent=\u00a0\u00bb100&Prime; gutter_size=\u00a0\u00bb4&Prime; style=\u00a0\u00bblight\u00a0\u00bb overlay_alpha=\u00a0\u00bb50&Prime; shift_x=\u00a0\u00bb0&Prime; shift_y=\u00a0\u00bb0&Prime; shift_y_down=\u00a0\u00bb0&Prime; z_index=\u00a0\u00bb0&Prime; medium_width=\u00a0\u00bb0&Prime; mobile_width=\u00a0\u00bb0&Prime; sticky=\u00a0\u00bbyes\u00a0\u00bb width=\u00a0\u00bb1\/1&Prime;][vc_custom_heading heading_semantic=\u00a0\u00bbp\u00a0\u00bb text_weight=\u00a0\u00bb300&Prime; text_height=\u00a0\u00bbfontheight-357766&Prime; text_space=\u00a0\u00bbfontspace-781688&Prime; text_color=\u00a0\u00bbcolor-jevc\u00a0\u00bb]<\/p>\n<h1 style=\"text-align: center; margin-bottom: -40px;\">CIRCUITS EN GROUPE AU JAPON<\/h1>\n<p>[\/vc_custom_heading][vc_column_text]<\/p>\n<p style=\"text-align: center;\">Le \u00abpays du soleil levant\u00bb est une destination hors du commun; offrant patrimoine et histoire un jour et m\u00e9tropoles de haute technologie le lendemain. Le Japon est un pays o\u00f9 le pass\u00e9 rencontre le futur; avec des temples antiques et des geishas v\u00eatues de kimono se pr\u00e9cipitant entre les maisons de th\u00e9 traditionnelles de Kyoto, aux trains \u00e0 grande vitesse ultra-rapides reliant les villes anim\u00e9es d&rsquo;Osaka et de Tokyo.<\/p>\n<p>[\/vc_column_text][vc_empty_space empty_h=\u00a0\u00bb0&Prime;][\/vc_column_inner][\/vc_row_inner][\/vc_column][\/vc_row][vc_row][vc_column column_width_percent=\u00a0\u00bb100&Prime; align_horizontal=\u00a0\u00bbalign_center\u00a0\u00bb gutter_size=\u00a0\u00bb3&Prime; overlay_alpha=\u00a0\u00bb50&Prime; shift_x=\u00a0\u00bb0&Prime; shift_y=\u00a0\u00bb0&Prime; shift_y_down=\u00a0\u00bb0&Prime; z_index=\u00a0\u00bb0&Prime; medium_width=\u00a0\u00bb0&Prime; mobile_width=\u00a0\u00bb0&Prime; width=\u00a0\u00bb1\/3&Prime;][vc_single_image media=\u00a0\u00bb84513&Prime; media_width_percent=\u00a0\u00bb100&Prime; media_ratio=\u00a0\u00bbfour-three\u00a0\u00bb alignment=\u00a0\u00bbcenter\u00a0\u00bb shadow=\u00a0\u00bbyes\u00a0\u00bb media_link=\u00a0\u00bb|||\u00a0\u00bb][vc_column_text]<\/p>\n<h3>JAPON ENCHANTEUR<\/h3>\n<p>Parcourez Honshu, l&rsquo;\u00eele principale du Japon, pour visiter certaines des r\u00e9gions les plus riches en culture du pays: la m\u00e9tropole au rythme rapide de Tokyo, la p\u00e9ninsule d&rsquo;Izu, l&rsquo;ancienne capitale de Kyoto, Okayama, Hiroshima et Kyoto.[\/vc_column_text][vc_raw_html][\/vc_raw_html][\/vc_column][vc_column column_width_percent=\u00a0\u00bb100&Prime; align_horizontal=\u00a0\u00bbalign_center\u00a0\u00bb gutter_size=\u00a0\u00bb3&Prime; overlay_alpha=\u00a0\u00bb50&Prime; shift_x=\u00a0\u00bb0&Prime; shift_y=\u00a0\u00bb0&Prime; shift_y_down=\u00a0\u00bb0&Prime; z_index=\u00a0\u00bb0&Prime; medium_width=\u00a0\u00bb0&Prime; mobile_width=\u00a0\u00bb0&Prime; width=\u00a0\u00bb1\/3&Prime;][vc_single_image media=\u00a0\u00bb84516&Prime; media_width_percent=\u00a0\u00bb100&Prime; media_ratio=\u00a0\u00bbfour-three\u00a0\u00bb alignment=\u00a0\u00bbcenter\u00a0\u00bb shadow=\u00a0\u00bbyes\u00a0\u00bb media_link=\u00a0\u00bb|||\u00a0\u00bb][vc_column_text]<\/p>\n<h3>CIRCUIT EXPLORATEUR DU JAPON<\/h3>\n<p>Quelle belle introduction au pays du soleil levant! D\u00e9couvrez tous les incontournables du Japon: voyagez depuis la grande m\u00e9tropole de Tokyo, d\u00e9tendez-vous dans la station baln\u00e9aire de Hakone et visitez l&rsquo;ancienne capitale charg\u00e9e de traditions, Kyoto.[\/vc_column_text][vc_raw_html][\/vc_raw_html][\/vc_column][vc_column column_width_percent=\u00a0\u00bb100&Prime; align_horizontal=\u00a0\u00bbalign_center\u00a0\u00bb gutter_size=\u00a0\u00bb3&Prime; overlay_alpha=\u00a0\u00bb50&Prime; shift_x=\u00a0\u00bb0&Prime; shift_y=\u00a0\u00bb0&Prime; shift_y_down=\u00a0\u00bb0&Prime; z_index=\u00a0\u00bb0&Prime; medium_width=\u00a0\u00bb0&Prime; mobile_width=\u00a0\u00bb0&Prime; width=\u00a0\u00bb1\/3&Prime;][vc_single_image media=\u00a0\u00bb84523&Prime; media_width_percent=\u00a0\u00bb100&Prime; media_ratio=\u00a0\u00bbfour-three\u00a0\u00bb alignment=\u00a0\u00bbcenter\u00a0\u00bb shadow=\u00a0\u00bbyes\u00a0\u00bb media_link=\u00a0\u00bb|||\u00a0\u00bb][vc_single_image media=\u00a0\u00bb84526&Prime; media_width_percent=\u00a0\u00bb100&Prime;][\/vc_column][\/vc_row][vc_row][vc_column width=\u00a0\u00bb1\/4&Prime;][vc_single_image media=\u00a0\u00bb84536&Prime; media_width_percent=\u00a0\u00bb100&Prime; media_ratio=\u00a0\u00bbsixteen-nine\u00a0\u00bb][\/vc_column][vc_column width=\u00a0\u00bb1\/4&Prime;][vc_single_image media=\u00a0\u00bb84556&Prime; media_width_percent=\u00a0\u00bb100&Prime; media_ratio=\u00a0\u00bbsixteen-nine\u00a0\u00bb][\/vc_column][vc_column width=\u00a0\u00bb1\/4&Prime;][vc_single_image media=\u00a0\u00bb84539&Prime; media_width_percent=\u00a0\u00bb100&Prime; media_ratio=\u00a0\u00bbsixteen-nine\u00a0\u00bb][\/vc_column][vc_column width=\u00a0\u00bb1\/4&Prime;][vc_single_image media=\u00a0\u00bb84554&Prime; media_width_percent=\u00a0\u00bb100&Prime; media_ratio=\u00a0\u00bbsixteen-nine\u00a0\u00bb][\/vc_column][\/vc_row][vc_row][vc_column width=\u00a0\u00bb1\/1&Prime;][uncode_block id=\u00a0\u00bb81355&Prime;][\/vc_column][\/vc_row]<\/p>\n<\/div>","protected":false},"excerpt":{"rendered":"<p>[vc_row row_height_percent=\u00a0\u00bb0&Prime; override_padding=\u00a0\u00bbyes\u00a0\u00bb h_padding=\u00a0\u00bb2&Prime; top_padding=\u00a0\u00bb2&Prime; bottom_padding=\u00a0\u00bb2&Prime; back_color=\u00a0\u00bbcolor-lxmt\u00a0\u00bb overlay_alpha=\u00a0\u00bb50&Prime; gutter_size=\u00a0\u00bb3&Prime; column_width_percent=\u00a0\u00bb100&Prime; shift_y=\u00a0\u00bb0&Prime; z_index=\u00a0\u00bb0&Prime;][vc_column column_width_percent=\u00a0\u00bb100&Prime; gutter_size=\u00a0\u00bb3&Prime; overlay_alpha=\u00a0\u00bb50&Prime; shift_x=\u00a0\u00bb0&Prime; shift_y=\u00a0\u00bb0&Prime; shift_y_down=\u00a0\u00bb0&Prime; z_index=\u00a0\u00bb0&Prime; medium_width=\u00a0\u00bb0&Prime; [&hellip;]<\/p>\n","protected":false},"author":21,"featured_media":84513,"parent":81701,"menu_order":0,"comment_status":"closed","ping_status":"closed","template":"","meta":{"content-type":"","footnotes":""},"class_list":["post-84615","page","type-page","status-publish","has-post-thumbnail","hentry"],"yoast_head":"<!-- This site is optimized with the Yoast SEO plugin v27.4 - https:\/\/yoast.com\/product\/yoast-seo-wordpress\/ -->\n<title>Envol par Prom\u00e9tour | Japon<\/title>\n<meta name=\"description\" content=\"Voyages de groupe au Japon. Faites affaire avec Prom\u00e9tour pour planifier votre prochain groupe au Japon.\" \/>\n<meta name=\"robots\" content=\"index, follow, max-snippet:-1, max-image-preview:large, max-video-preview:-1\" \/>\n<link rel=\"canonical\" href=\"https:\/\/prometour.com\/fr\/groupes-adultes\/destinations\/asia-2\/japan\/\" \/>\n<meta property=\"og:locale\" content=\"fr_FR\" \/>\n<meta property=\"og:type\" content=\"article\" \/>\n<meta property=\"og:title\" content=\"Envol par Prom\u00e9tour | Japon\" \/>\n<meta property=\"og:description\" content=\"Voyages de groupe au Japon. Faites affaire avec Prom\u00e9tour pour planifier votre prochain groupe au Japon.\" \/>\n<meta property=\"og:url\" content=\"https:\/\/prometour.com\/fr\/groupes-adultes\/destinations\/asia-2\/japan\/\" \/>\n<meta property=\"og:site_name\" content=\"Prom&eacute;tour\" \/>\n<meta property=\"article:publisher\" content=\"https:\/\/www.facebook.com\/PrometourEduTours\" \/>\n<meta property=\"article:modified_time\" content=\"2021-03-16T19:56:44+00:00\" \/>\n<meta property=\"og:image\" content=\"https:\/\/prometour.com\/wp-content\/uploads\/2021\/01\/Geisha2.jpg\" \/>\n\t<meta property=\"og:image:width\" content=\"1025\" \/>\n\t<meta property=\"og:image:height\" content=\"684\" \/>\n\t<meta property=\"og:image:type\" content=\"image\/jpeg\" \/>\n<meta name=\"twitter:card\" content=\"summary_large_image\" \/>\n<meta name=\"twitter:site\" content=\"@Prometour\" \/>\n<meta name=\"twitter:label1\" content=\"Dur\u00e9e de lecture estim\u00e9e\" \/>\n\t<meta name=\"twitter:data1\" content=\"3 minutes\" \/>\n<script type=\"application\/ld+json\" class=\"yoast-schema-graph\">{\"@context\":\"https:\\\/\\\/schema.org\",\"@graph\":[{\"@type\":\"WebPage\",\"@id\":\"https:\\\/\\\/prometour.com\\\/fr\\\/groupes-adultes\\\/destinations\\\/asia-2\\\/japan\\\/\",\"url\":\"https:\\\/\\\/prometour.com\\\/fr\\\/groupes-adultes\\\/destinations\\\/asia-2\\\/japan\\\/\",\"name\":\"Envol par Prom\u00e9tour | Japon\",\"isPartOf\":{\"@id\":\"https:\\\/\\\/prometour.com\\\/fr\\\/#website\"},\"primaryImageOfPage\":{\"@id\":\"https:\\\/\\\/prometour.com\\\/fr\\\/groupes-adultes\\\/destinations\\\/asia-2\\\/japan\\\/#primaryimage\"},\"image\":{\"@id\":\"https:\\\/\\\/prometour.com\\\/fr\\\/groupes-adultes\\\/destinations\\\/asia-2\\\/japan\\\/#primaryimage\"},\"thumbnailUrl\":\"https:\\\/\\\/prometour.com\\\/wp-content\\\/uploads\\\/2021\\\/01\\\/Geisha2.jpg\",\"datePublished\":\"2021-01-05T20:38:06+00:00\",\"dateModified\":\"2021-03-16T19:56:44+00:00\",\"description\":\"Voyages de groupe au Japon. Faites affaire avec Prom\u00e9tour pour planifier votre prochain groupe au Japon.\",\"breadcrumb\":{\"@id\":\"https:\\\/\\\/prometour.com\\\/fr\\\/groupes-adultes\\\/destinations\\\/asia-2\\\/japan\\\/#breadcrumb\"},\"inLanguage\":\"fr-FR\",\"potentialAction\":[{\"@type\":\"ReadAction\",\"target\":[\"https:\\\/\\\/prometour.com\\\/fr\\\/groupes-adultes\\\/destinations\\\/asia-2\\\/japan\\\/\"]}]},{\"@type\":\"ImageObject\",\"inLanguage\":\"fr-FR\",\"@id\":\"https:\\\/\\\/prometour.com\\\/fr\\\/groupes-adultes\\\/destinations\\\/asia-2\\\/japan\\\/#primaryimage\",\"url\":\"https:\\\/\\\/prometour.com\\\/wp-content\\\/uploads\\\/2021\\\/01\\\/Geisha2.jpg\",\"contentUrl\":\"https:\\\/\\\/prometour.com\\\/wp-content\\\/uploads\\\/2021\\\/01\\\/Geisha2.jpg\",\"width\":1025,\"height\":684},{\"@type\":\"BreadcrumbList\",\"@id\":\"https:\\\/\\\/prometour.com\\\/fr\\\/groupes-adultes\\\/destinations\\\/asia-2\\\/japan\\\/#breadcrumb\",\"itemListElement\":[{\"@type\":\"ListItem\",\"position\":1,\"name\":\"Prometour\",\"item\":\"https:\\\/\\\/prometour.com\\\/fr\\\/\"},{\"@type\":\"ListItem\",\"position\":2,\"name\":\"Section Page\",\"item\":\"https:\\\/\\\/prometour.com\\\/fr\\\/page_category\\\/section-page-fr\\\/\"},{\"@type\":\"ListItem\",\"position\":3,\"name\":\"Groupes d&rsquo;adultes\",\"item\":\"https:\\\/\\\/prometour.com\\\/fr\\\/groupes-adultes\\\/\"},{\"@type\":\"ListItem\",\"position\":4,\"name\":\"Les destinations\",\"item\":\"https:\\\/\\\/prometour.com\\\/fr\\\/groupes-adultes\\\/destinations\\\/\"},{\"@type\":\"ListItem\",\"position\":5,\"name\":\"Asie\",\"item\":\"https:\\\/\\\/prometour.com\\\/fr\\\/groupes-adultes\\\/destinations\\\/asia-2\\\/\"},{\"@type\":\"ListItem\",\"position\":6,\"name\":\"Japon\"}]},{\"@type\":\"WebSite\",\"@id\":\"https:\\\/\\\/prometour.com\\\/fr\\\/#website\",\"url\":\"https:\\\/\\\/prometour.com\\\/fr\\\/\",\"name\":\"Prom\u00e9tour\",\"description\":\"Experts in Customized Student Tours and Class trips\",\"publisher\":{\"@id\":\"https:\\\/\\\/prometour.com\\\/fr\\\/#organization\"},\"potentialAction\":[{\"@type\":\"SearchAction\",\"target\":{\"@type\":\"EntryPoint\",\"urlTemplate\":\"https:\\\/\\\/prometour.com\\\/fr\\\/?s={search_term_string}\"},\"query-input\":{\"@type\":\"PropertyValueSpecification\",\"valueRequired\":true,\"valueName\":\"search_term_string\"}}],\"inLanguage\":\"fr-FR\"},{\"@type\":\"Organization\",\"@id\":\"https:\\\/\\\/prometour.com\\\/fr\\\/#organization\",\"name\":\"Prom\u00e9tour Educational Tours\",\"url\":\"https:\\\/\\\/prometour.com\\\/fr\\\/\",\"logo\":{\"@type\":\"ImageObject\",\"inLanguage\":\"fr-FR\",\"@id\":\"https:\\\/\\\/prometour.com\\\/fr\\\/#\\\/schema\\\/logo\\\/image\\\/\",\"url\":\"https:\\\/\\\/prometour.com\\\/wp-content\\\/uploads\\\/2017\\\/11\\\/Prometour_Logo_CMYK.gif\",\"contentUrl\":\"https:\\\/\\\/prometour.com\\\/wp-content\\\/uploads\\\/2017\\\/11\\\/Prometour_Logo_CMYK.gif\",\"width\":2265,\"height\":663,\"caption\":\"Prom\u00e9tour Educational Tours\"},\"image\":{\"@id\":\"https:\\\/\\\/prometour.com\\\/fr\\\/#\\\/schema\\\/logo\\\/image\\\/\"},\"sameAs\":[\"https:\\\/\\\/www.facebook.com\\\/PrometourEduTours\",\"https:\\\/\\\/x.com\\\/Prometour\",\"https:\\\/\\\/www.instagram.com\\\/prometour\\\/\",\"https:\\\/\\\/www.linkedin.com\\\/company\\\/prometour\",\"https:\\\/\\\/www.pinterest.ca\\\/prometour\\\/\",\"https:\\\/\\\/www.youtube.com\\\/channel\\\/UCGUzI7zRN1jyJA_vnuq4GPA\"]}]}<\/script>\n<!-- \/ Yoast SEO plugin. -->","yoast_head_json":{"title":"Envol par Prom\u00e9tour | Japon","description":"Voyages de groupe au Japon. Faites affaire avec Prom\u00e9tour pour planifier votre prochain groupe au Japon.","robots":{"index":"index","follow":"follow","max-snippet":"max-snippet:-1","max-image-preview":"max-image-preview:large","max-video-preview":"max-video-preview:-1"},"canonical":"https:\/\/prometour.com\/fr\/groupes-adultes\/destinations\/asia-2\/japan\/","og_locale":"fr_FR","og_type":"article","og_title":"Envol par Prom\u00e9tour | Japon","og_description":"Voyages de groupe au Japon. Faites affaire avec Prom\u00e9tour pour planifier votre prochain groupe au Japon.","og_url":"https:\/\/prometour.com\/fr\/groupes-adultes\/destinations\/asia-2\/japan\/","og_site_name":"Prom&eacute;tour","article_publisher":"https:\/\/www.facebook.com\/PrometourEduTours","article_modified_time":"2021-03-16T19:56:44+00:00","og_image":[{"width":1025,"height":684,"url":"https:\/\/prometour.com\/wp-content\/uploads\/2021\/01\/Geisha2.jpg","type":"image\/jpeg"}],"twitter_card":"summary_large_image","twitter_site":"@Prometour","twitter_misc":{"Dur\u00e9e de lecture estim\u00e9e":"3 minutes"},"schema":{"@context":"https:\/\/schema.org","@graph":[{"@type":"WebPage","@id":"https:\/\/prometour.com\/fr\/groupes-adultes\/destinations\/asia-2\/japan\/","url":"https:\/\/prometour.com\/fr\/groupes-adultes\/destinations\/asia-2\/japan\/","name":"Envol par Prom\u00e9tour | Japon","isPartOf":{"@id":"https:\/\/prometour.com\/fr\/#website"},"primaryImageOfPage":{"@id":"https:\/\/prometour.com\/fr\/groupes-adultes\/destinations\/asia-2\/japan\/#primaryimage"},"image":{"@id":"https:\/\/prometour.com\/fr\/groupes-adultes\/destinations\/asia-2\/japan\/#primaryimage"},"thumbnailUrl":"https:\/\/prometour.com\/wp-content\/uploads\/2021\/01\/Geisha2.jpg","datePublished":"2021-01-05T20:38:06+00:00","dateModified":"2021-03-16T19:56:44+00:00","description":"Voyages de groupe au Japon. Faites affaire avec Prom\u00e9tour pour planifier votre prochain groupe au Japon.","breadcrumb":{"@id":"https:\/\/prometour.com\/fr\/groupes-adultes\/destinations\/asia-2\/japan\/#breadcrumb"},"inLanguage":"fr-FR","potentialAction":[{"@type":"ReadAction","target":["https:\/\/prometour.com\/fr\/groupes-adultes\/destinations\/asia-2\/japan\/"]}]},{"@type":"ImageObject","inLanguage":"fr-FR","@id":"https:\/\/prometour.com\/fr\/groupes-adultes\/destinations\/asia-2\/japan\/#primaryimage","url":"https:\/\/prometour.com\/wp-content\/uploads\/2021\/01\/Geisha2.jpg","contentUrl":"https:\/\/prometour.com\/wp-content\/uploads\/2021\/01\/Geisha2.jpg","width":1025,"height":684},{"@type":"BreadcrumbList","@id":"https:\/\/prometour.com\/fr\/groupes-adultes\/destinations\/asia-2\/japan\/#breadcrumb","itemListElement":[{"@type":"ListItem","position":1,"name":"Prometour","item":"https:\/\/prometour.com\/fr\/"},{"@type":"ListItem","position":2,"name":"Section Page","item":"https:\/\/prometour.com\/fr\/page_category\/section-page-fr\/"},{"@type":"ListItem","position":3,"name":"Groupes d&rsquo;adultes","item":"https:\/\/prometour.com\/fr\/groupes-adultes\/"},{"@type":"ListItem","position":4,"name":"Les destinations","item":"https:\/\/prometour.com\/fr\/groupes-adultes\/destinations\/"},{"@type":"ListItem","position":5,"name":"Asie","item":"https:\/\/prometour.com\/fr\/groupes-adultes\/destinations\/asia-2\/"},{"@type":"ListItem","position":6,"name":"Japon"}]},{"@type":"WebSite","@id":"https:\/\/prometour.com\/fr\/#website","url":"https:\/\/prometour.com\/fr\/","name":"Prom\u00e9tour","description":"Experts in Customized Student Tours and Class trips","publisher":{"@id":"https:\/\/prometour.com\/fr\/#organization"},"potentialAction":[{"@type":"SearchAction","target":{"@type":"EntryPoint","urlTemplate":"https:\/\/prometour.com\/fr\/?s={search_term_string}"},"query-input":{"@type":"PropertyValueSpecification","valueRequired":true,"valueName":"search_term_string"}}],"inLanguage":"fr-FR"},{"@type":"Organization","@id":"https:\/\/prometour.com\/fr\/#organization","name":"Prom\u00e9tour Educational Tours","url":"https:\/\/prometour.com\/fr\/","logo":{"@type":"ImageObject","inLanguage":"fr-FR","@id":"https:\/\/prometour.com\/fr\/#\/schema\/logo\/image\/","url":"https:\/\/prometour.com\/wp-content\/uploads\/2017\/11\/Prometour_Logo_CMYK.gif","contentUrl":"https:\/\/prometour.com\/wp-content\/uploads\/2017\/11\/Prometour_Logo_CMYK.gif","width":2265,"height":663,"caption":"Prom\u00e9tour Educational Tours"},"image":{"@id":"https:\/\/prometour.com\/fr\/#\/schema\/logo\/image\/"},"sameAs":["https:\/\/www.facebook.com\/PrometourEduTours","https:\/\/x.com\/Prometour","https:\/\/www.instagram.com\/prometour\/","https:\/\/www.linkedin.com\/company\/prometour","https:\/\/www.pinterest.ca\/prometour\/","https:\/\/www.youtube.com\/channel\/UCGUzI7zRN1jyJA_vnuq4GPA"]}]}},"_links":{"self":[{"href":"https:\/\/prometour.com\/fr\/wp-json\/wp\/v2\/pages\/84615","targetHints":{"allow":["GET"]}}],"collection":[{"href":"https:\/\/prometour.com\/fr\/wp-json\/wp\/v2\/pages"}],"about":[{"href":"https:\/\/prometour.com\/fr\/wp-json\/wp\/v2\/types\/page"}],"author":[{"embeddable":true,"href":"https:\/\/prometour.com\/fr\/wp-json\/wp\/v2\/users\/21"}],"replies":[{"embeddable":true,"href":"https:\/\/prometour.com\/fr\/wp-json\/wp\/v2\/comments?post=84615"}],"version-history":[{"count":5,"href":"https:\/\/prometour.com\/fr\/wp-json\/wp\/v2\/pages\/84615\/revisions"}],"predecessor-version":[{"id":84622,"href":"https:\/\/prometour.com\/fr\/wp-json\/wp\/v2\/pages\/84615\/revisions\/84622"}],"up":[{"embeddable":true,"href":"https:\/\/prometour.com\/fr\/wp-json\/wp\/v2\/pages\/81701"}],"wp:featuredmedia":[{"embeddable":true,"href":"https:\/\/prometour.com\/fr\/wp-json\/wp\/v2\/media\/84513"}],"wp:attachment":[{"href":"https:\/\/prometour.com\/fr\/wp-json\/wp\/v2\/media?parent=84615"}],"curies":[{"name":"wp","href":"https:\/\/api.w.org\/{rel}","templated":true}]}}