{"id":85141,"date":"2021-03-12T08:36:56","date_gmt":"2021-03-12T13:36:56","guid":{"rendered":"https:\/\/prometour.com\/?page_id=85141"},"modified":"2021-03-12T12:14:23","modified_gmt":"2021-03-12T17:14:23","slug":"voyage-scolaire-role-du-chef-de-groupe","status":"publish","type":"page","link":"https:\/\/prometour.com\/fr\/voyage-scolaire-role-du-chef-de-groupe\/","title":{"rendered":"Voyage scolaire: r\u00f4le du chef de groupe"},"content":{"rendered":"<div class=\"wpb-content-wrapper\"><p>[vc_row row_height_percent=\u00a0\u00bb0&Prime; override_padding=\u00a0\u00bbyes\u00a0\u00bb h_padding=\u00a0\u00bb2&Prime; top_padding=\u00a0\u00bb5&Prime; bottom_padding=\u00a0\u00bb5&Prime; overlay_alpha=\u00a0\u00bb100&Prime; gutter_size=\u00a0\u00bb3&Prime; column_width_percent=\u00a0\u00bb100&Prime; shift_y=\u00a0\u00bb0&Prime; z_index=\u00a0\u00bb0&Prime; row_height_use_pixel=\u00a0\u00bb\u00a0\u00bb][vc_column column_width_use_pixel=\u00a0\u00bbyes\u00a0\u00bb align_horizontal=\u00a0\u00bbalign_center\u00a0\u00bb gutter_size=\u00a0\u00bb3&Prime; overlay_alpha=\u00a0\u00bb50&Prime; shift_x=\u00a0\u00bb0&Prime; shift_y=\u00a0\u00bb0&Prime; shift_y_down=\u00a0\u00bb0&Prime; z_index=\u00a0\u00bb0&Prime; medium_width=\u00a0\u00bb0&Prime; mobile_width=\u00a0\u00bb0&Prime; zoom_width=\u00a0\u00bb0&Prime; zoom_height=\u00a0\u00bb0&Prime; column_width_pixel=\u00a0\u00bb600&Prime;][vc_row_inner row_inner_height_percent=\u00a0\u00bb0&Prime; overlay_alpha=\u00a0\u00bb50&Prime; gutter_size=\u00a0\u00bb3&Prime; shift_y=\u00a0\u00bb0&Prime; row_height_use_pixel=\u00a0\u00bb\u00a0\u00bb][vc_column_inner column_width_percent=\u00a0\u00bb100&Prime; position_horizontal=\u00a0\u00bbleft\u00a0\u00bb align_horizontal=\u00a0\u00bbalign_center\u00a0\u00bb gutter_size=\u00a0\u00bb3&Prime; overlay_alpha=\u00a0\u00bb50&Prime; shift_x=\u00a0\u00bb0&Prime; shift_y=\u00a0\u00bb0&Prime; medium_width=\u00a0\u00bb0&Prime; zoom_width=\u00a0\u00bb0&Prime; zoom_height=\u00a0\u00bb0&Prime; width=\u00a0\u00bb1\/1&Prime;][vc_custom_heading heading_semantic=\u00a0\u00bbh3&Prime; text_size=\u00a0\u00bbbigtext\u00a0\u00bb text_uppercase=\u00a0\u00bb\u00a0\u00bb]<\/p>\n<h2>Votre r\u00f4le en tant que chef de groupe<\/h2>\n<p>[\/vc_custom_heading][\/vc_column_inner][\/vc_row_inner][\/vc_column][\/vc_row][vc_row][vc_column width=\u00a0\u00bb1\/1&Prime;][vc_custom_heading]<\/p>\n<h3><strong>EN TOURN\u00c9E<\/strong><\/h3>\n<p>[\/vc_custom_heading][vc_column_text]Le succ\u00e8s de votre voyage et le plaisir de vos participants sont entre les mains de votre Directeur de tourn\u00e9e Prom\u00e9tour (guide) et vous en tant que chef de groupe. Nous croyons profond\u00e9ment que plus grande est la communication et l\u2019interaction que vous entretenez, vous et votre directeur de tourn\u00e9e Prom\u00e9tour, plus la tourn\u00e9e se d\u00e9roulera en douceur. En tant que chef de groupe, vous \u00eates responsables de fournir une supervision et des conseils \u00e0 vos participants, qu\u2019ils soient \u00e9tudiants, membres de la famille ou adultes. Vous y parvenez en assumant la responsabilit\u00e9 fondamentale de ce qui suit: pr\u00e9parer le groupe au voyage en assurant la supervision, le leadership et la discipline ainsi que la gestion des situations d\u2019urgence.[\/vc_column_text][\/vc_column][\/vc_row][vc_row][vc_column width=\u00a0\u00bb1\/1&Prime;][vc_custom_heading]<\/p>\n<h3><strong>DONNER LE TON<\/strong><\/h3>\n<p>[\/vc_custom_heading][vc_column_text]Notre priorit\u00e9 est de prendre soin de chaque d\u00e9tail afin que votre voyage soit un succ\u00e8s. Votre r\u00f4le est de superviser le comportement, d\u2019assurer le bien-\u00eatre des participants et donner l\u2019exemple au groupe.\u00a0 Vous devez renseigner vos participants au quotidien sur la fa\u00e7on de r\u00e9agir \u00e0 leur nouvel environnement et apprendre de celui-ci.\u00a0Bien que des exp\u00e9riences frustrantes se produisent parfois en voyage, elles ne doivent pas emp\u00eacher les membres de votre groupe de passer \u00e0 c\u00f4t\u00e9 du meilleur moment de leur vie. En donnant une tournure positive aux choses et en transformant la frustration avec humour, vous pouvez modifier des retards et des incidents mineurs en exp\u00e9riences inoubliables.[\/vc_column_text][\/vc_column][\/vc_row][vc_row][vc_column width=\u00a0\u00bb1\/1&Prime;][vc_custom_heading]<\/p>\n<h3><strong>LA DISCIPLINE<\/strong><\/h3>\n<p>[\/vc_custom_heading][vc_column_text]Votre directeur de tourn\u00e9e Prom\u00e9tour vous signalera toute infraction et interviendra en cas d\u2019urgence. Cependant, en tant que chef de groupe, vous \u00eates celui directement responsable de la bonne conduite de votre groupe.<\/p>\n<p>Et surtout,<strong>\u00a0profitez de l\u2019aventure!<\/strong>[\/vc_column_text][\/vc_column][\/vc_row][vc_row][vc_column width=\u00a0\u00bb1\/1&Prime;][uncode_block id=\u00a0\u00bb84826&Prime;][\/vc_column][\/vc_row]<\/p>\n<\/div>","protected":false},"excerpt":{"rendered":"<p>[vc_row row_height_percent=\u00a0\u00bb0&Prime; override_padding=\u00a0\u00bbyes\u00a0\u00bb h_padding=\u00a0\u00bb2&Prime; top_padding=\u00a0\u00bb5&Prime; bottom_padding=\u00a0\u00bb5&Prime; overlay_alpha=\u00a0\u00bb100&Prime; gutter_size=\u00a0\u00bb3&Prime; column_width_percent=\u00a0\u00bb100&Prime; shift_y=\u00a0\u00bb0&Prime; z_index=\u00a0\u00bb0&Prime; row_height_use_pixel=\u00a0\u00bb\u00a0\u00bb][vc_column column_width_use_pixel=\u00a0\u00bbyes\u00a0\u00bb align_horizontal=\u00a0\u00bbalign_center\u00a0\u00bb gutter_size=\u00a0\u00bb3&Prime; overlay_alpha=\u00a0\u00bb50&Prime; shift_x=\u00a0\u00bb0&Prime; shift_y=\u00a0\u00bb0&Prime; shift_y_down=\u00a0\u00bb0&Prime; z_index=\u00a0\u00bb0&Prime; [&hellip;]<\/p>\n","protected":false},"author":21,"featured_media":0,"parent":0,"menu_order":0,"comment_status":"closed","ping_status":"closed","template":"","meta":{"content-type":"","footnotes":""},"class_list":["post-85141","page","type-page","status-publish","hentry"],"yoast_head":"<!-- This site is optimized with the Yoast SEO plugin v27.4 - https:\/\/yoast.com\/product\/yoast-seo-wordpress\/ -->\n<title>Voyage scolaire: r\u00f4le du chef de groupe | Prom\u00e9tour Voyages \u00c9ducatifs<\/title>\n<meta name=\"description\" content=\"Voyage scolaire: r\u00f4le du chef de groupe avant et pendant le voyage avec vos \u00e9tudiants.\" \/>\n<meta name=\"robots\" content=\"index, follow, max-snippet:-1, max-image-preview:large, max-video-preview:-1\" \/>\n<link rel=\"canonical\" href=\"https:\/\/prometour.com\/fr\/voyage-scolaire-role-du-chef-de-groupe\/\" \/>\n<meta property=\"og:locale\" content=\"fr_FR\" \/>\n<meta property=\"og:type\" content=\"article\" \/>\n<meta property=\"og:title\" content=\"Voyage scolaire: r\u00f4le du chef de groupe | Prom\u00e9tour Voyages \u00c9ducatifs\" \/>\n<meta property=\"og:description\" content=\"Voyage scolaire: r\u00f4le du chef de groupe avant et pendant le voyage avec vos \u00e9tudiants.\" \/>\n<meta property=\"og:url\" content=\"https:\/\/prometour.com\/fr\/voyage-scolaire-role-du-chef-de-groupe\/\" \/>\n<meta property=\"og:site_name\" content=\"Prom&eacute;tour\" \/>\n<meta property=\"article:publisher\" content=\"https:\/\/www.facebook.com\/PrometourEduTours\" \/>\n<meta property=\"article:modified_time\" content=\"2021-03-12T17:14:23+00:00\" \/>\n<meta name=\"twitter:card\" content=\"summary_large_image\" \/>\n<meta name=\"twitter:site\" content=\"@Prometour\" \/>\n<meta name=\"twitter:label1\" content=\"Dur\u00e9e de lecture estim\u00e9e\" \/>\n\t<meta name=\"twitter:data1\" content=\"3 minutes\" \/>\n<script type=\"application\/ld+json\" class=\"yoast-schema-graph\">{\"@context\":\"https:\\\/\\\/schema.org\",\"@graph\":[{\"@type\":\"WebPage\",\"@id\":\"https:\\\/\\\/prometour.com\\\/fr\\\/voyage-scolaire-role-du-chef-de-groupe\\\/\",\"url\":\"https:\\\/\\\/prometour.com\\\/fr\\\/voyage-scolaire-role-du-chef-de-groupe\\\/\",\"name\":\"Voyage scolaire: r\u00f4le du chef de groupe | Prom\u00e9tour Voyages \u00c9ducatifs\",\"isPartOf\":{\"@id\":\"https:\\\/\\\/prometour.com\\\/fr\\\/#website\"},\"datePublished\":\"2021-03-12T13:36:56+00:00\",\"dateModified\":\"2021-03-12T17:14:23+00:00\",\"description\":\"Voyage scolaire: r\u00f4le du chef de groupe avant et pendant le voyage avec vos \u00e9tudiants.\",\"breadcrumb\":{\"@id\":\"https:\\\/\\\/prometour.com\\\/fr\\\/voyage-scolaire-role-du-chef-de-groupe\\\/#breadcrumb\"},\"inLanguage\":\"fr-FR\",\"potentialAction\":[{\"@type\":\"ReadAction\",\"target\":[\"https:\\\/\\\/prometour.com\\\/fr\\\/voyage-scolaire-role-du-chef-de-groupe\\\/\"]}]},{\"@type\":\"BreadcrumbList\",\"@id\":\"https:\\\/\\\/prometour.com\\\/fr\\\/voyage-scolaire-role-du-chef-de-groupe\\\/#breadcrumb\",\"itemListElement\":[{\"@type\":\"ListItem\",\"position\":1,\"name\":\"Prometour\",\"item\":\"https:\\\/\\\/prometour.com\\\/fr\\\/\"},{\"@type\":\"ListItem\",\"position\":2,\"name\":\"Voyage scolaire: r\u00f4le du chef de groupe\"}]},{\"@type\":\"WebSite\",\"@id\":\"https:\\\/\\\/prometour.com\\\/fr\\\/#website\",\"url\":\"https:\\\/\\\/prometour.com\\\/fr\\\/\",\"name\":\"Prom\u00e9tour\",\"description\":\"Experts in Customized Student Tours and Class trips\",\"publisher\":{\"@id\":\"https:\\\/\\\/prometour.com\\\/fr\\\/#organization\"},\"potentialAction\":[{\"@type\":\"SearchAction\",\"target\":{\"@type\":\"EntryPoint\",\"urlTemplate\":\"https:\\\/\\\/prometour.com\\\/fr\\\/?s={search_term_string}\"},\"query-input\":{\"@type\":\"PropertyValueSpecification\",\"valueRequired\":true,\"valueName\":\"search_term_string\"}}],\"inLanguage\":\"fr-FR\"},{\"@type\":\"Organization\",\"@id\":\"https:\\\/\\\/prometour.com\\\/fr\\\/#organization\",\"name\":\"Prom\u00e9tour Educational Tours\",\"url\":\"https:\\\/\\\/prometour.com\\\/fr\\\/\",\"logo\":{\"@type\":\"ImageObject\",\"inLanguage\":\"fr-FR\",\"@id\":\"https:\\\/\\\/prometour.com\\\/fr\\\/#\\\/schema\\\/logo\\\/image\\\/\",\"url\":\"https:\\\/\\\/prometour.com\\\/wp-content\\\/uploads\\\/2017\\\/11\\\/Prometour_Logo_CMYK.gif\",\"contentUrl\":\"https:\\\/\\\/prometour.com\\\/wp-content\\\/uploads\\\/2017\\\/11\\\/Prometour_Logo_CMYK.gif\",\"width\":2265,\"height\":663,\"caption\":\"Prom\u00e9tour Educational Tours\"},\"image\":{\"@id\":\"https:\\\/\\\/prometour.com\\\/fr\\\/#\\\/schema\\\/logo\\\/image\\\/\"},\"sameAs\":[\"https:\\\/\\\/www.facebook.com\\\/PrometourEduTours\",\"https:\\\/\\\/x.com\\\/Prometour\",\"https:\\\/\\\/www.instagram.com\\\/prometour\\\/\",\"https:\\\/\\\/www.linkedin.com\\\/company\\\/prometour\",\"https:\\\/\\\/www.pinterest.ca\\\/prometour\\\/\",\"https:\\\/\\\/www.youtube.com\\\/channel\\\/UCGUzI7zRN1jyJA_vnuq4GPA\"]}]}<\/script>\n<!-- \/ Yoast SEO plugin. -->","yoast_head_json":{"title":"Voyage scolaire: r\u00f4le du chef de groupe | Prom\u00e9tour Voyages \u00c9ducatifs","description":"Voyage scolaire: r\u00f4le du chef de groupe avant et pendant le voyage avec vos \u00e9tudiants.","robots":{"index":"index","follow":"follow","max-snippet":"max-snippet:-1","max-image-preview":"max-image-preview:large","max-video-preview":"max-video-preview:-1"},"canonical":"https:\/\/prometour.com\/fr\/voyage-scolaire-role-du-chef-de-groupe\/","og_locale":"fr_FR","og_type":"article","og_title":"Voyage scolaire: r\u00f4le du chef de groupe | Prom\u00e9tour Voyages \u00c9ducatifs","og_description":"Voyage scolaire: r\u00f4le du chef de groupe avant et pendant le voyage avec vos \u00e9tudiants.","og_url":"https:\/\/prometour.com\/fr\/voyage-scolaire-role-du-chef-de-groupe\/","og_site_name":"Prom&eacute;tour","article_publisher":"https:\/\/www.facebook.com\/PrometourEduTours","article_modified_time":"2021-03-12T17:14:23+00:00","twitter_card":"summary_large_image","twitter_site":"@Prometour","twitter_misc":{"Dur\u00e9e de lecture estim\u00e9e":"3 minutes"},"schema":{"@context":"https:\/\/schema.org","@graph":[{"@type":"WebPage","@id":"https:\/\/prometour.com\/fr\/voyage-scolaire-role-du-chef-de-groupe\/","url":"https:\/\/prometour.com\/fr\/voyage-scolaire-role-du-chef-de-groupe\/","name":"Voyage scolaire: r\u00f4le du chef de groupe | Prom\u00e9tour Voyages \u00c9ducatifs","isPartOf":{"@id":"https:\/\/prometour.com\/fr\/#website"},"datePublished":"2021-03-12T13:36:56+00:00","dateModified":"2021-03-12T17:14:23+00:00","description":"Voyage scolaire: r\u00f4le du chef de groupe avant et pendant le voyage avec vos \u00e9tudiants.","breadcrumb":{"@id":"https:\/\/prometour.com\/fr\/voyage-scolaire-role-du-chef-de-groupe\/#breadcrumb"},"inLanguage":"fr-FR","potentialAction":[{"@type":"ReadAction","target":["https:\/\/prometour.com\/fr\/voyage-scolaire-role-du-chef-de-groupe\/"]}]},{"@type":"BreadcrumbList","@id":"https:\/\/prometour.com\/fr\/voyage-scolaire-role-du-chef-de-groupe\/#breadcrumb","itemListElement":[{"@type":"ListItem","position":1,"name":"Prometour","item":"https:\/\/prometour.com\/fr\/"},{"@type":"ListItem","position":2,"name":"Voyage scolaire: r\u00f4le du chef de groupe"}]},{"@type":"WebSite","@id":"https:\/\/prometour.com\/fr\/#website","url":"https:\/\/prometour.com\/fr\/","name":"Prom\u00e9tour","description":"Experts in Customized Student Tours and Class trips","publisher":{"@id":"https:\/\/prometour.com\/fr\/#organization"},"potentialAction":[{"@type":"SearchAction","target":{"@type":"EntryPoint","urlTemplate":"https:\/\/prometour.com\/fr\/?s={search_term_string}"},"query-input":{"@type":"PropertyValueSpecification","valueRequired":true,"valueName":"search_term_string"}}],"inLanguage":"fr-FR"},{"@type":"Organization","@id":"https:\/\/prometour.com\/fr\/#organization","name":"Prom\u00e9tour Educational Tours","url":"https:\/\/prometour.com\/fr\/","logo":{"@type":"ImageObject","inLanguage":"fr-FR","@id":"https:\/\/prometour.com\/fr\/#\/schema\/logo\/image\/","url":"https:\/\/prometour.com\/wp-content\/uploads\/2017\/11\/Prometour_Logo_CMYK.gif","contentUrl":"https:\/\/prometour.com\/wp-content\/uploads\/2017\/11\/Prometour_Logo_CMYK.gif","width":2265,"height":663,"caption":"Prom\u00e9tour Educational Tours"},"image":{"@id":"https:\/\/prometour.com\/fr\/#\/schema\/logo\/image\/"},"sameAs":["https:\/\/www.facebook.com\/PrometourEduTours","https:\/\/x.com\/Prometour","https:\/\/www.instagram.com\/prometour\/","https:\/\/www.linkedin.com\/company\/prometour","https:\/\/www.pinterest.ca\/prometour\/","https:\/\/www.youtube.com\/channel\/UCGUzI7zRN1jyJA_vnuq4GPA"]}]}},"_links":{"self":[{"href":"https:\/\/prometour.com\/fr\/wp-json\/wp\/v2\/pages\/85141","targetHints":{"allow":["GET"]}}],"collection":[{"href":"https:\/\/prometour.com\/fr\/wp-json\/wp\/v2\/pages"}],"about":[{"href":"https:\/\/prometour.com\/fr\/wp-json\/wp\/v2\/types\/page"}],"author":[{"embeddable":true,"href":"https:\/\/prometour.com\/fr\/wp-json\/wp\/v2\/users\/21"}],"replies":[{"embeddable":true,"href":"https:\/\/prometour.com\/fr\/wp-json\/wp\/v2\/comments?post=85141"}],"version-history":[{"count":2,"href":"https:\/\/prometour.com\/fr\/wp-json\/wp\/v2\/pages\/85141\/revisions"}],"predecessor-version":[{"id":86711,"href":"https:\/\/prometour.com\/fr\/wp-json\/wp\/v2\/pages\/85141\/revisions\/86711"}],"wp:attachment":[{"href":"https:\/\/prometour.com\/fr\/wp-json\/wp\/v2\/media?parent=85141"}],"curies":[{"name":"wp","href":"https:\/\/api.w.org\/{rel}","templated":true}]}}