{"id":85157,"date":"2021-03-12T13:29:44","date_gmt":"2021-03-12T18:29:44","guid":{"rendered":"https:\/\/prometour.com\/?page_id=85157"},"modified":"2021-03-12T13:29:44","modified_gmt":"2021-03-12T18:29:44","slug":"voyage-scolaire-quoi-emporter","status":"publish","type":"page","link":"https:\/\/prometour.com\/fr\/voyage-scolaire-quoi-emporter\/","title":{"rendered":"Voyage scolaire: quoi emporter"},"content":{"rendered":"<div class=\"wpb-content-wrapper\"><p>[vc_row row_height_percent=\u00a0\u00bb0&Prime; override_padding=\u00a0\u00bbyes\u00a0\u00bb h_padding=\u00a0\u00bb2&Prime; top_padding=\u00a0\u00bb5&Prime; bottom_padding=\u00a0\u00bb5&Prime; overlay_alpha=\u00a0\u00bb100&Prime; gutter_size=\u00a0\u00bb3&Prime; column_width_percent=\u00a0\u00bb100&Prime; shift_y=\u00a0\u00bb0&Prime; z_index=\u00a0\u00bb0&Prime; row_height_use_pixel=\u00a0\u00bb\u00a0\u00bb][vc_column column_width_use_pixel=\u00a0\u00bbyes\u00a0\u00bb align_horizontal=\u00a0\u00bbalign_center\u00a0\u00bb gutter_size=\u00a0\u00bb3&Prime; overlay_alpha=\u00a0\u00bb50&Prime; shift_x=\u00a0\u00bb0&Prime; shift_y=\u00a0\u00bb0&Prime; shift_y_down=\u00a0\u00bb0&Prime; z_index=\u00a0\u00bb0&Prime; medium_width=\u00a0\u00bb0&Prime; mobile_width=\u00a0\u00bb0&Prime; zoom_width=\u00a0\u00bb0&Prime; zoom_height=\u00a0\u00bb0&Prime; column_width_pixel=\u00a0\u00bb600&Prime;][vc_row_inner row_inner_height_percent=\u00a0\u00bb0&Prime; overlay_alpha=\u00a0\u00bb50&Prime; gutter_size=\u00a0\u00bb3&Prime; shift_y=\u00a0\u00bb0&Prime; row_height_use_pixel=\u00a0\u00bb\u00a0\u00bb][vc_column_inner column_width_percent=\u00a0\u00bb100&Prime; position_horizontal=\u00a0\u00bbleft\u00a0\u00bb align_horizontal=\u00a0\u00bbalign_center\u00a0\u00bb gutter_size=\u00a0\u00bb3&Prime; overlay_alpha=\u00a0\u00bb50&Prime; shift_x=\u00a0\u00bb0&Prime; shift_y=\u00a0\u00bb0&Prime; medium_width=\u00a0\u00bb0&Prime; zoom_width=\u00a0\u00bb0&Prime; zoom_height=\u00a0\u00bb0&Prime; width=\u00a0\u00bb1\/1&Prime;][vc_custom_heading heading_semantic=\u00a0\u00bbh3&Prime; text_size=\u00a0\u00bbbigtext\u00a0\u00bb text_uppercase=\u00a0\u00bb\u00a0\u00bb subheading=\u00a0\u00bbVoici quelques id\u00e9es pour vous aider \u00e0 vous pr\u00e9parer avant le d\u00e9part. Ces \u00e9l\u00e9ments sont des suggestions et peuvent \u00eatre adapt\u00e9s en fonction de votre destination, de la saison, des activit\u00e9s pr\u00e9vues et de la dur\u00e9e de la visite.\u00a0\u00bb]<\/p>\n<h2>Quoi emporter<\/h2>\n<p>[\/vc_custom_heading][\/vc_column_inner][\/vc_row_inner][\/vc_column][\/vc_row][vc_row][vc_column width=\u00a0\u00bb1\/1&Prime;][vc_separator][\/vc_column][\/vc_row][vc_row][vc_column width=\u00a0\u00bb1\/1&Prime;][vc_custom_heading]<\/p>\n<h3><strong>AVANT DE PARTIR<\/strong><\/h3>\n<p>[\/vc_custom_heading][vc_column_text]<\/p>\n<ul>\n<li>Consultez les informations m\u00e9t\u00e9orologiques \u00e0 jour en ligne.<\/li>\n<li>Utilisez des \u00e9tiquettes d\u2019identification et placez-les sur tous vos sacs.<\/li>\n<li>Faites deux (2) copies de vos documents de voyage et laissez une copie \u00e0 la maison \u00e0 vos proches et une dans votre bagage \u00e0 main.<\/li>\n<\/ul>\n<p>[\/vc_column_text][\/vc_column][\/vc_row][vc_row][vc_column width=\u00a0\u00bb1\/1&Prime;][vc_custom_heading]<\/p>\n<h3><strong>LES ESSENTIELS<\/strong><\/h3>\n<p>[\/vc_custom_heading][vc_column_text]<\/p>\n<ul>\n<li>Passeport et visa si n\u00e9cessaire pour votre destination<\/li>\n<li>Une copie de votre itin\u00e9raire final<\/li>\n<li>Adresses et num\u00e9ros de t\u00e9l\u00e9phone de vos h\u00e9bergements<\/li>\n<li>M\u00e9dicaments n\u00e9cessaires en quantit\u00e9 suffisante dans le contenant de prescription d\u2019origine (le cas \u00e9ch\u00e9ant)<\/li>\n<li>Lunettes ou lentilles de contact (le cas \u00e9ch\u00e9ant)<\/li>\n<li>Argent de poche, carte de d\u00e9bit ou de cr\u00e9dit<\/li>\n<li>Portefeuille \/ ceinture porte-monnaie \/ pochette pour ranger votre argent en toute s\u00e9curit\u00e9<\/li>\n<li>Num\u00e9ro de t\u00e9l\u00e9phone d\u2019urgence de Prom\u00e9tour et coordonn\u00e9es de votre chef de groupe<\/li>\n<li>Police d\u2019assurance voyage incluant le num\u00e9ro \u00e0 joindre en cas d\u2019urgence<\/li>\n<\/ul>\n<p>[\/vc_column_text][\/vc_column][\/vc_row][vc_row][vc_column width=\u00a0\u00bb1\/1&Prime;][vc_custom_heading]<\/p>\n<h3><strong>ARTICLES DE SOINS PERSONNELS<\/strong><\/h3>\n<p>[\/vc_custom_heading][vc_column_text]<\/p>\n<ul>\n<li>Brosse \u00e0 dents et dentrifice<\/li>\n<li>Savon dans un r\u00e9cipient en plastique<\/li>\n<li>D\u00e9odorant<\/li>\n<li>Gel hydroalcoolique pour les mains<\/li>\n<li>Shampoing et apr\u00e8s-shampoing<\/li>\n<li>Rasoir et cr\u00e8me \u00e0 raser<\/li>\n<li>Serviettes hygi\u00e9niques<\/li>\n<li>Brosse \u00e0 cheveux<\/li>\n<li>Autres: liquide pour lentilles corn\u00e9ennes, lingettes nettoyantes, m\u00e9dicaments, cr\u00e8mes, etc.<\/li>\n<\/ul>\n<p>[\/vc_column_text][\/vc_column][\/vc_row][vc_row][vc_column width=\u00a0\u00bb1\/1&Prime;][vc_custom_heading]<\/p>\n<h3>LES V\u00caTEMENTS DE BASE<\/h3>\n<p>[\/vc_custom_heading][vc_column_text]<\/p>\n<ul>\n<li>Jeans ou pantalons facile d\u2019entretien<\/li>\n<li>Hauts \u00e0 manches courtes<\/li>\n<li>Hauts \u00e0 manches longues<\/li>\n<li>Chandail et foulard pour temps frais<\/li>\n<li>Coupe-vent imperm\u00e9able<\/li>\n<li>Parapluie<\/li>\n<li>Chaussures confortables<\/li>\n<li>Lunettes de soleil et casquette ou chapeau<\/li>\n<li>Chaussettes et sous-v\u00eatements<\/li>\n<li>V\u00eatements de nuit<\/li>\n<li>Tenue habill\u00e9e au besoin<\/li>\n<li>Maillot de bain au besoin<\/li>\n<\/ul>\n<p>[\/vc_column_text][\/vc_column][\/vc_row][vc_row][vc_column width=\u00a0\u00bb1\/1&Prime;][vc_custom_heading]<\/p>\n<h3>VOYAGER AU CANADA EN HIVER<\/h3>\n<p>[\/vc_custom_heading][vc_column_text]Normalement, les mois d&rsquo;hiver au Canada varient. Il peut y avoir de la neige d\u00e8s novembre et elle peut commencer \u00e0 fondre avant ou apr\u00e8s avril. Assurez-vous de v\u00e9rifier les pr\u00e9visions m\u00e9t\u00e9orologiques avant de faire vos valises.<\/p>\n<ul>\n<li>Manteau d\u2019hiver<\/li>\n<li>Pantalon de neige imperm\u00e9able<\/li>\n<li>Sous-v\u00eatements thermiques et cale\u00e7ons<\/li>\n<li>Chandails et lainages<\/li>\n<li>Chaussettes \u00e9paisses<\/li>\n<li>Chapeau ou tuque prot\u00e9geant les oreilles<\/li>\n<li>Gants chauds ou mitaines<\/li>\n<li>\u00c9charpe ou cache-cou<\/li>\n<li>Bottes d\u2019hiver imperm\u00e9ables<\/li>\n<li>Baume \u00e0 l\u00e8vres<\/li>\n<\/ul>\n<p>** Les mitaines, gants et chapeaux d&rsquo;hiver peuvent \u00eatre facilement oubli\u00e9s, assurez-vous d&rsquo;en emporter plus d&rsquo;un<\/p>\n<p>[\/vc_column_text][vc_custom_heading]<\/p>\n<h3>LES V\u00caTEMENTS D&rsquo;\u00c9T\u00c9<\/h3>\n<p>[\/vc_custom_heading][vc_column_text]<\/p>\n<ul>\n<li>Maillot de bain et serviette de plage l\u00e9g\u00e8re<\/li>\n<li>Short, robe soleil, bermudas<\/li>\n<li>Chaussures de marche \/ sandales confortables<\/li>\n<li>Chapeau ou casquette<\/li>\n<li>Cr\u00e8me solaire<\/li>\n<li>Insecticide<\/li>\n<\/ul>\n<p>[\/vc_column_text][vc_custom_heading]<\/p>\n<h3>AUTRES<\/h3>\n<p>[\/vc_custom_heading][vc_column_text]<\/p>\n<ul>\n<li>Cam\u00e9ra<\/li>\n<li>Chargeurs pour vos appareils<\/li>\n<li>Adaptateur ou convertisseur de puissance<\/li>\n<li>Dictionnaire ou traducteur<\/li>\n<li>Mouchoirs<\/li>\n<li>Masques<\/li>\n<li>Sac \u00e0 linge<\/li>\n<li>Sacs en plastique<\/li>\n<li>Stylo et carnet de notes<\/li>\n<\/ul>\n<p>[\/vc_column_text][\/vc_column][\/vc_row][vc_row][vc_column width=\u00a0\u00bb1\/1&Prime;][vc_custom_heading]<\/p>\n<h3>SUGGESTIONS<\/h3>\n<p>[\/vc_custom_heading][vc_column_text text_lead=\u00a0\u00bbyes\u00a0\u00bb]<\/p>\n<ol>\n<li>Pr\u00e9parez-vous \u00e0 l\u2019inattendu, emportez une tenue compl\u00e8te et les essentiels dans votre bagage \u00e0 main<\/li>\n<li>Roulez vos v\u00eatements plut\u00f4t que de les plier pour optimiser l\u2019espace dans vos bagages<\/li>\n<li>N\u2019emporter que l\u2019essentiel. R\u00e9duisez le poids et le volume de vos bagages au maximum.<\/li>\n<li>Parlez \u00e0 vos compagnons de voyage, certains articles peuvent se partager.<\/li>\n<\/ol>\n<p>[\/vc_column_text][vc_empty_space empty_h=\u00a0\u00bb2&Prime;][\/vc_column][\/vc_row][vc_row][vc_column width=\u00a0\u00bb1\/1&Prime;][uncode_block id=\u00a0\u00bb84824&Prime;][\/vc_column][\/vc_row]<\/p>\n<\/div>","protected":false},"excerpt":{"rendered":"<p>[vc_row row_height_percent=\u00a0\u00bb0&Prime; override_padding=\u00a0\u00bbyes\u00a0\u00bb h_padding=\u00a0\u00bb2&Prime; top_padding=\u00a0\u00bb5&Prime; bottom_padding=\u00a0\u00bb5&Prime; overlay_alpha=\u00a0\u00bb100&Prime; gutter_size=\u00a0\u00bb3&Prime; column_width_percent=\u00a0\u00bb100&Prime; shift_y=\u00a0\u00bb0&Prime; z_index=\u00a0\u00bb0&Prime; row_height_use_pixel=\u00a0\u00bb\u00a0\u00bb][vc_column column_width_use_pixel=\u00a0\u00bbyes\u00a0\u00bb align_horizontal=\u00a0\u00bbalign_center\u00a0\u00bb gutter_size=\u00a0\u00bb3&Prime; overlay_alpha=\u00a0\u00bb50&Prime; shift_x=\u00a0\u00bb0&Prime; shift_y=\u00a0\u00bb0&Prime; shift_y_down=\u00a0\u00bb0&Prime; z_index=\u00a0\u00bb0&Prime; [&hellip;]<\/p>\n","protected":false},"author":21,"featured_media":0,"parent":0,"menu_order":0,"comment_status":"closed","ping_status":"closed","template":"","meta":{"content-type":"","footnotes":""},"class_list":["post-85157","page","type-page","status-publish","hentry"],"yoast_head":"<!-- This site is optimized with the Yoast SEO plugin v27.4 - https:\/\/yoast.com\/product\/yoast-seo-wordpress\/ -->\n<title>Voyage scolaire: quoi emporter | Prom\u00e9tour Voyages \u00c9ducatifs<\/title>\n<meta name=\"description\" content=\"Voyage scolaire: quoi emporter dans ses valises selon la saison et la destination.\" \/>\n<meta name=\"robots\" content=\"index, follow, max-snippet:-1, max-image-preview:large, max-video-preview:-1\" \/>\n<link rel=\"canonical\" href=\"https:\/\/prometour.com\/fr\/voyage-scolaire-quoi-emporter\/\" \/>\n<meta property=\"og:locale\" content=\"fr_FR\" \/>\n<meta property=\"og:type\" content=\"article\" \/>\n<meta property=\"og:title\" content=\"Voyage scolaire: quoi emporter | Prom\u00e9tour Voyages \u00c9ducatifs\" \/>\n<meta property=\"og:description\" content=\"Voyage scolaire: quoi emporter dans ses valises selon la saison et la destination.\" \/>\n<meta property=\"og:url\" content=\"https:\/\/prometour.com\/fr\/voyage-scolaire-quoi-emporter\/\" \/>\n<meta property=\"og:site_name\" content=\"Prom&eacute;tour\" \/>\n<meta property=\"article:publisher\" content=\"https:\/\/www.facebook.com\/PrometourEduTours\" \/>\n<meta name=\"twitter:card\" content=\"summary_large_image\" \/>\n<meta name=\"twitter:site\" content=\"@Prometour\" \/>\n<meta name=\"twitter:label1\" content=\"Dur\u00e9e de lecture estim\u00e9e\" \/>\n\t<meta name=\"twitter:data1\" content=\"4 minutes\" \/>\n<script type=\"application\/ld+json\" class=\"yoast-schema-graph\">{\"@context\":\"https:\\\/\\\/schema.org\",\"@graph\":[{\"@type\":\"WebPage\",\"@id\":\"https:\\\/\\\/prometour.com\\\/fr\\\/voyage-scolaire-quoi-emporter\\\/\",\"url\":\"https:\\\/\\\/prometour.com\\\/fr\\\/voyage-scolaire-quoi-emporter\\\/\",\"name\":\"Voyage scolaire: quoi emporter | Prom\u00e9tour Voyages \u00c9ducatifs\",\"isPartOf\":{\"@id\":\"https:\\\/\\\/prometour.com\\\/fr\\\/#website\"},\"datePublished\":\"2021-03-12T18:29:44+00:00\",\"description\":\"Voyage scolaire: quoi emporter dans ses valises selon la saison et la destination.\",\"breadcrumb\":{\"@id\":\"https:\\\/\\\/prometour.com\\\/fr\\\/voyage-scolaire-quoi-emporter\\\/#breadcrumb\"},\"inLanguage\":\"fr-FR\",\"potentialAction\":[{\"@type\":\"ReadAction\",\"target\":[\"https:\\\/\\\/prometour.com\\\/fr\\\/voyage-scolaire-quoi-emporter\\\/\"]}]},{\"@type\":\"BreadcrumbList\",\"@id\":\"https:\\\/\\\/prometour.com\\\/fr\\\/voyage-scolaire-quoi-emporter\\\/#breadcrumb\",\"itemListElement\":[{\"@type\":\"ListItem\",\"position\":1,\"name\":\"Prometour\",\"item\":\"https:\\\/\\\/prometour.com\\\/fr\\\/\"},{\"@type\":\"ListItem\",\"position\":2,\"name\":\"Voyage scolaire: quoi emporter\"}]},{\"@type\":\"WebSite\",\"@id\":\"https:\\\/\\\/prometour.com\\\/fr\\\/#website\",\"url\":\"https:\\\/\\\/prometour.com\\\/fr\\\/\",\"name\":\"Prom\u00e9tour\",\"description\":\"Experts in Customized Student Tours and Class trips\",\"publisher\":{\"@id\":\"https:\\\/\\\/prometour.com\\\/fr\\\/#organization\"},\"potentialAction\":[{\"@type\":\"SearchAction\",\"target\":{\"@type\":\"EntryPoint\",\"urlTemplate\":\"https:\\\/\\\/prometour.com\\\/fr\\\/?s={search_term_string}\"},\"query-input\":{\"@type\":\"PropertyValueSpecification\",\"valueRequired\":true,\"valueName\":\"search_term_string\"}}],\"inLanguage\":\"fr-FR\"},{\"@type\":\"Organization\",\"@id\":\"https:\\\/\\\/prometour.com\\\/fr\\\/#organization\",\"name\":\"Prom\u00e9tour Educational Tours\",\"url\":\"https:\\\/\\\/prometour.com\\\/fr\\\/\",\"logo\":{\"@type\":\"ImageObject\",\"inLanguage\":\"fr-FR\",\"@id\":\"https:\\\/\\\/prometour.com\\\/fr\\\/#\\\/schema\\\/logo\\\/image\\\/\",\"url\":\"https:\\\/\\\/prometour.com\\\/wp-content\\\/uploads\\\/2017\\\/11\\\/Prometour_Logo_CMYK.gif\",\"contentUrl\":\"https:\\\/\\\/prometour.com\\\/wp-content\\\/uploads\\\/2017\\\/11\\\/Prometour_Logo_CMYK.gif\",\"width\":2265,\"height\":663,\"caption\":\"Prom\u00e9tour Educational Tours\"},\"image\":{\"@id\":\"https:\\\/\\\/prometour.com\\\/fr\\\/#\\\/schema\\\/logo\\\/image\\\/\"},\"sameAs\":[\"https:\\\/\\\/www.facebook.com\\\/PrometourEduTours\",\"https:\\\/\\\/x.com\\\/Prometour\",\"https:\\\/\\\/www.instagram.com\\\/prometour\\\/\",\"https:\\\/\\\/www.linkedin.com\\\/company\\\/prometour\",\"https:\\\/\\\/www.pinterest.ca\\\/prometour\\\/\",\"https:\\\/\\\/www.youtube.com\\\/channel\\\/UCGUzI7zRN1jyJA_vnuq4GPA\"]}]}<\/script>\n<!-- \/ Yoast SEO plugin. -->","yoast_head_json":{"title":"Voyage scolaire: quoi emporter | Prom\u00e9tour Voyages \u00c9ducatifs","description":"Voyage scolaire: quoi emporter dans ses valises selon la saison et la destination.","robots":{"index":"index","follow":"follow","max-snippet":"max-snippet:-1","max-image-preview":"max-image-preview:large","max-video-preview":"max-video-preview:-1"},"canonical":"https:\/\/prometour.com\/fr\/voyage-scolaire-quoi-emporter\/","og_locale":"fr_FR","og_type":"article","og_title":"Voyage scolaire: quoi emporter | Prom\u00e9tour Voyages \u00c9ducatifs","og_description":"Voyage scolaire: quoi emporter dans ses valises selon la saison et la destination.","og_url":"https:\/\/prometour.com\/fr\/voyage-scolaire-quoi-emporter\/","og_site_name":"Prom&eacute;tour","article_publisher":"https:\/\/www.facebook.com\/PrometourEduTours","twitter_card":"summary_large_image","twitter_site":"@Prometour","twitter_misc":{"Dur\u00e9e de lecture estim\u00e9e":"4 minutes"},"schema":{"@context":"https:\/\/schema.org","@graph":[{"@type":"WebPage","@id":"https:\/\/prometour.com\/fr\/voyage-scolaire-quoi-emporter\/","url":"https:\/\/prometour.com\/fr\/voyage-scolaire-quoi-emporter\/","name":"Voyage scolaire: quoi emporter | Prom\u00e9tour Voyages \u00c9ducatifs","isPartOf":{"@id":"https:\/\/prometour.com\/fr\/#website"},"datePublished":"2021-03-12T18:29:44+00:00","description":"Voyage scolaire: quoi emporter dans ses valises selon la saison et la destination.","breadcrumb":{"@id":"https:\/\/prometour.com\/fr\/voyage-scolaire-quoi-emporter\/#breadcrumb"},"inLanguage":"fr-FR","potentialAction":[{"@type":"ReadAction","target":["https:\/\/prometour.com\/fr\/voyage-scolaire-quoi-emporter\/"]}]},{"@type":"BreadcrumbList","@id":"https:\/\/prometour.com\/fr\/voyage-scolaire-quoi-emporter\/#breadcrumb","itemListElement":[{"@type":"ListItem","position":1,"name":"Prometour","item":"https:\/\/prometour.com\/fr\/"},{"@type":"ListItem","position":2,"name":"Voyage scolaire: quoi emporter"}]},{"@type":"WebSite","@id":"https:\/\/prometour.com\/fr\/#website","url":"https:\/\/prometour.com\/fr\/","name":"Prom\u00e9tour","description":"Experts in Customized Student Tours and Class trips","publisher":{"@id":"https:\/\/prometour.com\/fr\/#organization"},"potentialAction":[{"@type":"SearchAction","target":{"@type":"EntryPoint","urlTemplate":"https:\/\/prometour.com\/fr\/?s={search_term_string}"},"query-input":{"@type":"PropertyValueSpecification","valueRequired":true,"valueName":"search_term_string"}}],"inLanguage":"fr-FR"},{"@type":"Organization","@id":"https:\/\/prometour.com\/fr\/#organization","name":"Prom\u00e9tour Educational Tours","url":"https:\/\/prometour.com\/fr\/","logo":{"@type":"ImageObject","inLanguage":"fr-FR","@id":"https:\/\/prometour.com\/fr\/#\/schema\/logo\/image\/","url":"https:\/\/prometour.com\/wp-content\/uploads\/2017\/11\/Prometour_Logo_CMYK.gif","contentUrl":"https:\/\/prometour.com\/wp-content\/uploads\/2017\/11\/Prometour_Logo_CMYK.gif","width":2265,"height":663,"caption":"Prom\u00e9tour Educational Tours"},"image":{"@id":"https:\/\/prometour.com\/fr\/#\/schema\/logo\/image\/"},"sameAs":["https:\/\/www.facebook.com\/PrometourEduTours","https:\/\/x.com\/Prometour","https:\/\/www.instagram.com\/prometour\/","https:\/\/www.linkedin.com\/company\/prometour","https:\/\/www.pinterest.ca\/prometour\/","https:\/\/www.youtube.com\/channel\/UCGUzI7zRN1jyJA_vnuq4GPA"]}]}},"_links":{"self":[{"href":"https:\/\/prometour.com\/fr\/wp-json\/wp\/v2\/pages\/85157","targetHints":{"allow":["GET"]}}],"collection":[{"href":"https:\/\/prometour.com\/fr\/wp-json\/wp\/v2\/pages"}],"about":[{"href":"https:\/\/prometour.com\/fr\/wp-json\/wp\/v2\/types\/page"}],"author":[{"embeddable":true,"href":"https:\/\/prometour.com\/fr\/wp-json\/wp\/v2\/users\/21"}],"replies":[{"embeddable":true,"href":"https:\/\/prometour.com\/fr\/wp-json\/wp\/v2\/comments?post=85157"}],"version-history":[{"count":2,"href":"https:\/\/prometour.com\/fr\/wp-json\/wp\/v2\/pages\/85157\/revisions"}],"predecessor-version":[{"id":86732,"href":"https:\/\/prometour.com\/fr\/wp-json\/wp\/v2\/pages\/85157\/revisions\/86732"}],"wp:attachment":[{"href":"https:\/\/prometour.com\/fr\/wp-json\/wp\/v2\/media?parent=85157"}],"curies":[{"name":"wp","href":"https:\/\/api.w.org\/{rel}","templated":true}]}}