{"id":85162,"date":"2021-03-12T13:38:15","date_gmt":"2021-03-12T18:38:15","guid":{"rendered":"https:\/\/prometour.com\/?page_id=85162"},"modified":"2021-03-12T13:38:16","modified_gmt":"2021-03-12T18:38:16","slug":"voyage-scolaire-pourboires-suggeres","status":"publish","type":"page","link":"https:\/\/prometour.com\/fr\/voyage-scolaire-pourboires-suggeres\/","title":{"rendered":"Voyage scolaire: Pourboires sugg\u00e9r\u00e9s"},"content":{"rendered":"<div class=\"wpb-content-wrapper\"><p>[vc_row row_height_percent=\u00a0\u00bb0&Prime; override_padding=\u00a0\u00bbyes\u00a0\u00bb h_padding=\u00a0\u00bb2&Prime; top_padding=\u00a0\u00bb5&Prime; bottom_padding=\u00a0\u00bb5&Prime; overlay_alpha=\u00a0\u00bb100&Prime; gutter_size=\u00a0\u00bb3&Prime; column_width_percent=\u00a0\u00bb100&Prime; shift_y=\u00a0\u00bb0&Prime; z_index=\u00a0\u00bb0&Prime; row_height_use_pixel=\u00a0\u00bb\u00a0\u00bb][vc_column column_width_use_pixel=\u00a0\u00bbyes\u00a0\u00bb align_horizontal=\u00a0\u00bbalign_center\u00a0\u00bb gutter_size=\u00a0\u00bb3&Prime; overlay_alpha=\u00a0\u00bb50&Prime; shift_x=\u00a0\u00bb0&Prime; shift_y=\u00a0\u00bb0&Prime; shift_y_down=\u00a0\u00bb0&Prime; z_index=\u00a0\u00bb0&Prime; medium_width=\u00a0\u00bb0&Prime; mobile_width=\u00a0\u00bb0&Prime; zoom_width=\u00a0\u00bb0&Prime; zoom_height=\u00a0\u00bb0&Prime; column_width_pixel=\u00a0\u00bb600&Prime;][vc_row_inner row_inner_height_percent=\u00a0\u00bb0&Prime; overlay_alpha=\u00a0\u00bb50&Prime; gutter_size=\u00a0\u00bb3&Prime; shift_y=\u00a0\u00bb0&Prime; row_height_use_pixel=\u00a0\u00bb\u00a0\u00bb][vc_column_inner column_width_percent=\u00a0\u00bb100&Prime; position_horizontal=\u00a0\u00bbleft\u00a0\u00bb align_horizontal=\u00a0\u00bbalign_center\u00a0\u00bb gutter_size=\u00a0\u00bb3&Prime; overlay_alpha=\u00a0\u00bb50&Prime; shift_x=\u00a0\u00bb0&Prime; shift_y=\u00a0\u00bb0&Prime; medium_width=\u00a0\u00bb0&Prime; zoom_width=\u00a0\u00bb0&Prime; zoom_height=\u00a0\u00bb0&Prime; width=\u00a0\u00bb1\/1&Prime;][vc_custom_heading heading_semantic=\u00a0\u00bbh3&Prime; text_size=\u00a0\u00bbbigtext\u00a0\u00bb text_uppercase=\u00a0\u00bb\u00a0\u00bb subheading=\u00a0\u00bbTout ce que vous d\u00e9sirez savoir sur les pourboires lors d&rsquo;un voyage.\u00a0\u00bb]<\/p>\n<h2><span id=\"hs_cos_wrapper_name\" class=\"hs_cos_wrapper hs_cos_wrapper_meta_field hs_cos_wrapper_type_text\" data-hs-cos-general-type=\"meta_field\" data-hs-cos-type=\"text\">Pourboire<\/span><\/h2>\n<p>[\/vc_custom_heading][\/vc_column_inner][\/vc_row_inner][vc_column_text text_lead=\u00a0\u00bbyes\u00a0\u00bb]Les voyageurs sont encourag\u00e9s \u00e0 donner un pourboire aux Directeur de tourn\u00e9e Prom\u00e9tour, chauffeur de bus et guides locaux s\u2019ils appr\u00e9cient le service fourni lors du s\u00e9jour. Nous vous recommandons de diviser les pourboires en d\u00e9nominations quotidiennes, calcul\u00e9es avant le d\u00e9but du voyage[\/vc_column_text][\/vc_column][\/vc_row][vc_row][vc_column width=\u00a0\u00bb1\/1&Prime;][vc_separator][\/vc_column][\/vc_row][vc_row][vc_column width=\u00a0\u00bb1\/1&Prime;][vc_custom_heading]<\/p>\n<h3>\u00c0 quoi s&rsquo;attendre<\/h3>\n<p>[\/vc_custom_heading][vc_column_text]V\u00e9rifiez votre itin\u00e9raire final, o\u00f9 il est dit \u00abvisite guid\u00e9e\u00bb.\u00a0 Il y aura un guide local. Chaque jour indiquera s\u2019il y a un autocar et donc un chauffeur de bus pour le groupe. Un directeur de tourn\u00e9e Prom\u00e9tour sera avec votre groupe d\u00e8s votre arriv\u00e9e \u00e0 destination, jusqu\u2019au jour de votre d\u00e9part.[\/vc_column_text][\/vc_column][\/vc_row][vc_row][vc_column width=\u00a0\u00bb1\/1&Prime;][vc_custom_heading]<\/p>\n<h3>Montants de pourboire recommand\u00e9s par destination:<\/h3>\n<p>[\/vc_custom_heading][vc_column_text]<strong>Canada (CAD)<\/strong><\/p>\n<p>Directeur de tourn\u00e9e\u00a0Prom\u00e9tour\u00a0 \u2013 3,00 $ par jour \/ par personne<\/p>\n<p>Chauffeur de bus \u2013 2,00 $ par jour \/ par personne<\/p>\n<p>Guides locaux \u2013 1,00 $ par jour \/ par personne<\/p>\n<p>&nbsp;<\/p>\n<p><strong>Pays europ\u00e9ens (EURO)<\/strong><\/p>\n<p>Directeur de tourn\u00e9e\u00a0Prom\u00e9tour \u2013 3,00 \u20ac par jour \/ par personne<\/p>\n<p>Chauffeur de bus \u2013 1,00 \u20ac par jour \/ par personne<\/p>\n<p>Guides locaux \u2013 1,00 \u20ac par jour \/ par personne<\/p>\n<p>&nbsp;<\/p>\n<p><strong>Pays d\u2019Am\u00e9rique latine (USD)<\/strong><\/p>\n<p>Directeur de tourn\u00e9e\u00a0Prom\u00e9tour \u2013 3,00 $ par jour \/ par personne<\/p>\n<p>Chauffeur de bus \u2013 2,00 $ par jour \/ par personne<\/p>\n<p>Guides locaux \u2013 1,00 $ par jour \/ par personne<\/p>\n<p>&nbsp;<\/p>\n<p><strong>\u00c9tats-Unis (USD)<\/strong><\/p>\n<p>Directeur de tourn\u00e9e\u00a0Prom\u00e9tour\u00a0 \u2013 3,00 $ par jour \/ par personne<\/p>\n<p>Chauffeur de bus \u2013 2,00 $ par jour \/ par personne<\/p>\n<p>Guides locaux \u2013 1,00 $ par jour \/ par personne<\/p>\n<p>&nbsp;<\/p>\n<p><strong>Chine (USD)<\/strong><\/p>\n<p>Prom\u00e9tour Tour Director \u2013 4,00 $ par jour \/ par personne<\/p>\n<p>Chauffeur de bus \u2013 2,00 $ par jour \/ par personne<\/p>\n<p>Guides locaux \u2013 1,00 $ par jour \/ par personne<\/p>\n<p>&nbsp;<\/p>\n<p><strong>Royaume-Uni (GPB)<\/strong><\/p>\n<p>Directeur de tourn\u00e9e\u00a0Prom\u00e9tour 1,50 \u00a3 par jour \/ par personne<\/p>\n<p>Chauffeur de bus 1,00 \u00a3 par jour \/ par personne<\/p>\n<p>Local Guides 1,00 \u00a3 par jour \/ par personne<\/p>\n<p>&nbsp;<\/p>\n<p>Ces montants sugg\u00e9r\u00e9s sont une ligne directrice g\u00e9n\u00e9rale bas\u00e9e sur les normes de l\u2019industrie. Le montant que vous d\u00e9cidez de donner \u00e0 la fin de votre visite est enti\u00e8rement \u00e0 votre discr\u00e9tion.[\/vc_column_text][\/vc_column][\/vc_row][vc_row][vc_column width=\u00a0\u00bb1\/1&Prime;][vc_empty_space empty_h=\u00a0\u00bb2&Prime;][\/vc_column][\/vc_row][vc_row][vc_column width=\u00a0\u00bb1\/1&Prime;][uncode_block id=\u00a0\u00bb84824&Prime;][\/vc_column][\/vc_row]<\/p>\n<\/div>","protected":false},"excerpt":{"rendered":"<p>[vc_row row_height_percent=\u00a0\u00bb0&Prime; override_padding=\u00a0\u00bbyes\u00a0\u00bb h_padding=\u00a0\u00bb2&Prime; top_padding=\u00a0\u00bb5&Prime; bottom_padding=\u00a0\u00bb5&Prime; overlay_alpha=\u00a0\u00bb100&Prime; gutter_size=\u00a0\u00bb3&Prime; column_width_percent=\u00a0\u00bb100&Prime; shift_y=\u00a0\u00bb0&Prime; z_index=\u00a0\u00bb0&Prime; row_height_use_pixel=\u00a0\u00bb\u00a0\u00bb][vc_column column_width_use_pixel=\u00a0\u00bbyes\u00a0\u00bb align_horizontal=\u00a0\u00bbalign_center\u00a0\u00bb gutter_size=\u00a0\u00bb3&Prime; overlay_alpha=\u00a0\u00bb50&Prime; shift_x=\u00a0\u00bb0&Prime; shift_y=\u00a0\u00bb0&Prime; shift_y_down=\u00a0\u00bb0&Prime; z_index=\u00a0\u00bb0&Prime; [&hellip;]<\/p>\n","protected":false},"author":21,"featured_media":0,"parent":0,"menu_order":0,"comment_status":"closed","ping_status":"closed","template":"","meta":{"content-type":"","footnotes":""},"class_list":["post-85162","page","type-page","status-publish","hentry"],"yoast_head":"<!-- This site is optimized with the Yoast SEO plugin v27.2 - https:\/\/yoast.com\/product\/yoast-seo-wordpress\/ -->\n<title>Voyage scolaire: Pourboires sugg\u00e9r\u00e9s | Prom\u00e9tour Voyages \u00c9ducatifs<\/title>\n<meta name=\"description\" content=\"Voyage scolaire: pourboires sugg\u00e9r\u00e9s\" \/>\n<meta name=\"robots\" content=\"index, follow, max-snippet:-1, max-image-preview:large, max-video-preview:-1\" \/>\n<link rel=\"canonical\" href=\"https:\/\/prometour.com\/fr\/voyage-scolaire-pourboires-suggeres\/\" \/>\n<meta property=\"og:locale\" content=\"fr_FR\" \/>\n<meta property=\"og:type\" content=\"article\" \/>\n<meta property=\"og:title\" content=\"Voyage scolaire: Pourboires sugg\u00e9r\u00e9s | Prom\u00e9tour Voyages \u00c9ducatifs\" \/>\n<meta property=\"og:description\" content=\"Voyage scolaire: pourboires sugg\u00e9r\u00e9s\" \/>\n<meta property=\"og:url\" content=\"https:\/\/prometour.com\/fr\/voyage-scolaire-pourboires-suggeres\/\" \/>\n<meta property=\"og:site_name\" content=\"Prom&eacute;tour\" \/>\n<meta property=\"article:publisher\" content=\"https:\/\/www.facebook.com\/PrometourEduTours\" \/>\n<meta property=\"article:modified_time\" content=\"2021-03-12T18:38:16+00:00\" \/>\n<meta name=\"twitter:card\" content=\"summary_large_image\" \/>\n<meta name=\"twitter:site\" content=\"@Prometour\" \/>\n<meta name=\"twitter:label1\" content=\"Dur\u00e9e de lecture estim\u00e9e\" \/>\n\t<meta name=\"twitter:data1\" content=\"3 minutes\" \/>\n<script type=\"application\/ld+json\" class=\"yoast-schema-graph\">{\"@context\":\"https:\/\/schema.org\",\"@graph\":[{\"@type\":\"WebPage\",\"@id\":\"https:\/\/prometour.com\/fr\/voyage-scolaire-pourboires-suggeres\/\",\"url\":\"https:\/\/prometour.com\/fr\/voyage-scolaire-pourboires-suggeres\/\",\"name\":\"Voyage scolaire: Pourboires sugg\u00e9r\u00e9s | Prom\u00e9tour Voyages \u00c9ducatifs\",\"isPartOf\":{\"@id\":\"https:\/\/prometour.com\/fr\/#website\"},\"datePublished\":\"2021-03-12T18:38:15+00:00\",\"dateModified\":\"2021-03-12T18:38:16+00:00\",\"description\":\"Voyage scolaire: pourboires sugg\u00e9r\u00e9s\",\"breadcrumb\":{\"@id\":\"https:\/\/prometour.com\/fr\/voyage-scolaire-pourboires-suggeres\/#breadcrumb\"},\"inLanguage\":\"fr-FR\",\"potentialAction\":[{\"@type\":\"ReadAction\",\"target\":[\"https:\/\/prometour.com\/fr\/voyage-scolaire-pourboires-suggeres\/\"]}]},{\"@type\":\"BreadcrumbList\",\"@id\":\"https:\/\/prometour.com\/fr\/voyage-scolaire-pourboires-suggeres\/#breadcrumb\",\"itemListElement\":[{\"@type\":\"ListItem\",\"position\":1,\"name\":\"Prometour\",\"item\":\"https:\/\/prometour.com\/fr\/\"},{\"@type\":\"ListItem\",\"position\":2,\"name\":\"Voyage scolaire: Pourboires sugg\u00e9r\u00e9s\"}]},{\"@type\":\"WebSite\",\"@id\":\"https:\/\/prometour.com\/fr\/#website\",\"url\":\"https:\/\/prometour.com\/fr\/\",\"name\":\"Prom\u00e9tour\",\"description\":\"Experts in Customized Student Tours and Class trips\",\"publisher\":{\"@id\":\"https:\/\/prometour.com\/fr\/#organization\"},\"potentialAction\":[{\"@type\":\"SearchAction\",\"target\":{\"@type\":\"EntryPoint\",\"urlTemplate\":\"https:\/\/prometour.com\/fr\/?s={search_term_string}\"},\"query-input\":{\"@type\":\"PropertyValueSpecification\",\"valueRequired\":true,\"valueName\":\"search_term_string\"}}],\"inLanguage\":\"fr-FR\"},{\"@type\":\"Organization\",\"@id\":\"https:\/\/prometour.com\/fr\/#organization\",\"name\":\"Prom\u00e9tour Educational Tours\",\"url\":\"https:\/\/prometour.com\/fr\/\",\"logo\":{\"@type\":\"ImageObject\",\"inLanguage\":\"fr-FR\",\"@id\":\"https:\/\/prometour.com\/fr\/#\/schema\/logo\/image\/\",\"url\":\"https:\/\/prometour.com\/wp-content\/uploads\/2017\/11\/Prometour_Logo_CMYK.gif\",\"contentUrl\":\"https:\/\/prometour.com\/wp-content\/uploads\/2017\/11\/Prometour_Logo_CMYK.gif\",\"width\":2265,\"height\":663,\"caption\":\"Prom\u00e9tour Educational Tours\"},\"image\":{\"@id\":\"https:\/\/prometour.com\/fr\/#\/schema\/logo\/image\/\"},\"sameAs\":[\"https:\/\/www.facebook.com\/PrometourEduTours\",\"https:\/\/x.com\/Prometour\",\"https:\/\/www.instagram.com\/prometour\/\",\"https:\/\/www.linkedin.com\/company\/prometour\",\"https:\/\/www.pinterest.ca\/prometour\/\",\"https:\/\/www.youtube.com\/channel\/UCGUzI7zRN1jyJA_vnuq4GPA\"]}]}<\/script>\n<!-- \/ Yoast SEO plugin. -->","yoast_head_json":{"title":"Voyage scolaire: Pourboires sugg\u00e9r\u00e9s | Prom\u00e9tour Voyages \u00c9ducatifs","description":"Voyage scolaire: pourboires sugg\u00e9r\u00e9s","robots":{"index":"index","follow":"follow","max-snippet":"max-snippet:-1","max-image-preview":"max-image-preview:large","max-video-preview":"max-video-preview:-1"},"canonical":"https:\/\/prometour.com\/fr\/voyage-scolaire-pourboires-suggeres\/","og_locale":"fr_FR","og_type":"article","og_title":"Voyage scolaire: Pourboires sugg\u00e9r\u00e9s | Prom\u00e9tour Voyages \u00c9ducatifs","og_description":"Voyage scolaire: pourboires sugg\u00e9r\u00e9s","og_url":"https:\/\/prometour.com\/fr\/voyage-scolaire-pourboires-suggeres\/","og_site_name":"Prom&eacute;tour","article_publisher":"https:\/\/www.facebook.com\/PrometourEduTours","article_modified_time":"2021-03-12T18:38:16+00:00","twitter_card":"summary_large_image","twitter_site":"@Prometour","twitter_misc":{"Dur\u00e9e de lecture estim\u00e9e":"3 minutes"},"schema":{"@context":"https:\/\/schema.org","@graph":[{"@type":"WebPage","@id":"https:\/\/prometour.com\/fr\/voyage-scolaire-pourboires-suggeres\/","url":"https:\/\/prometour.com\/fr\/voyage-scolaire-pourboires-suggeres\/","name":"Voyage scolaire: Pourboires sugg\u00e9r\u00e9s | Prom\u00e9tour Voyages \u00c9ducatifs","isPartOf":{"@id":"https:\/\/prometour.com\/fr\/#website"},"datePublished":"2021-03-12T18:38:15+00:00","dateModified":"2021-03-12T18:38:16+00:00","description":"Voyage scolaire: pourboires sugg\u00e9r\u00e9s","breadcrumb":{"@id":"https:\/\/prometour.com\/fr\/voyage-scolaire-pourboires-suggeres\/#breadcrumb"},"inLanguage":"fr-FR","potentialAction":[{"@type":"ReadAction","target":["https:\/\/prometour.com\/fr\/voyage-scolaire-pourboires-suggeres\/"]}]},{"@type":"BreadcrumbList","@id":"https:\/\/prometour.com\/fr\/voyage-scolaire-pourboires-suggeres\/#breadcrumb","itemListElement":[{"@type":"ListItem","position":1,"name":"Prometour","item":"https:\/\/prometour.com\/fr\/"},{"@type":"ListItem","position":2,"name":"Voyage scolaire: Pourboires sugg\u00e9r\u00e9s"}]},{"@type":"WebSite","@id":"https:\/\/prometour.com\/fr\/#website","url":"https:\/\/prometour.com\/fr\/","name":"Prom\u00e9tour","description":"Experts in Customized Student Tours and Class trips","publisher":{"@id":"https:\/\/prometour.com\/fr\/#organization"},"potentialAction":[{"@type":"SearchAction","target":{"@type":"EntryPoint","urlTemplate":"https:\/\/prometour.com\/fr\/?s={search_term_string}"},"query-input":{"@type":"PropertyValueSpecification","valueRequired":true,"valueName":"search_term_string"}}],"inLanguage":"fr-FR"},{"@type":"Organization","@id":"https:\/\/prometour.com\/fr\/#organization","name":"Prom\u00e9tour Educational Tours","url":"https:\/\/prometour.com\/fr\/","logo":{"@type":"ImageObject","inLanguage":"fr-FR","@id":"https:\/\/prometour.com\/fr\/#\/schema\/logo\/image\/","url":"https:\/\/prometour.com\/wp-content\/uploads\/2017\/11\/Prometour_Logo_CMYK.gif","contentUrl":"https:\/\/prometour.com\/wp-content\/uploads\/2017\/11\/Prometour_Logo_CMYK.gif","width":2265,"height":663,"caption":"Prom\u00e9tour Educational Tours"},"image":{"@id":"https:\/\/prometour.com\/fr\/#\/schema\/logo\/image\/"},"sameAs":["https:\/\/www.facebook.com\/PrometourEduTours","https:\/\/x.com\/Prometour","https:\/\/www.instagram.com\/prometour\/","https:\/\/www.linkedin.com\/company\/prometour","https:\/\/www.pinterest.ca\/prometour\/","https:\/\/www.youtube.com\/channel\/UCGUzI7zRN1jyJA_vnuq4GPA"]}]}},"_links":{"self":[{"href":"https:\/\/prometour.com\/fr\/wp-json\/wp\/v2\/pages\/85162","targetHints":{"allow":["GET"]}}],"collection":[{"href":"https:\/\/prometour.com\/fr\/wp-json\/wp\/v2\/pages"}],"about":[{"href":"https:\/\/prometour.com\/fr\/wp-json\/wp\/v2\/types\/page"}],"author":[{"embeddable":true,"href":"https:\/\/prometour.com\/fr\/wp-json\/wp\/v2\/users\/21"}],"replies":[{"embeddable":true,"href":"https:\/\/prometour.com\/fr\/wp-json\/wp\/v2\/comments?post=85162"}],"version-history":[{"count":3,"href":"https:\/\/prometour.com\/fr\/wp-json\/wp\/v2\/pages\/85162\/revisions"}],"predecessor-version":[{"id":86734,"href":"https:\/\/prometour.com\/fr\/wp-json\/wp\/v2\/pages\/85162\/revisions\/86734"}],"wp:attachment":[{"href":"https:\/\/prometour.com\/fr\/wp-json\/wp\/v2\/media?parent=85162"}],"curies":[{"name":"wp","href":"https:\/\/api.w.org\/{rel}","templated":true}]}}